{"id":12367,"date":"2025-12-10T13:30:34","date_gmt":"2025-12-10T12:30:34","guid":{"rendered":"https:\/\/st-feuillien.com\/st-feu-blonde\/"},"modified":"2026-03-25T14:06:25","modified_gmt":"2026-03-25T13:06:25","slug":"st-feu-blonde","status":"publish","type":"page","link":"https:\/\/st-feuillien.com\/en\/st-feu-blonde\/","title":{"rendered":"St-Feu blonde"},"content":{"rendered":"<p>&lt;ul&gt;<br \/>\n&lt;li&gt;Pour profiter pleinement de votre St-Feuillien Blonde, veillez \u00e0 conserver vos bouteilles \u00e0 la verticale, dans un endroit frais et \u00e0 l\u2019abri de la lumi\u00e8re. Cette pr\u00e9caution permet d\u2019\u00e9viter que le d\u00e9p\u00f4t naturel de levure, situ\u00e9 au fond de la bouteille, ne se m\u00e9lange \u00e0 la bi\u00e8re.&lt;\/li&gt;<br \/>\n&lt;li&gt;La St-Feuillien Blonde est id\u00e9ale pour la d\u00e9gustation lorsqu\u2019elle est sortie du r\u00e9frig\u00e9rateur \u00e0 une temp\u00e9rature d\u2019environ 7\u00b0C. Utilisez un verre St-Feuillien propre, sec et \u00e0 temp\u00e9rature ambiante, con\u00e7u pour r\u00e9v\u00e9ler tous les ar\u00f4mes et la finesse de cette bi\u00e8re d\u2019exception.&lt;\/li&gt;<br \/>\n&lt;li&gt;Prenez le temps de servir votre bi\u00e8re avec soin : inclinez l\u00e9g\u00e8rement le verre St-Feuillien et versez lentement la bi\u00e8re pour \u00e9viter de troubler le liquide. Assurez-vous que le goulot de la bouteille ne touche pas le verre, et \u00e9loignez progressivement la bouteille pour cr\u00e9er un col de mousse g\u00e9n\u00e9reux et homog\u00e8ne.&lt;\/li&gt;<br \/>\n&lt;li&gt;Laissez environ un centim\u00e8tre de bi\u00e8re au fond de la bouteille, o\u00f9 repose le d\u00e9p\u00f4t de levure. Ce d\u00e9p\u00f4t peut accentuer l\u2019amertume et rendre la bi\u00e8re l\u00e9g\u00e8rement trouble si m\u00e9lang\u00e9.&lt;\/li&gt;<br \/>\n&lt;li&gt;Pour une pr\u00e9sentation parfaite, redressez doucement le verre en fin de service. Id\u00e9alement, le col de mousse doit atteindre la hauteur du logo St-Feuillien sans d\u00e9border du verre.&lt;\/li&gt;<br \/>\n&lt;li&gt;Prenez un instant pour admirer la robe dor\u00e9e et la mousse onctueuse, puis savourez pleinement chaque gorg\u00e9e. \u00c0 votre sant\u00e9 !&lt;\/li&gt;<br \/>\n&lt;\/ul&gt;<\/p>\n","protected":false},"excerpt":{"rendered":"<p>&lt;ul&gt; &lt;li&gt;Pour profiter pleinement de votre St-Feuillien Blonde, veillez \u00e0 conserver vos bouteilles \u00e0 la verticale, dans un endroit frais et \u00e0 l\u2019abri de la lumi\u00e8re. Cette pr\u00e9caution permet d\u2019\u00e9viter que le d\u00e9p\u00f4t naturel de levure, situ\u00e9 au fond de la bouteille, ne se m\u00e9lange \u00e0 la bi\u00e8re.&lt;\/li&gt; &lt;li&gt;La St-Feuillien Blonde est id\u00e9ale pour la &hellip; <a href=\"https:\/\/st-feuillien.com\/en\/st-feu-blonde\/\">Continued<\/a><\/p>\n","protected":false},"author":2,"featured_media":0,"parent":0,"menu_order":196,"comment_status":"closed","ping_status":"closed","template":"template-single-beer.blade.php","meta":{"_acf_changed":false,"inline_featured_image":false,"footnotes":""},"class_list":["post-12367","page","type-page","status-publish","hentry"],"acf":[],"yoast_head":"<!-- This site is optimized with the Yoast SEO plugin v26.9 - https:\/\/yoast.com\/product\/yoast-seo-wordpress\/ -->\n<title>St-Feu blonde - Brasserie St-Feuillien<\/title>\n<meta name=\"robots\" content=\"index, follow, max-snippet:-1, max-image-preview:large, max-video-preview:-1\" \/>\n<link rel=\"canonical\" href=\"https:\/\/st-feuillien.com\/en\/st-feu-blonde\/\" \/>\n<meta property=\"og:locale\" content=\"en_US\" \/>\n<meta property=\"og:type\" content=\"article\" \/>\n<meta property=\"og:title\" content=\"St-Feu blonde - Brasserie St-Feuillien\" \/>\n<meta property=\"og:description\" content=\"&lt;ul&gt; &lt;li&gt;Pour profiter pleinement de votre St-Feuillien Blonde, veillez \u00e0 conserver vos bouteilles \u00e0 la verticale, dans un endroit frais et \u00e0 l\u2019abri de la lumi\u00e8re. Cette pr\u00e9caution permet d\u2019\u00e9viter que le d\u00e9p\u00f4t naturel de levure, situ\u00e9 au fond de la bouteille, ne se m\u00e9lange \u00e0 la bi\u00e8re.&lt;\/li&gt; &lt;li&gt;La St-Feuillien Blonde est id\u00e9ale pour la &hellip; Continued\" \/>\n<meta property=\"og:url\" content=\"https:\/\/st-feuillien.com\/en\/st-feu-blonde\/\" \/>\n<meta property=\"og:site_name\" content=\"Brasserie St-Feuillien\" \/>\n<meta property=\"article:publisher\" content=\"https:\/\/www.facebook.com\/stfeuillien\" \/>\n<meta property=\"article:modified_time\" content=\"2026-03-25T13:06:25+00:00\" \/>\n<meta property=\"og:image\" content=\"https:\/\/st-feuillien.com\/app\/uploads\/2024\/09\/Screenshot-from-2024-09-26-08-50-57.jpg\" \/>\n\t<meta property=\"og:image:width\" content=\"2358\" \/>\n\t<meta property=\"og:image:height\" content=\"1176\" \/>\n\t<meta property=\"og:image:type\" content=\"image\/jpeg\" \/>\n<meta name=\"twitter:card\" content=\"summary_large_image\" \/>\n<meta name=\"twitter:label1\" content=\"Est. reading time\" \/>\n\t<meta name=\"twitter:data1\" content=\"5 minutes\" \/>\n<script type=\"application\/ld+json\" class=\"yoast-schema-graph\">{\"@context\":\"https:\/\/schema.org\",\"@graph\":[{\"@type\":\"WebPage\",\"@id\":\"https:\/\/st-feuillien.com\/en\/st-feu-blonde\/\",\"url\":\"https:\/\/st-feuillien.com\/en\/st-feu-blonde\/\",\"name\":\"St-Feu blonde - Brasserie St-Feuillien\",\"isPartOf\":{\"@id\":\"https:\/\/st-feuillien.com\/en\/#website\"},\"datePublished\":\"2025-12-10T12:30:34+00:00\",\"dateModified\":\"2026-03-25T13:06:25+00:00\",\"breadcrumb\":{\"@id\":\"https:\/\/st-feuillien.com\/en\/st-feu-blonde\/#breadcrumb\"},\"inLanguage\":\"en-US\",\"potentialAction\":[{\"@type\":\"ReadAction\",\"target\":[\"https:\/\/st-feuillien.com\/en\/st-feu-blonde\/\"]}]},{\"@type\":\"BreadcrumbList\",\"@id\":\"https:\/\/st-feuillien.com\/en\/st-feu-blonde\/#breadcrumb\",\"itemListElement\":[{\"@type\":\"ListItem\",\"position\":1,\"name\":\"\",\"item\":\"https:\/\/st-feuillien.com\/en\/\"},{\"@type\":\"ListItem\",\"position\":2,\"name\":\"St-Feu blonde\"}]},{\"@type\":\"WebSite\",\"@id\":\"https:\/\/st-feuillien.com\/en\/#website\",\"url\":\"https:\/\/st-feuillien.com\/en\/\",\"name\":\"Brasserie St-Feuillien\",\"description\":\"La Brasserie St. Feuillien est une brasserie belge au Roeulx, en Belgique, qui a \u00e9t\u00e9 fond\u00e9e en 1873. La brasserie, qui fabrique de la bi\u00e8re de style abbaye, a \u00e9t\u00e9 exploit\u00e9e par la famille Friart tout ce temps\",\"publisher\":{\"@id\":\"https:\/\/st-feuillien.com\/en\/#organization\"},\"potentialAction\":[{\"@type\":\"SearchAction\",\"target\":{\"@type\":\"EntryPoint\",\"urlTemplate\":\"https:\/\/st-feuillien.com\/en\/?s={search_term_string}\"},\"query-input\":{\"@type\":\"PropertyValueSpecification\",\"valueRequired\":true,\"valueName\":\"search_term_string\"}}],\"inLanguage\":\"en-US\"},{\"@type\":\"Organization\",\"@id\":\"https:\/\/st-feuillien.com\/en\/#organization\",\"name\":\"St Feuillien\",\"url\":\"https:\/\/st-feuillien.com\/en\/\",\"logo\":{\"@type\":\"ImageObject\",\"inLanguage\":\"en-US\",\"@id\":\"https:\/\/st-feuillien.com\/en\/#\/schema\/logo\/image\/\",\"url\":\"https:\/\/st-feuillien.com\/app\/uploads\/2023\/01\/Logo-st-feuillien-1.svg\",\"contentUrl\":\"https:\/\/st-feuillien.com\/app\/uploads\/2023\/01\/Logo-st-feuillien-1.svg\",\"width\":165,\"height\":122,\"caption\":\"St Feuillien\"},\"image\":{\"@id\":\"https:\/\/st-feuillien.com\/en\/#\/schema\/logo\/image\/\"},\"sameAs\":[\"https:\/\/www.facebook.com\/stfeuillien\"]}]}<\/script>\n<!-- \/ Yoast SEO plugin. -->","yoast_head_json":{"title":"St-Feu blonde - Brasserie St-Feuillien","robots":{"index":"index","follow":"follow","max-snippet":"max-snippet:-1","max-image-preview":"max-image-preview:large","max-video-preview":"max-video-preview:-1"},"canonical":"https:\/\/st-feuillien.com\/en\/st-feu-blonde\/","og_locale":"en_US","og_type":"article","og_title":"St-Feu blonde - Brasserie St-Feuillien","og_description":"&lt;ul&gt; &lt;li&gt;Pour profiter pleinement de votre St-Feuillien Blonde, veillez \u00e0 conserver vos bouteilles \u00e0 la verticale, dans un endroit frais et \u00e0 l\u2019abri de la lumi\u00e8re. Cette pr\u00e9caution permet d\u2019\u00e9viter que le d\u00e9p\u00f4t naturel de levure, situ\u00e9 au fond de la bouteille, ne se m\u00e9lange \u00e0 la bi\u00e8re.&lt;\/li&gt; &lt;li&gt;La St-Feuillien Blonde est id\u00e9ale pour la &hellip; Continued","og_url":"https:\/\/st-feuillien.com\/en\/st-feu-blonde\/","og_site_name":"Brasserie St-Feuillien","article_publisher":"https:\/\/www.facebook.com\/stfeuillien","article_modified_time":"2026-03-25T13:06:25+00:00","og_image":[{"width":2358,"height":1176,"url":"https:\/\/st-feuillien.com\/app\/uploads\/2024\/09\/Screenshot-from-2024-09-26-08-50-57.jpg","type":"image\/jpeg"}],"twitter_card":"summary_large_image","twitter_misc":{"Est. reading time":"5 minutes"},"schema":{"@context":"https:\/\/schema.org","@graph":[{"@type":"WebPage","@id":"https:\/\/st-feuillien.com\/en\/st-feu-blonde\/","url":"https:\/\/st-feuillien.com\/en\/st-feu-blonde\/","name":"St-Feu blonde - Brasserie St-Feuillien","isPartOf":{"@id":"https:\/\/st-feuillien.com\/en\/#website"},"datePublished":"2025-12-10T12:30:34+00:00","dateModified":"2026-03-25T13:06:25+00:00","breadcrumb":{"@id":"https:\/\/st-feuillien.com\/en\/st-feu-blonde\/#breadcrumb"},"inLanguage":"en-US","potentialAction":[{"@type":"ReadAction","target":["https:\/\/st-feuillien.com\/en\/st-feu-blonde\/"]}]},{"@type":"BreadcrumbList","@id":"https:\/\/st-feuillien.com\/en\/st-feu-blonde\/#breadcrumb","itemListElement":[{"@type":"ListItem","position":1,"name":"","item":"https:\/\/st-feuillien.com\/en\/"},{"@type":"ListItem","position":2,"name":"St-Feu blonde"}]},{"@type":"WebSite","@id":"https:\/\/st-feuillien.com\/en\/#website","url":"https:\/\/st-feuillien.com\/en\/","name":"Brasserie St-Feuillien","description":"La Brasserie St. Feuillien est une brasserie belge au Roeulx, en Belgique, qui a \u00e9t\u00e9 fond\u00e9e en 1873. La brasserie, qui fabrique de la bi\u00e8re de style abbaye, a \u00e9t\u00e9 exploit\u00e9e par la famille Friart tout ce temps","publisher":{"@id":"https:\/\/st-feuillien.com\/en\/#organization"},"potentialAction":[{"@type":"SearchAction","target":{"@type":"EntryPoint","urlTemplate":"https:\/\/st-feuillien.com\/en\/?s={search_term_string}"},"query-input":{"@type":"PropertyValueSpecification","valueRequired":true,"valueName":"search_term_string"}}],"inLanguage":"en-US"},{"@type":"Organization","@id":"https:\/\/st-feuillien.com\/en\/#organization","name":"St Feuillien","url":"https:\/\/st-feuillien.com\/en\/","logo":{"@type":"ImageObject","inLanguage":"en-US","@id":"https:\/\/st-feuillien.com\/en\/#\/schema\/logo\/image\/","url":"https:\/\/st-feuillien.com\/app\/uploads\/2023\/01\/Logo-st-feuillien-1.svg","contentUrl":"https:\/\/st-feuillien.com\/app\/uploads\/2023\/01\/Logo-st-feuillien-1.svg","width":165,"height":122,"caption":"St Feuillien"},"image":{"@id":"https:\/\/st-feuillien.com\/en\/#\/schema\/logo\/image\/"},"sameAs":["https:\/\/www.facebook.com\/stfeuillien"]}]}},"_links":{"self":[{"href":"https:\/\/st-feuillien.com\/en\/wp-json\/wp\/v2\/pages\/12367","targetHints":{"allow":["GET"]}}],"collection":[{"href":"https:\/\/st-feuillien.com\/en\/wp-json\/wp\/v2\/pages"}],"about":[{"href":"https:\/\/st-feuillien.com\/en\/wp-json\/wp\/v2\/types\/page"}],"author":[{"embeddable":true,"href":"https:\/\/st-feuillien.com\/en\/wp-json\/wp\/v2\/users\/2"}],"replies":[{"embeddable":true,"href":"https:\/\/st-feuillien.com\/en\/wp-json\/wp\/v2\/comments?post=12367"}],"version-history":[{"count":0,"href":"https:\/\/st-feuillien.com\/en\/wp-json\/wp\/v2\/pages\/12367\/revisions"}],"wp:attachment":[{"href":"https:\/\/st-feuillien.com\/en\/wp-json\/wp\/v2\/media?parent=12367"}],"curies":[{"name":"wp","href":"https:\/\/api.w.org\/{rel}","templated":true}]}}