{"id":11669,"date":"2025-09-25T15:33:13","date_gmt":"2025-09-25T13:33:13","guid":{"rendered":"https:\/\/st-feuillien.com\/?post_type=product&#038;p=11669"},"modified":"2025-09-27T10:41:05","modified_gmt":"2025-09-27T08:41:05","slug":"saint-feuillien-et-son-abbaye-book","status":"publish","type":"product","link":"https:\/\/st-feuillien.com\/en\/products\/saint-feuillien-et-son-abbaye-book\/","title":{"rendered":"SAINT FEUILLIEN ET SON ABBAYE Book"},"content":{"rendered":"<p><span style=\"font-size: 14pt;\">SAINT FEUILLIEN ET SON ABBAYE Book<\/span><br \/>\n<strong>FRENCH VERSION \u2013 This book is available in French only.<\/strong><br \/>\nThe commemoration of the 900th anniversary of the foundation of the <strong>Abbey of Saint-Feuillien<\/strong> offers a unique opportunity to highlight the spiritual, economic and social influence that the monastery had on the town of Le Roeulx and its region, from its foundation in 1125 until its dissolution after the French Revolution. Illustrated and well-documented, this work retraces the history of the abbey and aims to faithfully revive the monastic architecture as well as the organisation and management established by the Premonstratensian order, which led this religious community for nearly 600 years. The study begins with the exceptional life story of the Irish monk <strong>Feuillien<\/strong>, originally from Connemara, a great preacher who was martyred on Rhodian soil nearly fourteen centuries ago.<\/p>\n<p><span style=\"font-size: 14pt;\">About the author<\/span><\/p>\n<p><strong>Beno\u00eet Hautenauve<\/strong> was a teacher, school principal, diocesan inspector, and later inspector of the educational continuum. Alongside his professional responsibilities, he has always nurtured a deep passion for history, which led him to write and publish numerous articles in the journal of the L\u00e9on Mabille Historical Circle of Le Roeulx. In 1997, he authored a monograph devoted to the final years of the former <strong>Abbey of Saint-Feuillien<\/strong> in Le Roeulx.<\/p>\n<p><span style=\"font-size: 14pt;\">About St-Feuillien Brewery<\/span><\/p>\n<p>Deeply attached to the history of its region and its transmission, the <strong>St-Feuillien Brewery<\/strong>, which celebrated its 150th anniversary in 2023, continues to honour the name and legacy of the abbey through its exceptional beers. Produced in close collaboration with the author, this book stands as a remarkable tribute to this heritage.<\/p>\n<p>Publisher: Brasserie St-Feuillien SA, rue d\u2019Houdeng 220, 7070 Le Roeulx (Belgium)<br \/>\nPublication: September 2025 \u2013 192 pages<br \/>\n<a href=\"http:\/\/www.abbaye-roeulx.be\/\" target=\"_blank\">More information<\/a><\/p>\n","protected":false},"excerpt":{"rendered":"<p>SAINT FEUILLIEN ET SON ABBAYE Book FRENCH VERSION \u2013 This book is available in French only. The commemoration of the 900th anniversary of the foundation of the Abbey of Saint-Feuillien offers a unique opportunity to highlight the spiritual, economic and social influence that the monastery had on the town of Le Roeulx and its region, &hellip; <a href=\"https:\/\/st-feuillien.com\/en\/products\/saint-feuillien-et-son-abbaye-book\/\">Continued<\/a><\/p>\n","protected":false},"featured_media":11672,"template":"","meta":{"_acf_changed":false,"inline_featured_image":false},"product_brand":[],"product_cat":[147],"product_tag":[],"class_list":{"0":"post-11669","1":"product","2":"type-product","3":"status-publish","4":"has-post-thumbnail","6":"product_cat-abbey-en","8":"first","9":"instock","10":"taxable","11":"shipping-taxable","12":"purchasable","13":"product-type-simple"},"bundled_by":[],"bundle_stock_status":"instock","bundle_stock_quantity":null,"bundle_virtual":false,"bundle_layout":"","bundle_add_to_cart_form_location":"","bundle_editable_in_cart":false,"bundle_sold_individually_context":"","bundle_item_grouping":"","bundle_min_size":"","bundle_max_size":"","bundle_price":[],"bundled_items":[],"bundle_sell_ids":[],"acf":[],"yoast_head":"<!-- This site is optimized with the Yoast SEO plugin v26.9 - https:\/\/yoast.com\/product\/yoast-seo-wordpress\/ -->\n<title>SAINT FEUILLIEN ET SON ABBAYE Book - Brasserie St-Feuillien<\/title>\n<meta name=\"description\" content=\"Saint-Feuillien Abbey book: discover 900 years of history, heritage and architecture of the abbey in Le Roeulx, from its founding to today.\" \/>\n<meta name=\"robots\" content=\"index, follow, max-snippet:-1, max-image-preview:large, max-video-preview:-1\" \/>\n<link rel=\"canonical\" href=\"https:\/\/st-feuillien.com\/en\/products\/saint-feuillien-et-son-abbaye-book\/\" \/>\n<meta property=\"og:locale\" content=\"en_US\" \/>\n<meta property=\"og:type\" content=\"article\" \/>\n<meta property=\"og:title\" content=\"SAINT FEUILLIEN ET SON ABBAYE Book - Brasserie St-Feuillien\" \/>\n<meta property=\"og:description\" content=\"Saint-Feuillien Abbey book: discover 900 years of history, heritage and architecture of the abbey in Le Roeulx, from its founding to today.\" \/>\n<meta property=\"og:url\" content=\"https:\/\/st-feuillien.com\/en\/products\/saint-feuillien-et-son-abbaye-book\/\" \/>\n<meta property=\"og:site_name\" content=\"Brasserie St-Feuillien\" \/>\n<meta property=\"article:publisher\" content=\"https:\/\/www.facebook.com\/stfeuillien\" \/>\n<meta property=\"article:modified_time\" content=\"2025-09-27T08:41:05+00:00\" \/>\n<meta property=\"og:image\" content=\"https:\/\/st-feuillien.com\/app\/uploads\/2025\/09\/STF-Livre-150ans-cover-complete-scaled.jpg\" \/>\n\t<meta property=\"og:image:width\" content=\"2077\" \/>\n\t<meta property=\"og:image:height\" content=\"2560\" \/>\n\t<meta property=\"og:image:type\" content=\"image\/jpeg\" \/>\n<meta name=\"twitter:card\" content=\"summary_large_image\" \/>\n<meta name=\"twitter:label1\" content=\"Est. reading time\" \/>\n\t<meta name=\"twitter:data1\" content=\"2 minutes\" \/>\n<script type=\"application\/ld+json\" class=\"yoast-schema-graph\">{\"@context\":\"https:\/\/schema.org\",\"@graph\":[{\"@type\":\"WebPage\",\"@id\":\"https:\/\/st-feuillien.com\/en\/products\/saint-feuillien-et-son-abbaye-book\/\",\"url\":\"https:\/\/st-feuillien.com\/en\/products\/saint-feuillien-et-son-abbaye-book\/\",\"name\":\"SAINT FEUILLIEN ET SON ABBAYE Book - Brasserie St-Feuillien\",\"isPartOf\":{\"@id\":\"https:\/\/st-feuillien.com\/en\/#website\"},\"primaryImageOfPage\":{\"@id\":\"https:\/\/st-feuillien.com\/en\/products\/saint-feuillien-et-son-abbaye-book\/#primaryimage\"},\"image\":{\"@id\":\"https:\/\/st-feuillien.com\/en\/products\/saint-feuillien-et-son-abbaye-book\/#primaryimage\"},\"thumbnailUrl\":\"https:\/\/st-feuillien.com\/app\/uploads\/2025\/09\/STF-Livre-150ans-cover-complete-scaled.jpg\",\"datePublished\":\"2025-09-25T13:33:13+00:00\",\"dateModified\":\"2025-09-27T08:41:05+00:00\",\"description\":\"Saint-Feuillien Abbey book: discover 900 years of history, heritage and architecture of the abbey in Le Roeulx, from its founding to today.\",\"breadcrumb\":{\"@id\":\"https:\/\/st-feuillien.com\/en\/products\/saint-feuillien-et-son-abbaye-book\/#breadcrumb\"},\"inLanguage\":\"en-US\",\"potentialAction\":[{\"@type\":\"ReadAction\",\"target\":[\"https:\/\/st-feuillien.com\/en\/products\/saint-feuillien-et-son-abbaye-book\/\"]}]},{\"@type\":\"ImageObject\",\"inLanguage\":\"en-US\",\"@id\":\"https:\/\/st-feuillien.com\/en\/products\/saint-feuillien-et-son-abbaye-book\/#primaryimage\",\"url\":\"https:\/\/st-feuillien.com\/app\/uploads\/2025\/09\/STF-Livre-150ans-cover-complete-scaled.jpg\",\"contentUrl\":\"https:\/\/st-feuillien.com\/app\/uploads\/2025\/09\/STF-Livre-150ans-cover-complete-scaled.jpg\",\"width\":2077,\"height\":2560},{\"@type\":\"BreadcrumbList\",\"@id\":\"https:\/\/st-feuillien.com\/en\/products\/saint-feuillien-et-son-abbaye-book\/#breadcrumb\",\"itemListElement\":[{\"@type\":\"ListItem\",\"position\":1,\"name\":\"\",\"item\":\"https:\/\/st-feuillien.com\/en\/\"},{\"@type\":\"ListItem\",\"position\":2,\"name\":\"St-Feuillien shop\",\"item\":\"https:\/\/st-feuillien.com\/en\/shop\/\"},{\"@type\":\"ListItem\",\"position\":3,\"name\":\"SAINT FEUILLIEN ET SON ABBAYE Book\"}]},{\"@type\":\"WebSite\",\"@id\":\"https:\/\/st-feuillien.com\/en\/#website\",\"url\":\"https:\/\/st-feuillien.com\/en\/\",\"name\":\"Brasserie St-Feuillien\",\"description\":\"La Brasserie St. Feuillien est une brasserie belge au Roeulx, en Belgique, qui a \u00e9t\u00e9 fond\u00e9e en 1873. La brasserie, qui fabrique de la bi\u00e8re de style abbaye, a \u00e9t\u00e9 exploit\u00e9e par la famille Friart tout ce temps\",\"publisher\":{\"@id\":\"https:\/\/st-feuillien.com\/en\/#organization\"},\"potentialAction\":[{\"@type\":\"SearchAction\",\"target\":{\"@type\":\"EntryPoint\",\"urlTemplate\":\"https:\/\/st-feuillien.com\/en\/?s={search_term_string}\"},\"query-input\":{\"@type\":\"PropertyValueSpecification\",\"valueRequired\":true,\"valueName\":\"search_term_string\"}}],\"inLanguage\":\"en-US\"},{\"@type\":\"Organization\",\"@id\":\"https:\/\/st-feuillien.com\/en\/#organization\",\"name\":\"St Feuillien\",\"url\":\"https:\/\/st-feuillien.com\/en\/\",\"logo\":{\"@type\":\"ImageObject\",\"inLanguage\":\"en-US\",\"@id\":\"https:\/\/st-feuillien.com\/en\/#\/schema\/logo\/image\/\",\"url\":\"https:\/\/st-feuillien.com\/app\/uploads\/2023\/01\/Logo-st-feuillien-1.svg\",\"contentUrl\":\"https:\/\/st-feuillien.com\/app\/uploads\/2023\/01\/Logo-st-feuillien-1.svg\",\"width\":165,\"height\":122,\"caption\":\"St Feuillien\"},\"image\":{\"@id\":\"https:\/\/st-feuillien.com\/en\/#\/schema\/logo\/image\/\"},\"sameAs\":[\"https:\/\/www.facebook.com\/stfeuillien\"]}]}<\/script>\n<!-- \/ Yoast SEO plugin. -->","yoast_head_json":{"title":"SAINT FEUILLIEN ET SON ABBAYE Book - Brasserie St-Feuillien","description":"Saint-Feuillien Abbey book: discover 900 years of history, heritage and architecture of the abbey in Le Roeulx, from its founding to today.","robots":{"index":"index","follow":"follow","max-snippet":"max-snippet:-1","max-image-preview":"max-image-preview:large","max-video-preview":"max-video-preview:-1"},"canonical":"https:\/\/st-feuillien.com\/en\/products\/saint-feuillien-et-son-abbaye-book\/","og_locale":"en_US","og_type":"article","og_title":"SAINT FEUILLIEN ET SON ABBAYE Book - Brasserie St-Feuillien","og_description":"Saint-Feuillien Abbey book: discover 900 years of history, heritage and architecture of the abbey in Le Roeulx, from its founding to today.","og_url":"https:\/\/st-feuillien.com\/en\/products\/saint-feuillien-et-son-abbaye-book\/","og_site_name":"Brasserie St-Feuillien","article_publisher":"https:\/\/www.facebook.com\/stfeuillien","article_modified_time":"2025-09-27T08:41:05+00:00","og_image":[{"width":2077,"height":2560,"url":"https:\/\/st-feuillien.com\/app\/uploads\/2025\/09\/STF-Livre-150ans-cover-complete-scaled.jpg","type":"image\/jpeg"}],"twitter_card":"summary_large_image","twitter_misc":{"Est. reading time":"2 minutes"},"schema":{"@context":"https:\/\/schema.org","@graph":[{"@type":"WebPage","@id":"https:\/\/st-feuillien.com\/en\/products\/saint-feuillien-et-son-abbaye-book\/","url":"https:\/\/st-feuillien.com\/en\/products\/saint-feuillien-et-son-abbaye-book\/","name":"SAINT FEUILLIEN ET SON ABBAYE Book - Brasserie St-Feuillien","isPartOf":{"@id":"https:\/\/st-feuillien.com\/en\/#website"},"primaryImageOfPage":{"@id":"https:\/\/st-feuillien.com\/en\/products\/saint-feuillien-et-son-abbaye-book\/#primaryimage"},"image":{"@id":"https:\/\/st-feuillien.com\/en\/products\/saint-feuillien-et-son-abbaye-book\/#primaryimage"},"thumbnailUrl":"https:\/\/st-feuillien.com\/app\/uploads\/2025\/09\/STF-Livre-150ans-cover-complete-scaled.jpg","datePublished":"2025-09-25T13:33:13+00:00","dateModified":"2025-09-27T08:41:05+00:00","description":"Saint-Feuillien Abbey book: discover 900 years of history, heritage and architecture of the abbey in Le Roeulx, from its founding to today.","breadcrumb":{"@id":"https:\/\/st-feuillien.com\/en\/products\/saint-feuillien-et-son-abbaye-book\/#breadcrumb"},"inLanguage":"en-US","potentialAction":[{"@type":"ReadAction","target":["https:\/\/st-feuillien.com\/en\/products\/saint-feuillien-et-son-abbaye-book\/"]}]},{"@type":"ImageObject","inLanguage":"en-US","@id":"https:\/\/st-feuillien.com\/en\/products\/saint-feuillien-et-son-abbaye-book\/#primaryimage","url":"https:\/\/st-feuillien.com\/app\/uploads\/2025\/09\/STF-Livre-150ans-cover-complete-scaled.jpg","contentUrl":"https:\/\/st-feuillien.com\/app\/uploads\/2025\/09\/STF-Livre-150ans-cover-complete-scaled.jpg","width":2077,"height":2560},{"@type":"BreadcrumbList","@id":"https:\/\/st-feuillien.com\/en\/products\/saint-feuillien-et-son-abbaye-book\/#breadcrumb","itemListElement":[{"@type":"ListItem","position":1,"name":"","item":"https:\/\/st-feuillien.com\/en\/"},{"@type":"ListItem","position":2,"name":"St-Feuillien shop","item":"https:\/\/st-feuillien.com\/en\/shop\/"},{"@type":"ListItem","position":3,"name":"SAINT FEUILLIEN ET SON ABBAYE Book"}]},{"@type":"WebSite","@id":"https:\/\/st-feuillien.com\/en\/#website","url":"https:\/\/st-feuillien.com\/en\/","name":"Brasserie St-Feuillien","description":"La Brasserie St. Feuillien est une brasserie belge au Roeulx, en Belgique, qui a \u00e9t\u00e9 fond\u00e9e en 1873. La brasserie, qui fabrique de la bi\u00e8re de style abbaye, a \u00e9t\u00e9 exploit\u00e9e par la famille Friart tout ce temps","publisher":{"@id":"https:\/\/st-feuillien.com\/en\/#organization"},"potentialAction":[{"@type":"SearchAction","target":{"@type":"EntryPoint","urlTemplate":"https:\/\/st-feuillien.com\/en\/?s={search_term_string}"},"query-input":{"@type":"PropertyValueSpecification","valueRequired":true,"valueName":"search_term_string"}}],"inLanguage":"en-US"},{"@type":"Organization","@id":"https:\/\/st-feuillien.com\/en\/#organization","name":"St Feuillien","url":"https:\/\/st-feuillien.com\/en\/","logo":{"@type":"ImageObject","inLanguage":"en-US","@id":"https:\/\/st-feuillien.com\/en\/#\/schema\/logo\/image\/","url":"https:\/\/st-feuillien.com\/app\/uploads\/2023\/01\/Logo-st-feuillien-1.svg","contentUrl":"https:\/\/st-feuillien.com\/app\/uploads\/2023\/01\/Logo-st-feuillien-1.svg","width":165,"height":122,"caption":"St Feuillien"},"image":{"@id":"https:\/\/st-feuillien.com\/en\/#\/schema\/logo\/image\/"},"sameAs":["https:\/\/www.facebook.com\/stfeuillien"]}]}},"_links":{"self":[{"href":"https:\/\/st-feuillien.com\/en\/wp-json\/wp\/v2\/product\/11669","targetHints":{"allow":["GET"]}}],"collection":[{"href":"https:\/\/st-feuillien.com\/en\/wp-json\/wp\/v2\/product"}],"about":[{"href":"https:\/\/st-feuillien.com\/en\/wp-json\/wp\/v2\/types\/product"}],"wp:featuredmedia":[{"embeddable":true,"href":"https:\/\/st-feuillien.com\/en\/wp-json\/wp\/v2\/media\/11672"}],"wp:attachment":[{"href":"https:\/\/st-feuillien.com\/en\/wp-json\/wp\/v2\/media?parent=11669"}],"wp:term":[{"taxonomy":"product_brand","embeddable":true,"href":"https:\/\/st-feuillien.com\/en\/wp-json\/wp\/v2\/product_brand?post=11669"},{"taxonomy":"product_cat","embeddable":true,"href":"https:\/\/st-feuillien.com\/en\/wp-json\/wp\/v2\/product_cat?post=11669"},{"taxonomy":"product_tag","embeddable":true,"href":"https:\/\/st-feuillien.com\/en\/wp-json\/wp\/v2\/product_tag?post=11669"}],"curies":[{"name":"wp","href":"https:\/\/api.w.org\/{rel}","templated":true}]}}