{"id":11972,"date":"2026-02-20T16:42:23","date_gmt":"2026-02-20T15:42:23","guid":{"rendered":"https:\/\/st-feuillien.com\/?post_type=product&#038;p=11972"},"modified":"2026-03-12T17:24:25","modified_gmt":"2026-03-12T16:24:25","slug":"st-feuillien-blonde-doudou-2026-limited-edition","status":"publish","type":"product","link":"https:\/\/st-feuillien.com\/en\/products\/st-feuillien-blonde-doudou-2026-limited-edition\/","title":{"rendered":"St-Feuillien Blonde 6 x 75 cl &#8211; Limited edition Ducasse de Mons 2026"},"content":{"rendered":"<p><strong>St-Feuillien Blonde \u2013 Doudou 2026 Edition<\/strong><\/p>\n<p>New bottle \u2013 Exclusive series featuring 3 characters \u2013 2 bottles of each character<br \/>\nWebshop preview \u2013 Limited quantity<\/p>\n<p>Although located \u201coutside the city walls,\u201d <strong>Brasserie St-Feuillien<\/strong> has been intrinsically part of the brewing heritage of Mons for many years. Closely linked to local tradition and folklore, it is in Mons that <strong>St-Feuillien Blonde<\/strong> truly rose to prominence more than half a century ago.<\/p>\n<p>Quickly embraced by the people of Mons, this golden beer\u2014known for its refreshing character with citrus and spice notes and its subtle hop profile\u2014has become an essential part of the Doudou festivities.<\/p>\n<p><strong>A 2026 Edition featuring 3 emblematic bottles<\/strong><\/p>\n<p>For this new 2026 Limited Edition, St-Feuillien Blonde is presented in an exclusive design available in three bottles illustrating mythical figures of the Ducasse of Mons:<\/p>\n<ul style=\"list-style-type: circle;\">\n<li>Saint-Georges<\/li>\n<li>Le Dragon et Les Hommes Blancs<\/li>\n<li>Les Chin-Chins<\/li>\n<\/ul>\n<p>Each bottle pays tribute to key characters of the so-called \u201cLume\u00e7on\u201d battle, symbolising the deep attachment of St-Feuillien Brewery to this ancestral ritual.<\/p>\n<p>Bottle-conditioned and presented in an exclusive format, this collector\u2019s series appeals both to beer enthusiasts and to lovers of Mons folklore.<\/p>\n<p><strong>Exclusively available in preview on our webshop<\/strong><\/p>\n<p>The Doudou 2026 Edition is available as a webshop preview and offered in strictly limited quantities.<\/p>\n<p>A unique opportunity to collect the three designs or to offer a gift closely connected to the traditions of Mons.<\/p>\n<p><em><span style=\"font-size: 12pt;\">Alcohol level 7.5%<\/span><\/em><\/p>\n<p><img decoding=\"async\" class=\"alignnone wp-image-7640 size-full\" src=\"https:\/\/st-feuillien.com\/app\/uploads\/2023\/10\/Logo_medailles-STF-blonde.png\" alt=\"\" width=\"800\" height=\"241\" srcset=\"https:\/\/st-feuillien.com\/app\/uploads\/2023\/10\/Logo_medailles-STF-blonde.png 800w, https:\/\/st-feuillien.com\/app\/uploads\/2023\/10\/Logo_medailles-STF-blonde-600x181.png 600w, https:\/\/st-feuillien.com\/app\/uploads\/2023\/10\/Logo_medailles-STF-blonde-300x90.png 300w, https:\/\/st-feuillien.com\/app\/uploads\/2023\/10\/Logo_medailles-STF-blonde-768x231.png 768w\" sizes=\"(max-width: 800px) 100vw, 800px\" \/><\/p>\n<p>&nbsp;<\/p>\n<p>&nbsp;<\/p>\n","protected":false},"excerpt":{"rendered":"<p><strong data-start=\"1704\" data-end=\"1749\">St-Feuillien Blonde \u2013 Doudou 2026 Edition<\/strong><br data-start=\"1749\" data-end=\"1752\" \/>Exclusive series of 3 bottles featuring iconic characters of the Ducasse of Mons: Saint George, the Dragon &amp; the White Men, and the Chin-Chins. This pack includes <strong data-start=\"1915\" data-end=\"1946\">2 bottles of each character<\/strong>.<br data-start=\"1947\" data-end=\"1950\" \/>Bottle-conditioned, 7.5% ABV, with refreshing citrus and spice notes.<br data-start=\"2019\" data-end=\"2022\" \/><strong data-start=\"2022\" data-end=\"2071\">Webshop preview \u2013 Limited quantity available.<\/strong><\/p>\n","protected":false},"featured_media":12110,"template":"","meta":{"_acf_changed":false,"inline_featured_image":false},"product_brand":[],"product_cat":[147,148,206],"product_tag":[],"class_list":{"0":"post-11972","1":"product","2":"type-product","3":"status-publish","4":"has-post-thumbnail","6":"product_cat-abbey-en","7":"product_cat-blonde-en","8":"product_cat-ducasse-de-mons-en","10":"first","11":"instock","12":"taxable","13":"shipping-taxable","14":"purchasable","15":"product-type-simple"},"bundled_by":[],"bundle_stock_status":"instock","bundle_stock_quantity":196,"bundle_virtual":false,"bundle_layout":"","bundle_add_to_cart_form_location":"","bundle_editable_in_cart":false,"bundle_sold_individually_context":"","bundle_item_grouping":"","bundle_min_size":"","bundle_max_size":"","bundle_price":[],"bundled_items":[],"bundle_sell_ids":[],"acf":[],"yoast_head":"<!-- This site is optimized with the Yoast SEO plugin v26.9 - https:\/\/yoast.com\/product\/yoast-seo-wordpress\/ -->\n<title>St-Feuillien Blonde Doudou 2026 | Limited Edition<\/title>\n<meta name=\"description\" content=\"Discover St-Feuillien Blonde Doudou 2026: exclusive set of 3 bottles (2 of each character). Webshop preview, limited quantity available.\" \/>\n<meta name=\"robots\" content=\"index, follow, max-snippet:-1, max-image-preview:large, max-video-preview:-1\" \/>\n<link rel=\"canonical\" href=\"https:\/\/st-feuillien.com\/en\/products\/st-feuillien-blonde-doudou-2026-limited-edition\/\" \/>\n<meta property=\"og:locale\" content=\"en_US\" \/>\n<meta property=\"og:type\" content=\"article\" \/>\n<meta property=\"og:title\" content=\"St-Feuillien Blonde Doudou 2026 | Limited Edition\" \/>\n<meta property=\"og:description\" content=\"Discover St-Feuillien Blonde Doudou 2026: exclusive set of 3 bottles (2 of each character). Webshop preview, limited quantity available.\" \/>\n<meta property=\"og:url\" content=\"https:\/\/st-feuillien.com\/en\/products\/st-feuillien-blonde-doudou-2026-limited-edition\/\" \/>\n<meta property=\"og:site_name\" content=\"Brasserie St-Feuillien\" \/>\n<meta property=\"article:publisher\" content=\"https:\/\/www.facebook.com\/stfeuillien\" \/>\n<meta property=\"article:modified_time\" content=\"2026-03-12T16:24:25+00:00\" \/>\n<meta property=\"og:image\" content=\"https:\/\/st-feuillien.com\/app\/uploads\/2026\/02\/Bouteille-3-Doudou-fond-beige-2.png\" \/>\n\t<meta property=\"og:image:width\" content=\"800\" \/>\n\t<meta property=\"og:image:height\" content=\"800\" \/>\n\t<meta property=\"og:image:type\" content=\"image\/png\" \/>\n<meta name=\"twitter:card\" content=\"summary_large_image\" \/>\n<meta name=\"twitter:label1\" content=\"Est. reading time\" \/>\n\t<meta name=\"twitter:data1\" content=\"2 minutes\" \/>\n<script type=\"application\/ld+json\" class=\"yoast-schema-graph\">{\"@context\":\"https:\/\/schema.org\",\"@graph\":[{\"@type\":\"WebPage\",\"@id\":\"https:\/\/st-feuillien.com\/en\/products\/st-feuillien-blonde-doudou-2026-limited-edition\/\",\"url\":\"https:\/\/st-feuillien.com\/en\/products\/st-feuillien-blonde-doudou-2026-limited-edition\/\",\"name\":\"St-Feuillien Blonde Doudou 2026 | Limited Edition\",\"isPartOf\":{\"@id\":\"https:\/\/st-feuillien.com\/en\/#website\"},\"primaryImageOfPage\":{\"@id\":\"https:\/\/st-feuillien.com\/en\/products\/st-feuillien-blonde-doudou-2026-limited-edition\/#primaryimage\"},\"image\":{\"@id\":\"https:\/\/st-feuillien.com\/en\/products\/st-feuillien-blonde-doudou-2026-limited-edition\/#primaryimage\"},\"thumbnailUrl\":\"https:\/\/st-feuillien.com\/app\/uploads\/2026\/02\/Bouteille-3-Doudou-fond-beige-2.png\",\"datePublished\":\"2026-02-20T15:42:23+00:00\",\"dateModified\":\"2026-03-12T16:24:25+00:00\",\"description\":\"Discover St-Feuillien Blonde Doudou 2026: exclusive set of 3 bottles (2 of each character). Webshop preview, limited quantity available.\",\"breadcrumb\":{\"@id\":\"https:\/\/st-feuillien.com\/en\/products\/st-feuillien-blonde-doudou-2026-limited-edition\/#breadcrumb\"},\"inLanguage\":\"en-US\",\"potentialAction\":[{\"@type\":\"ReadAction\",\"target\":[\"https:\/\/st-feuillien.com\/en\/products\/st-feuillien-blonde-doudou-2026-limited-edition\/\"]}]},{\"@type\":\"ImageObject\",\"inLanguage\":\"en-US\",\"@id\":\"https:\/\/st-feuillien.com\/en\/products\/st-feuillien-blonde-doudou-2026-limited-edition\/#primaryimage\",\"url\":\"https:\/\/st-feuillien.com\/app\/uploads\/2026\/02\/Bouteille-3-Doudou-fond-beige-2.png\",\"contentUrl\":\"https:\/\/st-feuillien.com\/app\/uploads\/2026\/02\/Bouteille-3-Doudou-fond-beige-2.png\",\"width\":800,\"height\":800},{\"@type\":\"BreadcrumbList\",\"@id\":\"https:\/\/st-feuillien.com\/en\/products\/st-feuillien-blonde-doudou-2026-limited-edition\/#breadcrumb\",\"itemListElement\":[{\"@type\":\"ListItem\",\"position\":1,\"name\":\"\",\"item\":\"https:\/\/st-feuillien.com\/en\/\"},{\"@type\":\"ListItem\",\"position\":2,\"name\":\"St-Feuillien shop\",\"item\":\"https:\/\/st-feuillien.com\/en\/shop\/\"},{\"@type\":\"ListItem\",\"position\":3,\"name\":\"St-Feuillien Blonde 6 x 75 cl &#8211; Limited edition Ducasse de Mons 2026\"}]},{\"@type\":\"WebSite\",\"@id\":\"https:\/\/st-feuillien.com\/en\/#website\",\"url\":\"https:\/\/st-feuillien.com\/en\/\",\"name\":\"Brasserie St-Feuillien\",\"description\":\"La Brasserie St. Feuillien est une brasserie belge au Roeulx, en Belgique, qui a \u00e9t\u00e9 fond\u00e9e en 1873. La brasserie, qui fabrique de la bi\u00e8re de style abbaye, a \u00e9t\u00e9 exploit\u00e9e par la famille Friart tout ce temps\",\"publisher\":{\"@id\":\"https:\/\/st-feuillien.com\/en\/#organization\"},\"potentialAction\":[{\"@type\":\"SearchAction\",\"target\":{\"@type\":\"EntryPoint\",\"urlTemplate\":\"https:\/\/st-feuillien.com\/en\/?s={search_term_string}\"},\"query-input\":{\"@type\":\"PropertyValueSpecification\",\"valueRequired\":true,\"valueName\":\"search_term_string\"}}],\"inLanguage\":\"en-US\"},{\"@type\":\"Organization\",\"@id\":\"https:\/\/st-feuillien.com\/en\/#organization\",\"name\":\"St Feuillien\",\"url\":\"https:\/\/st-feuillien.com\/en\/\",\"logo\":{\"@type\":\"ImageObject\",\"inLanguage\":\"en-US\",\"@id\":\"https:\/\/st-feuillien.com\/en\/#\/schema\/logo\/image\/\",\"url\":\"https:\/\/st-feuillien.com\/app\/uploads\/2023\/01\/Logo-st-feuillien-1.svg\",\"contentUrl\":\"https:\/\/st-feuillien.com\/app\/uploads\/2023\/01\/Logo-st-feuillien-1.svg\",\"width\":165,\"height\":122,\"caption\":\"St Feuillien\"},\"image\":{\"@id\":\"https:\/\/st-feuillien.com\/en\/#\/schema\/logo\/image\/\"},\"sameAs\":[\"https:\/\/www.facebook.com\/stfeuillien\"]}]}<\/script>\n<!-- \/ Yoast SEO plugin. -->","yoast_head_json":{"title":"St-Feuillien Blonde Doudou 2026 | Limited Edition","description":"Discover St-Feuillien Blonde Doudou 2026: exclusive set of 3 bottles (2 of each character). Webshop preview, limited quantity available.","robots":{"index":"index","follow":"follow","max-snippet":"max-snippet:-1","max-image-preview":"max-image-preview:large","max-video-preview":"max-video-preview:-1"},"canonical":"https:\/\/st-feuillien.com\/en\/products\/st-feuillien-blonde-doudou-2026-limited-edition\/","og_locale":"en_US","og_type":"article","og_title":"St-Feuillien Blonde Doudou 2026 | Limited Edition","og_description":"Discover St-Feuillien Blonde Doudou 2026: exclusive set of 3 bottles (2 of each character). Webshop preview, limited quantity available.","og_url":"https:\/\/st-feuillien.com\/en\/products\/st-feuillien-blonde-doudou-2026-limited-edition\/","og_site_name":"Brasserie St-Feuillien","article_publisher":"https:\/\/www.facebook.com\/stfeuillien","article_modified_time":"2026-03-12T16:24:25+00:00","og_image":[{"width":800,"height":800,"url":"https:\/\/st-feuillien.com\/app\/uploads\/2026\/02\/Bouteille-3-Doudou-fond-beige-2.png","type":"image\/png"}],"twitter_card":"summary_large_image","twitter_misc":{"Est. reading time":"2 minutes"},"schema":{"@context":"https:\/\/schema.org","@graph":[{"@type":"WebPage","@id":"https:\/\/st-feuillien.com\/en\/products\/st-feuillien-blonde-doudou-2026-limited-edition\/","url":"https:\/\/st-feuillien.com\/en\/products\/st-feuillien-blonde-doudou-2026-limited-edition\/","name":"St-Feuillien Blonde Doudou 2026 | Limited Edition","isPartOf":{"@id":"https:\/\/st-feuillien.com\/en\/#website"},"primaryImageOfPage":{"@id":"https:\/\/st-feuillien.com\/en\/products\/st-feuillien-blonde-doudou-2026-limited-edition\/#primaryimage"},"image":{"@id":"https:\/\/st-feuillien.com\/en\/products\/st-feuillien-blonde-doudou-2026-limited-edition\/#primaryimage"},"thumbnailUrl":"https:\/\/st-feuillien.com\/app\/uploads\/2026\/02\/Bouteille-3-Doudou-fond-beige-2.png","datePublished":"2026-02-20T15:42:23+00:00","dateModified":"2026-03-12T16:24:25+00:00","description":"Discover St-Feuillien Blonde Doudou 2026: exclusive set of 3 bottles (2 of each character). Webshop preview, limited quantity available.","breadcrumb":{"@id":"https:\/\/st-feuillien.com\/en\/products\/st-feuillien-blonde-doudou-2026-limited-edition\/#breadcrumb"},"inLanguage":"en-US","potentialAction":[{"@type":"ReadAction","target":["https:\/\/st-feuillien.com\/en\/products\/st-feuillien-blonde-doudou-2026-limited-edition\/"]}]},{"@type":"ImageObject","inLanguage":"en-US","@id":"https:\/\/st-feuillien.com\/en\/products\/st-feuillien-blonde-doudou-2026-limited-edition\/#primaryimage","url":"https:\/\/st-feuillien.com\/app\/uploads\/2026\/02\/Bouteille-3-Doudou-fond-beige-2.png","contentUrl":"https:\/\/st-feuillien.com\/app\/uploads\/2026\/02\/Bouteille-3-Doudou-fond-beige-2.png","width":800,"height":800},{"@type":"BreadcrumbList","@id":"https:\/\/st-feuillien.com\/en\/products\/st-feuillien-blonde-doudou-2026-limited-edition\/#breadcrumb","itemListElement":[{"@type":"ListItem","position":1,"name":"","item":"https:\/\/st-feuillien.com\/en\/"},{"@type":"ListItem","position":2,"name":"St-Feuillien shop","item":"https:\/\/st-feuillien.com\/en\/shop\/"},{"@type":"ListItem","position":3,"name":"St-Feuillien Blonde 6 x 75 cl &#8211; Limited edition Ducasse de Mons 2026"}]},{"@type":"WebSite","@id":"https:\/\/st-feuillien.com\/en\/#website","url":"https:\/\/st-feuillien.com\/en\/","name":"Brasserie St-Feuillien","description":"La Brasserie St. Feuillien est une brasserie belge au Roeulx, en Belgique, qui a \u00e9t\u00e9 fond\u00e9e en 1873. La brasserie, qui fabrique de la bi\u00e8re de style abbaye, a \u00e9t\u00e9 exploit\u00e9e par la famille Friart tout ce temps","publisher":{"@id":"https:\/\/st-feuillien.com\/en\/#organization"},"potentialAction":[{"@type":"SearchAction","target":{"@type":"EntryPoint","urlTemplate":"https:\/\/st-feuillien.com\/en\/?s={search_term_string}"},"query-input":{"@type":"PropertyValueSpecification","valueRequired":true,"valueName":"search_term_string"}}],"inLanguage":"en-US"},{"@type":"Organization","@id":"https:\/\/st-feuillien.com\/en\/#organization","name":"St Feuillien","url":"https:\/\/st-feuillien.com\/en\/","logo":{"@type":"ImageObject","inLanguage":"en-US","@id":"https:\/\/st-feuillien.com\/en\/#\/schema\/logo\/image\/","url":"https:\/\/st-feuillien.com\/app\/uploads\/2023\/01\/Logo-st-feuillien-1.svg","contentUrl":"https:\/\/st-feuillien.com\/app\/uploads\/2023\/01\/Logo-st-feuillien-1.svg","width":165,"height":122,"caption":"St Feuillien"},"image":{"@id":"https:\/\/st-feuillien.com\/en\/#\/schema\/logo\/image\/"},"sameAs":["https:\/\/www.facebook.com\/stfeuillien"]}]}},"_links":{"self":[{"href":"https:\/\/st-feuillien.com\/en\/wp-json\/wp\/v2\/product\/11972","targetHints":{"allow":["GET"]}}],"collection":[{"href":"https:\/\/st-feuillien.com\/en\/wp-json\/wp\/v2\/product"}],"about":[{"href":"https:\/\/st-feuillien.com\/en\/wp-json\/wp\/v2\/types\/product"}],"wp:featuredmedia":[{"embeddable":true,"href":"https:\/\/st-feuillien.com\/en\/wp-json\/wp\/v2\/media\/12110"}],"wp:attachment":[{"href":"https:\/\/st-feuillien.com\/en\/wp-json\/wp\/v2\/media?parent=11972"}],"wp:term":[{"taxonomy":"product_brand","embeddable":true,"href":"https:\/\/st-feuillien.com\/en\/wp-json\/wp\/v2\/product_brand?post=11972"},{"taxonomy":"product_cat","embeddable":true,"href":"https:\/\/st-feuillien.com\/en\/wp-json\/wp\/v2\/product_cat?post=11972"},{"taxonomy":"product_tag","embeddable":true,"href":"https:\/\/st-feuillien.com\/en\/wp-json\/wp\/v2\/product_tag?post=11972"}],"curies":[{"name":"wp","href":"https:\/\/api.w.org\/{rel}","templated":true}]}}