{"id":12158,"date":"2026-03-06T11:42:56","date_gmt":"2026-03-06T10:42:56","guid":{"rendered":"https:\/\/st-feuillien.com\/?post_type=product&#038;p=12158"},"modified":"2026-03-31T14:43:32","modified_gmt":"2026-03-31T12:43:32","slug":"t-shirt-st-feuillien-limited-edition-ducasse-de-mons-2026","status":"publish","type":"product","link":"https:\/\/st-feuillien.com\/en\/products\/t-shirt-st-feuillien-limited-edition-ducasse-de-mons-2026\/","title":{"rendered":"T-shirt St-Feuillien \u2013 limited edition Ducasse de Mons 2026"},"content":{"rendered":"<p><strong>Limited Edition Ducasse de Mons 2026 T-shirt<\/strong><br \/>\nDive into the brewing history of Mons with this exclusive limited-edition T-shirt from <strong>Brasserie St-Feuillien<\/strong>. A true tribute to local tradition and folklore, it captures the festive spirit of the Doudou \u2013 an iconic celebration that has brought the people of Mons together for centuries.<\/p>\n<p><strong>Inspired by St-Feuillien Blonde<\/strong><\/p>\n<p>Rooted in the region\u2019s brewing heritage, this T-shirt draws inspiration from St-Feuillien Blonde, a golden and refreshing beer that has become a must during the Doudou festivities. With its citrus and spicy notes, it perfectly embodies the convivial and festive spirit of this local tradition.<\/p>\n<p><strong>A symbol of tradition and folklore<\/strong><\/p>\n<p>Featuring an exclusive design inspired by the Ducasse de Mons, this T-shirt celebrates the iconic figures of the Lume\u00e7on and reflects the deep attachment of Brasserie St-Feuillien to this ancestral ritual.<\/p>\n<p>The perfect garment to proudly showcase your connection to Mons folklore and the St-Feuillien universe.<\/p>\n<p>Get your Limited Edition Ducasse de Mons 2026 T-shirt now, available exclusively on our webshop.<\/p>\n<p>Features:<br \/>\n185 g\/m\u00b2<br \/>\n100% cotton<\/p>\n<p>Washing instructions:<br \/>\n40\u00b0<\/p>\n","protected":false},"excerpt":{"rendered":"<p>St-Feuillien Doudou 2026 T-shirt \u2013 Limited Edition<br \/>\nExclusive T-shirt inspired by the world of St-Feuillien Blonde and the Ducasse de Mons. A unique design paying tribute to the Doudou folklore and the festive spirit of Mons.<br \/>\nAvailable in limited quantities on our e-shop.<br \/>\n100% cotton \u2013 185 g\/m\u00b2.<\/p>\n","protected":false},"featured_media":12235,"template":"","meta":{"_acf_changed":false,"inline_featured_image":false},"product_brand":[],"product_cat":[206,170],"product_tag":[],"class_list":{"0":"post-12158","1":"product","2":"type-product","3":"status-publish","4":"has-post-thumbnail","6":"product_cat-ducasse-de-mons-en","7":"product_cat-textile-en","9":"first","10":"outofstock","11":"taxable","12":"shipping-taxable","13":"purchasable","14":"product-type-variable"},"bundled_by":[],"bundle_stock_status":"outofstock","bundle_stock_quantity":0,"bundle_virtual":false,"bundle_layout":"","bundle_add_to_cart_form_location":"","bundle_editable_in_cart":false,"bundle_sold_individually_context":"","bundle_item_grouping":"","bundle_min_size":"","bundle_max_size":"","bundle_price":[],"bundled_items":[],"bundle_sell_ids":[],"acf":[],"yoast_head":"<!-- This site is optimized with the Yoast SEO plugin v26.9 - https:\/\/yoast.com\/product\/yoast-seo-wordpress\/ -->\n<title>T-shirt St-Feuillien \u2013 limited edition Ducasse de Mons 2026 - Brasserie St-Feuillien<\/title>\n<meta name=\"description\" content=\"Discover the St-Feuillien Ducasse de Mons 2026 T-shirt, inspired by the Ducasse de Mons. Exclusive design, 100% cotton. Limited edition available on our e-shop.\" \/>\n<meta name=\"robots\" content=\"index, follow, max-snippet:-1, max-image-preview:large, max-video-preview:-1\" \/>\n<link rel=\"canonical\" href=\"https:\/\/st-feuillien.com\/en\/products\/t-shirt-st-feuillien-limited-edition-ducasse-de-mons-2026\/\" \/>\n<meta property=\"og:locale\" content=\"en_US\" \/>\n<meta property=\"og:type\" content=\"article\" \/>\n<meta property=\"og:title\" content=\"T-shirt St-Feuillien \u2013 limited edition Ducasse de Mons 2026 - Brasserie St-Feuillien\" \/>\n<meta property=\"og:description\" content=\"Discover the St-Feuillien Ducasse de Mons 2026 T-shirt, inspired by the Ducasse de Mons. Exclusive design, 100% cotton. Limited edition available on our e-shop.\" \/>\n<meta property=\"og:url\" content=\"https:\/\/st-feuillien.com\/en\/products\/t-shirt-st-feuillien-limited-edition-ducasse-de-mons-2026\/\" \/>\n<meta property=\"og:site_name\" content=\"Brasserie St-Feuillien\" \/>\n<meta property=\"article:publisher\" content=\"https:\/\/www.facebook.com\/stfeuillien\" \/>\n<meta property=\"article:modified_time\" content=\"2026-03-31T12:43:32+00:00\" \/>\n<meta property=\"og:image\" content=\"https:\/\/st-feuillien.com\/app\/uploads\/2026\/03\/e-shop-tshirt-doudou-4.png\" \/>\n\t<meta property=\"og:image:width\" content=\"800\" \/>\n\t<meta property=\"og:image:height\" content=\"800\" \/>\n\t<meta property=\"og:image:type\" content=\"image\/png\" \/>\n<meta name=\"twitter:card\" content=\"summary_large_image\" \/>\n<meta name=\"twitter:label1\" content=\"Est. reading time\" \/>\n\t<meta name=\"twitter:data1\" content=\"2 minutes\" \/>\n<script type=\"application\/ld+json\" class=\"yoast-schema-graph\">{\"@context\":\"https:\/\/schema.org\",\"@graph\":[{\"@type\":\"WebPage\",\"@id\":\"https:\/\/st-feuillien.com\/en\/products\/t-shirt-st-feuillien-limited-edition-ducasse-de-mons-2026\/\",\"url\":\"https:\/\/st-feuillien.com\/en\/products\/t-shirt-st-feuillien-limited-edition-ducasse-de-mons-2026\/\",\"name\":\"T-shirt St-Feuillien \u2013 limited edition Ducasse de Mons 2026 - Brasserie St-Feuillien\",\"isPartOf\":{\"@id\":\"https:\/\/st-feuillien.com\/en\/#website\"},\"primaryImageOfPage\":{\"@id\":\"https:\/\/st-feuillien.com\/en\/products\/t-shirt-st-feuillien-limited-edition-ducasse-de-mons-2026\/#primaryimage\"},\"image\":{\"@id\":\"https:\/\/st-feuillien.com\/en\/products\/t-shirt-st-feuillien-limited-edition-ducasse-de-mons-2026\/#primaryimage\"},\"thumbnailUrl\":\"https:\/\/st-feuillien.com\/app\/uploads\/2026\/03\/e-shop-tshirt-doudou-4.png\",\"datePublished\":\"2026-03-06T10:42:56+00:00\",\"dateModified\":\"2026-03-31T12:43:32+00:00\",\"description\":\"Discover the St-Feuillien Ducasse de Mons 2026 T-shirt, inspired by the Ducasse de Mons. Exclusive design, 100% cotton. Limited edition available on our e-shop.\",\"breadcrumb\":{\"@id\":\"https:\/\/st-feuillien.com\/en\/products\/t-shirt-st-feuillien-limited-edition-ducasse-de-mons-2026\/#breadcrumb\"},\"inLanguage\":\"en-US\",\"potentialAction\":[{\"@type\":\"ReadAction\",\"target\":[\"https:\/\/st-feuillien.com\/en\/products\/t-shirt-st-feuillien-limited-edition-ducasse-de-mons-2026\/\"]}]},{\"@type\":\"ImageObject\",\"inLanguage\":\"en-US\",\"@id\":\"https:\/\/st-feuillien.com\/en\/products\/t-shirt-st-feuillien-limited-edition-ducasse-de-mons-2026\/#primaryimage\",\"url\":\"https:\/\/st-feuillien.com\/app\/uploads\/2026\/03\/e-shop-tshirt-doudou-4.png\",\"contentUrl\":\"https:\/\/st-feuillien.com\/app\/uploads\/2026\/03\/e-shop-tshirt-doudou-4.png\",\"width\":800,\"height\":800},{\"@type\":\"BreadcrumbList\",\"@id\":\"https:\/\/st-feuillien.com\/en\/products\/t-shirt-st-feuillien-limited-edition-ducasse-de-mons-2026\/#breadcrumb\",\"itemListElement\":[{\"@type\":\"ListItem\",\"position\":1,\"name\":\"\",\"item\":\"https:\/\/st-feuillien.com\/en\/\"},{\"@type\":\"ListItem\",\"position\":2,\"name\":\"St-Feuillien shop\",\"item\":\"https:\/\/st-feuillien.com\/en\/shop\/\"},{\"@type\":\"ListItem\",\"position\":3,\"name\":\"T-shirt St-Feuillien \u2013 limited edition Ducasse de Mons 2026\"}]},{\"@type\":\"WebSite\",\"@id\":\"https:\/\/st-feuillien.com\/en\/#website\",\"url\":\"https:\/\/st-feuillien.com\/en\/\",\"name\":\"Brasserie St-Feuillien\",\"description\":\"La Brasserie St. Feuillien est une brasserie belge au Roeulx, en Belgique, qui a \u00e9t\u00e9 fond\u00e9e en 1873. La brasserie, qui fabrique de la bi\u00e8re de style abbaye, a \u00e9t\u00e9 exploit\u00e9e par la famille Friart tout ce temps\",\"publisher\":{\"@id\":\"https:\/\/st-feuillien.com\/en\/#organization\"},\"potentialAction\":[{\"@type\":\"SearchAction\",\"target\":{\"@type\":\"EntryPoint\",\"urlTemplate\":\"https:\/\/st-feuillien.com\/en\/?s={search_term_string}\"},\"query-input\":{\"@type\":\"PropertyValueSpecification\",\"valueRequired\":true,\"valueName\":\"search_term_string\"}}],\"inLanguage\":\"en-US\"},{\"@type\":\"Organization\",\"@id\":\"https:\/\/st-feuillien.com\/en\/#organization\",\"name\":\"St Feuillien\",\"url\":\"https:\/\/st-feuillien.com\/en\/\",\"logo\":{\"@type\":\"ImageObject\",\"inLanguage\":\"en-US\",\"@id\":\"https:\/\/st-feuillien.com\/en\/#\/schema\/logo\/image\/\",\"url\":\"https:\/\/st-feuillien.com\/app\/uploads\/2023\/01\/Logo-st-feuillien-1.svg\",\"contentUrl\":\"https:\/\/st-feuillien.com\/app\/uploads\/2023\/01\/Logo-st-feuillien-1.svg\",\"width\":165,\"height\":122,\"caption\":\"St Feuillien\"},\"image\":{\"@id\":\"https:\/\/st-feuillien.com\/en\/#\/schema\/logo\/image\/\"},\"sameAs\":[\"https:\/\/www.facebook.com\/stfeuillien\"]}]}<\/script>\n<!-- \/ Yoast SEO plugin. -->","yoast_head_json":{"title":"T-shirt St-Feuillien \u2013 limited edition Ducasse de Mons 2026 - Brasserie St-Feuillien","description":"Discover the St-Feuillien Ducasse de Mons 2026 T-shirt, inspired by the Ducasse de Mons. Exclusive design, 100% cotton. Limited edition available on our e-shop.","robots":{"index":"index","follow":"follow","max-snippet":"max-snippet:-1","max-image-preview":"max-image-preview:large","max-video-preview":"max-video-preview:-1"},"canonical":"https:\/\/st-feuillien.com\/en\/products\/t-shirt-st-feuillien-limited-edition-ducasse-de-mons-2026\/","og_locale":"en_US","og_type":"article","og_title":"T-shirt St-Feuillien \u2013 limited edition Ducasse de Mons 2026 - Brasserie St-Feuillien","og_description":"Discover the St-Feuillien Ducasse de Mons 2026 T-shirt, inspired by the Ducasse de Mons. Exclusive design, 100% cotton. Limited edition available on our e-shop.","og_url":"https:\/\/st-feuillien.com\/en\/products\/t-shirt-st-feuillien-limited-edition-ducasse-de-mons-2026\/","og_site_name":"Brasserie St-Feuillien","article_publisher":"https:\/\/www.facebook.com\/stfeuillien","article_modified_time":"2026-03-31T12:43:32+00:00","og_image":[{"width":800,"height":800,"url":"https:\/\/st-feuillien.com\/app\/uploads\/2026\/03\/e-shop-tshirt-doudou-4.png","type":"image\/png"}],"twitter_card":"summary_large_image","twitter_misc":{"Est. reading time":"2 minutes"},"schema":{"@context":"https:\/\/schema.org","@graph":[{"@type":"WebPage","@id":"https:\/\/st-feuillien.com\/en\/products\/t-shirt-st-feuillien-limited-edition-ducasse-de-mons-2026\/","url":"https:\/\/st-feuillien.com\/en\/products\/t-shirt-st-feuillien-limited-edition-ducasse-de-mons-2026\/","name":"T-shirt St-Feuillien \u2013 limited edition Ducasse de Mons 2026 - Brasserie St-Feuillien","isPartOf":{"@id":"https:\/\/st-feuillien.com\/en\/#website"},"primaryImageOfPage":{"@id":"https:\/\/st-feuillien.com\/en\/products\/t-shirt-st-feuillien-limited-edition-ducasse-de-mons-2026\/#primaryimage"},"image":{"@id":"https:\/\/st-feuillien.com\/en\/products\/t-shirt-st-feuillien-limited-edition-ducasse-de-mons-2026\/#primaryimage"},"thumbnailUrl":"https:\/\/st-feuillien.com\/app\/uploads\/2026\/03\/e-shop-tshirt-doudou-4.png","datePublished":"2026-03-06T10:42:56+00:00","dateModified":"2026-03-31T12:43:32+00:00","description":"Discover the St-Feuillien Ducasse de Mons 2026 T-shirt, inspired by the Ducasse de Mons. Exclusive design, 100% cotton. Limited edition available on our e-shop.","breadcrumb":{"@id":"https:\/\/st-feuillien.com\/en\/products\/t-shirt-st-feuillien-limited-edition-ducasse-de-mons-2026\/#breadcrumb"},"inLanguage":"en-US","potentialAction":[{"@type":"ReadAction","target":["https:\/\/st-feuillien.com\/en\/products\/t-shirt-st-feuillien-limited-edition-ducasse-de-mons-2026\/"]}]},{"@type":"ImageObject","inLanguage":"en-US","@id":"https:\/\/st-feuillien.com\/en\/products\/t-shirt-st-feuillien-limited-edition-ducasse-de-mons-2026\/#primaryimage","url":"https:\/\/st-feuillien.com\/app\/uploads\/2026\/03\/e-shop-tshirt-doudou-4.png","contentUrl":"https:\/\/st-feuillien.com\/app\/uploads\/2026\/03\/e-shop-tshirt-doudou-4.png","width":800,"height":800},{"@type":"BreadcrumbList","@id":"https:\/\/st-feuillien.com\/en\/products\/t-shirt-st-feuillien-limited-edition-ducasse-de-mons-2026\/#breadcrumb","itemListElement":[{"@type":"ListItem","position":1,"name":"","item":"https:\/\/st-feuillien.com\/en\/"},{"@type":"ListItem","position":2,"name":"St-Feuillien shop","item":"https:\/\/st-feuillien.com\/en\/shop\/"},{"@type":"ListItem","position":3,"name":"T-shirt St-Feuillien \u2013 limited edition Ducasse de Mons 2026"}]},{"@type":"WebSite","@id":"https:\/\/st-feuillien.com\/en\/#website","url":"https:\/\/st-feuillien.com\/en\/","name":"Brasserie St-Feuillien","description":"La Brasserie St. Feuillien est une brasserie belge au Roeulx, en Belgique, qui a \u00e9t\u00e9 fond\u00e9e en 1873. La brasserie, qui fabrique de la bi\u00e8re de style abbaye, a \u00e9t\u00e9 exploit\u00e9e par la famille Friart tout ce temps","publisher":{"@id":"https:\/\/st-feuillien.com\/en\/#organization"},"potentialAction":[{"@type":"SearchAction","target":{"@type":"EntryPoint","urlTemplate":"https:\/\/st-feuillien.com\/en\/?s={search_term_string}"},"query-input":{"@type":"PropertyValueSpecification","valueRequired":true,"valueName":"search_term_string"}}],"inLanguage":"en-US"},{"@type":"Organization","@id":"https:\/\/st-feuillien.com\/en\/#organization","name":"St Feuillien","url":"https:\/\/st-feuillien.com\/en\/","logo":{"@type":"ImageObject","inLanguage":"en-US","@id":"https:\/\/st-feuillien.com\/en\/#\/schema\/logo\/image\/","url":"https:\/\/st-feuillien.com\/app\/uploads\/2023\/01\/Logo-st-feuillien-1.svg","contentUrl":"https:\/\/st-feuillien.com\/app\/uploads\/2023\/01\/Logo-st-feuillien-1.svg","width":165,"height":122,"caption":"St Feuillien"},"image":{"@id":"https:\/\/st-feuillien.com\/en\/#\/schema\/logo\/image\/"},"sameAs":["https:\/\/www.facebook.com\/stfeuillien"]}]}},"_links":{"self":[{"href":"https:\/\/st-feuillien.com\/en\/wp-json\/wp\/v2\/product\/12158","targetHints":{"allow":["GET"]}}],"collection":[{"href":"https:\/\/st-feuillien.com\/en\/wp-json\/wp\/v2\/product"}],"about":[{"href":"https:\/\/st-feuillien.com\/en\/wp-json\/wp\/v2\/types\/product"}],"wp:featuredmedia":[{"embeddable":true,"href":"https:\/\/st-feuillien.com\/en\/wp-json\/wp\/v2\/media\/12235"}],"wp:attachment":[{"href":"https:\/\/st-feuillien.com\/en\/wp-json\/wp\/v2\/media?parent=12158"}],"wp:term":[{"taxonomy":"product_brand","embeddable":true,"href":"https:\/\/st-feuillien.com\/en\/wp-json\/wp\/v2\/product_brand?post=12158"},{"taxonomy":"product_cat","embeddable":true,"href":"https:\/\/st-feuillien.com\/en\/wp-json\/wp\/v2\/product_cat?post=12158"},{"taxonomy":"product_tag","embeddable":true,"href":"https:\/\/st-feuillien.com\/en\/wp-json\/wp\/v2\/product_tag?post=12158"}],"curies":[{"name":"wp","href":"https:\/\/api.w.org\/{rel}","templated":true}]}}