{"id":12454,"date":"2026-04-07T14:54:06","date_gmt":"2026-04-07T12:54:06","guid":{"rendered":"https:\/\/st-feuillien.com\/?post_type=product&#038;p=12454"},"modified":"2026-04-10T14:43:04","modified_gmt":"2026-04-10T12:43:04","slug":"st-feuillien-grand-cru-magnum-1-5l-2026","status":"publish","type":"product","link":"https:\/\/st-feuillien.com\/en\/products\/st-feuillien-grand-cru-magnum-1-5l-2026\/","title":{"rendered":"St-Feuillien Grand Cru Magnum 1.5L \u2013 Limited Edition 2026 (set of 4)"},"content":{"rendered":"<p>Limited to 15,000 bottles, <strong>St-Feuillien Grand Cru<\/strong> is a bottle-refermented beer, here presented in a 1.5L Magnum format and sold as a set of 4 bottles.<\/p>\n<p>An exceptional gift to offer or share, perfect for Father\u2019s Day and special occasions.<\/p>\n<p><strong>St-Feuillien Grand Cru embodies the brewery\u2019s expertise in an exceptional format.<\/strong><\/p>\n<p>This Magnum version (1.5L), produced in a limited edition of only 15,000 bottles, is offered here as a set of 4 bottles, ideal for enjoying several special moments or offering a remarkable gift.<\/p>\n<p><strong>A premium gift for Father\u2019s Day<\/strong><br \/>\nWhether offered or shared, this prestigious format turns every tasting into a memorable experience. The set allows you to extend the pleasure or mark several occasions.<\/p>\n<p><strong>A format designed for sharing<\/strong><br \/>\nThe Magnum is perfect for collective tasting moments, whether during a meal, a celebration or time spent with friends and family. It enhances conviviality and reinforces the unique character of this edition.<\/p>\n<p><strong>An exceptional beer, true to the Grand Cru<\/strong><br \/>\nAs an extra-blonde tasting beer refermented in the bottle, <strong>St-Feuillien Grand Cru<\/strong> stands out for its balance and aromatic complexity. Without added spices, it allows carefully selected hops to fully express themselves, including Styrian Golding.<\/p>\n<p>Its very pale and bright colour is crowned with a fine, white and airy head. On the nose, it reveals hoppy and fruity aromas. On the palate, it starts delicate, followed by a long and elegant bitterness.<\/p>\n<p><strong>An object as remarkable as its content<\/strong><br \/>\nThanks to a precise combination of digital printing and screen printing, each bottle becomes a true showcase piece. This set highlights the premium and collectible dimension of this edition.<\/p>\n<p><em>ABV 9.5%<\/em><\/p>\n<p>Available now \u2013 limited edition of 15,000 bottles.<\/p>\n<p><img decoding=\"async\" class=\"alignnone wp-image-11869\" src=\"https:\/\/st-feuillien.com\/app\/uploads\/2022\/11\/STF-Awards-Grand-Cru2025-300x72.png\" alt=\"\" width=\"458\" height=\"110\" srcset=\"https:\/\/st-feuillien.com\/app\/uploads\/2022\/11\/STF-Awards-Grand-Cru2025-300x72.png 300w, https:\/\/st-feuillien.com\/app\/uploads\/2022\/11\/STF-Awards-Grand-Cru2025-768x185.png 768w, https:\/\/st-feuillien.com\/app\/uploads\/2022\/11\/STF-Awards-Grand-Cru2025-600x145.png 600w, https:\/\/st-feuillien.com\/app\/uploads\/2022\/11\/STF-Awards-Grand-Cru2025.png 1000w\" sizes=\"(max-width: 458px) 100vw, 458px\" \/><\/p>\n<p>&nbsp;<\/p>\n<p>&nbsp;<\/p>\n<p>&nbsp;<\/p>\n<p>&nbsp;<\/p>\n","protected":false},"excerpt":{"rendered":"<p>Limited to 15,000 bottles, St-Feuillien Grand Cru Magnum 1.5L is offered here as a set of 4 bottles. An exceptional beer to gift or share, perfect for Father\u2019s Day and special occasions.<\/p>\n","protected":false},"featured_media":10052,"template":"","meta":{"_acf_changed":false,"inline_featured_image":false},"product_brand":[],"product_cat":[148],"product_tag":[],"class_list":{"0":"post-12454","1":"product","2":"type-product","3":"status-publish","4":"has-post-thumbnail","6":"product_cat-blonde-en","8":"first","9":"instock","10":"taxable","11":"shipping-taxable","12":"purchasable","13":"product-type-simple"},"bundled_by":[],"bundle_stock_status":"instock","bundle_stock_quantity":null,"bundle_virtual":false,"bundle_layout":"","bundle_add_to_cart_form_location":"","bundle_editable_in_cart":false,"bundle_sold_individually_context":"","bundle_item_grouping":"","bundle_min_size":"","bundle_max_size":"","bundle_price":[],"bundled_items":[],"bundle_sell_ids":[],"acf":[],"yoast_head":"<!-- This site is optimized with the Yoast SEO plugin v26.9 - https:\/\/yoast.com\/product\/yoast-seo-wordpress\/ -->\n<title>St-Feuillien Grand Cru Magnum 1.5L \u2013 Limited Edition 2026 (set of 4)<\/title>\n<meta name=\"description\" content=\"St-Feuillien Grand Cru Magnum 1.5L, limited to 15,000 bottles. Sold as a set of 4, perfect as a premium gift for Father\u2019s Day or special occasions.\" \/>\n<meta name=\"robots\" content=\"index, follow, max-snippet:-1, max-image-preview:large, max-video-preview:-1\" \/>\n<link rel=\"canonical\" href=\"https:\/\/st-feuillien.com\/en\/products\/st-feuillien-grand-cru-magnum-1-5l-2026\/\" \/>\n<meta property=\"og:locale\" content=\"en_US\" \/>\n<meta property=\"og:type\" content=\"article\" \/>\n<meta property=\"og:title\" content=\"St-Feuillien Grand Cru Magnum 1.5L \u2013 Limited Edition 2026 (set of 4)\" \/>\n<meta property=\"og:description\" content=\"St-Feuillien Grand Cru Magnum 1.5L, limited to 15,000 bottles. Sold as a set of 4, perfect as a premium gift for Father\u2019s Day or special occasions.\" \/>\n<meta property=\"og:url\" content=\"https:\/\/st-feuillien.com\/en\/products\/st-feuillien-grand-cru-magnum-1-5l-2026\/\" \/>\n<meta property=\"og:site_name\" content=\"Brasserie St-Feuillien\" \/>\n<meta property=\"article:publisher\" content=\"https:\/\/www.facebook.com\/stfeuillien\" \/>\n<meta property=\"article:modified_time\" content=\"2026-04-10T12:43:04+00:00\" \/>\n<meta property=\"og:image\" content=\"https:\/\/st-feuillien.com\/app\/uploads\/2024\/09\/FB-clifflucasphoto-20240913-013.jpg\" \/>\n\t<meta property=\"og:image:width\" content=\"1200\" \/>\n\t<meta property=\"og:image:height\" content=\"1200\" \/>\n\t<meta property=\"og:image:type\" content=\"image\/jpeg\" \/>\n<meta name=\"twitter:card\" content=\"summary_large_image\" \/>\n<meta name=\"twitter:label1\" content=\"Est. reading time\" \/>\n\t<meta name=\"twitter:data1\" content=\"2 minutes\" \/>\n<script type=\"application\/ld+json\" class=\"yoast-schema-graph\">{\"@context\":\"https:\/\/schema.org\",\"@graph\":[{\"@type\":\"WebPage\",\"@id\":\"https:\/\/st-feuillien.com\/en\/products\/st-feuillien-grand-cru-magnum-1-5l-2026\/\",\"url\":\"https:\/\/st-feuillien.com\/en\/products\/st-feuillien-grand-cru-magnum-1-5l-2026\/\",\"name\":\"St-Feuillien Grand Cru Magnum 1.5L \u2013 Limited Edition 2026 (set of 4)\",\"isPartOf\":{\"@id\":\"https:\/\/st-feuillien.com\/en\/#website\"},\"primaryImageOfPage\":{\"@id\":\"https:\/\/st-feuillien.com\/en\/products\/st-feuillien-grand-cru-magnum-1-5l-2026\/#primaryimage\"},\"image\":{\"@id\":\"https:\/\/st-feuillien.com\/en\/products\/st-feuillien-grand-cru-magnum-1-5l-2026\/#primaryimage\"},\"thumbnailUrl\":\"https:\/\/st-feuillien.com\/app\/uploads\/2024\/09\/FB-clifflucasphoto-20240913-013.jpg\",\"datePublished\":\"2026-04-07T12:54:06+00:00\",\"dateModified\":\"2026-04-10T12:43:04+00:00\",\"description\":\"St-Feuillien Grand Cru Magnum 1.5L, limited to 15,000 bottles. Sold as a set of 4, perfect as a premium gift for Father\u2019s Day or special occasions.\",\"breadcrumb\":{\"@id\":\"https:\/\/st-feuillien.com\/en\/products\/st-feuillien-grand-cru-magnum-1-5l-2026\/#breadcrumb\"},\"inLanguage\":\"en-US\",\"potentialAction\":[{\"@type\":\"ReadAction\",\"target\":[\"https:\/\/st-feuillien.com\/en\/products\/st-feuillien-grand-cru-magnum-1-5l-2026\/\"]}]},{\"@type\":\"ImageObject\",\"inLanguage\":\"en-US\",\"@id\":\"https:\/\/st-feuillien.com\/en\/products\/st-feuillien-grand-cru-magnum-1-5l-2026\/#primaryimage\",\"url\":\"https:\/\/st-feuillien.com\/app\/uploads\/2024\/09\/FB-clifflucasphoto-20240913-013.jpg\",\"contentUrl\":\"https:\/\/st-feuillien.com\/app\/uploads\/2024\/09\/FB-clifflucasphoto-20240913-013.jpg\",\"width\":1200,\"height\":1200},{\"@type\":\"BreadcrumbList\",\"@id\":\"https:\/\/st-feuillien.com\/en\/products\/st-feuillien-grand-cru-magnum-1-5l-2026\/#breadcrumb\",\"itemListElement\":[{\"@type\":\"ListItem\",\"position\":1,\"name\":\"\",\"item\":\"https:\/\/st-feuillien.com\/en\/\"},{\"@type\":\"ListItem\",\"position\":2,\"name\":\"St-Feuillien shop\",\"item\":\"https:\/\/st-feuillien.com\/en\/shop\/\"},{\"@type\":\"ListItem\",\"position\":3,\"name\":\"St-Feuillien Grand Cru Magnum 1.5L \u2013 Limited Edition 2026 (set of 4)\"}]},{\"@type\":\"WebSite\",\"@id\":\"https:\/\/st-feuillien.com\/en\/#website\",\"url\":\"https:\/\/st-feuillien.com\/en\/\",\"name\":\"Brasserie St-Feuillien\",\"description\":\"La Brasserie St. Feuillien est une brasserie belge au Roeulx, en Belgique, qui a \u00e9t\u00e9 fond\u00e9e en 1873. La brasserie, qui fabrique de la bi\u00e8re de style abbaye, a \u00e9t\u00e9 exploit\u00e9e par la famille Friart tout ce temps\",\"publisher\":{\"@id\":\"https:\/\/st-feuillien.com\/en\/#organization\"},\"potentialAction\":[{\"@type\":\"SearchAction\",\"target\":{\"@type\":\"EntryPoint\",\"urlTemplate\":\"https:\/\/st-feuillien.com\/en\/?s={search_term_string}\"},\"query-input\":{\"@type\":\"PropertyValueSpecification\",\"valueRequired\":true,\"valueName\":\"search_term_string\"}}],\"inLanguage\":\"en-US\"},{\"@type\":\"Organization\",\"@id\":\"https:\/\/st-feuillien.com\/en\/#organization\",\"name\":\"St Feuillien\",\"url\":\"https:\/\/st-feuillien.com\/en\/\",\"logo\":{\"@type\":\"ImageObject\",\"inLanguage\":\"en-US\",\"@id\":\"https:\/\/st-feuillien.com\/en\/#\/schema\/logo\/image\/\",\"url\":\"https:\/\/st-feuillien.com\/app\/uploads\/2023\/01\/Logo-st-feuillien-1.svg\",\"contentUrl\":\"https:\/\/st-feuillien.com\/app\/uploads\/2023\/01\/Logo-st-feuillien-1.svg\",\"width\":165,\"height\":122,\"caption\":\"St Feuillien\"},\"image\":{\"@id\":\"https:\/\/st-feuillien.com\/en\/#\/schema\/logo\/image\/\"},\"sameAs\":[\"https:\/\/www.facebook.com\/stfeuillien\"]}]}<\/script>\n<!-- \/ Yoast SEO plugin. -->","yoast_head_json":{"title":"St-Feuillien Grand Cru Magnum 1.5L \u2013 Limited Edition 2026 (set of 4)","description":"St-Feuillien Grand Cru Magnum 1.5L, limited to 15,000 bottles. Sold as a set of 4, perfect as a premium gift for Father\u2019s Day or special occasions.","robots":{"index":"index","follow":"follow","max-snippet":"max-snippet:-1","max-image-preview":"max-image-preview:large","max-video-preview":"max-video-preview:-1"},"canonical":"https:\/\/st-feuillien.com\/en\/products\/st-feuillien-grand-cru-magnum-1-5l-2026\/","og_locale":"en_US","og_type":"article","og_title":"St-Feuillien Grand Cru Magnum 1.5L \u2013 Limited Edition 2026 (set of 4)","og_description":"St-Feuillien Grand Cru Magnum 1.5L, limited to 15,000 bottles. Sold as a set of 4, perfect as a premium gift for Father\u2019s Day or special occasions.","og_url":"https:\/\/st-feuillien.com\/en\/products\/st-feuillien-grand-cru-magnum-1-5l-2026\/","og_site_name":"Brasserie St-Feuillien","article_publisher":"https:\/\/www.facebook.com\/stfeuillien","article_modified_time":"2026-04-10T12:43:04+00:00","og_image":[{"width":1200,"height":1200,"url":"https:\/\/st-feuillien.com\/app\/uploads\/2024\/09\/FB-clifflucasphoto-20240913-013.jpg","type":"image\/jpeg"}],"twitter_card":"summary_large_image","twitter_misc":{"Est. reading time":"2 minutes"},"schema":{"@context":"https:\/\/schema.org","@graph":[{"@type":"WebPage","@id":"https:\/\/st-feuillien.com\/en\/products\/st-feuillien-grand-cru-magnum-1-5l-2026\/","url":"https:\/\/st-feuillien.com\/en\/products\/st-feuillien-grand-cru-magnum-1-5l-2026\/","name":"St-Feuillien Grand Cru Magnum 1.5L \u2013 Limited Edition 2026 (set of 4)","isPartOf":{"@id":"https:\/\/st-feuillien.com\/en\/#website"},"primaryImageOfPage":{"@id":"https:\/\/st-feuillien.com\/en\/products\/st-feuillien-grand-cru-magnum-1-5l-2026\/#primaryimage"},"image":{"@id":"https:\/\/st-feuillien.com\/en\/products\/st-feuillien-grand-cru-magnum-1-5l-2026\/#primaryimage"},"thumbnailUrl":"https:\/\/st-feuillien.com\/app\/uploads\/2024\/09\/FB-clifflucasphoto-20240913-013.jpg","datePublished":"2026-04-07T12:54:06+00:00","dateModified":"2026-04-10T12:43:04+00:00","description":"St-Feuillien Grand Cru Magnum 1.5L, limited to 15,000 bottles. Sold as a set of 4, perfect as a premium gift for Father\u2019s Day or special occasions.","breadcrumb":{"@id":"https:\/\/st-feuillien.com\/en\/products\/st-feuillien-grand-cru-magnum-1-5l-2026\/#breadcrumb"},"inLanguage":"en-US","potentialAction":[{"@type":"ReadAction","target":["https:\/\/st-feuillien.com\/en\/products\/st-feuillien-grand-cru-magnum-1-5l-2026\/"]}]},{"@type":"ImageObject","inLanguage":"en-US","@id":"https:\/\/st-feuillien.com\/en\/products\/st-feuillien-grand-cru-magnum-1-5l-2026\/#primaryimage","url":"https:\/\/st-feuillien.com\/app\/uploads\/2024\/09\/FB-clifflucasphoto-20240913-013.jpg","contentUrl":"https:\/\/st-feuillien.com\/app\/uploads\/2024\/09\/FB-clifflucasphoto-20240913-013.jpg","width":1200,"height":1200},{"@type":"BreadcrumbList","@id":"https:\/\/st-feuillien.com\/en\/products\/st-feuillien-grand-cru-magnum-1-5l-2026\/#breadcrumb","itemListElement":[{"@type":"ListItem","position":1,"name":"","item":"https:\/\/st-feuillien.com\/en\/"},{"@type":"ListItem","position":2,"name":"St-Feuillien shop","item":"https:\/\/st-feuillien.com\/en\/shop\/"},{"@type":"ListItem","position":3,"name":"St-Feuillien Grand Cru Magnum 1.5L \u2013 Limited Edition 2026 (set of 4)"}]},{"@type":"WebSite","@id":"https:\/\/st-feuillien.com\/en\/#website","url":"https:\/\/st-feuillien.com\/en\/","name":"Brasserie St-Feuillien","description":"La Brasserie St. Feuillien est une brasserie belge au Roeulx, en Belgique, qui a \u00e9t\u00e9 fond\u00e9e en 1873. La brasserie, qui fabrique de la bi\u00e8re de style abbaye, a \u00e9t\u00e9 exploit\u00e9e par la famille Friart tout ce temps","publisher":{"@id":"https:\/\/st-feuillien.com\/en\/#organization"},"potentialAction":[{"@type":"SearchAction","target":{"@type":"EntryPoint","urlTemplate":"https:\/\/st-feuillien.com\/en\/?s={search_term_string}"},"query-input":{"@type":"PropertyValueSpecification","valueRequired":true,"valueName":"search_term_string"}}],"inLanguage":"en-US"},{"@type":"Organization","@id":"https:\/\/st-feuillien.com\/en\/#organization","name":"St Feuillien","url":"https:\/\/st-feuillien.com\/en\/","logo":{"@type":"ImageObject","inLanguage":"en-US","@id":"https:\/\/st-feuillien.com\/en\/#\/schema\/logo\/image\/","url":"https:\/\/st-feuillien.com\/app\/uploads\/2023\/01\/Logo-st-feuillien-1.svg","contentUrl":"https:\/\/st-feuillien.com\/app\/uploads\/2023\/01\/Logo-st-feuillien-1.svg","width":165,"height":122,"caption":"St Feuillien"},"image":{"@id":"https:\/\/st-feuillien.com\/en\/#\/schema\/logo\/image\/"},"sameAs":["https:\/\/www.facebook.com\/stfeuillien"]}]}},"_links":{"self":[{"href":"https:\/\/st-feuillien.com\/en\/wp-json\/wp\/v2\/product\/12454","targetHints":{"allow":["GET"]}}],"collection":[{"href":"https:\/\/st-feuillien.com\/en\/wp-json\/wp\/v2\/product"}],"about":[{"href":"https:\/\/st-feuillien.com\/en\/wp-json\/wp\/v2\/types\/product"}],"wp:featuredmedia":[{"embeddable":true,"href":"https:\/\/st-feuillien.com\/en\/wp-json\/wp\/v2\/media\/10052"}],"wp:attachment":[{"href":"https:\/\/st-feuillien.com\/en\/wp-json\/wp\/v2\/media?parent=12454"}],"wp:term":[{"taxonomy":"product_brand","embeddable":true,"href":"https:\/\/st-feuillien.com\/en\/wp-json\/wp\/v2\/product_brand?post=12454"},{"taxonomy":"product_cat","embeddable":true,"href":"https:\/\/st-feuillien.com\/en\/wp-json\/wp\/v2\/product_cat?post=12454"},{"taxonomy":"product_tag","embeddable":true,"href":"https:\/\/st-feuillien.com\/en\/wp-json\/wp\/v2\/product_tag?post=12454"}],"curies":[{"name":"wp","href":"https:\/\/api.w.org\/{rel}","templated":true}]}}