{"id":7768,"date":"2022-11-07T14:47:38","date_gmt":"2022-11-07T13:47:38","guid":{"rendered":"https:\/\/st-feuillien.com\/?post_type=product&#038;p=7768"},"modified":"2023-12-13T11:16:54","modified_gmt":"2023-12-13T10:16:54","slug":"st-feuillien-quadruple-33-cl","status":"publish","type":"product","link":"https:\/\/st-feuillien.com\/en\/products\/st-feuillien-quadruple-33-cl\/","title":{"rendered":"St-Feuillien Quadruple 12 x 33 cl"},"content":{"rendered":"<p><strong>St-Feuillien Quadruple<\/strong> is a very dark and dense beer. She is noticeably alcoholic. She distinguishes herself by a complex and finely caramelized aroma and with shades of Madeira wine and candied fruit and an intense touch of fermentation esters (banana type). A slight hoppy smell (English style) completes the whole. The mouth is long with a powerful body built on the density and generous apparent extract. The bitterness is present but sweet and blends harmoniously with the malty structure. The selection of special malts raises the chocolate side with the nuances of coconut. The saturation is average.<br \/>\n<br \/>\n<em>Alcoholpercentage 11%<\/em><\/p>\n<p><img decoding=\"async\" class=\"alignnone wp-image-7694\" src=\"https:\/\/st-feuillien.com\/app\/uploads\/2023\/11\/logo-biere-dabbaye.png\" alt=\"\" width=\"126\" height=\"165\" \/><\/p>\n","protected":false},"excerpt":{"rendered":"<p>St-Feuillien Quadruple is a very dark and dense beer. She is noticeably alcoholic. She distinguishes herself by a complex and finely caramelized aroma and with shades of Madeira wine and candied fruit and an intense touch of fermentation esters (banana type). A slight hoppy smell (English style) completes the whole. The mouth is long with &hellip; <a href=\"https:\/\/st-feuillien.com\/en\/products\/st-feuillien-quadruple-33-cl\/\">Continued<\/a><\/p>\n","protected":false},"featured_media":904,"template":"","meta":{"_acf_changed":false,"inline_featured_image":false},"product_brand":[],"product_cat":[147,154],"product_tag":[],"class_list":{"0":"post-7768","1":"product","2":"type-product","3":"status-publish","4":"has-post-thumbnail","6":"product_cat-abbey-en","7":"product_cat-brown-en","9":"first","10":"instock","11":"taxable","12":"shipping-taxable","13":"purchasable","14":"product-type-bundle"},"bundled_by":[],"bundle_stock_status":"instock","bundle_stock_quantity":"","bundle_virtual":false,"bundle_layout":"default","bundle_add_to_cart_form_location":"default","bundle_editable_in_cart":false,"bundle_sold_individually_context":"product","bundle_item_grouping":"parent","bundle_min_size":"","bundle_max_size":"","bundle_price":{"price":{"min":{"incl_tax":"26.40","excl_tax":"21.82"},"max":{"incl_tax":"36.4","excl_tax":"30.08"}},"regular_price":{"min":{"incl_tax":"26.40","excl_tax":"21.82"},"max":{"incl_tax":"36.4","excl_tax":"30.08"}}},"bundled_items":[{"bundled_item_id":12,"product_id":8839,"menu_order":0,"quantity_min":1,"quantity_max":1,"quantity_default":1,"priced_individually":true,"shipped_individually":false,"override_title":false,"title":"Glass St-Feuillien 33 cl x 2","override_description":false,"description":"Glass St-Feuillien 33 cl x 2","optional":true,"hide_thumbnail":false,"discount":"","override_variations":false,"allowed_variations":[""],"override_default_variation_attributes":false,"default_variation_attributes":[],"single_product_visibility":"visible","cart_visibility":"visible","order_visibility":"visible","single_product_price_visibility":"visible","cart_price_visibility":"visible","order_price_visibility":"visible","stock_status":"in_stock"}],"bundle_sell_ids":[],"acf":[],"yoast_head":"<!-- This site is optimized with the Yoast SEO plugin v26.9 - https:\/\/yoast.com\/product\/yoast-seo-wordpress\/ -->\n<title>St-Feuillien Quadruple 12 x 33 cl - Brasserie St-Feuillien<\/title>\n<meta name=\"robots\" content=\"index, follow, max-snippet:-1, max-image-preview:large, max-video-preview:-1\" \/>\n<link rel=\"canonical\" href=\"https:\/\/st-feuillien.com\/en\/products\/st-feuillien-quadruple-33-cl\/\" \/>\n<meta property=\"og:locale\" content=\"en_US\" \/>\n<meta property=\"og:type\" content=\"article\" \/>\n<meta property=\"og:title\" content=\"St-Feuillien Quadruple 12 x 33 cl - Brasserie St-Feuillien\" \/>\n<meta property=\"og:description\" content=\"St-Feuillien Quadruple is a very dark and dense beer. She is noticeably alcoholic. She distinguishes herself by a complex and finely caramelized aroma and with shades of Madeira wine and candied fruit and an intense touch of fermentation esters (banana type). A slight hoppy smell (English style) completes the whole. The mouth is long with &hellip; Continued\" \/>\n<meta property=\"og:url\" content=\"https:\/\/st-feuillien.com\/en\/products\/st-feuillien-quadruple-33-cl\/\" \/>\n<meta property=\"og:site_name\" content=\"Brasserie St-Feuillien\" \/>\n<meta property=\"article:publisher\" content=\"https:\/\/www.facebook.com\/stfeuillien\" \/>\n<meta property=\"article:modified_time\" content=\"2023-12-13T10:16:54+00:00\" \/>\n<meta property=\"og:image\" content=\"https:\/\/st-feuillien.com\/app\/uploads\/2022\/11\/FB-clifflucasStFquadruple33.jpg\" \/>\n\t<meta property=\"og:image:width\" content=\"1200\" \/>\n\t<meta property=\"og:image:height\" content=\"1500\" \/>\n\t<meta property=\"og:image:type\" content=\"image\/jpeg\" \/>\n<meta name=\"twitter:card\" content=\"summary_large_image\" \/>\n<meta name=\"twitter:label1\" content=\"Est. reading time\" \/>\n\t<meta name=\"twitter:data1\" content=\"1 minute\" \/>\n<script type=\"application\/ld+json\" class=\"yoast-schema-graph\">{\"@context\":\"https:\/\/schema.org\",\"@graph\":[{\"@type\":\"WebPage\",\"@id\":\"https:\/\/st-feuillien.com\/en\/products\/st-feuillien-quadruple-33-cl\/\",\"url\":\"https:\/\/st-feuillien.com\/en\/products\/st-feuillien-quadruple-33-cl\/\",\"name\":\"St-Feuillien Quadruple 12 x 33 cl - Brasserie St-Feuillien\",\"isPartOf\":{\"@id\":\"https:\/\/st-feuillien.com\/en\/#website\"},\"primaryImageOfPage\":{\"@id\":\"https:\/\/st-feuillien.com\/en\/products\/st-feuillien-quadruple-33-cl\/#primaryimage\"},\"image\":{\"@id\":\"https:\/\/st-feuillien.com\/en\/products\/st-feuillien-quadruple-33-cl\/#primaryimage\"},\"thumbnailUrl\":\"https:\/\/st-feuillien.com\/app\/uploads\/2022\/11\/FB-clifflucasStFquadruple33.jpg\",\"datePublished\":\"2022-11-07T13:47:38+00:00\",\"dateModified\":\"2023-12-13T10:16:54+00:00\",\"breadcrumb\":{\"@id\":\"https:\/\/st-feuillien.com\/en\/products\/st-feuillien-quadruple-33-cl\/#breadcrumb\"},\"inLanguage\":\"en-US\",\"potentialAction\":[{\"@type\":\"ReadAction\",\"target\":[\"https:\/\/st-feuillien.com\/en\/products\/st-feuillien-quadruple-33-cl\/\"]}]},{\"@type\":\"ImageObject\",\"inLanguage\":\"en-US\",\"@id\":\"https:\/\/st-feuillien.com\/en\/products\/st-feuillien-quadruple-33-cl\/#primaryimage\",\"url\":\"https:\/\/st-feuillien.com\/app\/uploads\/2022\/11\/FB-clifflucasStFquadruple33.jpg\",\"contentUrl\":\"https:\/\/st-feuillien.com\/app\/uploads\/2022\/11\/FB-clifflucasStFquadruple33.jpg\",\"width\":1200,\"height\":1500},{\"@type\":\"BreadcrumbList\",\"@id\":\"https:\/\/st-feuillien.com\/en\/products\/st-feuillien-quadruple-33-cl\/#breadcrumb\",\"itemListElement\":[{\"@type\":\"ListItem\",\"position\":1,\"name\":\"\",\"item\":\"https:\/\/st-feuillien.com\/en\/\"},{\"@type\":\"ListItem\",\"position\":2,\"name\":\"St-Feuillien shop\",\"item\":\"https:\/\/st-feuillien.com\/en\/shop\/\"},{\"@type\":\"ListItem\",\"position\":3,\"name\":\"St-Feuillien Quadruple 12 x 33 cl\"}]},{\"@type\":\"WebSite\",\"@id\":\"https:\/\/st-feuillien.com\/en\/#website\",\"url\":\"https:\/\/st-feuillien.com\/en\/\",\"name\":\"Brasserie St-Feuillien\",\"description\":\"La Brasserie St. Feuillien est une brasserie belge au Roeulx, en Belgique, qui a \u00e9t\u00e9 fond\u00e9e en 1873. La brasserie, qui fabrique de la bi\u00e8re de style abbaye, a \u00e9t\u00e9 exploit\u00e9e par la famille Friart tout ce temps\",\"publisher\":{\"@id\":\"https:\/\/st-feuillien.com\/en\/#organization\"},\"potentialAction\":[{\"@type\":\"SearchAction\",\"target\":{\"@type\":\"EntryPoint\",\"urlTemplate\":\"https:\/\/st-feuillien.com\/en\/?s={search_term_string}\"},\"query-input\":{\"@type\":\"PropertyValueSpecification\",\"valueRequired\":true,\"valueName\":\"search_term_string\"}}],\"inLanguage\":\"en-US\"},{\"@type\":\"Organization\",\"@id\":\"https:\/\/st-feuillien.com\/en\/#organization\",\"name\":\"St Feuillien\",\"url\":\"https:\/\/st-feuillien.com\/en\/\",\"logo\":{\"@type\":\"ImageObject\",\"inLanguage\":\"en-US\",\"@id\":\"https:\/\/st-feuillien.com\/en\/#\/schema\/logo\/image\/\",\"url\":\"https:\/\/st-feuillien.com\/app\/uploads\/2023\/01\/Logo-st-feuillien-1.svg\",\"contentUrl\":\"https:\/\/st-feuillien.com\/app\/uploads\/2023\/01\/Logo-st-feuillien-1.svg\",\"width\":165,\"height\":122,\"caption\":\"St Feuillien\"},\"image\":{\"@id\":\"https:\/\/st-feuillien.com\/en\/#\/schema\/logo\/image\/\"},\"sameAs\":[\"https:\/\/www.facebook.com\/stfeuillien\"]}]}<\/script>\n<!-- \/ Yoast SEO plugin. -->","yoast_head_json":{"title":"St-Feuillien Quadruple 12 x 33 cl - Brasserie St-Feuillien","robots":{"index":"index","follow":"follow","max-snippet":"max-snippet:-1","max-image-preview":"max-image-preview:large","max-video-preview":"max-video-preview:-1"},"canonical":"https:\/\/st-feuillien.com\/en\/products\/st-feuillien-quadruple-33-cl\/","og_locale":"en_US","og_type":"article","og_title":"St-Feuillien Quadruple 12 x 33 cl - Brasserie St-Feuillien","og_description":"St-Feuillien Quadruple is a very dark and dense beer. She is noticeably alcoholic. She distinguishes herself by a complex and finely caramelized aroma and with shades of Madeira wine and candied fruit and an intense touch of fermentation esters (banana type). A slight hoppy smell (English style) completes the whole. The mouth is long with &hellip; Continued","og_url":"https:\/\/st-feuillien.com\/en\/products\/st-feuillien-quadruple-33-cl\/","og_site_name":"Brasserie St-Feuillien","article_publisher":"https:\/\/www.facebook.com\/stfeuillien","article_modified_time":"2023-12-13T10:16:54+00:00","og_image":[{"width":1200,"height":1500,"url":"https:\/\/st-feuillien.com\/app\/uploads\/2022\/11\/FB-clifflucasStFquadruple33.jpg","type":"image\/jpeg"}],"twitter_card":"summary_large_image","twitter_misc":{"Est. reading time":"1 minute"},"schema":{"@context":"https:\/\/schema.org","@graph":[{"@type":"WebPage","@id":"https:\/\/st-feuillien.com\/en\/products\/st-feuillien-quadruple-33-cl\/","url":"https:\/\/st-feuillien.com\/en\/products\/st-feuillien-quadruple-33-cl\/","name":"St-Feuillien Quadruple 12 x 33 cl - Brasserie St-Feuillien","isPartOf":{"@id":"https:\/\/st-feuillien.com\/en\/#website"},"primaryImageOfPage":{"@id":"https:\/\/st-feuillien.com\/en\/products\/st-feuillien-quadruple-33-cl\/#primaryimage"},"image":{"@id":"https:\/\/st-feuillien.com\/en\/products\/st-feuillien-quadruple-33-cl\/#primaryimage"},"thumbnailUrl":"https:\/\/st-feuillien.com\/app\/uploads\/2022\/11\/FB-clifflucasStFquadruple33.jpg","datePublished":"2022-11-07T13:47:38+00:00","dateModified":"2023-12-13T10:16:54+00:00","breadcrumb":{"@id":"https:\/\/st-feuillien.com\/en\/products\/st-feuillien-quadruple-33-cl\/#breadcrumb"},"inLanguage":"en-US","potentialAction":[{"@type":"ReadAction","target":["https:\/\/st-feuillien.com\/en\/products\/st-feuillien-quadruple-33-cl\/"]}]},{"@type":"ImageObject","inLanguage":"en-US","@id":"https:\/\/st-feuillien.com\/en\/products\/st-feuillien-quadruple-33-cl\/#primaryimage","url":"https:\/\/st-feuillien.com\/app\/uploads\/2022\/11\/FB-clifflucasStFquadruple33.jpg","contentUrl":"https:\/\/st-feuillien.com\/app\/uploads\/2022\/11\/FB-clifflucasStFquadruple33.jpg","width":1200,"height":1500},{"@type":"BreadcrumbList","@id":"https:\/\/st-feuillien.com\/en\/products\/st-feuillien-quadruple-33-cl\/#breadcrumb","itemListElement":[{"@type":"ListItem","position":1,"name":"","item":"https:\/\/st-feuillien.com\/en\/"},{"@type":"ListItem","position":2,"name":"St-Feuillien shop","item":"https:\/\/st-feuillien.com\/en\/shop\/"},{"@type":"ListItem","position":3,"name":"St-Feuillien Quadruple 12 x 33 cl"}]},{"@type":"WebSite","@id":"https:\/\/st-feuillien.com\/en\/#website","url":"https:\/\/st-feuillien.com\/en\/","name":"Brasserie St-Feuillien","description":"La Brasserie St. Feuillien est une brasserie belge au Roeulx, en Belgique, qui a \u00e9t\u00e9 fond\u00e9e en 1873. La brasserie, qui fabrique de la bi\u00e8re de style abbaye, a \u00e9t\u00e9 exploit\u00e9e par la famille Friart tout ce temps","publisher":{"@id":"https:\/\/st-feuillien.com\/en\/#organization"},"potentialAction":[{"@type":"SearchAction","target":{"@type":"EntryPoint","urlTemplate":"https:\/\/st-feuillien.com\/en\/?s={search_term_string}"},"query-input":{"@type":"PropertyValueSpecification","valueRequired":true,"valueName":"search_term_string"}}],"inLanguage":"en-US"},{"@type":"Organization","@id":"https:\/\/st-feuillien.com\/en\/#organization","name":"St Feuillien","url":"https:\/\/st-feuillien.com\/en\/","logo":{"@type":"ImageObject","inLanguage":"en-US","@id":"https:\/\/st-feuillien.com\/en\/#\/schema\/logo\/image\/","url":"https:\/\/st-feuillien.com\/app\/uploads\/2023\/01\/Logo-st-feuillien-1.svg","contentUrl":"https:\/\/st-feuillien.com\/app\/uploads\/2023\/01\/Logo-st-feuillien-1.svg","width":165,"height":122,"caption":"St Feuillien"},"image":{"@id":"https:\/\/st-feuillien.com\/en\/#\/schema\/logo\/image\/"},"sameAs":["https:\/\/www.facebook.com\/stfeuillien"]}]}},"_links":{"self":[{"href":"https:\/\/st-feuillien.com\/en\/wp-json\/wp\/v2\/product\/7768","targetHints":{"allow":["GET"]}}],"collection":[{"href":"https:\/\/st-feuillien.com\/en\/wp-json\/wp\/v2\/product"}],"about":[{"href":"https:\/\/st-feuillien.com\/en\/wp-json\/wp\/v2\/types\/product"}],"wp:featuredmedia":[{"embeddable":true,"href":"https:\/\/st-feuillien.com\/en\/wp-json\/wp\/v2\/media\/904"}],"wp:attachment":[{"href":"https:\/\/st-feuillien.com\/en\/wp-json\/wp\/v2\/media?parent=7768"}],"wp:term":[{"taxonomy":"product_brand","embeddable":true,"href":"https:\/\/st-feuillien.com\/en\/wp-json\/wp\/v2\/product_brand?post=7768"},{"taxonomy":"product_cat","embeddable":true,"href":"https:\/\/st-feuillien.com\/en\/wp-json\/wp\/v2\/product_cat?post=7768"},{"taxonomy":"product_tag","embeddable":true,"href":"https:\/\/st-feuillien.com\/en\/wp-json\/wp\/v2\/product_tag?post=7768"}],"curies":[{"name":"wp","href":"https:\/\/api.w.org\/{rel}","templated":true}]}}