{"id":7776,"date":"2022-11-08T16:25:42","date_gmt":"2022-11-08T15:25:42","guid":{"rendered":"https:\/\/st-feuillien.com\/?post_type=product&#038;p=7776"},"modified":"2025-02-28T10:22:25","modified_gmt":"2025-02-28T09:22:25","slug":"st-feuillien-cuvee-de-noel-75-cl","status":"publish","type":"product","link":"https:\/\/st-feuillien.com\/en\/products\/st-feuillien-cuvee-de-noel-75-cl\/","title":{"rendered":"St-Feuillien Cuv\u00e9e de No\u00ebl 6 x 75cl"},"content":{"rendered":"<p>Une recette \u00e9labor\u00e9e il y a plus de 50 ans (1969)!<br \/>\nLa mousse se d\u00e9veloppe g\u00e9n\u00e9reusement; elle est compacte et stable. Sa couleur l\u00e9g\u00e8rement brun\u00e2tre provient de l\u2019orge torr\u00e9fi\u00e9e. La robe est d\u2019un brun rubis profond. Au nez, le d\u00e9gagement aromatique est tr\u00e8s intense. Les aromates contribuent largement \u00e0 ce parfum flatteur. La bi\u00e8re est ronde. La douceur est produite par une combinaison synergique entre malts caram\u00e9lis\u00e9s, fermentation soigneusement contr\u00f4l\u00e9e et une longue garde froide. L\u2019amertume reste en arri\u00e8re-plan ; elle soutient un ensemble harmonieux, b\u00e2ti sur l\u2019\u00e9quilibre des composantes.<br \/>\n<br \/>\n<em>Taux d&#8217;alcool 9%<\/em><br \/>\n<img decoding=\"async\" src=\"https:\/\/st-feuillien.com\/app\/uploads\/2023\/11\/logo-biere-dabbaye.png\" alt=\"\" width=\"184\" height=\"241\" class=\"alignnone size-full wp-image-7694\" \/><\/p>\n","protected":false},"excerpt":{"rendered":"<p>Une recette \u00e9labor\u00e9e il y a plus de 50 ans (1969)! La mousse se d\u00e9veloppe g\u00e9n\u00e9reusement; elle est compacte et stable. Sa couleur l\u00e9g\u00e8rement brun\u00e2tre provient de l\u2019orge torr\u00e9fi\u00e9e. La robe est d\u2019un brun rubis profond. Au nez, le d\u00e9gagement aromatique est tr\u00e8s intense. Les aromates contribuent largement \u00e0 ce parfum flatteur. La bi\u00e8re est &hellip; <a href=\"https:\/\/st-feuillien.com\/en\/products\/st-feuillien-cuvee-de-noel-75-cl\/\">Continued<\/a><\/p>\n","protected":false},"featured_media":8438,"template":"","meta":{"_acf_changed":false,"inline_featured_image":false},"product_brand":[],"product_cat":[147,154],"product_tag":[],"class_list":{"0":"post-7776","1":"product","2":"type-product","3":"status-publish","4":"has-post-thumbnail","6":"product_cat-abbey-en","7":"product_cat-brown-en","9":"first","10":"instock","11":"taxable","12":"shipping-taxable","13":"purchasable","14":"product-type-simple"},"bundled_by":[],"bundle_stock_status":"instock","bundle_stock_quantity":null,"bundle_virtual":false,"bundle_layout":"","bundle_add_to_cart_form_location":"","bundle_editable_in_cart":false,"bundle_sold_individually_context":"","bundle_item_grouping":"","bundle_min_size":"","bundle_max_size":"","bundle_price":[],"bundled_items":[],"bundle_sell_ids":[],"acf":[],"yoast_head":"<!-- This site is optimized with the Yoast SEO plugin v26.9 - https:\/\/yoast.com\/product\/yoast-seo-wordpress\/ -->\n<title>St-Feuillien Cuv\u00e9e de No\u00ebl 6 x 75cl - Brasserie St-Feuillien<\/title>\n<meta name=\"robots\" content=\"index, follow, max-snippet:-1, max-image-preview:large, max-video-preview:-1\" \/>\n<link rel=\"canonical\" href=\"https:\/\/st-feuillien.com\/en\/products\/st-feuillien-cuvee-de-noel-75-cl\/\" \/>\n<meta property=\"og:locale\" content=\"en_US\" \/>\n<meta property=\"og:type\" content=\"article\" \/>\n<meta property=\"og:title\" content=\"St-Feuillien Cuv\u00e9e de No\u00ebl 6 x 75cl - Brasserie St-Feuillien\" \/>\n<meta property=\"og:description\" content=\"Une recette \u00e9labor\u00e9e il y a plus de 50 ans (1969)! La mousse se d\u00e9veloppe g\u00e9n\u00e9reusement; elle est compacte et stable. Sa couleur l\u00e9g\u00e8rement brun\u00e2tre provient de l\u2019orge torr\u00e9fi\u00e9e. La robe est d\u2019un brun rubis profond. Au nez, le d\u00e9gagement aromatique est tr\u00e8s intense. Les aromates contribuent largement \u00e0 ce parfum flatteur. La bi\u00e8re est &hellip; Continued\" \/>\n<meta property=\"og:url\" content=\"https:\/\/st-feuillien.com\/en\/products\/st-feuillien-cuvee-de-noel-75-cl\/\" \/>\n<meta property=\"og:site_name\" content=\"Brasserie St-Feuillien\" \/>\n<meta property=\"article:publisher\" content=\"https:\/\/www.facebook.com\/stfeuillien\" \/>\n<meta property=\"article:modified_time\" content=\"2025-02-28T09:22:25+00:00\" \/>\n<meta property=\"og:image\" content=\"https:\/\/st-feuillien.com\/app\/uploads\/2024\/01\/CL-STF-noel-75-cl-ambiance.jpg\" \/>\n\t<meta property=\"og:image:width\" content=\"1080\" \/>\n\t<meta property=\"og:image:height\" content=\"1080\" \/>\n\t<meta property=\"og:image:type\" content=\"image\/jpeg\" \/>\n<meta name=\"twitter:card\" content=\"summary_large_image\" \/>\n<meta name=\"twitter:label1\" content=\"Est. reading time\" \/>\n\t<meta name=\"twitter:data1\" content=\"1 minute\" \/>\n<script type=\"application\/ld+json\" class=\"yoast-schema-graph\">{\"@context\":\"https:\/\/schema.org\",\"@graph\":[{\"@type\":\"WebPage\",\"@id\":\"https:\/\/st-feuillien.com\/en\/products\/st-feuillien-cuvee-de-noel-75-cl\/\",\"url\":\"https:\/\/st-feuillien.com\/en\/products\/st-feuillien-cuvee-de-noel-75-cl\/\",\"name\":\"St-Feuillien Cuv\u00e9e de No\u00ebl 6 x 75cl - Brasserie St-Feuillien\",\"isPartOf\":{\"@id\":\"https:\/\/st-feuillien.com\/en\/#website\"},\"primaryImageOfPage\":{\"@id\":\"https:\/\/st-feuillien.com\/en\/products\/st-feuillien-cuvee-de-noel-75-cl\/#primaryimage\"},\"image\":{\"@id\":\"https:\/\/st-feuillien.com\/en\/products\/st-feuillien-cuvee-de-noel-75-cl\/#primaryimage\"},\"thumbnailUrl\":\"https:\/\/st-feuillien.com\/app\/uploads\/2024\/01\/CL-STF-noel-75-cl-ambiance.jpg\",\"datePublished\":\"2022-11-08T15:25:42+00:00\",\"dateModified\":\"2025-02-28T09:22:25+00:00\",\"breadcrumb\":{\"@id\":\"https:\/\/st-feuillien.com\/en\/products\/st-feuillien-cuvee-de-noel-75-cl\/#breadcrumb\"},\"inLanguage\":\"en-US\",\"potentialAction\":[{\"@type\":\"ReadAction\",\"target\":[\"https:\/\/st-feuillien.com\/en\/products\/st-feuillien-cuvee-de-noel-75-cl\/\"]}]},{\"@type\":\"ImageObject\",\"inLanguage\":\"en-US\",\"@id\":\"https:\/\/st-feuillien.com\/en\/products\/st-feuillien-cuvee-de-noel-75-cl\/#primaryimage\",\"url\":\"https:\/\/st-feuillien.com\/app\/uploads\/2024\/01\/CL-STF-noel-75-cl-ambiance.jpg\",\"contentUrl\":\"https:\/\/st-feuillien.com\/app\/uploads\/2024\/01\/CL-STF-noel-75-cl-ambiance.jpg\",\"width\":1080,\"height\":1080},{\"@type\":\"BreadcrumbList\",\"@id\":\"https:\/\/st-feuillien.com\/en\/products\/st-feuillien-cuvee-de-noel-75-cl\/#breadcrumb\",\"itemListElement\":[{\"@type\":\"ListItem\",\"position\":1,\"name\":\"\",\"item\":\"https:\/\/st-feuillien.com\/en\/\"},{\"@type\":\"ListItem\",\"position\":2,\"name\":\"St-Feuillien shop\",\"item\":\"https:\/\/st-feuillien.com\/en\/shop\/\"},{\"@type\":\"ListItem\",\"position\":3,\"name\":\"St-Feuillien Cuv\u00e9e de No\u00ebl 6 x 75cl\"}]},{\"@type\":\"WebSite\",\"@id\":\"https:\/\/st-feuillien.com\/en\/#website\",\"url\":\"https:\/\/st-feuillien.com\/en\/\",\"name\":\"Brasserie St-Feuillien\",\"description\":\"La Brasserie St. Feuillien est une brasserie belge au Roeulx, en Belgique, qui a \u00e9t\u00e9 fond\u00e9e en 1873. La brasserie, qui fabrique de la bi\u00e8re de style abbaye, a \u00e9t\u00e9 exploit\u00e9e par la famille Friart tout ce temps\",\"publisher\":{\"@id\":\"https:\/\/st-feuillien.com\/en\/#organization\"},\"potentialAction\":[{\"@type\":\"SearchAction\",\"target\":{\"@type\":\"EntryPoint\",\"urlTemplate\":\"https:\/\/st-feuillien.com\/en\/?s={search_term_string}\"},\"query-input\":{\"@type\":\"PropertyValueSpecification\",\"valueRequired\":true,\"valueName\":\"search_term_string\"}}],\"inLanguage\":\"en-US\"},{\"@type\":\"Organization\",\"@id\":\"https:\/\/st-feuillien.com\/en\/#organization\",\"name\":\"St Feuillien\",\"url\":\"https:\/\/st-feuillien.com\/en\/\",\"logo\":{\"@type\":\"ImageObject\",\"inLanguage\":\"en-US\",\"@id\":\"https:\/\/st-feuillien.com\/en\/#\/schema\/logo\/image\/\",\"url\":\"https:\/\/st-feuillien.com\/app\/uploads\/2023\/01\/Logo-st-feuillien-1.svg\",\"contentUrl\":\"https:\/\/st-feuillien.com\/app\/uploads\/2023\/01\/Logo-st-feuillien-1.svg\",\"width\":165,\"height\":122,\"caption\":\"St Feuillien\"},\"image\":{\"@id\":\"https:\/\/st-feuillien.com\/en\/#\/schema\/logo\/image\/\"},\"sameAs\":[\"https:\/\/www.facebook.com\/stfeuillien\"]}]}<\/script>\n<!-- \/ Yoast SEO plugin. -->","yoast_head_json":{"title":"St-Feuillien Cuv\u00e9e de No\u00ebl 6 x 75cl - Brasserie St-Feuillien","robots":{"index":"index","follow":"follow","max-snippet":"max-snippet:-1","max-image-preview":"max-image-preview:large","max-video-preview":"max-video-preview:-1"},"canonical":"https:\/\/st-feuillien.com\/en\/products\/st-feuillien-cuvee-de-noel-75-cl\/","og_locale":"en_US","og_type":"article","og_title":"St-Feuillien Cuv\u00e9e de No\u00ebl 6 x 75cl - Brasserie St-Feuillien","og_description":"Une recette \u00e9labor\u00e9e il y a plus de 50 ans (1969)! La mousse se d\u00e9veloppe g\u00e9n\u00e9reusement; elle est compacte et stable. Sa couleur l\u00e9g\u00e8rement brun\u00e2tre provient de l\u2019orge torr\u00e9fi\u00e9e. La robe est d\u2019un brun rubis profond. Au nez, le d\u00e9gagement aromatique est tr\u00e8s intense. Les aromates contribuent largement \u00e0 ce parfum flatteur. La bi\u00e8re est &hellip; Continued","og_url":"https:\/\/st-feuillien.com\/en\/products\/st-feuillien-cuvee-de-noel-75-cl\/","og_site_name":"Brasserie St-Feuillien","article_publisher":"https:\/\/www.facebook.com\/stfeuillien","article_modified_time":"2025-02-28T09:22:25+00:00","og_image":[{"width":1080,"height":1080,"url":"https:\/\/st-feuillien.com\/app\/uploads\/2024\/01\/CL-STF-noel-75-cl-ambiance.jpg","type":"image\/jpeg"}],"twitter_card":"summary_large_image","twitter_misc":{"Est. reading time":"1 minute"},"schema":{"@context":"https:\/\/schema.org","@graph":[{"@type":"WebPage","@id":"https:\/\/st-feuillien.com\/en\/products\/st-feuillien-cuvee-de-noel-75-cl\/","url":"https:\/\/st-feuillien.com\/en\/products\/st-feuillien-cuvee-de-noel-75-cl\/","name":"St-Feuillien Cuv\u00e9e de No\u00ebl 6 x 75cl - Brasserie St-Feuillien","isPartOf":{"@id":"https:\/\/st-feuillien.com\/en\/#website"},"primaryImageOfPage":{"@id":"https:\/\/st-feuillien.com\/en\/products\/st-feuillien-cuvee-de-noel-75-cl\/#primaryimage"},"image":{"@id":"https:\/\/st-feuillien.com\/en\/products\/st-feuillien-cuvee-de-noel-75-cl\/#primaryimage"},"thumbnailUrl":"https:\/\/st-feuillien.com\/app\/uploads\/2024\/01\/CL-STF-noel-75-cl-ambiance.jpg","datePublished":"2022-11-08T15:25:42+00:00","dateModified":"2025-02-28T09:22:25+00:00","breadcrumb":{"@id":"https:\/\/st-feuillien.com\/en\/products\/st-feuillien-cuvee-de-noel-75-cl\/#breadcrumb"},"inLanguage":"en-US","potentialAction":[{"@type":"ReadAction","target":["https:\/\/st-feuillien.com\/en\/products\/st-feuillien-cuvee-de-noel-75-cl\/"]}]},{"@type":"ImageObject","inLanguage":"en-US","@id":"https:\/\/st-feuillien.com\/en\/products\/st-feuillien-cuvee-de-noel-75-cl\/#primaryimage","url":"https:\/\/st-feuillien.com\/app\/uploads\/2024\/01\/CL-STF-noel-75-cl-ambiance.jpg","contentUrl":"https:\/\/st-feuillien.com\/app\/uploads\/2024\/01\/CL-STF-noel-75-cl-ambiance.jpg","width":1080,"height":1080},{"@type":"BreadcrumbList","@id":"https:\/\/st-feuillien.com\/en\/products\/st-feuillien-cuvee-de-noel-75-cl\/#breadcrumb","itemListElement":[{"@type":"ListItem","position":1,"name":"","item":"https:\/\/st-feuillien.com\/en\/"},{"@type":"ListItem","position":2,"name":"St-Feuillien shop","item":"https:\/\/st-feuillien.com\/en\/shop\/"},{"@type":"ListItem","position":3,"name":"St-Feuillien Cuv\u00e9e de No\u00ebl 6 x 75cl"}]},{"@type":"WebSite","@id":"https:\/\/st-feuillien.com\/en\/#website","url":"https:\/\/st-feuillien.com\/en\/","name":"Brasserie St-Feuillien","description":"La Brasserie St. Feuillien est une brasserie belge au Roeulx, en Belgique, qui a \u00e9t\u00e9 fond\u00e9e en 1873. La brasserie, qui fabrique de la bi\u00e8re de style abbaye, a \u00e9t\u00e9 exploit\u00e9e par la famille Friart tout ce temps","publisher":{"@id":"https:\/\/st-feuillien.com\/en\/#organization"},"potentialAction":[{"@type":"SearchAction","target":{"@type":"EntryPoint","urlTemplate":"https:\/\/st-feuillien.com\/en\/?s={search_term_string}"},"query-input":{"@type":"PropertyValueSpecification","valueRequired":true,"valueName":"search_term_string"}}],"inLanguage":"en-US"},{"@type":"Organization","@id":"https:\/\/st-feuillien.com\/en\/#organization","name":"St Feuillien","url":"https:\/\/st-feuillien.com\/en\/","logo":{"@type":"ImageObject","inLanguage":"en-US","@id":"https:\/\/st-feuillien.com\/en\/#\/schema\/logo\/image\/","url":"https:\/\/st-feuillien.com\/app\/uploads\/2023\/01\/Logo-st-feuillien-1.svg","contentUrl":"https:\/\/st-feuillien.com\/app\/uploads\/2023\/01\/Logo-st-feuillien-1.svg","width":165,"height":122,"caption":"St Feuillien"},"image":{"@id":"https:\/\/st-feuillien.com\/en\/#\/schema\/logo\/image\/"},"sameAs":["https:\/\/www.facebook.com\/stfeuillien"]}]}},"_links":{"self":[{"href":"https:\/\/st-feuillien.com\/en\/wp-json\/wp\/v2\/product\/7776","targetHints":{"allow":["GET"]}}],"collection":[{"href":"https:\/\/st-feuillien.com\/en\/wp-json\/wp\/v2\/product"}],"about":[{"href":"https:\/\/st-feuillien.com\/en\/wp-json\/wp\/v2\/types\/product"}],"wp:featuredmedia":[{"embeddable":true,"href":"https:\/\/st-feuillien.com\/en\/wp-json\/wp\/v2\/media\/8438"}],"wp:attachment":[{"href":"https:\/\/st-feuillien.com\/en\/wp-json\/wp\/v2\/media?parent=7776"}],"wp:term":[{"taxonomy":"product_brand","embeddable":true,"href":"https:\/\/st-feuillien.com\/en\/wp-json\/wp\/v2\/product_brand?post=7776"},{"taxonomy":"product_cat","embeddable":true,"href":"https:\/\/st-feuillien.com\/en\/wp-json\/wp\/v2\/product_cat?post=7776"},{"taxonomy":"product_tag","embeddable":true,"href":"https:\/\/st-feuillien.com\/en\/wp-json\/wp\/v2\/product_tag?post=7776"}],"curies":[{"name":"wp","href":"https:\/\/api.w.org\/{rel}","templated":true}]}}