{"id":7786,"date":"2022-11-08T16:41:59","date_gmt":"2022-11-08T15:41:59","guid":{"rendered":"https:\/\/st-feuillien.com\/?post_type=product&#038;p=7786"},"modified":"2023-12-13T11:16:59","modified_gmt":"2023-12-13T10:16:59","slug":"st-feuillien-grand-cru-75-cl","status":"publish","type":"product","link":"https:\/\/st-feuillien.com\/en\/products\/st-feuillien-grand-cru-75-cl\/","title":{"rendered":"St-Feuillien Grand Cru 6 x 75 cl"},"content":{"rendered":"<p><strong>Grand Cru<\/strong> is a speciality beer carefully crafted by St Feuillien Brewery. This extra-blond amber nectar masterpiece undergoes refermentation in the bottle, resulting in a beer endowed with unforgettable character. The secret lies in the unique combination of the most noble hops and the finest aromatic ingredients. Grand Cru differs from other beers by its absence<br \/>\nof spices and a traditional dry hopping with Styrian Golding hops in bloom. Its full, white head is light and frothy, and when poured it creates a subtle lace effect. The very pale colour of Grand Cru lends clarity and brilliance to its body. Grand Cru\u2019s delicate nose is a veritable cascade of hoppy aromas with hints of fruitiness coupled with subtlety and<br \/>\nsheer richness. Dry hopping \u2013 champagne yeast.<\/p>\n<p><em>Alcohol level 9,5%<\/em><\/p>\n<p><img decoding=\"async\" class=\"alignnone wp-image-7646 size-full\" src=\"https:\/\/st-feuillien.com\/app\/uploads\/2023\/10\/Medailles-GC.png\" alt=\"\" width=\"800\" height=\"241\" srcset=\"https:\/\/st-feuillien.com\/app\/uploads\/2023\/10\/Medailles-GC.png 800w, https:\/\/st-feuillien.com\/app\/uploads\/2023\/10\/Medailles-GC-600x181.png 600w, https:\/\/st-feuillien.com\/app\/uploads\/2023\/10\/Medailles-GC-300x90.png 300w, https:\/\/st-feuillien.com\/app\/uploads\/2023\/10\/Medailles-GC-768x231.png 768w\" sizes=\"(max-width: 800px) 100vw, 800px\" \/><\/p>\n<p>&nbsp;<\/p>\n<p>&nbsp;<\/p>\n","protected":false},"excerpt":{"rendered":"<p>Grand Cru is a speciality beer carefully crafted by St Feuillien Brewery. This extra-blond amber nectar masterpiece undergoes refermentation in the bottle, resulting in a beer endowed with unforgettable character. The secret lies in the unique combination of the most noble hops and the finest aromatic ingredients. Grand Cru differs from other beers by its &hellip; <a href=\"https:\/\/st-feuillien.com\/en\/products\/st-feuillien-grand-cru-75-cl\/\">Continued<\/a><\/p>\n","protected":false},"featured_media":8662,"template":"","meta":{"_acf_changed":false,"inline_featured_image":false},"product_brand":[],"product_cat":[148],"product_tag":[],"class_list":{"0":"post-7786","1":"product","2":"type-product","3":"status-publish","4":"has-post-thumbnail","6":"product_cat-blonde-en","8":"first","9":"instock","10":"taxable","11":"shipping-taxable","12":"purchasable","13":"product-type-simple"},"bundled_by":[],"bundle_stock_status":"instock","bundle_stock_quantity":null,"bundle_virtual":false,"bundle_layout":"","bundle_add_to_cart_form_location":"","bundle_editable_in_cart":false,"bundle_sold_individually_context":"","bundle_item_grouping":"","bundle_min_size":"","bundle_max_size":"","bundle_price":[],"bundled_items":[],"bundle_sell_ids":[],"acf":[],"yoast_head":"<!-- This site is optimized with the Yoast SEO plugin v26.9 - https:\/\/yoast.com\/product\/yoast-seo-wordpress\/ -->\n<title>St-Feuillien Grand Cru 6 x 75 cl - Brasserie St-Feuillien<\/title>\n<meta name=\"description\" content=\"Discover St-Feuillien Grand Cru in its 75 cl format. An exceptional blonde beer with subtle, fruity notes, ideal for complementing elegant meals and celebrations.\" \/>\n<meta name=\"robots\" content=\"index, follow, max-snippet:-1, max-image-preview:large, max-video-preview:-1\" \/>\n<link rel=\"canonical\" href=\"https:\/\/st-feuillien.com\/en\/products\/st-feuillien-grand-cru-75-cl\/\" \/>\n<meta property=\"og:locale\" content=\"en_US\" \/>\n<meta property=\"og:type\" content=\"article\" \/>\n<meta property=\"og:title\" content=\"St-Feuillien Grand Cru 6 x 75 cl - Brasserie St-Feuillien\" \/>\n<meta property=\"og:description\" content=\"Discover St-Feuillien Grand Cru in its 75 cl format. An exceptional blonde beer with subtle, fruity notes, ideal for complementing elegant meals and celebrations.\" \/>\n<meta property=\"og:url\" content=\"https:\/\/st-feuillien.com\/en\/products\/st-feuillien-grand-cru-75-cl\/\" \/>\n<meta property=\"og:site_name\" content=\"Brasserie St-Feuillien\" \/>\n<meta property=\"article:publisher\" content=\"https:\/\/www.facebook.com\/stfeuillien\" \/>\n<meta property=\"article:modified_time\" content=\"2023-12-13T10:16:59+00:00\" \/>\n<meta property=\"og:image\" content=\"https:\/\/st-feuillien.com\/app\/uploads\/2024\/02\/WEB-clifflucasphoto-20240115-001.jpg\" \/>\n\t<meta property=\"og:image:width\" content=\"1080\" \/>\n\t<meta property=\"og:image:height\" content=\"1080\" \/>\n\t<meta property=\"og:image:type\" content=\"image\/jpeg\" \/>\n<meta name=\"twitter:card\" content=\"summary_large_image\" \/>\n<meta name=\"twitter:label1\" content=\"Est. reading time\" \/>\n\t<meta name=\"twitter:data1\" content=\"1 minute\" \/>\n<script type=\"application\/ld+json\" class=\"yoast-schema-graph\">{\"@context\":\"https:\/\/schema.org\",\"@graph\":[{\"@type\":\"WebPage\",\"@id\":\"https:\/\/st-feuillien.com\/en\/products\/st-feuillien-grand-cru-75-cl\/\",\"url\":\"https:\/\/st-feuillien.com\/en\/products\/st-feuillien-grand-cru-75-cl\/\",\"name\":\"St-Feuillien Grand Cru 6 x 75 cl - Brasserie St-Feuillien\",\"isPartOf\":{\"@id\":\"https:\/\/st-feuillien.com\/en\/#website\"},\"primaryImageOfPage\":{\"@id\":\"https:\/\/st-feuillien.com\/en\/products\/st-feuillien-grand-cru-75-cl\/#primaryimage\"},\"image\":{\"@id\":\"https:\/\/st-feuillien.com\/en\/products\/st-feuillien-grand-cru-75-cl\/#primaryimage\"},\"thumbnailUrl\":\"https:\/\/st-feuillien.com\/app\/uploads\/2024\/02\/WEB-clifflucasphoto-20240115-001.jpg\",\"datePublished\":\"2022-11-08T15:41:59+00:00\",\"dateModified\":\"2023-12-13T10:16:59+00:00\",\"description\":\"Discover St-Feuillien Grand Cru in its 75 cl format. An exceptional blonde beer with subtle, fruity notes, ideal for complementing elegant meals and celebrations.\",\"breadcrumb\":{\"@id\":\"https:\/\/st-feuillien.com\/en\/products\/st-feuillien-grand-cru-75-cl\/#breadcrumb\"},\"inLanguage\":\"en-US\",\"potentialAction\":[{\"@type\":\"ReadAction\",\"target\":[\"https:\/\/st-feuillien.com\/en\/products\/st-feuillien-grand-cru-75-cl\/\"]}]},{\"@type\":\"ImageObject\",\"inLanguage\":\"en-US\",\"@id\":\"https:\/\/st-feuillien.com\/en\/products\/st-feuillien-grand-cru-75-cl\/#primaryimage\",\"url\":\"https:\/\/st-feuillien.com\/app\/uploads\/2024\/02\/WEB-clifflucasphoto-20240115-001.jpg\",\"contentUrl\":\"https:\/\/st-feuillien.com\/app\/uploads\/2024\/02\/WEB-clifflucasphoto-20240115-001.jpg\",\"width\":1080,\"height\":1080},{\"@type\":\"BreadcrumbList\",\"@id\":\"https:\/\/st-feuillien.com\/en\/products\/st-feuillien-grand-cru-75-cl\/#breadcrumb\",\"itemListElement\":[{\"@type\":\"ListItem\",\"position\":1,\"name\":\"\",\"item\":\"https:\/\/st-feuillien.com\/en\/\"},{\"@type\":\"ListItem\",\"position\":2,\"name\":\"St-Feuillien shop\",\"item\":\"https:\/\/st-feuillien.com\/en\/shop\/\"},{\"@type\":\"ListItem\",\"position\":3,\"name\":\"St-Feuillien Grand Cru 6 x 75 cl\"}]},{\"@type\":\"WebSite\",\"@id\":\"https:\/\/st-feuillien.com\/en\/#website\",\"url\":\"https:\/\/st-feuillien.com\/en\/\",\"name\":\"Brasserie St-Feuillien\",\"description\":\"La Brasserie St. Feuillien est une brasserie belge au Roeulx, en Belgique, qui a \u00e9t\u00e9 fond\u00e9e en 1873. La brasserie, qui fabrique de la bi\u00e8re de style abbaye, a \u00e9t\u00e9 exploit\u00e9e par la famille Friart tout ce temps\",\"publisher\":{\"@id\":\"https:\/\/st-feuillien.com\/en\/#organization\"},\"potentialAction\":[{\"@type\":\"SearchAction\",\"target\":{\"@type\":\"EntryPoint\",\"urlTemplate\":\"https:\/\/st-feuillien.com\/en\/?s={search_term_string}\"},\"query-input\":{\"@type\":\"PropertyValueSpecification\",\"valueRequired\":true,\"valueName\":\"search_term_string\"}}],\"inLanguage\":\"en-US\"},{\"@type\":\"Organization\",\"@id\":\"https:\/\/st-feuillien.com\/en\/#organization\",\"name\":\"St Feuillien\",\"url\":\"https:\/\/st-feuillien.com\/en\/\",\"logo\":{\"@type\":\"ImageObject\",\"inLanguage\":\"en-US\",\"@id\":\"https:\/\/st-feuillien.com\/en\/#\/schema\/logo\/image\/\",\"url\":\"https:\/\/st-feuillien.com\/app\/uploads\/2023\/01\/Logo-st-feuillien-1.svg\",\"contentUrl\":\"https:\/\/st-feuillien.com\/app\/uploads\/2023\/01\/Logo-st-feuillien-1.svg\",\"width\":165,\"height\":122,\"caption\":\"St Feuillien\"},\"image\":{\"@id\":\"https:\/\/st-feuillien.com\/en\/#\/schema\/logo\/image\/\"},\"sameAs\":[\"https:\/\/www.facebook.com\/stfeuillien\"]}]}<\/script>\n<!-- \/ Yoast SEO plugin. -->","yoast_head_json":{"title":"St-Feuillien Grand Cru 6 x 75 cl - Brasserie St-Feuillien","description":"Discover St-Feuillien Grand Cru in its 75 cl format. An exceptional blonde beer with subtle, fruity notes, ideal for complementing elegant meals and celebrations.","robots":{"index":"index","follow":"follow","max-snippet":"max-snippet:-1","max-image-preview":"max-image-preview:large","max-video-preview":"max-video-preview:-1"},"canonical":"https:\/\/st-feuillien.com\/en\/products\/st-feuillien-grand-cru-75-cl\/","og_locale":"en_US","og_type":"article","og_title":"St-Feuillien Grand Cru 6 x 75 cl - Brasserie St-Feuillien","og_description":"Discover St-Feuillien Grand Cru in its 75 cl format. An exceptional blonde beer with subtle, fruity notes, ideal for complementing elegant meals and celebrations.","og_url":"https:\/\/st-feuillien.com\/en\/products\/st-feuillien-grand-cru-75-cl\/","og_site_name":"Brasserie St-Feuillien","article_publisher":"https:\/\/www.facebook.com\/stfeuillien","article_modified_time":"2023-12-13T10:16:59+00:00","og_image":[{"width":1080,"height":1080,"url":"https:\/\/st-feuillien.com\/app\/uploads\/2024\/02\/WEB-clifflucasphoto-20240115-001.jpg","type":"image\/jpeg"}],"twitter_card":"summary_large_image","twitter_misc":{"Est. reading time":"1 minute"},"schema":{"@context":"https:\/\/schema.org","@graph":[{"@type":"WebPage","@id":"https:\/\/st-feuillien.com\/en\/products\/st-feuillien-grand-cru-75-cl\/","url":"https:\/\/st-feuillien.com\/en\/products\/st-feuillien-grand-cru-75-cl\/","name":"St-Feuillien Grand Cru 6 x 75 cl - Brasserie St-Feuillien","isPartOf":{"@id":"https:\/\/st-feuillien.com\/en\/#website"},"primaryImageOfPage":{"@id":"https:\/\/st-feuillien.com\/en\/products\/st-feuillien-grand-cru-75-cl\/#primaryimage"},"image":{"@id":"https:\/\/st-feuillien.com\/en\/products\/st-feuillien-grand-cru-75-cl\/#primaryimage"},"thumbnailUrl":"https:\/\/st-feuillien.com\/app\/uploads\/2024\/02\/WEB-clifflucasphoto-20240115-001.jpg","datePublished":"2022-11-08T15:41:59+00:00","dateModified":"2023-12-13T10:16:59+00:00","description":"Discover St-Feuillien Grand Cru in its 75 cl format. An exceptional blonde beer with subtle, fruity notes, ideal for complementing elegant meals and celebrations.","breadcrumb":{"@id":"https:\/\/st-feuillien.com\/en\/products\/st-feuillien-grand-cru-75-cl\/#breadcrumb"},"inLanguage":"en-US","potentialAction":[{"@type":"ReadAction","target":["https:\/\/st-feuillien.com\/en\/products\/st-feuillien-grand-cru-75-cl\/"]}]},{"@type":"ImageObject","inLanguage":"en-US","@id":"https:\/\/st-feuillien.com\/en\/products\/st-feuillien-grand-cru-75-cl\/#primaryimage","url":"https:\/\/st-feuillien.com\/app\/uploads\/2024\/02\/WEB-clifflucasphoto-20240115-001.jpg","contentUrl":"https:\/\/st-feuillien.com\/app\/uploads\/2024\/02\/WEB-clifflucasphoto-20240115-001.jpg","width":1080,"height":1080},{"@type":"BreadcrumbList","@id":"https:\/\/st-feuillien.com\/en\/products\/st-feuillien-grand-cru-75-cl\/#breadcrumb","itemListElement":[{"@type":"ListItem","position":1,"name":"","item":"https:\/\/st-feuillien.com\/en\/"},{"@type":"ListItem","position":2,"name":"St-Feuillien shop","item":"https:\/\/st-feuillien.com\/en\/shop\/"},{"@type":"ListItem","position":3,"name":"St-Feuillien Grand Cru 6 x 75 cl"}]},{"@type":"WebSite","@id":"https:\/\/st-feuillien.com\/en\/#website","url":"https:\/\/st-feuillien.com\/en\/","name":"Brasserie St-Feuillien","description":"La Brasserie St. Feuillien est une brasserie belge au Roeulx, en Belgique, qui a \u00e9t\u00e9 fond\u00e9e en 1873. La brasserie, qui fabrique de la bi\u00e8re de style abbaye, a \u00e9t\u00e9 exploit\u00e9e par la famille Friart tout ce temps","publisher":{"@id":"https:\/\/st-feuillien.com\/en\/#organization"},"potentialAction":[{"@type":"SearchAction","target":{"@type":"EntryPoint","urlTemplate":"https:\/\/st-feuillien.com\/en\/?s={search_term_string}"},"query-input":{"@type":"PropertyValueSpecification","valueRequired":true,"valueName":"search_term_string"}}],"inLanguage":"en-US"},{"@type":"Organization","@id":"https:\/\/st-feuillien.com\/en\/#organization","name":"St Feuillien","url":"https:\/\/st-feuillien.com\/en\/","logo":{"@type":"ImageObject","inLanguage":"en-US","@id":"https:\/\/st-feuillien.com\/en\/#\/schema\/logo\/image\/","url":"https:\/\/st-feuillien.com\/app\/uploads\/2023\/01\/Logo-st-feuillien-1.svg","contentUrl":"https:\/\/st-feuillien.com\/app\/uploads\/2023\/01\/Logo-st-feuillien-1.svg","width":165,"height":122,"caption":"St Feuillien"},"image":{"@id":"https:\/\/st-feuillien.com\/en\/#\/schema\/logo\/image\/"},"sameAs":["https:\/\/www.facebook.com\/stfeuillien"]}]}},"_links":{"self":[{"href":"https:\/\/st-feuillien.com\/en\/wp-json\/wp\/v2\/product\/7786","targetHints":{"allow":["GET"]}}],"collection":[{"href":"https:\/\/st-feuillien.com\/en\/wp-json\/wp\/v2\/product"}],"about":[{"href":"https:\/\/st-feuillien.com\/en\/wp-json\/wp\/v2\/types\/product"}],"wp:featuredmedia":[{"embeddable":true,"href":"https:\/\/st-feuillien.com\/en\/wp-json\/wp\/v2\/media\/8662"}],"wp:attachment":[{"href":"https:\/\/st-feuillien.com\/en\/wp-json\/wp\/v2\/media?parent=7786"}],"wp:term":[{"taxonomy":"product_brand","embeddable":true,"href":"https:\/\/st-feuillien.com\/en\/wp-json\/wp\/v2\/product_brand?post=7786"},{"taxonomy":"product_cat","embeddable":true,"href":"https:\/\/st-feuillien.com\/en\/wp-json\/wp\/v2\/product_cat?post=7786"},{"taxonomy":"product_tag","embeddable":true,"href":"https:\/\/st-feuillien.com\/en\/wp-json\/wp\/v2\/product_tag?post=7786"}],"curies":[{"name":"wp","href":"https:\/\/api.w.org\/{rel}","templated":true}]}}