{"id":7795,"date":"2022-11-07T16:41:35","date_gmt":"2022-11-07T15:41:35","guid":{"rendered":"https:\/\/st-feuillien.com\/?post_type=product&#038;p=7795"},"modified":"2025-02-28T09:11:07","modified_gmt":"2025-02-28T08:11:07","slug":"st-feuillien-belgian-coast-ipa-33-cl","status":"publish","type":"product","link":"https:\/\/st-feuillien.com\/en\/products\/st-feuillien-belgian-coast-ipa-33-cl\/","title":{"rendered":"St-Feuillien Belgian Coast IPA 12 x 33 cl"},"content":{"rendered":"<p><strong>St-Feuillien Belgian Coast<\/strong> is a light IPA, dark golden in colour with subtle hints of orange and a firm, white head. <strong>Belgian Coast IPA<\/strong> boasts an unrivalled range of aromas. The main one comes from hops in all its forms. It has a complex character, with fruity, citrus notes alongside floral and herbal flavours with a slightly resinous dimension. The bitterness is both intense and diverse. <strong>Belgian Coast IPA<\/strong> is the perfect combination of two brewing traditions, where the aim is to create a beer that brings together the intensity and bitterness of an American IPA with a certain level of lightness and balance. 6 varieties of hops have been selected to create this beer: Challenger, Aramis, Citra, Cascade, Mandarina Bavaria, Styrian Golding.<br \/>\n<em>Alcohol level 5,5%<\/em><\/p>\n<p><img decoding=\"async\" class=\"alignnone size-medium wp-image-1122\" src=\"https:\/\/st-feuillien.com\/app\/uploads\/2022\/11\/WBA17-Belgium-SILVERtxt-IPA-2-195x300.jpg\" alt=\"\" width=\"123\" height=\"180\" \/><\/p>\n","protected":false},"excerpt":{"rendered":"<p>St-Feuillien Belgian Coast is a light IPA, dark golden in colour with subtle hints of orange and a firm, white head. Belgian Coast IPA boasts an unrivalled range of aromas. The main one comes from hops in all its forms. It has a complex character, with fruity, citrus notes alongside floral and herbal flavours with &hellip; <a href=\"https:\/\/st-feuillien.com\/en\/products\/st-feuillien-belgian-coast-ipa-33-cl\/\">Continued<\/a><\/p>\n","protected":false},"featured_media":1112,"template":"","meta":{"_acf_changed":false,"inline_featured_image":false},"product_brand":[],"product_cat":[150],"product_tag":[],"class_list":{"0":"post-7795","1":"product","2":"type-product","3":"status-publish","4":"has-post-thumbnail","6":"product_cat-amber-en","8":"first","9":"instock","10":"taxable","11":"shipping-taxable","12":"purchasable","13":"product-type-simple"},"bundled_by":[],"bundle_stock_status":"instock","bundle_stock_quantity":null,"bundle_virtual":false,"bundle_layout":"","bundle_add_to_cart_form_location":"","bundle_editable_in_cart":false,"bundle_sold_individually_context":"","bundle_item_grouping":"","bundle_min_size":"","bundle_max_size":"","bundle_price":[],"bundled_items":[],"bundle_sell_ids":[],"acf":[],"yoast_head":"<!-- This site is optimized with the Yoast SEO plugin v26.9 - https:\/\/yoast.com\/product\/yoast-seo-wordpress\/ -->\n<title>St-Feuillien Belgian Coast IPA 12 x 33 cl - Brasserie St-Feuillien<\/title>\n<meta name=\"robots\" content=\"index, follow, max-snippet:-1, max-image-preview:large, max-video-preview:-1\" \/>\n<link rel=\"canonical\" href=\"https:\/\/st-feuillien.com\/en\/products\/st-feuillien-belgian-coast-ipa-33-cl\/\" \/>\n<meta property=\"og:locale\" content=\"en_US\" \/>\n<meta property=\"og:type\" content=\"article\" \/>\n<meta property=\"og:title\" content=\"St-Feuillien Belgian Coast IPA 12 x 33 cl - Brasserie St-Feuillien\" \/>\n<meta property=\"og:description\" content=\"St-Feuillien Belgian Coast is a light IPA, dark golden in colour with subtle hints of orange and a firm, white head. Belgian Coast IPA boasts an unrivalled range of aromas. The main one comes from hops in all its forms. It has a complex character, with fruity, citrus notes alongside floral and herbal flavours with &hellip; Continued\" \/>\n<meta property=\"og:url\" content=\"https:\/\/st-feuillien.com\/en\/products\/st-feuillien-belgian-coast-ipa-33-cl\/\" \/>\n<meta property=\"og:site_name\" content=\"Brasserie St-Feuillien\" \/>\n<meta property=\"article:publisher\" content=\"https:\/\/www.facebook.com\/stfeuillien\" \/>\n<meta property=\"article:modified_time\" content=\"2025-02-28T08:11:07+00:00\" \/>\n<meta property=\"og:image\" content=\"https:\/\/st-feuillien.com\/app\/uploads\/2022\/11\/FB-clifflucasphoto-BIPA33.jpg\" \/>\n\t<meta property=\"og:image:width\" content=\"960\" \/>\n\t<meta property=\"og:image:height\" content=\"1200\" \/>\n\t<meta property=\"og:image:type\" content=\"image\/jpeg\" \/>\n<meta name=\"twitter:card\" content=\"summary_large_image\" \/>\n<meta name=\"twitter:label1\" content=\"Est. reading time\" \/>\n\t<meta name=\"twitter:data1\" content=\"2 minutes\" \/>\n<script type=\"application\/ld+json\" class=\"yoast-schema-graph\">{\"@context\":\"https:\/\/schema.org\",\"@graph\":[{\"@type\":\"WebPage\",\"@id\":\"https:\/\/st-feuillien.com\/en\/products\/st-feuillien-belgian-coast-ipa-33-cl\/\",\"url\":\"https:\/\/st-feuillien.com\/en\/products\/st-feuillien-belgian-coast-ipa-33-cl\/\",\"name\":\"St-Feuillien Belgian Coast IPA 12 x 33 cl - Brasserie St-Feuillien\",\"isPartOf\":{\"@id\":\"https:\/\/st-feuillien.com\/en\/#website\"},\"primaryImageOfPage\":{\"@id\":\"https:\/\/st-feuillien.com\/en\/products\/st-feuillien-belgian-coast-ipa-33-cl\/#primaryimage\"},\"image\":{\"@id\":\"https:\/\/st-feuillien.com\/en\/products\/st-feuillien-belgian-coast-ipa-33-cl\/#primaryimage\"},\"thumbnailUrl\":\"https:\/\/st-feuillien.com\/app\/uploads\/2022\/11\/FB-clifflucasphoto-BIPA33.jpg\",\"datePublished\":\"2022-11-07T15:41:35+00:00\",\"dateModified\":\"2025-02-28T08:11:07+00:00\",\"breadcrumb\":{\"@id\":\"https:\/\/st-feuillien.com\/en\/products\/st-feuillien-belgian-coast-ipa-33-cl\/#breadcrumb\"},\"inLanguage\":\"en-US\",\"potentialAction\":[{\"@type\":\"ReadAction\",\"target\":[\"https:\/\/st-feuillien.com\/en\/products\/st-feuillien-belgian-coast-ipa-33-cl\/\"]}]},{\"@type\":\"ImageObject\",\"inLanguage\":\"en-US\",\"@id\":\"https:\/\/st-feuillien.com\/en\/products\/st-feuillien-belgian-coast-ipa-33-cl\/#primaryimage\",\"url\":\"https:\/\/st-feuillien.com\/app\/uploads\/2022\/11\/FB-clifflucasphoto-BIPA33.jpg\",\"contentUrl\":\"https:\/\/st-feuillien.com\/app\/uploads\/2022\/11\/FB-clifflucasphoto-BIPA33.jpg\",\"width\":960,\"height\":1200},{\"@type\":\"BreadcrumbList\",\"@id\":\"https:\/\/st-feuillien.com\/en\/products\/st-feuillien-belgian-coast-ipa-33-cl\/#breadcrumb\",\"itemListElement\":[{\"@type\":\"ListItem\",\"position\":1,\"name\":\"\",\"item\":\"https:\/\/st-feuillien.com\/en\/\"},{\"@type\":\"ListItem\",\"position\":2,\"name\":\"St-Feuillien shop\",\"item\":\"https:\/\/st-feuillien.com\/en\/shop\/\"},{\"@type\":\"ListItem\",\"position\":3,\"name\":\"St-Feuillien Belgian Coast IPA 12 x 33 cl\"}]},{\"@type\":\"WebSite\",\"@id\":\"https:\/\/st-feuillien.com\/en\/#website\",\"url\":\"https:\/\/st-feuillien.com\/en\/\",\"name\":\"Brasserie St-Feuillien\",\"description\":\"La Brasserie St. Feuillien est une brasserie belge au Roeulx, en Belgique, qui a \u00e9t\u00e9 fond\u00e9e en 1873. La brasserie, qui fabrique de la bi\u00e8re de style abbaye, a \u00e9t\u00e9 exploit\u00e9e par la famille Friart tout ce temps\",\"publisher\":{\"@id\":\"https:\/\/st-feuillien.com\/en\/#organization\"},\"potentialAction\":[{\"@type\":\"SearchAction\",\"target\":{\"@type\":\"EntryPoint\",\"urlTemplate\":\"https:\/\/st-feuillien.com\/en\/?s={search_term_string}\"},\"query-input\":{\"@type\":\"PropertyValueSpecification\",\"valueRequired\":true,\"valueName\":\"search_term_string\"}}],\"inLanguage\":\"en-US\"},{\"@type\":\"Organization\",\"@id\":\"https:\/\/st-feuillien.com\/en\/#organization\",\"name\":\"St Feuillien\",\"url\":\"https:\/\/st-feuillien.com\/en\/\",\"logo\":{\"@type\":\"ImageObject\",\"inLanguage\":\"en-US\",\"@id\":\"https:\/\/st-feuillien.com\/en\/#\/schema\/logo\/image\/\",\"url\":\"https:\/\/st-feuillien.com\/app\/uploads\/2023\/01\/Logo-st-feuillien-1.svg\",\"contentUrl\":\"https:\/\/st-feuillien.com\/app\/uploads\/2023\/01\/Logo-st-feuillien-1.svg\",\"width\":165,\"height\":122,\"caption\":\"St Feuillien\"},\"image\":{\"@id\":\"https:\/\/st-feuillien.com\/en\/#\/schema\/logo\/image\/\"},\"sameAs\":[\"https:\/\/www.facebook.com\/stfeuillien\"]}]}<\/script>\n<!-- \/ Yoast SEO plugin. -->","yoast_head_json":{"title":"St-Feuillien Belgian Coast IPA 12 x 33 cl - Brasserie St-Feuillien","robots":{"index":"index","follow":"follow","max-snippet":"max-snippet:-1","max-image-preview":"max-image-preview:large","max-video-preview":"max-video-preview:-1"},"canonical":"https:\/\/st-feuillien.com\/en\/products\/st-feuillien-belgian-coast-ipa-33-cl\/","og_locale":"en_US","og_type":"article","og_title":"St-Feuillien Belgian Coast IPA 12 x 33 cl - Brasserie St-Feuillien","og_description":"St-Feuillien Belgian Coast is a light IPA, dark golden in colour with subtle hints of orange and a firm, white head. Belgian Coast IPA boasts an unrivalled range of aromas. The main one comes from hops in all its forms. It has a complex character, with fruity, citrus notes alongside floral and herbal flavours with &hellip; Continued","og_url":"https:\/\/st-feuillien.com\/en\/products\/st-feuillien-belgian-coast-ipa-33-cl\/","og_site_name":"Brasserie St-Feuillien","article_publisher":"https:\/\/www.facebook.com\/stfeuillien","article_modified_time":"2025-02-28T08:11:07+00:00","og_image":[{"width":960,"height":1200,"url":"https:\/\/st-feuillien.com\/app\/uploads\/2022\/11\/FB-clifflucasphoto-BIPA33.jpg","type":"image\/jpeg"}],"twitter_card":"summary_large_image","twitter_misc":{"Est. reading time":"2 minutes"},"schema":{"@context":"https:\/\/schema.org","@graph":[{"@type":"WebPage","@id":"https:\/\/st-feuillien.com\/en\/products\/st-feuillien-belgian-coast-ipa-33-cl\/","url":"https:\/\/st-feuillien.com\/en\/products\/st-feuillien-belgian-coast-ipa-33-cl\/","name":"St-Feuillien Belgian Coast IPA 12 x 33 cl - Brasserie St-Feuillien","isPartOf":{"@id":"https:\/\/st-feuillien.com\/en\/#website"},"primaryImageOfPage":{"@id":"https:\/\/st-feuillien.com\/en\/products\/st-feuillien-belgian-coast-ipa-33-cl\/#primaryimage"},"image":{"@id":"https:\/\/st-feuillien.com\/en\/products\/st-feuillien-belgian-coast-ipa-33-cl\/#primaryimage"},"thumbnailUrl":"https:\/\/st-feuillien.com\/app\/uploads\/2022\/11\/FB-clifflucasphoto-BIPA33.jpg","datePublished":"2022-11-07T15:41:35+00:00","dateModified":"2025-02-28T08:11:07+00:00","breadcrumb":{"@id":"https:\/\/st-feuillien.com\/en\/products\/st-feuillien-belgian-coast-ipa-33-cl\/#breadcrumb"},"inLanguage":"en-US","potentialAction":[{"@type":"ReadAction","target":["https:\/\/st-feuillien.com\/en\/products\/st-feuillien-belgian-coast-ipa-33-cl\/"]}]},{"@type":"ImageObject","inLanguage":"en-US","@id":"https:\/\/st-feuillien.com\/en\/products\/st-feuillien-belgian-coast-ipa-33-cl\/#primaryimage","url":"https:\/\/st-feuillien.com\/app\/uploads\/2022\/11\/FB-clifflucasphoto-BIPA33.jpg","contentUrl":"https:\/\/st-feuillien.com\/app\/uploads\/2022\/11\/FB-clifflucasphoto-BIPA33.jpg","width":960,"height":1200},{"@type":"BreadcrumbList","@id":"https:\/\/st-feuillien.com\/en\/products\/st-feuillien-belgian-coast-ipa-33-cl\/#breadcrumb","itemListElement":[{"@type":"ListItem","position":1,"name":"","item":"https:\/\/st-feuillien.com\/en\/"},{"@type":"ListItem","position":2,"name":"St-Feuillien shop","item":"https:\/\/st-feuillien.com\/en\/shop\/"},{"@type":"ListItem","position":3,"name":"St-Feuillien Belgian Coast IPA 12 x 33 cl"}]},{"@type":"WebSite","@id":"https:\/\/st-feuillien.com\/en\/#website","url":"https:\/\/st-feuillien.com\/en\/","name":"Brasserie St-Feuillien","description":"La Brasserie St. Feuillien est une brasserie belge au Roeulx, en Belgique, qui a \u00e9t\u00e9 fond\u00e9e en 1873. La brasserie, qui fabrique de la bi\u00e8re de style abbaye, a \u00e9t\u00e9 exploit\u00e9e par la famille Friart tout ce temps","publisher":{"@id":"https:\/\/st-feuillien.com\/en\/#organization"},"potentialAction":[{"@type":"SearchAction","target":{"@type":"EntryPoint","urlTemplate":"https:\/\/st-feuillien.com\/en\/?s={search_term_string}"},"query-input":{"@type":"PropertyValueSpecification","valueRequired":true,"valueName":"search_term_string"}}],"inLanguage":"en-US"},{"@type":"Organization","@id":"https:\/\/st-feuillien.com\/en\/#organization","name":"St Feuillien","url":"https:\/\/st-feuillien.com\/en\/","logo":{"@type":"ImageObject","inLanguage":"en-US","@id":"https:\/\/st-feuillien.com\/en\/#\/schema\/logo\/image\/","url":"https:\/\/st-feuillien.com\/app\/uploads\/2023\/01\/Logo-st-feuillien-1.svg","contentUrl":"https:\/\/st-feuillien.com\/app\/uploads\/2023\/01\/Logo-st-feuillien-1.svg","width":165,"height":122,"caption":"St Feuillien"},"image":{"@id":"https:\/\/st-feuillien.com\/en\/#\/schema\/logo\/image\/"},"sameAs":["https:\/\/www.facebook.com\/stfeuillien"]}]}},"_links":{"self":[{"href":"https:\/\/st-feuillien.com\/en\/wp-json\/wp\/v2\/product\/7795","targetHints":{"allow":["GET"]}}],"collection":[{"href":"https:\/\/st-feuillien.com\/en\/wp-json\/wp\/v2\/product"}],"about":[{"href":"https:\/\/st-feuillien.com\/en\/wp-json\/wp\/v2\/types\/product"}],"wp:featuredmedia":[{"embeddable":true,"href":"https:\/\/st-feuillien.com\/en\/wp-json\/wp\/v2\/media\/1112"}],"wp:attachment":[{"href":"https:\/\/st-feuillien.com\/en\/wp-json\/wp\/v2\/media?parent=7795"}],"wp:term":[{"taxonomy":"product_brand","embeddable":true,"href":"https:\/\/st-feuillien.com\/en\/wp-json\/wp\/v2\/product_brand?post=7795"},{"taxonomy":"product_cat","embeddable":true,"href":"https:\/\/st-feuillien.com\/en\/wp-json\/wp\/v2\/product_cat?post=7795"},{"taxonomy":"product_tag","embeddable":true,"href":"https:\/\/st-feuillien.com\/en\/wp-json\/wp\/v2\/product_tag?post=7795"}],"curies":[{"name":"wp","href":"https:\/\/api.w.org\/{rel}","templated":true}]}}