{"id":7802,"date":"2022-11-08T13:50:26","date_gmt":"2022-11-08T12:50:26","guid":{"rendered":"https:\/\/st-feuillien.com\/?post_type=product&#038;p=7802"},"modified":"2024-11-27T17:37:58","modified_gmt":"2024-11-27T16:37:58","slug":"grisette-citra-hop-25-cl","status":"publish","type":"product","link":"https:\/\/st-feuillien.com\/en\/products\/grisette-citra-hop-25-cl\/","title":{"rendered":"Grisette CITRA\u00ae HOP BIO 12 x 25 cl"},"content":{"rendered":"<p>Belonging to the renowned family of Belgian Tripels, <strong>Grisette Citra\u00ae Hop Bio<\/strong> gluten-free is notable for the unique character of its aromas and flavours, produced through a rare combination of classicism and modernity. This top fermenting beer, which undergoes a secondary fermentation in the bottle, releases a subtle palette of citrus aromas,<br \/>\nthanks in part to the dry hopping of Citra hops. With its warm, golden blonde colour, it is clear and glistening. The head is fine and compact. Full of flavour and refreshing, this beer is suitable for every season. Like Grisette Blonde, it does not undergo any biochemical treatment and is certified organic and gluten-free.<br \/>\n<em>Alcohol level 8%<\/em><\/p>\n<p>&nbsp;<\/p>\n<p><img decoding=\"async\" src=\"https:\/\/st-feuillien.com\/app\/uploads\/2024\/11\/STF-Awards-Grisette-Triple-300x90.png\" alt=\"\" width=\"284\" height=\"85\" class=\"alignnone size-medium wp-image-10419\" srcset=\"https:\/\/st-feuillien.com\/app\/uploads\/2024\/11\/STF-Awards-Grisette-Triple-300x90.png 300w, https:\/\/st-feuillien.com\/app\/uploads\/2024\/11\/STF-Awards-Grisette-Triple-768x231.png 768w, https:\/\/st-feuillien.com\/app\/uploads\/2024\/11\/STF-Awards-Grisette-Triple-600x181.png 600w, https:\/\/st-feuillien.com\/app\/uploads\/2024\/11\/STF-Awards-Grisette-Triple.png 800w\" sizes=\"(max-width: 284px) 100vw, 284px\" \/><\/p>\n","protected":false},"excerpt":{"rendered":"<p>Belonging to the renowned family of Belgian Tripels, Grisette Citra\u00ae Hop Bio gluten-free is notable for the unique character of its aromas and flavours, produced through a rare combination of classicism and modernity. This top fermenting beer, which undergoes a secondary fermentation in the bottle, releases a subtle palette of citrus aromas, thanks in part &hellip; <a href=\"https:\/\/st-feuillien.com\/en\/products\/grisette-citra-hop-25-cl\/\">Continued<\/a><\/p>\n","protected":false},"featured_media":10416,"template":"","meta":{"_acf_changed":false,"inline_featured_image":false},"product_brand":[],"product_cat":[157,148,158],"product_tag":[],"class_list":{"0":"post-7802","1":"product","2":"type-product","3":"status-publish","4":"has-post-thumbnail","6":"product_cat-bio-en","7":"product_cat-blonde-en","8":"product_cat-glutenfree-en","10":"first","11":"instock","12":"taxable","13":"shipping-taxable","14":"purchasable","15":"product-type-simple"},"bundled_by":[],"bundle_stock_status":"instock","bundle_stock_quantity":null,"bundle_virtual":false,"bundle_layout":"","bundle_add_to_cart_form_location":"","bundle_editable_in_cart":false,"bundle_sold_individually_context":"","bundle_item_grouping":"","bundle_min_size":"","bundle_max_size":"","bundle_price":[],"bundled_items":[],"bundle_sell_ids":[],"acf":[],"yoast_head":"<!-- This site is optimized with the Yoast SEO plugin v26.9 - https:\/\/yoast.com\/product\/yoast-seo-wordpress\/ -->\n<title>Grisette CITRA\u00ae HOP BIO 12 x 25 cl - Brasserie St-Feuillien<\/title>\n<meta name=\"robots\" content=\"index, follow, max-snippet:-1, max-image-preview:large, max-video-preview:-1\" \/>\n<link rel=\"canonical\" href=\"https:\/\/st-feuillien.com\/en\/products\/grisette-citra-hop-25-cl\/\" \/>\n<meta property=\"og:locale\" content=\"en_US\" \/>\n<meta property=\"og:type\" content=\"article\" \/>\n<meta property=\"og:title\" content=\"Grisette CITRA\u00ae HOP BIO 12 x 25 cl - Brasserie St-Feuillien\" \/>\n<meta property=\"og:description\" content=\"Belonging to the renowned family of Belgian Tripels, Grisette Citra\u00ae Hop Bio gluten-free is notable for the unique character of its aromas and flavours, produced through a rare combination of classicism and modernity. This top fermenting beer, which undergoes a secondary fermentation in the bottle, releases a subtle palette of citrus aromas, thanks in part &hellip; Continued\" \/>\n<meta property=\"og:url\" content=\"https:\/\/st-feuillien.com\/en\/products\/grisette-citra-hop-25-cl\/\" \/>\n<meta property=\"og:site_name\" content=\"Brasserie St-Feuillien\" \/>\n<meta property=\"article:publisher\" content=\"https:\/\/www.facebook.com\/stfeuillien\" \/>\n<meta property=\"article:modified_time\" content=\"2024-11-27T16:37:58+00:00\" \/>\n<meta property=\"og:image\" content=\"https:\/\/st-feuillien.com\/app\/uploads\/2024\/11\/GrisetteCitraBBC2024.jpg\" \/>\n\t<meta property=\"og:image:width\" content=\"800\" \/>\n\t<meta property=\"og:image:height\" content=\"1000\" \/>\n\t<meta property=\"og:image:type\" content=\"image\/jpeg\" \/>\n<meta name=\"twitter:card\" content=\"summary_large_image\" \/>\n<meta name=\"twitter:label1\" content=\"Est. reading time\" \/>\n\t<meta name=\"twitter:data1\" content=\"1 minute\" \/>\n<script type=\"application\/ld+json\" class=\"yoast-schema-graph\">{\"@context\":\"https:\/\/schema.org\",\"@graph\":[{\"@type\":\"WebPage\",\"@id\":\"https:\/\/st-feuillien.com\/en\/products\/grisette-citra-hop-25-cl\/\",\"url\":\"https:\/\/st-feuillien.com\/en\/products\/grisette-citra-hop-25-cl\/\",\"name\":\"Grisette CITRA\u00ae HOP BIO 12 x 25 cl - Brasserie St-Feuillien\",\"isPartOf\":{\"@id\":\"https:\/\/st-feuillien.com\/en\/#website\"},\"primaryImageOfPage\":{\"@id\":\"https:\/\/st-feuillien.com\/en\/products\/grisette-citra-hop-25-cl\/#primaryimage\"},\"image\":{\"@id\":\"https:\/\/st-feuillien.com\/en\/products\/grisette-citra-hop-25-cl\/#primaryimage\"},\"thumbnailUrl\":\"https:\/\/st-feuillien.com\/app\/uploads\/2024\/11\/GrisetteCitraBBC2024.jpg\",\"datePublished\":\"2022-11-08T12:50:26+00:00\",\"dateModified\":\"2024-11-27T16:37:58+00:00\",\"breadcrumb\":{\"@id\":\"https:\/\/st-feuillien.com\/en\/products\/grisette-citra-hop-25-cl\/#breadcrumb\"},\"inLanguage\":\"en-US\",\"potentialAction\":[{\"@type\":\"ReadAction\",\"target\":[\"https:\/\/st-feuillien.com\/en\/products\/grisette-citra-hop-25-cl\/\"]}]},{\"@type\":\"ImageObject\",\"inLanguage\":\"en-US\",\"@id\":\"https:\/\/st-feuillien.com\/en\/products\/grisette-citra-hop-25-cl\/#primaryimage\",\"url\":\"https:\/\/st-feuillien.com\/app\/uploads\/2024\/11\/GrisetteCitraBBC2024.jpg\",\"contentUrl\":\"https:\/\/st-feuillien.com\/app\/uploads\/2024\/11\/GrisetteCitraBBC2024.jpg\",\"width\":800,\"height\":1000,\"caption\":\"GrisetteCitra BBC 2024\"},{\"@type\":\"BreadcrumbList\",\"@id\":\"https:\/\/st-feuillien.com\/en\/products\/grisette-citra-hop-25-cl\/#breadcrumb\",\"itemListElement\":[{\"@type\":\"ListItem\",\"position\":1,\"name\":\"\",\"item\":\"https:\/\/st-feuillien.com\/en\/\"},{\"@type\":\"ListItem\",\"position\":2,\"name\":\"St-Feuillien shop\",\"item\":\"https:\/\/st-feuillien.com\/en\/shop\/\"},{\"@type\":\"ListItem\",\"position\":3,\"name\":\"Grisette CITRA\u00ae HOP BIO 12 x 25 cl\"}]},{\"@type\":\"WebSite\",\"@id\":\"https:\/\/st-feuillien.com\/en\/#website\",\"url\":\"https:\/\/st-feuillien.com\/en\/\",\"name\":\"Brasserie St-Feuillien\",\"description\":\"La Brasserie St. Feuillien est une brasserie belge au Roeulx, en Belgique, qui a \u00e9t\u00e9 fond\u00e9e en 1873. La brasserie, qui fabrique de la bi\u00e8re de style abbaye, a \u00e9t\u00e9 exploit\u00e9e par la famille Friart tout ce temps\",\"publisher\":{\"@id\":\"https:\/\/st-feuillien.com\/en\/#organization\"},\"potentialAction\":[{\"@type\":\"SearchAction\",\"target\":{\"@type\":\"EntryPoint\",\"urlTemplate\":\"https:\/\/st-feuillien.com\/en\/?s={search_term_string}\"},\"query-input\":{\"@type\":\"PropertyValueSpecification\",\"valueRequired\":true,\"valueName\":\"search_term_string\"}}],\"inLanguage\":\"en-US\"},{\"@type\":\"Organization\",\"@id\":\"https:\/\/st-feuillien.com\/en\/#organization\",\"name\":\"St Feuillien\",\"url\":\"https:\/\/st-feuillien.com\/en\/\",\"logo\":{\"@type\":\"ImageObject\",\"inLanguage\":\"en-US\",\"@id\":\"https:\/\/st-feuillien.com\/en\/#\/schema\/logo\/image\/\",\"url\":\"https:\/\/st-feuillien.com\/app\/uploads\/2023\/01\/Logo-st-feuillien-1.svg\",\"contentUrl\":\"https:\/\/st-feuillien.com\/app\/uploads\/2023\/01\/Logo-st-feuillien-1.svg\",\"width\":165,\"height\":122,\"caption\":\"St Feuillien\"},\"image\":{\"@id\":\"https:\/\/st-feuillien.com\/en\/#\/schema\/logo\/image\/\"},\"sameAs\":[\"https:\/\/www.facebook.com\/stfeuillien\"]}]}<\/script>\n<!-- \/ Yoast SEO plugin. -->","yoast_head_json":{"title":"Grisette CITRA\u00ae HOP BIO 12 x 25 cl - Brasserie St-Feuillien","robots":{"index":"index","follow":"follow","max-snippet":"max-snippet:-1","max-image-preview":"max-image-preview:large","max-video-preview":"max-video-preview:-1"},"canonical":"https:\/\/st-feuillien.com\/en\/products\/grisette-citra-hop-25-cl\/","og_locale":"en_US","og_type":"article","og_title":"Grisette CITRA\u00ae HOP BIO 12 x 25 cl - Brasserie St-Feuillien","og_description":"Belonging to the renowned family of Belgian Tripels, Grisette Citra\u00ae Hop Bio gluten-free is notable for the unique character of its aromas and flavours, produced through a rare combination of classicism and modernity. This top fermenting beer, which undergoes a secondary fermentation in the bottle, releases a subtle palette of citrus aromas, thanks in part &hellip; Continued","og_url":"https:\/\/st-feuillien.com\/en\/products\/grisette-citra-hop-25-cl\/","og_site_name":"Brasserie St-Feuillien","article_publisher":"https:\/\/www.facebook.com\/stfeuillien","article_modified_time":"2024-11-27T16:37:58+00:00","og_image":[{"width":800,"height":1000,"url":"https:\/\/st-feuillien.com\/app\/uploads\/2024\/11\/GrisetteCitraBBC2024.jpg","type":"image\/jpeg"}],"twitter_card":"summary_large_image","twitter_misc":{"Est. reading time":"1 minute"},"schema":{"@context":"https:\/\/schema.org","@graph":[{"@type":"WebPage","@id":"https:\/\/st-feuillien.com\/en\/products\/grisette-citra-hop-25-cl\/","url":"https:\/\/st-feuillien.com\/en\/products\/grisette-citra-hop-25-cl\/","name":"Grisette CITRA\u00ae HOP BIO 12 x 25 cl - Brasserie St-Feuillien","isPartOf":{"@id":"https:\/\/st-feuillien.com\/en\/#website"},"primaryImageOfPage":{"@id":"https:\/\/st-feuillien.com\/en\/products\/grisette-citra-hop-25-cl\/#primaryimage"},"image":{"@id":"https:\/\/st-feuillien.com\/en\/products\/grisette-citra-hop-25-cl\/#primaryimage"},"thumbnailUrl":"https:\/\/st-feuillien.com\/app\/uploads\/2024\/11\/GrisetteCitraBBC2024.jpg","datePublished":"2022-11-08T12:50:26+00:00","dateModified":"2024-11-27T16:37:58+00:00","breadcrumb":{"@id":"https:\/\/st-feuillien.com\/en\/products\/grisette-citra-hop-25-cl\/#breadcrumb"},"inLanguage":"en-US","potentialAction":[{"@type":"ReadAction","target":["https:\/\/st-feuillien.com\/en\/products\/grisette-citra-hop-25-cl\/"]}]},{"@type":"ImageObject","inLanguage":"en-US","@id":"https:\/\/st-feuillien.com\/en\/products\/grisette-citra-hop-25-cl\/#primaryimage","url":"https:\/\/st-feuillien.com\/app\/uploads\/2024\/11\/GrisetteCitraBBC2024.jpg","contentUrl":"https:\/\/st-feuillien.com\/app\/uploads\/2024\/11\/GrisetteCitraBBC2024.jpg","width":800,"height":1000,"caption":"GrisetteCitra BBC 2024"},{"@type":"BreadcrumbList","@id":"https:\/\/st-feuillien.com\/en\/products\/grisette-citra-hop-25-cl\/#breadcrumb","itemListElement":[{"@type":"ListItem","position":1,"name":"","item":"https:\/\/st-feuillien.com\/en\/"},{"@type":"ListItem","position":2,"name":"St-Feuillien shop","item":"https:\/\/st-feuillien.com\/en\/shop\/"},{"@type":"ListItem","position":3,"name":"Grisette CITRA\u00ae HOP BIO 12 x 25 cl"}]},{"@type":"WebSite","@id":"https:\/\/st-feuillien.com\/en\/#website","url":"https:\/\/st-feuillien.com\/en\/","name":"Brasserie St-Feuillien","description":"La Brasserie St. Feuillien est une brasserie belge au Roeulx, en Belgique, qui a \u00e9t\u00e9 fond\u00e9e en 1873. La brasserie, qui fabrique de la bi\u00e8re de style abbaye, a \u00e9t\u00e9 exploit\u00e9e par la famille Friart tout ce temps","publisher":{"@id":"https:\/\/st-feuillien.com\/en\/#organization"},"potentialAction":[{"@type":"SearchAction","target":{"@type":"EntryPoint","urlTemplate":"https:\/\/st-feuillien.com\/en\/?s={search_term_string}"},"query-input":{"@type":"PropertyValueSpecification","valueRequired":true,"valueName":"search_term_string"}}],"inLanguage":"en-US"},{"@type":"Organization","@id":"https:\/\/st-feuillien.com\/en\/#organization","name":"St Feuillien","url":"https:\/\/st-feuillien.com\/en\/","logo":{"@type":"ImageObject","inLanguage":"en-US","@id":"https:\/\/st-feuillien.com\/en\/#\/schema\/logo\/image\/","url":"https:\/\/st-feuillien.com\/app\/uploads\/2023\/01\/Logo-st-feuillien-1.svg","contentUrl":"https:\/\/st-feuillien.com\/app\/uploads\/2023\/01\/Logo-st-feuillien-1.svg","width":165,"height":122,"caption":"St Feuillien"},"image":{"@id":"https:\/\/st-feuillien.com\/en\/#\/schema\/logo\/image\/"},"sameAs":["https:\/\/www.facebook.com\/stfeuillien"]}]}},"_links":{"self":[{"href":"https:\/\/st-feuillien.com\/en\/wp-json\/wp\/v2\/product\/7802","targetHints":{"allow":["GET"]}}],"collection":[{"href":"https:\/\/st-feuillien.com\/en\/wp-json\/wp\/v2\/product"}],"about":[{"href":"https:\/\/st-feuillien.com\/en\/wp-json\/wp\/v2\/types\/product"}],"wp:featuredmedia":[{"embeddable":true,"href":"https:\/\/st-feuillien.com\/en\/wp-json\/wp\/v2\/media\/10416"}],"wp:attachment":[{"href":"https:\/\/st-feuillien.com\/en\/wp-json\/wp\/v2\/media?parent=7802"}],"wp:term":[{"taxonomy":"product_brand","embeddable":true,"href":"https:\/\/st-feuillien.com\/en\/wp-json\/wp\/v2\/product_brand?post=7802"},{"taxonomy":"product_cat","embeddable":true,"href":"https:\/\/st-feuillien.com\/en\/wp-json\/wp\/v2\/product_cat?post=7802"},{"taxonomy":"product_tag","embeddable":true,"href":"https:\/\/st-feuillien.com\/en\/wp-json\/wp\/v2\/product_tag?post=7802"}],"curies":[{"name":"wp","href":"https:\/\/api.w.org\/{rel}","templated":true}]}}