{"id":8946,"date":"2024-04-09T16:06:13","date_gmt":"2024-04-09T14:06:13","guid":{"rendered":"https:\/\/st-feuillien.com\/?post_type=product&#038;p=8946"},"modified":"2026-02-26T07:22:26","modified_gmt":"2026-02-26T06:22:26","slug":"st-feuillien-blonde-6-x-75-cl-ducasse-mons","status":"publish","type":"product","link":"https:\/\/st-feuillien.com\/en\/products\/st-feuillien-blonde-6-x-75-cl-ducasse-mons\/","title":{"rendered":"St-Feuillien Blonde 6 x 75 cl &#8211; Limited edition Ducasse de Mons"},"content":{"rendered":"<p>Although located &#8220;outside the walls,&#8221; the<strong> St-Feuillien<\/strong> Brewery has been an intrinsic part of the brewing landscape of Mons for many years. Closely linked to the local tradition and folklore, it is in Mons that the <strong>St-Feuillien<\/strong> Blonde truly took off more than half a century ago. Quickly adopted by the people of Mons, this golden beer, known for its refreshing taste, with flavors of citrus and spices, subtly hopped, has become an indispensable part of the Doudou festivities. Refermented in an exclusive bottle, the <strong>St-Feuillien<\/strong> Blonde today embodies the symbolism of one of the highlights of the Ducasse de Mons, reflecting the Brewery <strong>St-Feuillien&#8217;s<\/strong> attachment to this ancestral ritual.<\/p>\n<p>Limited edition 2024.<\/p>\n<p>This light ale has a deep golden colour with a smooth, frothy head. It is very perfumed with an unmistakable hint of aromatic hops and a fruity (citrus) note from the<br \/>\nspices used in production. The body has an intense yet distinctive bitterness and a strong malty taste which is a delight to the palate. The overall effect, however, is a slight dryness and hoppiness. All these features make it an excellent and very drinkable beer.<\/p>\n<p><em><span style=\"font-size: 12pt;\">Alcohol level 7.5%<\/span><\/em><\/p>\n<p><img decoding=\"async\" class=\"alignnone wp-image-7640 size-full\" src=\"https:\/\/st-feuillien.com\/app\/uploads\/2023\/10\/Logo_medailles-STF-blonde.png\" alt=\"\" width=\"800\" height=\"241\" srcset=\"https:\/\/st-feuillien.com\/app\/uploads\/2023\/10\/Logo_medailles-STF-blonde.png 800w, https:\/\/st-feuillien.com\/app\/uploads\/2023\/10\/Logo_medailles-STF-blonde-600x181.png 600w, https:\/\/st-feuillien.com\/app\/uploads\/2023\/10\/Logo_medailles-STF-blonde-300x90.png 300w, https:\/\/st-feuillien.com\/app\/uploads\/2023\/10\/Logo_medailles-STF-blonde-768x231.png 768w\" sizes=\"(max-width: 800px) 100vw, 800px\" \/><\/p>\n<p>&nbsp;<\/p>\n<p>&nbsp;<\/p>\n","protected":false},"excerpt":{"rendered":"<p>Although located &#8220;outside the walls,&#8221; the St-Feuillien Brewery has been an intrinsic part of the brewing landscape of Mons for many years. Closely linked to the local tradition and folklore, it is in Mons that the St-Feuillien Blonde truly took off more than half a century ago. Quickly adopted by the people of Mons, this &hellip; <a href=\"https:\/\/st-feuillien.com\/en\/products\/st-feuillien-blonde-6-x-75-cl-ducasse-mons\/\">Continued<\/a><\/p>\n","protected":false},"featured_media":8849,"template":"","meta":{"_acf_changed":false,"inline_featured_image":false},"product_brand":[],"product_cat":[147,148,206],"product_tag":[],"class_list":{"0":"post-8946","1":"product","2":"type-product","3":"status-publish","4":"has-post-thumbnail","6":"product_cat-abbey-en","7":"product_cat-blonde-en","8":"product_cat-ducasse-de-mons-en","10":"first","11":"instock","12":"taxable","13":"shipping-taxable","14":"purchasable","15":"product-type-simple"},"bundled_by":[],"bundle_stock_status":"instock","bundle_stock_quantity":61,"bundle_virtual":false,"bundle_layout":"","bundle_add_to_cart_form_location":"","bundle_editable_in_cart":false,"bundle_sold_individually_context":"","bundle_item_grouping":"","bundle_min_size":"","bundle_max_size":"","bundle_price":[],"bundled_items":[],"bundle_sell_ids":[],"acf":[],"yoast_head":"<!-- This site is optimized with the Yoast SEO plugin v26.9 - https:\/\/yoast.com\/product\/yoast-seo-wordpress\/ -->\n<title>St-Feuillien Blonde 6 x 75 cl - Limited edition Ducasse de Mons - Brasserie St-Feuillien<\/title>\n<meta name=\"robots\" content=\"index, follow, max-snippet:-1, max-image-preview:large, max-video-preview:-1\" \/>\n<link rel=\"canonical\" href=\"https:\/\/st-feuillien.com\/en\/products\/st-feuillien-blonde-6-x-75-cl-ducasse-mons\/\" \/>\n<meta property=\"og:locale\" content=\"en_US\" \/>\n<meta property=\"og:type\" content=\"article\" \/>\n<meta property=\"og:title\" content=\"St-Feuillien Blonde 6 x 75 cl - Limited edition Ducasse de Mons - Brasserie St-Feuillien\" \/>\n<meta property=\"og:description\" content=\"Although located &#8220;outside the walls,&#8221; the St-Feuillien Brewery has been an intrinsic part of the brewing landscape of Mons for many years. Closely linked to the local tradition and folklore, it is in Mons that the St-Feuillien Blonde truly took off more than half a century ago. Quickly adopted by the people of Mons, this &hellip; Continued\" \/>\n<meta property=\"og:url\" content=\"https:\/\/st-feuillien.com\/en\/products\/st-feuillien-blonde-6-x-75-cl-ducasse-mons\/\" \/>\n<meta property=\"og:site_name\" content=\"Brasserie St-Feuillien\" \/>\n<meta property=\"article:publisher\" content=\"https:\/\/www.facebook.com\/stfeuillien\" \/>\n<meta property=\"article:modified_time\" content=\"2026-02-26T06:22:26+00:00\" \/>\n<meta property=\"og:image\" content=\"https:\/\/st-feuillien.com\/app\/uploads\/2024\/03\/STF-Caisse-Doudou-75cl-800x800-1.jpg\" \/>\n\t<meta property=\"og:image:width\" content=\"800\" \/>\n\t<meta property=\"og:image:height\" content=\"800\" \/>\n\t<meta property=\"og:image:type\" content=\"image\/jpeg\" \/>\n<meta name=\"twitter:card\" content=\"summary_large_image\" \/>\n<meta name=\"twitter:label1\" content=\"Est. reading time\" \/>\n\t<meta name=\"twitter:data1\" content=\"2 minutes\" \/>\n<script type=\"application\/ld+json\" class=\"yoast-schema-graph\">{\"@context\":\"https:\/\/schema.org\",\"@graph\":[{\"@type\":\"WebPage\",\"@id\":\"https:\/\/st-feuillien.com\/en\/products\/st-feuillien-blonde-6-x-75-cl-ducasse-mons\/\",\"url\":\"https:\/\/st-feuillien.com\/en\/products\/st-feuillien-blonde-6-x-75-cl-ducasse-mons\/\",\"name\":\"St-Feuillien Blonde 6 x 75 cl - Limited edition Ducasse de Mons - Brasserie St-Feuillien\",\"isPartOf\":{\"@id\":\"https:\/\/st-feuillien.com\/en\/#website\"},\"primaryImageOfPage\":{\"@id\":\"https:\/\/st-feuillien.com\/en\/products\/st-feuillien-blonde-6-x-75-cl-ducasse-mons\/#primaryimage\"},\"image\":{\"@id\":\"https:\/\/st-feuillien.com\/en\/products\/st-feuillien-blonde-6-x-75-cl-ducasse-mons\/#primaryimage\"},\"thumbnailUrl\":\"https:\/\/st-feuillien.com\/app\/uploads\/2024\/03\/STF-Caisse-Doudou-75cl-800x800-1.jpg\",\"datePublished\":\"2024-04-09T14:06:13+00:00\",\"dateModified\":\"2026-02-26T06:22:26+00:00\",\"breadcrumb\":{\"@id\":\"https:\/\/st-feuillien.com\/en\/products\/st-feuillien-blonde-6-x-75-cl-ducasse-mons\/#breadcrumb\"},\"inLanguage\":\"en-US\",\"potentialAction\":[{\"@type\":\"ReadAction\",\"target\":[\"https:\/\/st-feuillien.com\/en\/products\/st-feuillien-blonde-6-x-75-cl-ducasse-mons\/\"]}]},{\"@type\":\"ImageObject\",\"inLanguage\":\"en-US\",\"@id\":\"https:\/\/st-feuillien.com\/en\/products\/st-feuillien-blonde-6-x-75-cl-ducasse-mons\/#primaryimage\",\"url\":\"https:\/\/st-feuillien.com\/app\/uploads\/2024\/03\/STF-Caisse-Doudou-75cl-800x800-1.jpg\",\"contentUrl\":\"https:\/\/st-feuillien.com\/app\/uploads\/2024\/03\/STF-Caisse-Doudou-75cl-800x800-1.jpg\",\"width\":800,\"height\":800},{\"@type\":\"BreadcrumbList\",\"@id\":\"https:\/\/st-feuillien.com\/en\/products\/st-feuillien-blonde-6-x-75-cl-ducasse-mons\/#breadcrumb\",\"itemListElement\":[{\"@type\":\"ListItem\",\"position\":1,\"name\":\"\",\"item\":\"https:\/\/st-feuillien.com\/en\/\"},{\"@type\":\"ListItem\",\"position\":2,\"name\":\"St-Feuillien shop\",\"item\":\"https:\/\/st-feuillien.com\/en\/shop\/\"},{\"@type\":\"ListItem\",\"position\":3,\"name\":\"St-Feuillien Blonde 6 x 75 cl &#8211; Limited edition Ducasse de Mons\"}]},{\"@type\":\"WebSite\",\"@id\":\"https:\/\/st-feuillien.com\/en\/#website\",\"url\":\"https:\/\/st-feuillien.com\/en\/\",\"name\":\"Brasserie St-Feuillien\",\"description\":\"La Brasserie St. Feuillien est une brasserie belge au Roeulx, en Belgique, qui a \u00e9t\u00e9 fond\u00e9e en 1873. La brasserie, qui fabrique de la bi\u00e8re de style abbaye, a \u00e9t\u00e9 exploit\u00e9e par la famille Friart tout ce temps\",\"publisher\":{\"@id\":\"https:\/\/st-feuillien.com\/en\/#organization\"},\"potentialAction\":[{\"@type\":\"SearchAction\",\"target\":{\"@type\":\"EntryPoint\",\"urlTemplate\":\"https:\/\/st-feuillien.com\/en\/?s={search_term_string}\"},\"query-input\":{\"@type\":\"PropertyValueSpecification\",\"valueRequired\":true,\"valueName\":\"search_term_string\"}}],\"inLanguage\":\"en-US\"},{\"@type\":\"Organization\",\"@id\":\"https:\/\/st-feuillien.com\/en\/#organization\",\"name\":\"St Feuillien\",\"url\":\"https:\/\/st-feuillien.com\/en\/\",\"logo\":{\"@type\":\"ImageObject\",\"inLanguage\":\"en-US\",\"@id\":\"https:\/\/st-feuillien.com\/en\/#\/schema\/logo\/image\/\",\"url\":\"https:\/\/st-feuillien.com\/app\/uploads\/2023\/01\/Logo-st-feuillien-1.svg\",\"contentUrl\":\"https:\/\/st-feuillien.com\/app\/uploads\/2023\/01\/Logo-st-feuillien-1.svg\",\"width\":165,\"height\":122,\"caption\":\"St Feuillien\"},\"image\":{\"@id\":\"https:\/\/st-feuillien.com\/en\/#\/schema\/logo\/image\/\"},\"sameAs\":[\"https:\/\/www.facebook.com\/stfeuillien\"]}]}<\/script>\n<!-- \/ Yoast SEO plugin. -->","yoast_head_json":{"title":"St-Feuillien Blonde 6 x 75 cl - Limited edition Ducasse de Mons - Brasserie St-Feuillien","robots":{"index":"index","follow":"follow","max-snippet":"max-snippet:-1","max-image-preview":"max-image-preview:large","max-video-preview":"max-video-preview:-1"},"canonical":"https:\/\/st-feuillien.com\/en\/products\/st-feuillien-blonde-6-x-75-cl-ducasse-mons\/","og_locale":"en_US","og_type":"article","og_title":"St-Feuillien Blonde 6 x 75 cl - Limited edition Ducasse de Mons - Brasserie St-Feuillien","og_description":"Although located &#8220;outside the walls,&#8221; the St-Feuillien Brewery has been an intrinsic part of the brewing landscape of Mons for many years. Closely linked to the local tradition and folklore, it is in Mons that the St-Feuillien Blonde truly took off more than half a century ago. Quickly adopted by the people of Mons, this &hellip; Continued","og_url":"https:\/\/st-feuillien.com\/en\/products\/st-feuillien-blonde-6-x-75-cl-ducasse-mons\/","og_site_name":"Brasserie St-Feuillien","article_publisher":"https:\/\/www.facebook.com\/stfeuillien","article_modified_time":"2026-02-26T06:22:26+00:00","og_image":[{"width":800,"height":800,"url":"https:\/\/st-feuillien.com\/app\/uploads\/2024\/03\/STF-Caisse-Doudou-75cl-800x800-1.jpg","type":"image\/jpeg"}],"twitter_card":"summary_large_image","twitter_misc":{"Est. reading time":"2 minutes"},"schema":{"@context":"https:\/\/schema.org","@graph":[{"@type":"WebPage","@id":"https:\/\/st-feuillien.com\/en\/products\/st-feuillien-blonde-6-x-75-cl-ducasse-mons\/","url":"https:\/\/st-feuillien.com\/en\/products\/st-feuillien-blonde-6-x-75-cl-ducasse-mons\/","name":"St-Feuillien Blonde 6 x 75 cl - Limited edition Ducasse de Mons - Brasserie St-Feuillien","isPartOf":{"@id":"https:\/\/st-feuillien.com\/en\/#website"},"primaryImageOfPage":{"@id":"https:\/\/st-feuillien.com\/en\/products\/st-feuillien-blonde-6-x-75-cl-ducasse-mons\/#primaryimage"},"image":{"@id":"https:\/\/st-feuillien.com\/en\/products\/st-feuillien-blonde-6-x-75-cl-ducasse-mons\/#primaryimage"},"thumbnailUrl":"https:\/\/st-feuillien.com\/app\/uploads\/2024\/03\/STF-Caisse-Doudou-75cl-800x800-1.jpg","datePublished":"2024-04-09T14:06:13+00:00","dateModified":"2026-02-26T06:22:26+00:00","breadcrumb":{"@id":"https:\/\/st-feuillien.com\/en\/products\/st-feuillien-blonde-6-x-75-cl-ducasse-mons\/#breadcrumb"},"inLanguage":"en-US","potentialAction":[{"@type":"ReadAction","target":["https:\/\/st-feuillien.com\/en\/products\/st-feuillien-blonde-6-x-75-cl-ducasse-mons\/"]}]},{"@type":"ImageObject","inLanguage":"en-US","@id":"https:\/\/st-feuillien.com\/en\/products\/st-feuillien-blonde-6-x-75-cl-ducasse-mons\/#primaryimage","url":"https:\/\/st-feuillien.com\/app\/uploads\/2024\/03\/STF-Caisse-Doudou-75cl-800x800-1.jpg","contentUrl":"https:\/\/st-feuillien.com\/app\/uploads\/2024\/03\/STF-Caisse-Doudou-75cl-800x800-1.jpg","width":800,"height":800},{"@type":"BreadcrumbList","@id":"https:\/\/st-feuillien.com\/en\/products\/st-feuillien-blonde-6-x-75-cl-ducasse-mons\/#breadcrumb","itemListElement":[{"@type":"ListItem","position":1,"name":"","item":"https:\/\/st-feuillien.com\/en\/"},{"@type":"ListItem","position":2,"name":"St-Feuillien shop","item":"https:\/\/st-feuillien.com\/en\/shop\/"},{"@type":"ListItem","position":3,"name":"St-Feuillien Blonde 6 x 75 cl &#8211; Limited edition Ducasse de Mons"}]},{"@type":"WebSite","@id":"https:\/\/st-feuillien.com\/en\/#website","url":"https:\/\/st-feuillien.com\/en\/","name":"Brasserie St-Feuillien","description":"La Brasserie St. Feuillien est une brasserie belge au Roeulx, en Belgique, qui a \u00e9t\u00e9 fond\u00e9e en 1873. La brasserie, qui fabrique de la bi\u00e8re de style abbaye, a \u00e9t\u00e9 exploit\u00e9e par la famille Friart tout ce temps","publisher":{"@id":"https:\/\/st-feuillien.com\/en\/#organization"},"potentialAction":[{"@type":"SearchAction","target":{"@type":"EntryPoint","urlTemplate":"https:\/\/st-feuillien.com\/en\/?s={search_term_string}"},"query-input":{"@type":"PropertyValueSpecification","valueRequired":true,"valueName":"search_term_string"}}],"inLanguage":"en-US"},{"@type":"Organization","@id":"https:\/\/st-feuillien.com\/en\/#organization","name":"St Feuillien","url":"https:\/\/st-feuillien.com\/en\/","logo":{"@type":"ImageObject","inLanguage":"en-US","@id":"https:\/\/st-feuillien.com\/en\/#\/schema\/logo\/image\/","url":"https:\/\/st-feuillien.com\/app\/uploads\/2023\/01\/Logo-st-feuillien-1.svg","contentUrl":"https:\/\/st-feuillien.com\/app\/uploads\/2023\/01\/Logo-st-feuillien-1.svg","width":165,"height":122,"caption":"St Feuillien"},"image":{"@id":"https:\/\/st-feuillien.com\/en\/#\/schema\/logo\/image\/"},"sameAs":["https:\/\/www.facebook.com\/stfeuillien"]}]}},"_links":{"self":[{"href":"https:\/\/st-feuillien.com\/en\/wp-json\/wp\/v2\/product\/8946","targetHints":{"allow":["GET"]}}],"collection":[{"href":"https:\/\/st-feuillien.com\/en\/wp-json\/wp\/v2\/product"}],"about":[{"href":"https:\/\/st-feuillien.com\/en\/wp-json\/wp\/v2\/types\/product"}],"wp:featuredmedia":[{"embeddable":true,"href":"https:\/\/st-feuillien.com\/en\/wp-json\/wp\/v2\/media\/8849"}],"wp:attachment":[{"href":"https:\/\/st-feuillien.com\/en\/wp-json\/wp\/v2\/media?parent=8946"}],"wp:term":[{"taxonomy":"product_brand","embeddable":true,"href":"https:\/\/st-feuillien.com\/en\/wp-json\/wp\/v2\/product_brand?post=8946"},{"taxonomy":"product_cat","embeddable":true,"href":"https:\/\/st-feuillien.com\/en\/wp-json\/wp\/v2\/product_cat?post=8946"},{"taxonomy":"product_tag","embeddable":true,"href":"https:\/\/st-feuillien.com\/en\/wp-json\/wp\/v2\/product_tag?post=8946"}],"curies":[{"name":"wp","href":"https:\/\/api.w.org\/{rel}","templated":true}]}}