{"id":11668,"date":"2025-09-25T15:33:13","date_gmt":"2025-09-25T13:33:13","guid":{"rendered":"https:\/\/st-feuillien.com\/?post_type=product&#038;p=11668"},"modified":"2025-09-27T10:38:00","modified_gmt":"2025-09-27T08:38:00","slug":"boek-st-feuillien-et-son-abbaye","status":"publish","type":"product","link":"https:\/\/st-feuillien.com\/nl\/product\/boek-st-feuillien-et-son-abbaye\/","title":{"rendered":"Boek SAINT FEUILLIEN ET SON ABBAYE"},"content":{"rendered":"<p><span style=\"font-size: 14pt;\">Boek SAINT FEUILLIEN ET SON ABBAYE<\/span><br \/>\n<strong>FRANSE VERSIE \u2013 Dit boek is uitsluitend beschikbaar in het Frans.<\/strong><\/p>\n<p>De herdenking van de 900e verjaardag van de stichting van de <strong>abdij van Saint-Feuillien<\/strong> biedt een uitgelezen kans om de spirituele, economische en sociale invloed te belichten die het klooster uitoefende op de stad Le Roeulx en haar regio, vanaf de oprichting in 1125 tot aan de opheffing na de Franse Revolutie. Dit ge\u00efllustreerde en gedocumenteerde werk vertelt de geschiedenis van de abdij en wil op getrouwe wijze het monastieke erfgoed doen herleven, evenals de organisatie en het beheer die bijna zes eeuwen lang door de orde der Norbertijnen werden vormgegeven. Vooraf wordt ingegaan op het uitzonderlijke levensverhaal van de Ierse monnik <strong>Feuillien<\/strong>, afkomstig uit Connemara, groot prediker en martelaar op onze Rhodische gronden bijna veertien eeuwen geleden.<\/p>\n<p><span style=\"font-size: 14pt;\">Over de auteur<\/span><\/p>\n<p><strong>Beno\u00eet Hautenauve<\/strong> was leraar, schooldirecteur, diocesaan inspecteur en later inspecteur van het pedagogisch continu\u00fcm. Naast zijn professionele verantwoordelijkheden koesterde hij altijd al een passie voor geschiedenis, wat hem ertoe bracht talrijke artikelen te schrijven en te publiceren in het tijdschrift van de Heemkundige Kring L\u00e9on Mabille van Le Roeulx. In 1997 schreef hij een monografie gewijd aan de laatste jaren van de voormalige <strong>abdij van Saint-Feuillien<\/strong> in Le Roeulx.<\/p>\n<p><span style=\"font-size: 14pt;\">Over Brouwerij St-Feuillien<\/span><\/p>\n<p>Sterk gehecht aan de geschiedenis van haar regio en de overdracht ervan, viert de <strong>Brouwerij St-Feuillien<\/strong>, die in 2023 haar 150-jarig bestaan vierde, nog steeds de naam en de erfenis van de abdij met haar uitzonderlijke bieren. Dit boek, in nauwe samenwerking met de auteur gerealiseerd, is een opmerkelijk eerbetoon aan dit erfgoed.<\/p>\n<p>Uitgever: Brasserie St-Feuillien SA, rue d\u2019Houdeng 220, 7070 Le Roeulx (Belgi\u00eb)<br \/>\nVerschijning: september 2025 \u2013 192 pagina\u2019s<br \/>\n<a href=\"http:\/\/www.abbaye-roeulx.be\/\">Meer informatie<\/a><\/p>\n","protected":false},"excerpt":{"rendered":"<p>Boek abdij Saint-Feuillien: ontdek de 900-jarige geschiedenis van het klooster in Le Roeulx, zijn erfgoed, architectuur en spirituele invloed.<\/p>\n","protected":false},"featured_media":11671,"template":"","meta":{"_acf_changed":false,"inline_featured_image":false},"product_brand":[],"product_cat":[144],"product_tag":[],"class_list":{"0":"post-11668","1":"product","2":"type-product","3":"status-publish","4":"has-post-thumbnail","6":"product_cat-abdij-nl","8":"first","9":"instock","10":"taxable","11":"shipping-taxable","12":"purchasable","13":"product-type-simple"},"bundled_by":[],"bundle_stock_status":"instock","bundle_stock_quantity":null,"bundle_virtual":false,"bundle_layout":"","bundle_add_to_cart_form_location":"","bundle_editable_in_cart":false,"bundle_sold_individually_context":"","bundle_item_grouping":"","bundle_min_size":"","bundle_max_size":"","bundle_price":[],"bundled_items":[],"bundle_sell_ids":[],"acf":[],"yoast_head":"<!-- This site is optimized with the Yoast SEO plugin v26.9 - https:\/\/yoast.com\/product\/yoast-seo-wordpress\/ -->\n<title>Boek SAINT FEUILLIEN ET SON ABBAYE - Brasserie St-Feuillien<\/title>\n<meta name=\"description\" content=\"Boek abdij Saint-Feuillien: ontdek de 900-jarige geschiedenis van het klooster in Le Roeulx, zijn erfgoed, architectuur en spirituele invloed.\" \/>\n<meta name=\"robots\" content=\"index, follow, max-snippet:-1, max-image-preview:large, max-video-preview:-1\" \/>\n<link rel=\"canonical\" href=\"https:\/\/st-feuillien.com\/nl\/product\/boek-st-feuillien-et-son-abbaye\/\" \/>\n<meta property=\"og:locale\" content=\"nl_NL\" \/>\n<meta property=\"og:type\" content=\"article\" \/>\n<meta property=\"og:title\" content=\"Boek SAINT FEUILLIEN ET SON ABBAYE - Brasserie St-Feuillien\" \/>\n<meta property=\"og:description\" content=\"Boek abdij Saint-Feuillien: ontdek de 900-jarige geschiedenis van het klooster in Le Roeulx, zijn erfgoed, architectuur en spirituele invloed.\" \/>\n<meta property=\"og:url\" content=\"https:\/\/st-feuillien.com\/nl\/product\/boek-st-feuillien-et-son-abbaye\/\" \/>\n<meta property=\"og:site_name\" content=\"Brasserie St-Feuillien\" \/>\n<meta property=\"article:publisher\" content=\"https:\/\/www.facebook.com\/stfeuillien\" \/>\n<meta property=\"article:modified_time\" content=\"2025-09-27T08:38:00+00:00\" \/>\n<meta property=\"og:image\" content=\"https:\/\/st-feuillien.com\/app\/uploads\/2025\/09\/STF-Livre-150ans-cover-complete-scaled.jpg\" \/>\n\t<meta property=\"og:image:width\" content=\"2077\" \/>\n\t<meta property=\"og:image:height\" content=\"2560\" \/>\n\t<meta property=\"og:image:type\" content=\"image\/jpeg\" \/>\n<meta name=\"twitter:card\" content=\"summary_large_image\" \/>\n<meta name=\"twitter:label1\" content=\"Est. reading time\" \/>\n\t<meta name=\"twitter:data1\" content=\"2 minutes\" \/>\n<script type=\"application\/ld+json\" class=\"yoast-schema-graph\">{\"@context\":\"https:\/\/schema.org\",\"@graph\":[{\"@type\":\"WebPage\",\"@id\":\"https:\/\/st-feuillien.com\/nl\/product\/boek-st-feuillien-et-son-abbaye\/\",\"url\":\"https:\/\/st-feuillien.com\/nl\/product\/boek-st-feuillien-et-son-abbaye\/\",\"name\":\"Boek SAINT FEUILLIEN ET SON ABBAYE - Brasserie St-Feuillien\",\"isPartOf\":{\"@id\":\"https:\/\/st-feuillien.com\/nl\/#website\"},\"primaryImageOfPage\":{\"@id\":\"https:\/\/st-feuillien.com\/nl\/product\/boek-st-feuillien-et-son-abbaye\/#primaryimage\"},\"image\":{\"@id\":\"https:\/\/st-feuillien.com\/nl\/product\/boek-st-feuillien-et-son-abbaye\/#primaryimage\"},\"thumbnailUrl\":\"https:\/\/st-feuillien.com\/app\/uploads\/2025\/09\/STF-Livre-150ans-cover-complete-scaled.jpg\",\"datePublished\":\"2025-09-25T13:33:13+00:00\",\"dateModified\":\"2025-09-27T08:38:00+00:00\",\"description\":\"Boek abdij Saint-Feuillien: ontdek de 900-jarige geschiedenis van het klooster in Le Roeulx, zijn erfgoed, architectuur en spirituele invloed.\",\"breadcrumb\":{\"@id\":\"https:\/\/st-feuillien.com\/nl\/product\/boek-st-feuillien-et-son-abbaye\/#breadcrumb\"},\"inLanguage\":\"nl-NL\",\"potentialAction\":[{\"@type\":\"ReadAction\",\"target\":[\"https:\/\/st-feuillien.com\/nl\/product\/boek-st-feuillien-et-son-abbaye\/\"]}]},{\"@type\":\"ImageObject\",\"inLanguage\":\"nl-NL\",\"@id\":\"https:\/\/st-feuillien.com\/nl\/product\/boek-st-feuillien-et-son-abbaye\/#primaryimage\",\"url\":\"https:\/\/st-feuillien.com\/app\/uploads\/2025\/09\/STF-Livre-150ans-cover-complete-scaled.jpg\",\"contentUrl\":\"https:\/\/st-feuillien.com\/app\/uploads\/2025\/09\/STF-Livre-150ans-cover-complete-scaled.jpg\",\"width\":2077,\"height\":2560},{\"@type\":\"BreadcrumbList\",\"@id\":\"https:\/\/st-feuillien.com\/nl\/product\/boek-st-feuillien-et-son-abbaye\/#breadcrumb\",\"itemListElement\":[{\"@type\":\"ListItem\",\"position\":1,\"name\":\"\",\"item\":\"https:\/\/st-feuillien.com\/nl\/\"},{\"@type\":\"ListItem\",\"position\":2,\"name\":\"St-Feuillien shop\",\"item\":\"https:\/\/st-feuillien.com\/nl\/shop\/\"},{\"@type\":\"ListItem\",\"position\":3,\"name\":\"Boek SAINT FEUILLIEN ET SON ABBAYE\"}]},{\"@type\":\"WebSite\",\"@id\":\"https:\/\/st-feuillien.com\/nl\/#website\",\"url\":\"https:\/\/st-feuillien.com\/nl\/\",\"name\":\"Brasserie St-Feuillien\",\"description\":\"La Brasserie St. Feuillien est une brasserie belge au Roeulx, en Belgique, qui a \u00e9t\u00e9 fond\u00e9e en 1873. La brasserie, qui fabrique de la bi\u00e8re de style abbaye, a \u00e9t\u00e9 exploit\u00e9e par la famille Friart tout ce temps\",\"publisher\":{\"@id\":\"https:\/\/st-feuillien.com\/nl\/#organization\"},\"potentialAction\":[{\"@type\":\"SearchAction\",\"target\":{\"@type\":\"EntryPoint\",\"urlTemplate\":\"https:\/\/st-feuillien.com\/nl\/?s={search_term_string}\"},\"query-input\":{\"@type\":\"PropertyValueSpecification\",\"valueRequired\":true,\"valueName\":\"search_term_string\"}}],\"inLanguage\":\"nl-NL\"},{\"@type\":\"Organization\",\"@id\":\"https:\/\/st-feuillien.com\/nl\/#organization\",\"name\":\"St Feuillien\",\"url\":\"https:\/\/st-feuillien.com\/nl\/\",\"logo\":{\"@type\":\"ImageObject\",\"inLanguage\":\"nl-NL\",\"@id\":\"https:\/\/st-feuillien.com\/nl\/#\/schema\/logo\/image\/\",\"url\":\"https:\/\/st-feuillien.com\/app\/uploads\/2023\/01\/Logo-st-feuillien-1.svg\",\"contentUrl\":\"https:\/\/st-feuillien.com\/app\/uploads\/2023\/01\/Logo-st-feuillien-1.svg\",\"width\":165,\"height\":122,\"caption\":\"St Feuillien\"},\"image\":{\"@id\":\"https:\/\/st-feuillien.com\/nl\/#\/schema\/logo\/image\/\"},\"sameAs\":[\"https:\/\/www.facebook.com\/stfeuillien\"]}]}<\/script>\n<!-- \/ Yoast SEO plugin. -->","yoast_head_json":{"title":"Boek SAINT FEUILLIEN ET SON ABBAYE - Brasserie St-Feuillien","description":"Boek abdij Saint-Feuillien: ontdek de 900-jarige geschiedenis van het klooster in Le Roeulx, zijn erfgoed, architectuur en spirituele invloed.","robots":{"index":"index","follow":"follow","max-snippet":"max-snippet:-1","max-image-preview":"max-image-preview:large","max-video-preview":"max-video-preview:-1"},"canonical":"https:\/\/st-feuillien.com\/nl\/product\/boek-st-feuillien-et-son-abbaye\/","og_locale":"nl_NL","og_type":"article","og_title":"Boek SAINT FEUILLIEN ET SON ABBAYE - Brasserie St-Feuillien","og_description":"Boek abdij Saint-Feuillien: ontdek de 900-jarige geschiedenis van het klooster in Le Roeulx, zijn erfgoed, architectuur en spirituele invloed.","og_url":"https:\/\/st-feuillien.com\/nl\/product\/boek-st-feuillien-et-son-abbaye\/","og_site_name":"Brasserie St-Feuillien","article_publisher":"https:\/\/www.facebook.com\/stfeuillien","article_modified_time":"2025-09-27T08:38:00+00:00","og_image":[{"width":2077,"height":2560,"url":"https:\/\/st-feuillien.com\/app\/uploads\/2025\/09\/STF-Livre-150ans-cover-complete-scaled.jpg","type":"image\/jpeg"}],"twitter_card":"summary_large_image","twitter_misc":{"Est. reading time":"2 minutes"},"schema":{"@context":"https:\/\/schema.org","@graph":[{"@type":"WebPage","@id":"https:\/\/st-feuillien.com\/nl\/product\/boek-st-feuillien-et-son-abbaye\/","url":"https:\/\/st-feuillien.com\/nl\/product\/boek-st-feuillien-et-son-abbaye\/","name":"Boek SAINT FEUILLIEN ET SON ABBAYE - Brasserie St-Feuillien","isPartOf":{"@id":"https:\/\/st-feuillien.com\/nl\/#website"},"primaryImageOfPage":{"@id":"https:\/\/st-feuillien.com\/nl\/product\/boek-st-feuillien-et-son-abbaye\/#primaryimage"},"image":{"@id":"https:\/\/st-feuillien.com\/nl\/product\/boek-st-feuillien-et-son-abbaye\/#primaryimage"},"thumbnailUrl":"https:\/\/st-feuillien.com\/app\/uploads\/2025\/09\/STF-Livre-150ans-cover-complete-scaled.jpg","datePublished":"2025-09-25T13:33:13+00:00","dateModified":"2025-09-27T08:38:00+00:00","description":"Boek abdij Saint-Feuillien: ontdek de 900-jarige geschiedenis van het klooster in Le Roeulx, zijn erfgoed, architectuur en spirituele invloed.","breadcrumb":{"@id":"https:\/\/st-feuillien.com\/nl\/product\/boek-st-feuillien-et-son-abbaye\/#breadcrumb"},"inLanguage":"nl-NL","potentialAction":[{"@type":"ReadAction","target":["https:\/\/st-feuillien.com\/nl\/product\/boek-st-feuillien-et-son-abbaye\/"]}]},{"@type":"ImageObject","inLanguage":"nl-NL","@id":"https:\/\/st-feuillien.com\/nl\/product\/boek-st-feuillien-et-son-abbaye\/#primaryimage","url":"https:\/\/st-feuillien.com\/app\/uploads\/2025\/09\/STF-Livre-150ans-cover-complete-scaled.jpg","contentUrl":"https:\/\/st-feuillien.com\/app\/uploads\/2025\/09\/STF-Livre-150ans-cover-complete-scaled.jpg","width":2077,"height":2560},{"@type":"BreadcrumbList","@id":"https:\/\/st-feuillien.com\/nl\/product\/boek-st-feuillien-et-son-abbaye\/#breadcrumb","itemListElement":[{"@type":"ListItem","position":1,"name":"","item":"https:\/\/st-feuillien.com\/nl\/"},{"@type":"ListItem","position":2,"name":"St-Feuillien shop","item":"https:\/\/st-feuillien.com\/nl\/shop\/"},{"@type":"ListItem","position":3,"name":"Boek SAINT FEUILLIEN ET SON ABBAYE"}]},{"@type":"WebSite","@id":"https:\/\/st-feuillien.com\/nl\/#website","url":"https:\/\/st-feuillien.com\/nl\/","name":"Brasserie St-Feuillien","description":"La Brasserie St. Feuillien est une brasserie belge au Roeulx, en Belgique, qui a \u00e9t\u00e9 fond\u00e9e en 1873. La brasserie, qui fabrique de la bi\u00e8re de style abbaye, a \u00e9t\u00e9 exploit\u00e9e par la famille Friart tout ce temps","publisher":{"@id":"https:\/\/st-feuillien.com\/nl\/#organization"},"potentialAction":[{"@type":"SearchAction","target":{"@type":"EntryPoint","urlTemplate":"https:\/\/st-feuillien.com\/nl\/?s={search_term_string}"},"query-input":{"@type":"PropertyValueSpecification","valueRequired":true,"valueName":"search_term_string"}}],"inLanguage":"nl-NL"},{"@type":"Organization","@id":"https:\/\/st-feuillien.com\/nl\/#organization","name":"St Feuillien","url":"https:\/\/st-feuillien.com\/nl\/","logo":{"@type":"ImageObject","inLanguage":"nl-NL","@id":"https:\/\/st-feuillien.com\/nl\/#\/schema\/logo\/image\/","url":"https:\/\/st-feuillien.com\/app\/uploads\/2023\/01\/Logo-st-feuillien-1.svg","contentUrl":"https:\/\/st-feuillien.com\/app\/uploads\/2023\/01\/Logo-st-feuillien-1.svg","width":165,"height":122,"caption":"St Feuillien"},"image":{"@id":"https:\/\/st-feuillien.com\/nl\/#\/schema\/logo\/image\/"},"sameAs":["https:\/\/www.facebook.com\/stfeuillien"]}]}},"_links":{"self":[{"href":"https:\/\/st-feuillien.com\/nl\/wp-json\/wp\/v2\/product\/11668","targetHints":{"allow":["GET"]}}],"collection":[{"href":"https:\/\/st-feuillien.com\/nl\/wp-json\/wp\/v2\/product"}],"about":[{"href":"https:\/\/st-feuillien.com\/nl\/wp-json\/wp\/v2\/types\/product"}],"wp:featuredmedia":[{"embeddable":true,"href":"https:\/\/st-feuillien.com\/nl\/wp-json\/wp\/v2\/media\/11671"}],"wp:attachment":[{"href":"https:\/\/st-feuillien.com\/nl\/wp-json\/wp\/v2\/media?parent=11668"}],"wp:term":[{"taxonomy":"product_brand","embeddable":true,"href":"https:\/\/st-feuillien.com\/nl\/wp-json\/wp\/v2\/product_brand?post=11668"},{"taxonomy":"product_cat","embeddable":true,"href":"https:\/\/st-feuillien.com\/nl\/wp-json\/wp\/v2\/product_cat?post=11668"},{"taxonomy":"product_tag","embeddable":true,"href":"https:\/\/st-feuillien.com\/nl\/wp-json\/wp\/v2\/product_tag?post=11668"}],"curies":[{"name":"wp","href":"https:\/\/api.w.org\/{rel}","templated":true}]}}