{"id":11760,"date":"2025-11-04T11:50:45","date_gmt":"2025-11-04T10:50:45","guid":{"rendered":"https:\/\/st-feuillien.com\/?post_type=product&#038;p=11760"},"modified":"2025-11-04T14:33:12","modified_gmt":"2025-11-04T13:33:12","slug":"st-feuillien-cuvee-de-noel-6-x-75-cl-beperkte-editie","status":"publish","type":"product","link":"https:\/\/st-feuillien.com\/nl\/product\/st-feuillien-cuvee-de-noel-6-x-75-cl-beperkte-editie\/","title":{"rendered":"St-Feuillien Cuv\u00e9e de No\u00ebl 6 x 75 cl beperkte editie"},"content":{"rendered":"<p><strong>Een recept met meer dan 50 jaar geschiedenis (1969)<\/strong><\/p>\n<p>Voor de eindejaarsfeesten presenteert <strong>Brasserie St-Feuillien<\/strong> met trots haar Cuv\u00e9e de No\u00ebl 2025, in een exclusieve \u201cKersttrui\u201d-editie. Deze gelimiteerde versie combineert traditie, vakmanschap en een feestelijke uitstraling.<\/p>\n<p>De dieprode robijnkleurige bier heeft een rijke, compacte en stabiele schuimkraag. De lichtbruine tinten komen van geroosterde gerst, terwijl de geur een intens en kruidig aroma onthult, typisch voor deze winterklassieker.<\/p>\n<p>In de mond is de rondheid en zachtheid perfect in balans dankzij gekarameliseerde mouten, een zorgvuldig gecontroleerde gisting en een lange koude lagering. De lichte bitterheid blijft subtiel op de achtergrond en ondersteunt een harmonieus geheel van warmte en elegantie.<\/p>\n<p>Een degustatiebier bij uitstek \u2013 ideaal om te delen tijdens gezellige wintermomenten.<\/p>\n<p><em>Alcoholgehalte: 9%<\/em><\/p>\n<p><img decoding=\"async\" class=\"alignnone size-full wp-image-7694\" src=\"https:\/\/st-feuillien.com\/app\/uploads\/2023\/11\/logo-biere-dabbaye.png\" alt=\"\" width=\"184\" height=\"241\" \/><\/p>\n","protected":false},"excerpt":{"rendered":"<p>Warme en verfijnde kerstbierklassieker, gebaseerd op het originele recept van 1969. Dieprood, moutig en perfect in balans. Limited Edition \u201cKersttrui\u201d 2025 \u2013 9%.<\/p>\n","protected":false},"featured_media":11745,"template":"","meta":{"_acf_changed":false,"inline_featured_image":false},"product_brand":[],"product_cat":[144,153],"product_tag":[],"class_list":{"0":"post-11760","1":"product","2":"type-product","3":"status-publish","4":"has-post-thumbnail","6":"product_cat-abdij-nl","7":"product_cat-bruin-nl","9":"first","10":"instock","11":"taxable","12":"shipping-taxable","13":"purchasable","14":"product-type-simple"},"bundled_by":[],"bundle_stock_status":"instock","bundle_stock_quantity":null,"bundle_virtual":false,"bundle_layout":"","bundle_add_to_cart_form_location":"","bundle_editable_in_cart":false,"bundle_sold_individually_context":"","bundle_item_grouping":"","bundle_min_size":"","bundle_max_size":"","bundle_price":[],"bundled_items":[],"bundle_sell_ids":[],"acf":[],"yoast_head":"<!-- This site is optimized with the Yoast SEO plugin v26.9 - https:\/\/yoast.com\/product\/yoast-seo-wordpress\/ -->\n<title>St-Feuillien Cuv\u00e9e de No\u00ebl 6 x 75 cl beperkte editie - Brasserie St-Feuillien<\/title>\n<meta name=\"description\" content=\"Ontdek de St-Feuillien Cuv\u00e9e de No\u00ebl \u2013 Speciale editie \u201cKersttrui\u201d 2025. Een warm en feestelijk kerstbier volgens het originele recept van 1969.\" \/>\n<meta name=\"robots\" content=\"index, follow, max-snippet:-1, max-image-preview:large, max-video-preview:-1\" \/>\n<link rel=\"canonical\" href=\"https:\/\/st-feuillien.com\/nl\/product\/st-feuillien-cuvee-de-noel-6-x-75-cl-beperkte-editie\/\" \/>\n<meta property=\"og:locale\" content=\"nl_NL\" \/>\n<meta property=\"og:type\" content=\"article\" \/>\n<meta property=\"og:title\" content=\"St-Feuillien Cuv\u00e9e de No\u00ebl 6 x 75 cl beperkte editie - Brasserie St-Feuillien\" \/>\n<meta property=\"og:description\" content=\"Ontdek de St-Feuillien Cuv\u00e9e de No\u00ebl \u2013 Speciale editie \u201cKersttrui\u201d 2025. Een warm en feestelijk kerstbier volgens het originele recept van 1969.\" \/>\n<meta property=\"og:url\" content=\"https:\/\/st-feuillien.com\/nl\/product\/st-feuillien-cuvee-de-noel-6-x-75-cl-beperkte-editie\/\" \/>\n<meta property=\"og:site_name\" content=\"Brasserie St-Feuillien\" \/>\n<meta property=\"article:publisher\" content=\"https:\/\/www.facebook.com\/stfeuillien\" \/>\n<meta property=\"article:modified_time\" content=\"2025-11-04T13:33:12+00:00\" \/>\n<meta property=\"og:image\" content=\"https:\/\/st-feuillien.com\/app\/uploads\/2025\/10\/STF-Caisse-Cuvee-75cl-2025_800x800.jpg\" \/>\n\t<meta property=\"og:image:width\" content=\"800\" \/>\n\t<meta property=\"og:image:height\" content=\"800\" \/>\n\t<meta property=\"og:image:type\" content=\"image\/jpeg\" \/>\n<meta name=\"twitter:card\" content=\"summary_large_image\" \/>\n<meta name=\"twitter:label1\" content=\"Est. reading time\" \/>\n\t<meta name=\"twitter:data1\" content=\"2 minutes\" \/>\n<script type=\"application\/ld+json\" class=\"yoast-schema-graph\">{\"@context\":\"https:\/\/schema.org\",\"@graph\":[{\"@type\":\"WebPage\",\"@id\":\"https:\/\/st-feuillien.com\/nl\/product\/st-feuillien-cuvee-de-noel-6-x-75-cl-beperkte-editie\/\",\"url\":\"https:\/\/st-feuillien.com\/nl\/product\/st-feuillien-cuvee-de-noel-6-x-75-cl-beperkte-editie\/\",\"name\":\"St-Feuillien Cuv\u00e9e de No\u00ebl 6 x 75 cl beperkte editie - Brasserie St-Feuillien\",\"isPartOf\":{\"@id\":\"https:\/\/st-feuillien.com\/nl\/#website\"},\"primaryImageOfPage\":{\"@id\":\"https:\/\/st-feuillien.com\/nl\/product\/st-feuillien-cuvee-de-noel-6-x-75-cl-beperkte-editie\/#primaryimage\"},\"image\":{\"@id\":\"https:\/\/st-feuillien.com\/nl\/product\/st-feuillien-cuvee-de-noel-6-x-75-cl-beperkte-editie\/#primaryimage\"},\"thumbnailUrl\":\"https:\/\/st-feuillien.com\/app\/uploads\/2025\/10\/STF-Caisse-Cuvee-75cl-2025_800x800.jpg\",\"datePublished\":\"2025-11-04T10:50:45+00:00\",\"dateModified\":\"2025-11-04T13:33:12+00:00\",\"description\":\"Ontdek de St-Feuillien Cuv\u00e9e de No\u00ebl \u2013 Speciale editie \u201cKersttrui\u201d 2025. Een warm en feestelijk kerstbier volgens het originele recept van 1969.\",\"breadcrumb\":{\"@id\":\"https:\/\/st-feuillien.com\/nl\/product\/st-feuillien-cuvee-de-noel-6-x-75-cl-beperkte-editie\/#breadcrumb\"},\"inLanguage\":\"nl-NL\",\"potentialAction\":[{\"@type\":\"ReadAction\",\"target\":[\"https:\/\/st-feuillien.com\/nl\/product\/st-feuillien-cuvee-de-noel-6-x-75-cl-beperkte-editie\/\"]}]},{\"@type\":\"ImageObject\",\"inLanguage\":\"nl-NL\",\"@id\":\"https:\/\/st-feuillien.com\/nl\/product\/st-feuillien-cuvee-de-noel-6-x-75-cl-beperkte-editie\/#primaryimage\",\"url\":\"https:\/\/st-feuillien.com\/app\/uploads\/2025\/10\/STF-Caisse-Cuvee-75cl-2025_800x800.jpg\",\"contentUrl\":\"https:\/\/st-feuillien.com\/app\/uploads\/2025\/10\/STF-Caisse-Cuvee-75cl-2025_800x800.jpg\",\"width\":800,\"height\":800},{\"@type\":\"BreadcrumbList\",\"@id\":\"https:\/\/st-feuillien.com\/nl\/product\/st-feuillien-cuvee-de-noel-6-x-75-cl-beperkte-editie\/#breadcrumb\",\"itemListElement\":[{\"@type\":\"ListItem\",\"position\":1,\"name\":\"\",\"item\":\"https:\/\/st-feuillien.com\/nl\/\"},{\"@type\":\"ListItem\",\"position\":2,\"name\":\"St-Feuillien shop\",\"item\":\"https:\/\/st-feuillien.com\/nl\/shop\/\"},{\"@type\":\"ListItem\",\"position\":3,\"name\":\"St-Feuillien Cuv\u00e9e de No\u00ebl 6 x 75 cl beperkte editie\"}]},{\"@type\":\"WebSite\",\"@id\":\"https:\/\/st-feuillien.com\/nl\/#website\",\"url\":\"https:\/\/st-feuillien.com\/nl\/\",\"name\":\"Brasserie St-Feuillien\",\"description\":\"La Brasserie St. Feuillien est une brasserie belge au Roeulx, en Belgique, qui a \u00e9t\u00e9 fond\u00e9e en 1873. La brasserie, qui fabrique de la bi\u00e8re de style abbaye, a \u00e9t\u00e9 exploit\u00e9e par la famille Friart tout ce temps\",\"publisher\":{\"@id\":\"https:\/\/st-feuillien.com\/nl\/#organization\"},\"potentialAction\":[{\"@type\":\"SearchAction\",\"target\":{\"@type\":\"EntryPoint\",\"urlTemplate\":\"https:\/\/st-feuillien.com\/nl\/?s={search_term_string}\"},\"query-input\":{\"@type\":\"PropertyValueSpecification\",\"valueRequired\":true,\"valueName\":\"search_term_string\"}}],\"inLanguage\":\"nl-NL\"},{\"@type\":\"Organization\",\"@id\":\"https:\/\/st-feuillien.com\/nl\/#organization\",\"name\":\"St Feuillien\",\"url\":\"https:\/\/st-feuillien.com\/nl\/\",\"logo\":{\"@type\":\"ImageObject\",\"inLanguage\":\"nl-NL\",\"@id\":\"https:\/\/st-feuillien.com\/nl\/#\/schema\/logo\/image\/\",\"url\":\"https:\/\/st-feuillien.com\/app\/uploads\/2023\/01\/Logo-st-feuillien-1.svg\",\"contentUrl\":\"https:\/\/st-feuillien.com\/app\/uploads\/2023\/01\/Logo-st-feuillien-1.svg\",\"width\":165,\"height\":122,\"caption\":\"St Feuillien\"},\"image\":{\"@id\":\"https:\/\/st-feuillien.com\/nl\/#\/schema\/logo\/image\/\"},\"sameAs\":[\"https:\/\/www.facebook.com\/stfeuillien\"]}]}<\/script>\n<!-- \/ Yoast SEO plugin. -->","yoast_head_json":{"title":"St-Feuillien Cuv\u00e9e de No\u00ebl 6 x 75 cl beperkte editie - Brasserie St-Feuillien","description":"Ontdek de St-Feuillien Cuv\u00e9e de No\u00ebl \u2013 Speciale editie \u201cKersttrui\u201d 2025. Een warm en feestelijk kerstbier volgens het originele recept van 1969.","robots":{"index":"index","follow":"follow","max-snippet":"max-snippet:-1","max-image-preview":"max-image-preview:large","max-video-preview":"max-video-preview:-1"},"canonical":"https:\/\/st-feuillien.com\/nl\/product\/st-feuillien-cuvee-de-noel-6-x-75-cl-beperkte-editie\/","og_locale":"nl_NL","og_type":"article","og_title":"St-Feuillien Cuv\u00e9e de No\u00ebl 6 x 75 cl beperkte editie - Brasserie St-Feuillien","og_description":"Ontdek de St-Feuillien Cuv\u00e9e de No\u00ebl \u2013 Speciale editie \u201cKersttrui\u201d 2025. Een warm en feestelijk kerstbier volgens het originele recept van 1969.","og_url":"https:\/\/st-feuillien.com\/nl\/product\/st-feuillien-cuvee-de-noel-6-x-75-cl-beperkte-editie\/","og_site_name":"Brasserie St-Feuillien","article_publisher":"https:\/\/www.facebook.com\/stfeuillien","article_modified_time":"2025-11-04T13:33:12+00:00","og_image":[{"width":800,"height":800,"url":"https:\/\/st-feuillien.com\/app\/uploads\/2025\/10\/STF-Caisse-Cuvee-75cl-2025_800x800.jpg","type":"image\/jpeg"}],"twitter_card":"summary_large_image","twitter_misc":{"Est. reading time":"2 minutes"},"schema":{"@context":"https:\/\/schema.org","@graph":[{"@type":"WebPage","@id":"https:\/\/st-feuillien.com\/nl\/product\/st-feuillien-cuvee-de-noel-6-x-75-cl-beperkte-editie\/","url":"https:\/\/st-feuillien.com\/nl\/product\/st-feuillien-cuvee-de-noel-6-x-75-cl-beperkte-editie\/","name":"St-Feuillien Cuv\u00e9e de No\u00ebl 6 x 75 cl beperkte editie - Brasserie St-Feuillien","isPartOf":{"@id":"https:\/\/st-feuillien.com\/nl\/#website"},"primaryImageOfPage":{"@id":"https:\/\/st-feuillien.com\/nl\/product\/st-feuillien-cuvee-de-noel-6-x-75-cl-beperkte-editie\/#primaryimage"},"image":{"@id":"https:\/\/st-feuillien.com\/nl\/product\/st-feuillien-cuvee-de-noel-6-x-75-cl-beperkte-editie\/#primaryimage"},"thumbnailUrl":"https:\/\/st-feuillien.com\/app\/uploads\/2025\/10\/STF-Caisse-Cuvee-75cl-2025_800x800.jpg","datePublished":"2025-11-04T10:50:45+00:00","dateModified":"2025-11-04T13:33:12+00:00","description":"Ontdek de St-Feuillien Cuv\u00e9e de No\u00ebl \u2013 Speciale editie \u201cKersttrui\u201d 2025. Een warm en feestelijk kerstbier volgens het originele recept van 1969.","breadcrumb":{"@id":"https:\/\/st-feuillien.com\/nl\/product\/st-feuillien-cuvee-de-noel-6-x-75-cl-beperkte-editie\/#breadcrumb"},"inLanguage":"nl-NL","potentialAction":[{"@type":"ReadAction","target":["https:\/\/st-feuillien.com\/nl\/product\/st-feuillien-cuvee-de-noel-6-x-75-cl-beperkte-editie\/"]}]},{"@type":"ImageObject","inLanguage":"nl-NL","@id":"https:\/\/st-feuillien.com\/nl\/product\/st-feuillien-cuvee-de-noel-6-x-75-cl-beperkte-editie\/#primaryimage","url":"https:\/\/st-feuillien.com\/app\/uploads\/2025\/10\/STF-Caisse-Cuvee-75cl-2025_800x800.jpg","contentUrl":"https:\/\/st-feuillien.com\/app\/uploads\/2025\/10\/STF-Caisse-Cuvee-75cl-2025_800x800.jpg","width":800,"height":800},{"@type":"BreadcrumbList","@id":"https:\/\/st-feuillien.com\/nl\/product\/st-feuillien-cuvee-de-noel-6-x-75-cl-beperkte-editie\/#breadcrumb","itemListElement":[{"@type":"ListItem","position":1,"name":"","item":"https:\/\/st-feuillien.com\/nl\/"},{"@type":"ListItem","position":2,"name":"St-Feuillien shop","item":"https:\/\/st-feuillien.com\/nl\/shop\/"},{"@type":"ListItem","position":3,"name":"St-Feuillien Cuv\u00e9e de No\u00ebl 6 x 75 cl beperkte editie"}]},{"@type":"WebSite","@id":"https:\/\/st-feuillien.com\/nl\/#website","url":"https:\/\/st-feuillien.com\/nl\/","name":"Brasserie St-Feuillien","description":"La Brasserie St. Feuillien est une brasserie belge au Roeulx, en Belgique, qui a \u00e9t\u00e9 fond\u00e9e en 1873. La brasserie, qui fabrique de la bi\u00e8re de style abbaye, a \u00e9t\u00e9 exploit\u00e9e par la famille Friart tout ce temps","publisher":{"@id":"https:\/\/st-feuillien.com\/nl\/#organization"},"potentialAction":[{"@type":"SearchAction","target":{"@type":"EntryPoint","urlTemplate":"https:\/\/st-feuillien.com\/nl\/?s={search_term_string}"},"query-input":{"@type":"PropertyValueSpecification","valueRequired":true,"valueName":"search_term_string"}}],"inLanguage":"nl-NL"},{"@type":"Organization","@id":"https:\/\/st-feuillien.com\/nl\/#organization","name":"St Feuillien","url":"https:\/\/st-feuillien.com\/nl\/","logo":{"@type":"ImageObject","inLanguage":"nl-NL","@id":"https:\/\/st-feuillien.com\/nl\/#\/schema\/logo\/image\/","url":"https:\/\/st-feuillien.com\/app\/uploads\/2023\/01\/Logo-st-feuillien-1.svg","contentUrl":"https:\/\/st-feuillien.com\/app\/uploads\/2023\/01\/Logo-st-feuillien-1.svg","width":165,"height":122,"caption":"St Feuillien"},"image":{"@id":"https:\/\/st-feuillien.com\/nl\/#\/schema\/logo\/image\/"},"sameAs":["https:\/\/www.facebook.com\/stfeuillien"]}]}},"_links":{"self":[{"href":"https:\/\/st-feuillien.com\/nl\/wp-json\/wp\/v2\/product\/11760","targetHints":{"allow":["GET"]}}],"collection":[{"href":"https:\/\/st-feuillien.com\/nl\/wp-json\/wp\/v2\/product"}],"about":[{"href":"https:\/\/st-feuillien.com\/nl\/wp-json\/wp\/v2\/types\/product"}],"wp:featuredmedia":[{"embeddable":true,"href":"https:\/\/st-feuillien.com\/nl\/wp-json\/wp\/v2\/media\/11745"}],"wp:attachment":[{"href":"https:\/\/st-feuillien.com\/nl\/wp-json\/wp\/v2\/media?parent=11760"}],"wp:term":[{"taxonomy":"product_brand","embeddable":true,"href":"https:\/\/st-feuillien.com\/nl\/wp-json\/wp\/v2\/product_brand?post=11760"},{"taxonomy":"product_cat","embeddable":true,"href":"https:\/\/st-feuillien.com\/nl\/wp-json\/wp\/v2\/product_cat?post=11760"},{"taxonomy":"product_tag","embeddable":true,"href":"https:\/\/st-feuillien.com\/nl\/wp-json\/wp\/v2\/product_tag?post=11760"}],"curies":[{"name":"wp","href":"https:\/\/api.w.org\/{rel}","templated":true}]}}