{"id":11973,"date":"2026-02-20T16:42:23","date_gmt":"2026-02-20T15:42:23","guid":{"rendered":"https:\/\/st-feuillien.com\/?post_type=product&#038;p=11973"},"modified":"2026-03-12T15:56:17","modified_gmt":"2026-03-12T14:56:17","slug":"st-feuillien-blonde-doudou-2026-limited-edition","status":"publish","type":"product","link":"https:\/\/st-feuillien.com\/nl\/product\/st-feuillien-blonde-doudou-2026-limited-edition\/","title":{"rendered":"St-Feuillien Blond 6 x 75 cl &#8211; Beperkte oplage Ducasse de Mons 2026"},"content":{"rendered":"<p><strong>St-Feuillien Blonde \u2013 Doudou 2026 Editie<\/strong><\/p>\n<p>Nieuwe fles \u2013 Exclusieve reeks van 3 personages \u2013 2 flessen per personage<br \/>\nVoorverkoop via onze webshop \u2013 Beperkte oplage<\/p>\n<p>Hoewel zij zich \u201cbuiten de stadswallen\u201d bevindt, maakt <strong>Brouwerij St-Feuillien <\/strong>al vele jaren intrinsiek deel uit van het Bergense bierlandschap. Nauw verbonden met traditie en lokale folklore, is het in Bergen dat <strong>St-Feuillien Blonde<\/strong> meer dan een halve eeuw geleden echt doorbrak.<\/p>\n<p>Al snel omarmd door de inwoners van Bergen, is dit goudkleurige bier, bekend om zijn verfrissende smaak met toetsen van citrus en kruiden en zijn subtiele hopkarakter, uitgegroeid tot een vaste waarde tijdens de Doudou-feestelijkheden.<\/p>\n<p>&nbsp;<\/p>\n<p><strong>Een 2026-editie in 3 emblematische flessen<\/strong><\/p>\n<p>Voor deze nieuwe Limited Edition 2026 krijgt St-Feuillien Blonde een exclusief design, uitgewerkt in drie flessen die mythische figuren van de Ducasse van Bergen voorstellen:<\/p>\n<ul style=\"list-style-type: circle;\">\n<li>Saint-Georges<\/li>\n<li>Le Dragon et Les Hommes Blancs<\/li>\n<li>Les Chin-Chins<\/li>\n<\/ul>\n<p>Elke fles brengt hulde aan sterke personages uit het zogenaamde \u201cLume\u00e7on\u201d-gevecht, symbool van de diepe verbondenheid van Brouwerij St-Feuillien met dit eeuwenoude ritueel.<\/p>\n<p>Hergist op fles en gepresenteerd in een exclusieve uitvoering, richt deze collectorsreeks zich zowel tot bierliefhebbers als tot gepassioneerden van de Bergense folklore.<\/p>\n<p>&nbsp;<\/p>\n<p><strong>Exclusief in voorverkoop op onze webshop<\/strong><\/p>\n<p>Deze Doudou 2026 Editie wordt in voorverkoop aangeboden via onze webshop en is beschikbaar in een strikt beperkte oplage.<\/p>\n<p>Een unieke gelegenheid om de drie visuals te verzamelen of een geschenk aan te bieden dat nauw verbonden is met de Bergense traditie.<\/p>\n<p><em><span style=\"font-size: 12pt;\">Alcoholpercentage 7.5%<\/span><\/em><\/p>\n<p><img decoding=\"async\" class=\"alignnone wp-image-7640 size-full\" src=\"https:\/\/st-feuillien.com\/app\/uploads\/2023\/10\/Logo_medailles-STF-blonde.png\" alt=\"\" width=\"800\" height=\"241\" srcset=\"https:\/\/st-feuillien.com\/app\/uploads\/2023\/10\/Logo_medailles-STF-blonde.png 800w, https:\/\/st-feuillien.com\/app\/uploads\/2023\/10\/Logo_medailles-STF-blonde-600x181.png 600w, https:\/\/st-feuillien.com\/app\/uploads\/2023\/10\/Logo_medailles-STF-blonde-300x90.png 300w, https:\/\/st-feuillien.com\/app\/uploads\/2023\/10\/Logo_medailles-STF-blonde-768x231.png 768w\" sizes=\"(max-width: 800px) 100vw, 800px\" \/><\/p>\n<p>&nbsp;<\/p>\n<p>&nbsp;<\/p>\n","protected":false},"excerpt":{"rendered":"<p>St-Feuillien Blonde \u2013 Doudou 2026 Editie<br \/>\nExclusieve reeks van 3 flessen met de iconische figuren van de Ducasse van Bergen: Sint-Joris, de Draak &amp; de Witte Mannen, en de Chin-Chins. Dit pakket bevat 2 flessen per personage.<br \/>\nHergist op fles, 7,5% alc., met frisse toetsen van citrus en kruiden.<br \/>\nVoorverkoop in onze webshop \u2013 Beperkte oplage.<\/p>\n","protected":false},"featured_media":12109,"template":"","meta":{"_acf_changed":false,"inline_featured_image":false},"product_brand":[],"product_cat":[144,145,205],"product_tag":[],"class_list":{"0":"post-11973","1":"product","2":"type-product","3":"status-publish","4":"has-post-thumbnail","6":"product_cat-abdij-nl","7":"product_cat-blond-nl","8":"product_cat-ducasse-de-mons-nl","10":"first","11":"instock","12":"taxable","13":"shipping-taxable","14":"purchasable","15":"product-type-simple"},"bundled_by":[],"bundle_stock_status":"instock","bundle_stock_quantity":196,"bundle_virtual":false,"bundle_layout":"","bundle_add_to_cart_form_location":"","bundle_editable_in_cart":false,"bundle_sold_individually_context":"","bundle_item_grouping":"","bundle_min_size":"","bundle_max_size":"","bundle_price":[],"bundled_items":[],"bundle_sell_ids":[],"acf":[],"yoast_head":"<!-- This site is optimized with the Yoast SEO plugin v26.9 - https:\/\/yoast.com\/product\/yoast-seo-wordpress\/ -->\n<title>St-Feuillien Blonde Doudou 2026 | Limited Edition<\/title>\n<meta name=\"description\" content=\"Ontdek St-Feuillien Blonde Doudou 2026: exclusieve reeks van 3 flessen (2 per personage). Voorverkoop in onze webshop, beperkte oplage.\" \/>\n<meta name=\"robots\" content=\"index, follow, max-snippet:-1, max-image-preview:large, max-video-preview:-1\" \/>\n<link rel=\"canonical\" href=\"https:\/\/st-feuillien.com\/nl\/product\/st-feuillien-blonde-doudou-2026-limited-edition\/\" \/>\n<meta property=\"og:locale\" content=\"nl_NL\" \/>\n<meta property=\"og:type\" content=\"article\" \/>\n<meta property=\"og:title\" content=\"St-Feuillien Blonde Doudou 2026 | Limited Edition\" \/>\n<meta property=\"og:description\" content=\"Ontdek St-Feuillien Blonde Doudou 2026: exclusieve reeks van 3 flessen (2 per personage). Voorverkoop in onze webshop, beperkte oplage.\" \/>\n<meta property=\"og:url\" content=\"https:\/\/st-feuillien.com\/nl\/product\/st-feuillien-blonde-doudou-2026-limited-edition\/\" \/>\n<meta property=\"og:site_name\" content=\"Brasserie St-Feuillien\" \/>\n<meta property=\"article:publisher\" content=\"https:\/\/www.facebook.com\/stfeuillien\" \/>\n<meta property=\"article:modified_time\" content=\"2026-03-12T14:56:17+00:00\" \/>\n<meta property=\"og:image\" content=\"https:\/\/st-feuillien.com\/app\/uploads\/2026\/02\/Bouteille-3-Doudou-fond-beige-2.png\" \/>\n\t<meta property=\"og:image:width\" content=\"800\" \/>\n\t<meta property=\"og:image:height\" content=\"800\" \/>\n\t<meta property=\"og:image:type\" content=\"image\/png\" \/>\n<meta name=\"twitter:card\" content=\"summary_large_image\" \/>\n<meta name=\"twitter:label1\" content=\"Est. reading time\" \/>\n\t<meta name=\"twitter:data1\" content=\"2 minutes\" \/>\n<script type=\"application\/ld+json\" class=\"yoast-schema-graph\">{\"@context\":\"https:\/\/schema.org\",\"@graph\":[{\"@type\":\"WebPage\",\"@id\":\"https:\/\/st-feuillien.com\/nl\/product\/st-feuillien-blonde-doudou-2026-limited-edition\/\",\"url\":\"https:\/\/st-feuillien.com\/nl\/product\/st-feuillien-blonde-doudou-2026-limited-edition\/\",\"name\":\"St-Feuillien Blonde Doudou 2026 | Limited Edition\",\"isPartOf\":{\"@id\":\"https:\/\/st-feuillien.com\/nl\/#website\"},\"primaryImageOfPage\":{\"@id\":\"https:\/\/st-feuillien.com\/nl\/product\/st-feuillien-blonde-doudou-2026-limited-edition\/#primaryimage\"},\"image\":{\"@id\":\"https:\/\/st-feuillien.com\/nl\/product\/st-feuillien-blonde-doudou-2026-limited-edition\/#primaryimage\"},\"thumbnailUrl\":\"https:\/\/st-feuillien.com\/app\/uploads\/2026\/02\/Bouteille-3-Doudou-fond-beige-2.png\",\"datePublished\":\"2026-02-20T15:42:23+00:00\",\"dateModified\":\"2026-03-12T14:56:17+00:00\",\"description\":\"Ontdek St-Feuillien Blonde Doudou 2026: exclusieve reeks van 3 flessen (2 per personage). Voorverkoop in onze webshop, beperkte oplage.\",\"breadcrumb\":{\"@id\":\"https:\/\/st-feuillien.com\/nl\/product\/st-feuillien-blonde-doudou-2026-limited-edition\/#breadcrumb\"},\"inLanguage\":\"nl-NL\",\"potentialAction\":[{\"@type\":\"ReadAction\",\"target\":[\"https:\/\/st-feuillien.com\/nl\/product\/st-feuillien-blonde-doudou-2026-limited-edition\/\"]}]},{\"@type\":\"ImageObject\",\"inLanguage\":\"nl-NL\",\"@id\":\"https:\/\/st-feuillien.com\/nl\/product\/st-feuillien-blonde-doudou-2026-limited-edition\/#primaryimage\",\"url\":\"https:\/\/st-feuillien.com\/app\/uploads\/2026\/02\/Bouteille-3-Doudou-fond-beige-2.png\",\"contentUrl\":\"https:\/\/st-feuillien.com\/app\/uploads\/2026\/02\/Bouteille-3-Doudou-fond-beige-2.png\",\"width\":800,\"height\":800},{\"@type\":\"BreadcrumbList\",\"@id\":\"https:\/\/st-feuillien.com\/nl\/product\/st-feuillien-blonde-doudou-2026-limited-edition\/#breadcrumb\",\"itemListElement\":[{\"@type\":\"ListItem\",\"position\":1,\"name\":\"\",\"item\":\"https:\/\/st-feuillien.com\/nl\/\"},{\"@type\":\"ListItem\",\"position\":2,\"name\":\"St-Feuillien shop\",\"item\":\"https:\/\/st-feuillien.com\/nl\/shop\/\"},{\"@type\":\"ListItem\",\"position\":3,\"name\":\"St-Feuillien Blond 6 x 75 cl &#8211; Beperkte oplage Ducasse de Mons 2026\"}]},{\"@type\":\"WebSite\",\"@id\":\"https:\/\/st-feuillien.com\/nl\/#website\",\"url\":\"https:\/\/st-feuillien.com\/nl\/\",\"name\":\"Brasserie St-Feuillien\",\"description\":\"La Brasserie St. Feuillien est une brasserie belge au Roeulx, en Belgique, qui a \u00e9t\u00e9 fond\u00e9e en 1873. La brasserie, qui fabrique de la bi\u00e8re de style abbaye, a \u00e9t\u00e9 exploit\u00e9e par la famille Friart tout ce temps\",\"publisher\":{\"@id\":\"https:\/\/st-feuillien.com\/nl\/#organization\"},\"potentialAction\":[{\"@type\":\"SearchAction\",\"target\":{\"@type\":\"EntryPoint\",\"urlTemplate\":\"https:\/\/st-feuillien.com\/nl\/?s={search_term_string}\"},\"query-input\":{\"@type\":\"PropertyValueSpecification\",\"valueRequired\":true,\"valueName\":\"search_term_string\"}}],\"inLanguage\":\"nl-NL\"},{\"@type\":\"Organization\",\"@id\":\"https:\/\/st-feuillien.com\/nl\/#organization\",\"name\":\"St Feuillien\",\"url\":\"https:\/\/st-feuillien.com\/nl\/\",\"logo\":{\"@type\":\"ImageObject\",\"inLanguage\":\"nl-NL\",\"@id\":\"https:\/\/st-feuillien.com\/nl\/#\/schema\/logo\/image\/\",\"url\":\"https:\/\/st-feuillien.com\/app\/uploads\/2023\/01\/Logo-st-feuillien-1.svg\",\"contentUrl\":\"https:\/\/st-feuillien.com\/app\/uploads\/2023\/01\/Logo-st-feuillien-1.svg\",\"width\":165,\"height\":122,\"caption\":\"St Feuillien\"},\"image\":{\"@id\":\"https:\/\/st-feuillien.com\/nl\/#\/schema\/logo\/image\/\"},\"sameAs\":[\"https:\/\/www.facebook.com\/stfeuillien\"]}]}<\/script>\n<!-- \/ Yoast SEO plugin. -->","yoast_head_json":{"title":"St-Feuillien Blonde Doudou 2026 | Limited Edition","description":"Ontdek St-Feuillien Blonde Doudou 2026: exclusieve reeks van 3 flessen (2 per personage). Voorverkoop in onze webshop, beperkte oplage.","robots":{"index":"index","follow":"follow","max-snippet":"max-snippet:-1","max-image-preview":"max-image-preview:large","max-video-preview":"max-video-preview:-1"},"canonical":"https:\/\/st-feuillien.com\/nl\/product\/st-feuillien-blonde-doudou-2026-limited-edition\/","og_locale":"nl_NL","og_type":"article","og_title":"St-Feuillien Blonde Doudou 2026 | Limited Edition","og_description":"Ontdek St-Feuillien Blonde Doudou 2026: exclusieve reeks van 3 flessen (2 per personage). Voorverkoop in onze webshop, beperkte oplage.","og_url":"https:\/\/st-feuillien.com\/nl\/product\/st-feuillien-blonde-doudou-2026-limited-edition\/","og_site_name":"Brasserie St-Feuillien","article_publisher":"https:\/\/www.facebook.com\/stfeuillien","article_modified_time":"2026-03-12T14:56:17+00:00","og_image":[{"width":800,"height":800,"url":"https:\/\/st-feuillien.com\/app\/uploads\/2026\/02\/Bouteille-3-Doudou-fond-beige-2.png","type":"image\/png"}],"twitter_card":"summary_large_image","twitter_misc":{"Est. reading time":"2 minutes"},"schema":{"@context":"https:\/\/schema.org","@graph":[{"@type":"WebPage","@id":"https:\/\/st-feuillien.com\/nl\/product\/st-feuillien-blonde-doudou-2026-limited-edition\/","url":"https:\/\/st-feuillien.com\/nl\/product\/st-feuillien-blonde-doudou-2026-limited-edition\/","name":"St-Feuillien Blonde Doudou 2026 | Limited Edition","isPartOf":{"@id":"https:\/\/st-feuillien.com\/nl\/#website"},"primaryImageOfPage":{"@id":"https:\/\/st-feuillien.com\/nl\/product\/st-feuillien-blonde-doudou-2026-limited-edition\/#primaryimage"},"image":{"@id":"https:\/\/st-feuillien.com\/nl\/product\/st-feuillien-blonde-doudou-2026-limited-edition\/#primaryimage"},"thumbnailUrl":"https:\/\/st-feuillien.com\/app\/uploads\/2026\/02\/Bouteille-3-Doudou-fond-beige-2.png","datePublished":"2026-02-20T15:42:23+00:00","dateModified":"2026-03-12T14:56:17+00:00","description":"Ontdek St-Feuillien Blonde Doudou 2026: exclusieve reeks van 3 flessen (2 per personage). Voorverkoop in onze webshop, beperkte oplage.","breadcrumb":{"@id":"https:\/\/st-feuillien.com\/nl\/product\/st-feuillien-blonde-doudou-2026-limited-edition\/#breadcrumb"},"inLanguage":"nl-NL","potentialAction":[{"@type":"ReadAction","target":["https:\/\/st-feuillien.com\/nl\/product\/st-feuillien-blonde-doudou-2026-limited-edition\/"]}]},{"@type":"ImageObject","inLanguage":"nl-NL","@id":"https:\/\/st-feuillien.com\/nl\/product\/st-feuillien-blonde-doudou-2026-limited-edition\/#primaryimage","url":"https:\/\/st-feuillien.com\/app\/uploads\/2026\/02\/Bouteille-3-Doudou-fond-beige-2.png","contentUrl":"https:\/\/st-feuillien.com\/app\/uploads\/2026\/02\/Bouteille-3-Doudou-fond-beige-2.png","width":800,"height":800},{"@type":"BreadcrumbList","@id":"https:\/\/st-feuillien.com\/nl\/product\/st-feuillien-blonde-doudou-2026-limited-edition\/#breadcrumb","itemListElement":[{"@type":"ListItem","position":1,"name":"","item":"https:\/\/st-feuillien.com\/nl\/"},{"@type":"ListItem","position":2,"name":"St-Feuillien shop","item":"https:\/\/st-feuillien.com\/nl\/shop\/"},{"@type":"ListItem","position":3,"name":"St-Feuillien Blond 6 x 75 cl &#8211; Beperkte oplage Ducasse de Mons 2026"}]},{"@type":"WebSite","@id":"https:\/\/st-feuillien.com\/nl\/#website","url":"https:\/\/st-feuillien.com\/nl\/","name":"Brasserie St-Feuillien","description":"La Brasserie St. Feuillien est une brasserie belge au Roeulx, en Belgique, qui a \u00e9t\u00e9 fond\u00e9e en 1873. La brasserie, qui fabrique de la bi\u00e8re de style abbaye, a \u00e9t\u00e9 exploit\u00e9e par la famille Friart tout ce temps","publisher":{"@id":"https:\/\/st-feuillien.com\/nl\/#organization"},"potentialAction":[{"@type":"SearchAction","target":{"@type":"EntryPoint","urlTemplate":"https:\/\/st-feuillien.com\/nl\/?s={search_term_string}"},"query-input":{"@type":"PropertyValueSpecification","valueRequired":true,"valueName":"search_term_string"}}],"inLanguage":"nl-NL"},{"@type":"Organization","@id":"https:\/\/st-feuillien.com\/nl\/#organization","name":"St Feuillien","url":"https:\/\/st-feuillien.com\/nl\/","logo":{"@type":"ImageObject","inLanguage":"nl-NL","@id":"https:\/\/st-feuillien.com\/nl\/#\/schema\/logo\/image\/","url":"https:\/\/st-feuillien.com\/app\/uploads\/2023\/01\/Logo-st-feuillien-1.svg","contentUrl":"https:\/\/st-feuillien.com\/app\/uploads\/2023\/01\/Logo-st-feuillien-1.svg","width":165,"height":122,"caption":"St Feuillien"},"image":{"@id":"https:\/\/st-feuillien.com\/nl\/#\/schema\/logo\/image\/"},"sameAs":["https:\/\/www.facebook.com\/stfeuillien"]}]}},"_links":{"self":[{"href":"https:\/\/st-feuillien.com\/nl\/wp-json\/wp\/v2\/product\/11973","targetHints":{"allow":["GET"]}}],"collection":[{"href":"https:\/\/st-feuillien.com\/nl\/wp-json\/wp\/v2\/product"}],"about":[{"href":"https:\/\/st-feuillien.com\/nl\/wp-json\/wp\/v2\/types\/product"}],"wp:featuredmedia":[{"embeddable":true,"href":"https:\/\/st-feuillien.com\/nl\/wp-json\/wp\/v2\/media\/12109"}],"wp:attachment":[{"href":"https:\/\/st-feuillien.com\/nl\/wp-json\/wp\/v2\/media?parent=11973"}],"wp:term":[{"taxonomy":"product_brand","embeddable":true,"href":"https:\/\/st-feuillien.com\/nl\/wp-json\/wp\/v2\/product_brand?post=11973"},{"taxonomy":"product_cat","embeddable":true,"href":"https:\/\/st-feuillien.com\/nl\/wp-json\/wp\/v2\/product_cat?post=11973"},{"taxonomy":"product_tag","embeddable":true,"href":"https:\/\/st-feuillien.com\/nl\/wp-json\/wp\/v2\/product_tag?post=11973"}],"curies":[{"name":"wp","href":"https:\/\/api.w.org\/{rel}","templated":true}]}}