{"id":12042,"date":"2026-02-26T16:41:10","date_gmt":"2026-02-26T15:41:10","guid":{"rendered":"https:\/\/st-feuillien.com\/?post_type=product&#038;p=12042"},"modified":"2026-02-26T16:58:19","modified_gmt":"2026-02-26T15:58:19","slug":"glas-st-feuillien-beperkte-oplage-ducasse-de-mons-2026-25-cl-x-3","status":"publish","type":"product","link":"https:\/\/st-feuillien.com\/nl\/product\/glas-st-feuillien-beperkte-oplage-ducasse-de-mons-2026-25-cl-x-3\/","title":{"rendered":"Glas St-Feuillien &#8211; beperkte oplage Ducasse de Mons 2026 25 cl x 3"},"content":{"rendered":"<p>Duik in het rijke bierverleden van Mons met deze exclusieve set van drie glazen met unieke designs. Elk glas brengt een eerbetoon aan de lokale traditie en folklore en weerspiegelt de feestelijke ziel van de Doudou \u2014 een iconisch evenement dat de Montois al generaties lang samenbrengt.<\/p>\n<p>Een authentieke en karaktervolle collectie voor liefhebbers van erfgoed en abdijbieren.<\/p>\n<p>Ideaal voor het proeven van onze 5 abdijbieren.<\/p>\n<p>Inhoud: 3 x 25 cl<br \/>\nHoogte (mm): 160<br \/>\nDiameter (mm): 78,5<\/p>\n","protected":false},"excerpt":{"rendered":"<p>Duik in het rijke bierverleden van Mons met deze exclusieve set van drie glazen met unieke designs. Elk glas brengt een eerbetoon aan de lokale traditie en folklore en weerspiegelt de feestelijke ziel van de Doudou \u2014 een iconisch evenement dat de Montois al generaties lang samenbrengt. Een authentieke en karaktervolle collectie voor liefhebbers van &hellip; <a href=\"https:\/\/st-feuillien.com\/nl\/product\/glas-st-feuillien-beperkte-oplage-ducasse-de-mons-2026-25-cl-x-3\/\">Continued<\/a><\/p>\n","protected":false},"featured_media":12054,"template":"","meta":{"_acf_changed":false,"inline_featured_image":false},"product_brand":[],"product_cat":[205,165],"product_tag":[],"class_list":{"0":"post-12042","1":"product","2":"type-product","3":"status-publish","4":"has-post-thumbnail","6":"product_cat-ducasse-de-mons-nl","7":"product_cat-glazen-nl","9":"first","10":"instock","11":"taxable","12":"shipping-taxable","13":"purchasable","14":"product-type-simple"},"bundled_by":[],"bundle_stock_status":"instock","bundle_stock_quantity":185,"bundle_virtual":false,"bundle_layout":"","bundle_add_to_cart_form_location":"","bundle_editable_in_cart":false,"bundle_sold_individually_context":"","bundle_item_grouping":"","bundle_min_size":"","bundle_max_size":"","bundle_price":[],"bundled_items":[],"bundle_sell_ids":[],"acf":[],"yoast_head":"<!-- This site is optimized with the Yoast SEO plugin v26.9 - https:\/\/yoast.com\/product\/yoast-seo-wordpress\/ -->\n<title>Glas St-Feuillien - beperkte oplage Ducasse de Mons 2026 25 cl x 3 - Brasserie St-Feuillien<\/title>\n<meta name=\"robots\" content=\"index, follow, max-snippet:-1, max-image-preview:large, max-video-preview:-1\" \/>\n<link rel=\"canonical\" href=\"https:\/\/st-feuillien.com\/nl\/product\/glas-st-feuillien-beperkte-oplage-ducasse-de-mons-2026-25-cl-x-3\/\" \/>\n<meta property=\"og:locale\" content=\"nl_NL\" \/>\n<meta property=\"og:type\" content=\"article\" \/>\n<meta property=\"og:title\" content=\"Glas St-Feuillien - beperkte oplage Ducasse de Mons 2026 25 cl x 3 - Brasserie St-Feuillien\" \/>\n<meta property=\"og:description\" content=\"Duik in het rijke bierverleden van Mons met deze exclusieve set van drie glazen met unieke designs. Elk glas brengt een eerbetoon aan de lokale traditie en folklore en weerspiegelt de feestelijke ziel van de Doudou \u2014 een iconisch evenement dat de Montois al generaties lang samenbrengt. Een authentieke en karaktervolle collectie voor liefhebbers van &hellip; Continued\" \/>\n<meta property=\"og:url\" content=\"https:\/\/st-feuillien.com\/nl\/product\/glas-st-feuillien-beperkte-oplage-ducasse-de-mons-2026-25-cl-x-3\/\" \/>\n<meta property=\"og:site_name\" content=\"Brasserie St-Feuillien\" \/>\n<meta property=\"article:publisher\" content=\"https:\/\/www.facebook.com\/stfeuillien\" \/>\n<meta property=\"article:modified_time\" content=\"2026-02-26T15:58:19+00:00\" \/>\n<meta property=\"og:image\" content=\"https:\/\/st-feuillien.com\/app\/uploads\/2026\/02\/Verres-3-Doudou-fond-beige.png\" \/>\n\t<meta property=\"og:image:width\" content=\"800\" \/>\n\t<meta property=\"og:image:height\" content=\"800\" \/>\n\t<meta property=\"og:image:type\" content=\"image\/png\" \/>\n<meta name=\"twitter:card\" content=\"summary_large_image\" \/>\n<meta name=\"twitter:label1\" content=\"Est. reading time\" \/>\n\t<meta name=\"twitter:data1\" content=\"1 minute\" \/>\n<script type=\"application\/ld+json\" class=\"yoast-schema-graph\">{\"@context\":\"https:\/\/schema.org\",\"@graph\":[{\"@type\":\"WebPage\",\"@id\":\"https:\/\/st-feuillien.com\/nl\/product\/glas-st-feuillien-beperkte-oplage-ducasse-de-mons-2026-25-cl-x-3\/\",\"url\":\"https:\/\/st-feuillien.com\/nl\/product\/glas-st-feuillien-beperkte-oplage-ducasse-de-mons-2026-25-cl-x-3\/\",\"name\":\"Glas St-Feuillien - beperkte oplage Ducasse de Mons 2026 25 cl x 3 - Brasserie St-Feuillien\",\"isPartOf\":{\"@id\":\"https:\/\/st-feuillien.com\/nl\/#website\"},\"primaryImageOfPage\":{\"@id\":\"https:\/\/st-feuillien.com\/nl\/product\/glas-st-feuillien-beperkte-oplage-ducasse-de-mons-2026-25-cl-x-3\/#primaryimage\"},\"image\":{\"@id\":\"https:\/\/st-feuillien.com\/nl\/product\/glas-st-feuillien-beperkte-oplage-ducasse-de-mons-2026-25-cl-x-3\/#primaryimage\"},\"thumbnailUrl\":\"https:\/\/st-feuillien.com\/app\/uploads\/2026\/02\/Verres-3-Doudou-fond-beige.png\",\"datePublished\":\"2026-02-26T15:41:10+00:00\",\"dateModified\":\"2026-02-26T15:58:19+00:00\",\"breadcrumb\":{\"@id\":\"https:\/\/st-feuillien.com\/nl\/product\/glas-st-feuillien-beperkte-oplage-ducasse-de-mons-2026-25-cl-x-3\/#breadcrumb\"},\"inLanguage\":\"nl-NL\",\"potentialAction\":[{\"@type\":\"ReadAction\",\"target\":[\"https:\/\/st-feuillien.com\/nl\/product\/glas-st-feuillien-beperkte-oplage-ducasse-de-mons-2026-25-cl-x-3\/\"]}]},{\"@type\":\"ImageObject\",\"inLanguage\":\"nl-NL\",\"@id\":\"https:\/\/st-feuillien.com\/nl\/product\/glas-st-feuillien-beperkte-oplage-ducasse-de-mons-2026-25-cl-x-3\/#primaryimage\",\"url\":\"https:\/\/st-feuillien.com\/app\/uploads\/2026\/02\/Verres-3-Doudou-fond-beige.png\",\"contentUrl\":\"https:\/\/st-feuillien.com\/app\/uploads\/2026\/02\/Verres-3-Doudou-fond-beige.png\",\"width\":800,\"height\":800},{\"@type\":\"BreadcrumbList\",\"@id\":\"https:\/\/st-feuillien.com\/nl\/product\/glas-st-feuillien-beperkte-oplage-ducasse-de-mons-2026-25-cl-x-3\/#breadcrumb\",\"itemListElement\":[{\"@type\":\"ListItem\",\"position\":1,\"name\":\"\",\"item\":\"https:\/\/st-feuillien.com\/nl\/\"},{\"@type\":\"ListItem\",\"position\":2,\"name\":\"St-Feuillien shop\",\"item\":\"https:\/\/st-feuillien.com\/nl\/shop\/\"},{\"@type\":\"ListItem\",\"position\":3,\"name\":\"Glas St-Feuillien &#8211; beperkte oplage Ducasse de Mons 2026 25 cl x 3\"}]},{\"@type\":\"WebSite\",\"@id\":\"https:\/\/st-feuillien.com\/nl\/#website\",\"url\":\"https:\/\/st-feuillien.com\/nl\/\",\"name\":\"Brasserie St-Feuillien\",\"description\":\"La Brasserie St. Feuillien est une brasserie belge au Roeulx, en Belgique, qui a \u00e9t\u00e9 fond\u00e9e en 1873. La brasserie, qui fabrique de la bi\u00e8re de style abbaye, a \u00e9t\u00e9 exploit\u00e9e par la famille Friart tout ce temps\",\"publisher\":{\"@id\":\"https:\/\/st-feuillien.com\/nl\/#organization\"},\"potentialAction\":[{\"@type\":\"SearchAction\",\"target\":{\"@type\":\"EntryPoint\",\"urlTemplate\":\"https:\/\/st-feuillien.com\/nl\/?s={search_term_string}\"},\"query-input\":{\"@type\":\"PropertyValueSpecification\",\"valueRequired\":true,\"valueName\":\"search_term_string\"}}],\"inLanguage\":\"nl-NL\"},{\"@type\":\"Organization\",\"@id\":\"https:\/\/st-feuillien.com\/nl\/#organization\",\"name\":\"St Feuillien\",\"url\":\"https:\/\/st-feuillien.com\/nl\/\",\"logo\":{\"@type\":\"ImageObject\",\"inLanguage\":\"nl-NL\",\"@id\":\"https:\/\/st-feuillien.com\/nl\/#\/schema\/logo\/image\/\",\"url\":\"https:\/\/st-feuillien.com\/app\/uploads\/2023\/01\/Logo-st-feuillien-1.svg\",\"contentUrl\":\"https:\/\/st-feuillien.com\/app\/uploads\/2023\/01\/Logo-st-feuillien-1.svg\",\"width\":165,\"height\":122,\"caption\":\"St Feuillien\"},\"image\":{\"@id\":\"https:\/\/st-feuillien.com\/nl\/#\/schema\/logo\/image\/\"},\"sameAs\":[\"https:\/\/www.facebook.com\/stfeuillien\"]}]}<\/script>\n<!-- \/ Yoast SEO plugin. -->","yoast_head_json":{"title":"Glas St-Feuillien - beperkte oplage Ducasse de Mons 2026 25 cl x 3 - Brasserie St-Feuillien","robots":{"index":"index","follow":"follow","max-snippet":"max-snippet:-1","max-image-preview":"max-image-preview:large","max-video-preview":"max-video-preview:-1"},"canonical":"https:\/\/st-feuillien.com\/nl\/product\/glas-st-feuillien-beperkte-oplage-ducasse-de-mons-2026-25-cl-x-3\/","og_locale":"nl_NL","og_type":"article","og_title":"Glas St-Feuillien - beperkte oplage Ducasse de Mons 2026 25 cl x 3 - Brasserie St-Feuillien","og_description":"Duik in het rijke bierverleden van Mons met deze exclusieve set van drie glazen met unieke designs. Elk glas brengt een eerbetoon aan de lokale traditie en folklore en weerspiegelt de feestelijke ziel van de Doudou \u2014 een iconisch evenement dat de Montois al generaties lang samenbrengt. Een authentieke en karaktervolle collectie voor liefhebbers van &hellip; Continued","og_url":"https:\/\/st-feuillien.com\/nl\/product\/glas-st-feuillien-beperkte-oplage-ducasse-de-mons-2026-25-cl-x-3\/","og_site_name":"Brasserie St-Feuillien","article_publisher":"https:\/\/www.facebook.com\/stfeuillien","article_modified_time":"2026-02-26T15:58:19+00:00","og_image":[{"width":800,"height":800,"url":"https:\/\/st-feuillien.com\/app\/uploads\/2026\/02\/Verres-3-Doudou-fond-beige.png","type":"image\/png"}],"twitter_card":"summary_large_image","twitter_misc":{"Est. reading time":"1 minute"},"schema":{"@context":"https:\/\/schema.org","@graph":[{"@type":"WebPage","@id":"https:\/\/st-feuillien.com\/nl\/product\/glas-st-feuillien-beperkte-oplage-ducasse-de-mons-2026-25-cl-x-3\/","url":"https:\/\/st-feuillien.com\/nl\/product\/glas-st-feuillien-beperkte-oplage-ducasse-de-mons-2026-25-cl-x-3\/","name":"Glas St-Feuillien - beperkte oplage Ducasse de Mons 2026 25 cl x 3 - Brasserie St-Feuillien","isPartOf":{"@id":"https:\/\/st-feuillien.com\/nl\/#website"},"primaryImageOfPage":{"@id":"https:\/\/st-feuillien.com\/nl\/product\/glas-st-feuillien-beperkte-oplage-ducasse-de-mons-2026-25-cl-x-3\/#primaryimage"},"image":{"@id":"https:\/\/st-feuillien.com\/nl\/product\/glas-st-feuillien-beperkte-oplage-ducasse-de-mons-2026-25-cl-x-3\/#primaryimage"},"thumbnailUrl":"https:\/\/st-feuillien.com\/app\/uploads\/2026\/02\/Verres-3-Doudou-fond-beige.png","datePublished":"2026-02-26T15:41:10+00:00","dateModified":"2026-02-26T15:58:19+00:00","breadcrumb":{"@id":"https:\/\/st-feuillien.com\/nl\/product\/glas-st-feuillien-beperkte-oplage-ducasse-de-mons-2026-25-cl-x-3\/#breadcrumb"},"inLanguage":"nl-NL","potentialAction":[{"@type":"ReadAction","target":["https:\/\/st-feuillien.com\/nl\/product\/glas-st-feuillien-beperkte-oplage-ducasse-de-mons-2026-25-cl-x-3\/"]}]},{"@type":"ImageObject","inLanguage":"nl-NL","@id":"https:\/\/st-feuillien.com\/nl\/product\/glas-st-feuillien-beperkte-oplage-ducasse-de-mons-2026-25-cl-x-3\/#primaryimage","url":"https:\/\/st-feuillien.com\/app\/uploads\/2026\/02\/Verres-3-Doudou-fond-beige.png","contentUrl":"https:\/\/st-feuillien.com\/app\/uploads\/2026\/02\/Verres-3-Doudou-fond-beige.png","width":800,"height":800},{"@type":"BreadcrumbList","@id":"https:\/\/st-feuillien.com\/nl\/product\/glas-st-feuillien-beperkte-oplage-ducasse-de-mons-2026-25-cl-x-3\/#breadcrumb","itemListElement":[{"@type":"ListItem","position":1,"name":"","item":"https:\/\/st-feuillien.com\/nl\/"},{"@type":"ListItem","position":2,"name":"St-Feuillien shop","item":"https:\/\/st-feuillien.com\/nl\/shop\/"},{"@type":"ListItem","position":3,"name":"Glas St-Feuillien &#8211; beperkte oplage Ducasse de Mons 2026 25 cl x 3"}]},{"@type":"WebSite","@id":"https:\/\/st-feuillien.com\/nl\/#website","url":"https:\/\/st-feuillien.com\/nl\/","name":"Brasserie St-Feuillien","description":"La Brasserie St. Feuillien est une brasserie belge au Roeulx, en Belgique, qui a \u00e9t\u00e9 fond\u00e9e en 1873. La brasserie, qui fabrique de la bi\u00e8re de style abbaye, a \u00e9t\u00e9 exploit\u00e9e par la famille Friart tout ce temps","publisher":{"@id":"https:\/\/st-feuillien.com\/nl\/#organization"},"potentialAction":[{"@type":"SearchAction","target":{"@type":"EntryPoint","urlTemplate":"https:\/\/st-feuillien.com\/nl\/?s={search_term_string}"},"query-input":{"@type":"PropertyValueSpecification","valueRequired":true,"valueName":"search_term_string"}}],"inLanguage":"nl-NL"},{"@type":"Organization","@id":"https:\/\/st-feuillien.com\/nl\/#organization","name":"St Feuillien","url":"https:\/\/st-feuillien.com\/nl\/","logo":{"@type":"ImageObject","inLanguage":"nl-NL","@id":"https:\/\/st-feuillien.com\/nl\/#\/schema\/logo\/image\/","url":"https:\/\/st-feuillien.com\/app\/uploads\/2023\/01\/Logo-st-feuillien-1.svg","contentUrl":"https:\/\/st-feuillien.com\/app\/uploads\/2023\/01\/Logo-st-feuillien-1.svg","width":165,"height":122,"caption":"St Feuillien"},"image":{"@id":"https:\/\/st-feuillien.com\/nl\/#\/schema\/logo\/image\/"},"sameAs":["https:\/\/www.facebook.com\/stfeuillien"]}]}},"_links":{"self":[{"href":"https:\/\/st-feuillien.com\/nl\/wp-json\/wp\/v2\/product\/12042","targetHints":{"allow":["GET"]}}],"collection":[{"href":"https:\/\/st-feuillien.com\/nl\/wp-json\/wp\/v2\/product"}],"about":[{"href":"https:\/\/st-feuillien.com\/nl\/wp-json\/wp\/v2\/types\/product"}],"wp:featuredmedia":[{"embeddable":true,"href":"https:\/\/st-feuillien.com\/nl\/wp-json\/wp\/v2\/media\/12054"}],"wp:attachment":[{"href":"https:\/\/st-feuillien.com\/nl\/wp-json\/wp\/v2\/media?parent=12042"}],"wp:term":[{"taxonomy":"product_brand","embeddable":true,"href":"https:\/\/st-feuillien.com\/nl\/wp-json\/wp\/v2\/product_brand?post=12042"},{"taxonomy":"product_cat","embeddable":true,"href":"https:\/\/st-feuillien.com\/nl\/wp-json\/wp\/v2\/product_cat?post=12042"},{"taxonomy":"product_tag","embeddable":true,"href":"https:\/\/st-feuillien.com\/nl\/wp-json\/wp\/v2\/product_tag?post=12042"}],"curies":[{"name":"wp","href":"https:\/\/api.w.org\/{rel}","templated":true}]}}