{"id":12455,"date":"2026-04-07T14:54:06","date_gmt":"2026-04-07T12:54:06","guid":{"rendered":"https:\/\/st-feuillien.com\/?post_type=product&#038;p=12455"},"modified":"2026-04-10T14:58:00","modified_gmt":"2026-04-10T12:58:00","slug":"st-feuillien-grand-cru-magnum-1-5l-2026","status":"publish","type":"product","link":"https:\/\/st-feuillien.com\/nl\/product\/st-feuillien-grand-cru-magnum-1-5l-2026\/","title":{"rendered":"St-Feuillien Grand Cru Magnum 1,5L \u2013 Gelimiteerde editie 2026 (set van 4)"},"content":{"rendered":"<p>Gelimiteerde editie van 15.000 flessen, <strong>St-Feuillien Grand Cru<\/strong> is een hergist bier op fles, hier aangeboden in Magnumformaat van 1,5L en verkocht per set van 4 flessen.<\/p>\n<p>Een uitzonderlijk cadeau om te geven of te delen, ideaal voor Vaderdag en bijzondere gelegenheden.<\/p>\n<p><strong>St-Feuillien Grand Cru belichaamt het vakmanschap van de brouwerij in een uitzonderlijk formaat.<\/strong><\/p>\n<p>Deze Magnumversie (1,5L), beschikbaar in een gelimiteerde oplage van slechts 15.000 flessen, wordt hier aangeboden in een set van 4 flessen, perfect om meerdere bijzondere momenten te beleven of een opmerkelijk cadeau te schenken.<\/p>\n<p><strong>Een premium cadeau voor Vaderdag<\/strong><br \/>\nOm te geven of te delen: dit prestigieuze formaat maakt van elke degustatie een bijzonder moment. Dankzij het setformaat kan de ervaring worden verlengd of meerdere keren worden geschonken.<\/p>\n<p><strong>Een formaat dat uitnodigt tot delen<\/strong><br \/>\nDe Magnum is ideaal voor gezamenlijke degustaties, tijdens een maaltijd, een feest of een moment met vrienden of familie. Het versterkt de gezelligheid en het unieke karakter van deze editie.<\/p>\n<p><strong>Een uitzonderlijk bier, trouw aan de Grand Cru<\/strong><br \/>\nAls extra-blond degustatiebier, hergist op fles, onderscheidt <strong>St-Feuillien Grand Cru<\/strong> zich door zijn evenwicht en aromatische complexiteit. Zonder toevoeging van kruiden laat het bier de zorgvuldig geselecteerde hoppen volledig tot hun recht komen, waaronder Styrian Golding.<\/p>\n<p>De zeer bleke en heldere kleur wordt bekroond met een witte, fijne schuimkraag. In de neus komen hoppige en fruitige aroma\u2019s naar voren. In de mond start het bier verfijnd, gevolgd door een lange en elegante bitterheid.<\/p>\n<p><strong>Een object dat even bijzonder is als zijn inhoud<\/strong><br \/>\nDankzij een verfijnde combinatie van digitale druk en zeefdruk wordt elke fles een echte blikvanger. Deze set benadrukt het premium en verzamelbare karakter van deze editie.<\/p>\n<p><em>Alcoholpercentage 9,5%<\/em><\/p>\n<p>Beschikbaar vanaf nu \u2013 gelimiteerde editie van 15.000 flessen.<\/p>\n<p><img decoding=\"async\" class=\"alignnone  wp-image-11868\" src=\"https:\/\/st-feuillien.com\/app\/uploads\/2022\/11\/STF-Awards-Grand-Cru2025-300x72.png\" alt=\"\" width=\"380\" height=\"91\" srcset=\"https:\/\/st-feuillien.com\/app\/uploads\/2022\/11\/STF-Awards-Grand-Cru2025-300x72.png 300w, https:\/\/st-feuillien.com\/app\/uploads\/2022\/11\/STF-Awards-Grand-Cru2025-768x185.png 768w, https:\/\/st-feuillien.com\/app\/uploads\/2022\/11\/STF-Awards-Grand-Cru2025-600x145.png 600w, https:\/\/st-feuillien.com\/app\/uploads\/2022\/11\/STF-Awards-Grand-Cru2025.png 1000w\" sizes=\"(max-width: 380px) 100vw, 380px\" \/><br \/>\n&nbsp;<\/p>\n<p>&nbsp;<\/p>\n<p>&nbsp;<\/p>\n","protected":false},"excerpt":{"rendered":"<p>Gelimiteerde editie van 15.000 flessen: St-Feuillien Grand Cru Magnum 1,5L wordt hier aangeboden in een set van 4 flessen. Een uitzonderlijk bier om cadeau te geven of te delen, ideaal voor Vaderdag en bijzondere gelegenheden.<\/p>\n","protected":false},"featured_media":10051,"template":"","meta":{"_acf_changed":false,"inline_featured_image":false},"product_brand":[],"product_cat":[145],"product_tag":[],"class_list":{"0":"post-12455","1":"product","2":"type-product","3":"status-publish","4":"has-post-thumbnail","6":"product_cat-blond-nl","8":"first","9":"instock","10":"taxable","11":"shipping-taxable","12":"purchasable","13":"product-type-simple"},"bundled_by":[],"bundle_stock_status":"instock","bundle_stock_quantity":null,"bundle_virtual":false,"bundle_layout":"","bundle_add_to_cart_form_location":"","bundle_editable_in_cart":false,"bundle_sold_individually_context":"","bundle_item_grouping":"","bundle_min_size":"","bundle_max_size":"","bundle_price":[],"bundled_items":[],"bundle_sell_ids":[],"acf":[],"yoast_head":"<!-- This site is optimized with the Yoast SEO plugin v26.9 - https:\/\/yoast.com\/product\/yoast-seo-wordpress\/ -->\n<title>St-Feuillien Grand Cru Magnum 1,5L \u2013 Gelimiteerde editie 2026 (set van 4)<\/title>\n<meta name=\"description\" content=\"St-Feuillien Grand Cru Magnum 1,5L in gelimiteerde editie (15.000 flessen). Verkocht per set van 4, ideaal als cadeau voor Vaderdag of bijzondere gelegenheden.\" \/>\n<meta name=\"robots\" content=\"index, follow, max-snippet:-1, max-image-preview:large, max-video-preview:-1\" \/>\n<link rel=\"canonical\" href=\"https:\/\/st-feuillien.com\/nl\/product\/st-feuillien-grand-cru-magnum-1-5l-2026\/\" \/>\n<meta property=\"og:locale\" content=\"nl_NL\" \/>\n<meta property=\"og:type\" content=\"article\" \/>\n<meta property=\"og:title\" content=\"St-Feuillien Grand Cru Magnum 1,5L \u2013 Gelimiteerde editie 2026 (set van 4)\" \/>\n<meta property=\"og:description\" content=\"St-Feuillien Grand Cru Magnum 1,5L in gelimiteerde editie (15.000 flessen). Verkocht per set van 4, ideaal als cadeau voor Vaderdag of bijzondere gelegenheden.\" \/>\n<meta property=\"og:url\" content=\"https:\/\/st-feuillien.com\/nl\/product\/st-feuillien-grand-cru-magnum-1-5l-2026\/\" \/>\n<meta property=\"og:site_name\" content=\"Brasserie St-Feuillien\" \/>\n<meta property=\"article:publisher\" content=\"https:\/\/www.facebook.com\/stfeuillien\" \/>\n<meta property=\"article:modified_time\" content=\"2026-04-10T12:58:00+00:00\" \/>\n<meta property=\"og:image\" content=\"https:\/\/st-feuillien.com\/app\/uploads\/2024\/09\/FB-clifflucasphoto-20240913-013.jpg\" \/>\n\t<meta property=\"og:image:width\" content=\"1200\" \/>\n\t<meta property=\"og:image:height\" content=\"1200\" \/>\n\t<meta property=\"og:image:type\" content=\"image\/jpeg\" \/>\n<meta name=\"twitter:card\" content=\"summary_large_image\" \/>\n<meta name=\"twitter:label1\" content=\"Est. reading time\" \/>\n\t<meta name=\"twitter:data1\" content=\"2 minutes\" \/>\n<script type=\"application\/ld+json\" class=\"yoast-schema-graph\">{\"@context\":\"https:\/\/schema.org\",\"@graph\":[{\"@type\":\"WebPage\",\"@id\":\"https:\/\/st-feuillien.com\/nl\/product\/st-feuillien-grand-cru-magnum-1-5l-2026\/\",\"url\":\"https:\/\/st-feuillien.com\/nl\/product\/st-feuillien-grand-cru-magnum-1-5l-2026\/\",\"name\":\"St-Feuillien Grand Cru Magnum 1,5L \u2013 Gelimiteerde editie 2026 (set van 4)\",\"isPartOf\":{\"@id\":\"https:\/\/st-feuillien.com\/nl\/#website\"},\"primaryImageOfPage\":{\"@id\":\"https:\/\/st-feuillien.com\/nl\/product\/st-feuillien-grand-cru-magnum-1-5l-2026\/#primaryimage\"},\"image\":{\"@id\":\"https:\/\/st-feuillien.com\/nl\/product\/st-feuillien-grand-cru-magnum-1-5l-2026\/#primaryimage\"},\"thumbnailUrl\":\"https:\/\/st-feuillien.com\/app\/uploads\/2024\/09\/FB-clifflucasphoto-20240913-013.jpg\",\"datePublished\":\"2026-04-07T12:54:06+00:00\",\"dateModified\":\"2026-04-10T12:58:00+00:00\",\"description\":\"St-Feuillien Grand Cru Magnum 1,5L in gelimiteerde editie (15.000 flessen). Verkocht per set van 4, ideaal als cadeau voor Vaderdag of bijzondere gelegenheden.\",\"breadcrumb\":{\"@id\":\"https:\/\/st-feuillien.com\/nl\/product\/st-feuillien-grand-cru-magnum-1-5l-2026\/#breadcrumb\"},\"inLanguage\":\"nl-NL\",\"potentialAction\":[{\"@type\":\"ReadAction\",\"target\":[\"https:\/\/st-feuillien.com\/nl\/product\/st-feuillien-grand-cru-magnum-1-5l-2026\/\"]}]},{\"@type\":\"ImageObject\",\"inLanguage\":\"nl-NL\",\"@id\":\"https:\/\/st-feuillien.com\/nl\/product\/st-feuillien-grand-cru-magnum-1-5l-2026\/#primaryimage\",\"url\":\"https:\/\/st-feuillien.com\/app\/uploads\/2024\/09\/FB-clifflucasphoto-20240913-013.jpg\",\"contentUrl\":\"https:\/\/st-feuillien.com\/app\/uploads\/2024\/09\/FB-clifflucasphoto-20240913-013.jpg\",\"width\":1200,\"height\":1200},{\"@type\":\"BreadcrumbList\",\"@id\":\"https:\/\/st-feuillien.com\/nl\/product\/st-feuillien-grand-cru-magnum-1-5l-2026\/#breadcrumb\",\"itemListElement\":[{\"@type\":\"ListItem\",\"position\":1,\"name\":\"\",\"item\":\"https:\/\/st-feuillien.com\/nl\/\"},{\"@type\":\"ListItem\",\"position\":2,\"name\":\"St-Feuillien shop\",\"item\":\"https:\/\/st-feuillien.com\/nl\/shop\/\"},{\"@type\":\"ListItem\",\"position\":3,\"name\":\"St-Feuillien Grand Cru Magnum 1,5L \u2013 Gelimiteerde editie 2026 (set van 4)\"}]},{\"@type\":\"WebSite\",\"@id\":\"https:\/\/st-feuillien.com\/nl\/#website\",\"url\":\"https:\/\/st-feuillien.com\/nl\/\",\"name\":\"Brasserie St-Feuillien\",\"description\":\"La Brasserie St. Feuillien est une brasserie belge au Roeulx, en Belgique, qui a \u00e9t\u00e9 fond\u00e9e en 1873. La brasserie, qui fabrique de la bi\u00e8re de style abbaye, a \u00e9t\u00e9 exploit\u00e9e par la famille Friart tout ce temps\",\"publisher\":{\"@id\":\"https:\/\/st-feuillien.com\/nl\/#organization\"},\"potentialAction\":[{\"@type\":\"SearchAction\",\"target\":{\"@type\":\"EntryPoint\",\"urlTemplate\":\"https:\/\/st-feuillien.com\/nl\/?s={search_term_string}\"},\"query-input\":{\"@type\":\"PropertyValueSpecification\",\"valueRequired\":true,\"valueName\":\"search_term_string\"}}],\"inLanguage\":\"nl-NL\"},{\"@type\":\"Organization\",\"@id\":\"https:\/\/st-feuillien.com\/nl\/#organization\",\"name\":\"St Feuillien\",\"url\":\"https:\/\/st-feuillien.com\/nl\/\",\"logo\":{\"@type\":\"ImageObject\",\"inLanguage\":\"nl-NL\",\"@id\":\"https:\/\/st-feuillien.com\/nl\/#\/schema\/logo\/image\/\",\"url\":\"https:\/\/st-feuillien.com\/app\/uploads\/2023\/01\/Logo-st-feuillien-1.svg\",\"contentUrl\":\"https:\/\/st-feuillien.com\/app\/uploads\/2023\/01\/Logo-st-feuillien-1.svg\",\"width\":165,\"height\":122,\"caption\":\"St Feuillien\"},\"image\":{\"@id\":\"https:\/\/st-feuillien.com\/nl\/#\/schema\/logo\/image\/\"},\"sameAs\":[\"https:\/\/www.facebook.com\/stfeuillien\"]}]}<\/script>\n<!-- \/ Yoast SEO plugin. -->","yoast_head_json":{"title":"St-Feuillien Grand Cru Magnum 1,5L \u2013 Gelimiteerde editie 2026 (set van 4)","description":"St-Feuillien Grand Cru Magnum 1,5L in gelimiteerde editie (15.000 flessen). Verkocht per set van 4, ideaal als cadeau voor Vaderdag of bijzondere gelegenheden.","robots":{"index":"index","follow":"follow","max-snippet":"max-snippet:-1","max-image-preview":"max-image-preview:large","max-video-preview":"max-video-preview:-1"},"canonical":"https:\/\/st-feuillien.com\/nl\/product\/st-feuillien-grand-cru-magnum-1-5l-2026\/","og_locale":"nl_NL","og_type":"article","og_title":"St-Feuillien Grand Cru Magnum 1,5L \u2013 Gelimiteerde editie 2026 (set van 4)","og_description":"St-Feuillien Grand Cru Magnum 1,5L in gelimiteerde editie (15.000 flessen). Verkocht per set van 4, ideaal als cadeau voor Vaderdag of bijzondere gelegenheden.","og_url":"https:\/\/st-feuillien.com\/nl\/product\/st-feuillien-grand-cru-magnum-1-5l-2026\/","og_site_name":"Brasserie St-Feuillien","article_publisher":"https:\/\/www.facebook.com\/stfeuillien","article_modified_time":"2026-04-10T12:58:00+00:00","og_image":[{"width":1200,"height":1200,"url":"https:\/\/st-feuillien.com\/app\/uploads\/2024\/09\/FB-clifflucasphoto-20240913-013.jpg","type":"image\/jpeg"}],"twitter_card":"summary_large_image","twitter_misc":{"Est. reading time":"2 minutes"},"schema":{"@context":"https:\/\/schema.org","@graph":[{"@type":"WebPage","@id":"https:\/\/st-feuillien.com\/nl\/product\/st-feuillien-grand-cru-magnum-1-5l-2026\/","url":"https:\/\/st-feuillien.com\/nl\/product\/st-feuillien-grand-cru-magnum-1-5l-2026\/","name":"St-Feuillien Grand Cru Magnum 1,5L \u2013 Gelimiteerde editie 2026 (set van 4)","isPartOf":{"@id":"https:\/\/st-feuillien.com\/nl\/#website"},"primaryImageOfPage":{"@id":"https:\/\/st-feuillien.com\/nl\/product\/st-feuillien-grand-cru-magnum-1-5l-2026\/#primaryimage"},"image":{"@id":"https:\/\/st-feuillien.com\/nl\/product\/st-feuillien-grand-cru-magnum-1-5l-2026\/#primaryimage"},"thumbnailUrl":"https:\/\/st-feuillien.com\/app\/uploads\/2024\/09\/FB-clifflucasphoto-20240913-013.jpg","datePublished":"2026-04-07T12:54:06+00:00","dateModified":"2026-04-10T12:58:00+00:00","description":"St-Feuillien Grand Cru Magnum 1,5L in gelimiteerde editie (15.000 flessen). Verkocht per set van 4, ideaal als cadeau voor Vaderdag of bijzondere gelegenheden.","breadcrumb":{"@id":"https:\/\/st-feuillien.com\/nl\/product\/st-feuillien-grand-cru-magnum-1-5l-2026\/#breadcrumb"},"inLanguage":"nl-NL","potentialAction":[{"@type":"ReadAction","target":["https:\/\/st-feuillien.com\/nl\/product\/st-feuillien-grand-cru-magnum-1-5l-2026\/"]}]},{"@type":"ImageObject","inLanguage":"nl-NL","@id":"https:\/\/st-feuillien.com\/nl\/product\/st-feuillien-grand-cru-magnum-1-5l-2026\/#primaryimage","url":"https:\/\/st-feuillien.com\/app\/uploads\/2024\/09\/FB-clifflucasphoto-20240913-013.jpg","contentUrl":"https:\/\/st-feuillien.com\/app\/uploads\/2024\/09\/FB-clifflucasphoto-20240913-013.jpg","width":1200,"height":1200},{"@type":"BreadcrumbList","@id":"https:\/\/st-feuillien.com\/nl\/product\/st-feuillien-grand-cru-magnum-1-5l-2026\/#breadcrumb","itemListElement":[{"@type":"ListItem","position":1,"name":"","item":"https:\/\/st-feuillien.com\/nl\/"},{"@type":"ListItem","position":2,"name":"St-Feuillien shop","item":"https:\/\/st-feuillien.com\/nl\/shop\/"},{"@type":"ListItem","position":3,"name":"St-Feuillien Grand Cru Magnum 1,5L \u2013 Gelimiteerde editie 2026 (set van 4)"}]},{"@type":"WebSite","@id":"https:\/\/st-feuillien.com\/nl\/#website","url":"https:\/\/st-feuillien.com\/nl\/","name":"Brasserie St-Feuillien","description":"La Brasserie St. Feuillien est une brasserie belge au Roeulx, en Belgique, qui a \u00e9t\u00e9 fond\u00e9e en 1873. La brasserie, qui fabrique de la bi\u00e8re de style abbaye, a \u00e9t\u00e9 exploit\u00e9e par la famille Friart tout ce temps","publisher":{"@id":"https:\/\/st-feuillien.com\/nl\/#organization"},"potentialAction":[{"@type":"SearchAction","target":{"@type":"EntryPoint","urlTemplate":"https:\/\/st-feuillien.com\/nl\/?s={search_term_string}"},"query-input":{"@type":"PropertyValueSpecification","valueRequired":true,"valueName":"search_term_string"}}],"inLanguage":"nl-NL"},{"@type":"Organization","@id":"https:\/\/st-feuillien.com\/nl\/#organization","name":"St Feuillien","url":"https:\/\/st-feuillien.com\/nl\/","logo":{"@type":"ImageObject","inLanguage":"nl-NL","@id":"https:\/\/st-feuillien.com\/nl\/#\/schema\/logo\/image\/","url":"https:\/\/st-feuillien.com\/app\/uploads\/2023\/01\/Logo-st-feuillien-1.svg","contentUrl":"https:\/\/st-feuillien.com\/app\/uploads\/2023\/01\/Logo-st-feuillien-1.svg","width":165,"height":122,"caption":"St Feuillien"},"image":{"@id":"https:\/\/st-feuillien.com\/nl\/#\/schema\/logo\/image\/"},"sameAs":["https:\/\/www.facebook.com\/stfeuillien"]}]}},"_links":{"self":[{"href":"https:\/\/st-feuillien.com\/nl\/wp-json\/wp\/v2\/product\/12455","targetHints":{"allow":["GET"]}}],"collection":[{"href":"https:\/\/st-feuillien.com\/nl\/wp-json\/wp\/v2\/product"}],"about":[{"href":"https:\/\/st-feuillien.com\/nl\/wp-json\/wp\/v2\/types\/product"}],"wp:featuredmedia":[{"embeddable":true,"href":"https:\/\/st-feuillien.com\/nl\/wp-json\/wp\/v2\/media\/10051"}],"wp:attachment":[{"href":"https:\/\/st-feuillien.com\/nl\/wp-json\/wp\/v2\/media?parent=12455"}],"wp:term":[{"taxonomy":"product_brand","embeddable":true,"href":"https:\/\/st-feuillien.com\/nl\/wp-json\/wp\/v2\/product_brand?post=12455"},{"taxonomy":"product_cat","embeddable":true,"href":"https:\/\/st-feuillien.com\/nl\/wp-json\/wp\/v2\/product_cat?post=12455"},{"taxonomy":"product_tag","embeddable":true,"href":"https:\/\/st-feuillien.com\/nl\/wp-json\/wp\/v2\/product_tag?post=12455"}],"curies":[{"name":"wp","href":"https:\/\/api.w.org\/{rel}","templated":true}]}}