{"id":7653,"date":"2022-11-07T11:58:27","date_gmt":"2022-11-07T10:58:27","guid":{"rendered":"https:\/\/st-feuillien.com\/?post_type=product&#038;p=7653"},"modified":"2024-10-04T16:09:55","modified_gmt":"2024-10-04T14:09:55","slug":"st-feuillien-blonde-33-cl","status":"publish","type":"product","link":"https:\/\/st-feuillien.com\/nl\/product\/st-feuillien-blonde-33-cl\/","title":{"rendered":"St-Feuillien Blond 12 x 33 cl"},"content":{"rendered":"<p>De kleur is diepgoud, het schuim fijn en luchtig. Het boeket is zeer geparfumeerd; de aromatische hopsoorten zijn herkenbaar aanwezig en de specerijen zorgen voor een fruitige toets van citrusvruchten. De smaak wordt gekenmerkt door een intense, zeer karakteristieke volle bitterheid. Vooral de dominante moutsmaak laat een volle indruk na in de mond. Toch is de afdronk droog en hoppig. Al deze kenmerken samen maken er een uitstekend digestief bier van.<\/p>\n<p><em><span style=\"font-size: 12pt;\">Alcoholpercentage 7.5%<\/span><\/em><\/p>\n<p>&nbsp;<\/p>\n<p><img decoding=\"async\" class=\"alignnone wp-image-7640 size-full\" src=\"https:\/\/st-feuillien.com\/app\/uploads\/2023\/10\/Logo_medailles-STF-blonde.png\" alt=\"\" width=\"800\" height=\"241\" srcset=\"https:\/\/st-feuillien.com\/app\/uploads\/2023\/10\/Logo_medailles-STF-blonde.png 800w, https:\/\/st-feuillien.com\/app\/uploads\/2023\/10\/Logo_medailles-STF-blonde-600x181.png 600w, https:\/\/st-feuillien.com\/app\/uploads\/2023\/10\/Logo_medailles-STF-blonde-300x90.png 300w, https:\/\/st-feuillien.com\/app\/uploads\/2023\/10\/Logo_medailles-STF-blonde-768x231.png 768w\" sizes=\"(max-width: 800px) 100vw, 800px\" \/><\/p>\n","protected":false},"excerpt":{"rendered":"<p>De kleur is diepgoud, het schuim fijn en luchtig. Het boeket is zeer geparfumeerd; de aromatische hopsoorten zijn herkenbaar aanwezig en de specerijen zorgen voor een fruitige toets van citrusvruchten. De smaak wordt gekenmerkt door een intense, zeer karakteristieke volle bitterheid. Vooral de dominante moutsmaak laat een volle indruk na in de mond. Toch is &hellip; <a href=\"https:\/\/st-feuillien.com\/nl\/product\/st-feuillien-blonde-33-cl\/\">Continued<\/a><\/p>\n","protected":false},"featured_media":766,"template":"","meta":{"_acf_changed":false,"inline_featured_image":false},"product_brand":[],"product_cat":[144,145],"product_tag":[],"class_list":{"0":"post-7653","1":"product","2":"type-product","3":"status-publish","4":"has-post-thumbnail","6":"product_cat-abdij-nl","7":"product_cat-blond-nl","9":"first","10":"instock","11":"taxable","12":"shipping-taxable","13":"purchasable","14":"product-type-bundle"},"bundled_by":[],"bundle_stock_status":"instock","bundle_stock_quantity":"","bundle_virtual":false,"bundle_layout":"default","bundle_add_to_cart_form_location":"default","bundle_editable_in_cart":false,"bundle_sold_individually_context":"product","bundle_item_grouping":"parent","bundle_min_size":"","bundle_max_size":"","bundle_price":{"price":{"min":{"incl_tax":"24.00","excl_tax":"19.83"},"max":{"incl_tax":"34","excl_tax":"28.09"}},"regular_price":{"min":{"incl_tax":"24.00","excl_tax":"19.83"},"max":{"incl_tax":"34","excl_tax":"28.09"}}},"bundled_items":[{"bundled_item_id":2,"product_id":8838,"menu_order":0,"quantity_min":1,"quantity_max":1,"quantity_default":1,"priced_individually":true,"shipped_individually":false,"override_title":false,"title":"Glas St-Feuillien 33 cl x 2","override_description":false,"description":"Glas St-Feuillien 33 cl x 2","optional":true,"hide_thumbnail":false,"discount":"","override_variations":false,"allowed_variations":[""],"override_default_variation_attributes":false,"default_variation_attributes":[],"single_product_visibility":"visible","cart_visibility":"visible","order_visibility":"visible","single_product_price_visibility":"visible","cart_price_visibility":"visible","order_price_visibility":"visible","stock_status":"in_stock"}],"bundle_sell_ids":[],"acf":[],"yoast_head":"<!-- This site is optimized with the Yoast SEO plugin v26.9 - https:\/\/yoast.com\/product\/yoast-seo-wordpress\/ -->\n<title>St-Feuillien Blond 12 x 33 cl - Brasserie St-Feuillien<\/title>\n<meta name=\"description\" content=\"Geniet van de authenticiteit van de St-Feuillien Blonde in het handige 33 cl-formaat. Een verfijnd Belgisch bier, ideaal voor een moment van individueel genot. Moutige tonen en delicate aroma&#039;s wachten op u.\" \/>\n<meta name=\"robots\" content=\"index, follow, max-snippet:-1, max-image-preview:large, max-video-preview:-1\" \/>\n<link rel=\"canonical\" href=\"https:\/\/st-feuillien.com\/nl\/product\/st-feuillien-blonde-33-cl\/\" \/>\n<meta property=\"og:locale\" content=\"nl_NL\" \/>\n<meta property=\"og:type\" content=\"article\" \/>\n<meta property=\"og:title\" content=\"St-Feuillien Blond 12 x 33 cl - Brasserie St-Feuillien\" \/>\n<meta property=\"og:description\" content=\"Geniet van de authenticiteit van de St-Feuillien Blonde in het handige 33 cl-formaat. Een verfijnd Belgisch bier, ideaal voor een moment van individueel genot. Moutige tonen en delicate aroma&#039;s wachten op u.\" \/>\n<meta property=\"og:url\" content=\"https:\/\/st-feuillien.com\/nl\/product\/st-feuillien-blonde-33-cl\/\" \/>\n<meta property=\"og:site_name\" content=\"Brasserie St-Feuillien\" \/>\n<meta property=\"article:publisher\" content=\"https:\/\/www.facebook.com\/stfeuillien\" \/>\n<meta property=\"article:modified_time\" content=\"2024-10-04T14:09:55+00:00\" \/>\n<meta property=\"og:image\" content=\"https:\/\/st-feuillien.com\/app\/uploads\/2022\/10\/FB-clifflucas-STFblonde33.jpg\" \/>\n\t<meta property=\"og:image:width\" content=\"1200\" \/>\n\t<meta property=\"og:image:height\" content=\"1500\" \/>\n\t<meta property=\"og:image:type\" content=\"image\/jpeg\" \/>\n<meta name=\"twitter:card\" content=\"summary_large_image\" \/>\n<meta name=\"twitter:label1\" content=\"Est. reading time\" \/>\n\t<meta name=\"twitter:data1\" content=\"1 minute\" \/>\n<script type=\"application\/ld+json\" class=\"yoast-schema-graph\">{\"@context\":\"https:\/\/schema.org\",\"@graph\":[{\"@type\":\"WebPage\",\"@id\":\"https:\/\/st-feuillien.com\/nl\/product\/st-feuillien-blonde-33-cl\/\",\"url\":\"https:\/\/st-feuillien.com\/nl\/product\/st-feuillien-blonde-33-cl\/\",\"name\":\"St-Feuillien Blond 12 x 33 cl - Brasserie St-Feuillien\",\"isPartOf\":{\"@id\":\"https:\/\/st-feuillien.com\/nl\/#website\"},\"primaryImageOfPage\":{\"@id\":\"https:\/\/st-feuillien.com\/nl\/product\/st-feuillien-blonde-33-cl\/#primaryimage\"},\"image\":{\"@id\":\"https:\/\/st-feuillien.com\/nl\/product\/st-feuillien-blonde-33-cl\/#primaryimage\"},\"thumbnailUrl\":\"https:\/\/st-feuillien.com\/app\/uploads\/2022\/10\/FB-clifflucas-STFblonde33.jpg\",\"datePublished\":\"2022-11-07T10:58:27+00:00\",\"dateModified\":\"2024-10-04T14:09:55+00:00\",\"description\":\"Geniet van de authenticiteit van de St-Feuillien Blonde in het handige 33 cl-formaat. Een verfijnd Belgisch bier, ideaal voor een moment van individueel genot. Moutige tonen en delicate aroma's wachten op u.\",\"breadcrumb\":{\"@id\":\"https:\/\/st-feuillien.com\/nl\/product\/st-feuillien-blonde-33-cl\/#breadcrumb\"},\"inLanguage\":\"nl-NL\",\"potentialAction\":[{\"@type\":\"ReadAction\",\"target\":[\"https:\/\/st-feuillien.com\/nl\/product\/st-feuillien-blonde-33-cl\/\"]}]},{\"@type\":\"ImageObject\",\"inLanguage\":\"nl-NL\",\"@id\":\"https:\/\/st-feuillien.com\/nl\/product\/st-feuillien-blonde-33-cl\/#primaryimage\",\"url\":\"https:\/\/st-feuillien.com\/app\/uploads\/2022\/10\/FB-clifflucas-STFblonde33.jpg\",\"contentUrl\":\"https:\/\/st-feuillien.com\/app\/uploads\/2022\/10\/FB-clifflucas-STFblonde33.jpg\",\"width\":1200,\"height\":1500},{\"@type\":\"BreadcrumbList\",\"@id\":\"https:\/\/st-feuillien.com\/nl\/product\/st-feuillien-blonde-33-cl\/#breadcrumb\",\"itemListElement\":[{\"@type\":\"ListItem\",\"position\":1,\"name\":\"\",\"item\":\"https:\/\/st-feuillien.com\/nl\/\"},{\"@type\":\"ListItem\",\"position\":2,\"name\":\"St-Feuillien shop\",\"item\":\"https:\/\/st-feuillien.com\/nl\/shop\/\"},{\"@type\":\"ListItem\",\"position\":3,\"name\":\"St-Feuillien Blond 12 x 33 cl\"}]},{\"@type\":\"WebSite\",\"@id\":\"https:\/\/st-feuillien.com\/nl\/#website\",\"url\":\"https:\/\/st-feuillien.com\/nl\/\",\"name\":\"Brasserie St-Feuillien\",\"description\":\"La Brasserie St. Feuillien est une brasserie belge au Roeulx, en Belgique, qui a \u00e9t\u00e9 fond\u00e9e en 1873. La brasserie, qui fabrique de la bi\u00e8re de style abbaye, a \u00e9t\u00e9 exploit\u00e9e par la famille Friart tout ce temps\",\"publisher\":{\"@id\":\"https:\/\/st-feuillien.com\/nl\/#organization\"},\"potentialAction\":[{\"@type\":\"SearchAction\",\"target\":{\"@type\":\"EntryPoint\",\"urlTemplate\":\"https:\/\/st-feuillien.com\/nl\/?s={search_term_string}\"},\"query-input\":{\"@type\":\"PropertyValueSpecification\",\"valueRequired\":true,\"valueName\":\"search_term_string\"}}],\"inLanguage\":\"nl-NL\"},{\"@type\":\"Organization\",\"@id\":\"https:\/\/st-feuillien.com\/nl\/#organization\",\"name\":\"St Feuillien\",\"url\":\"https:\/\/st-feuillien.com\/nl\/\",\"logo\":{\"@type\":\"ImageObject\",\"inLanguage\":\"nl-NL\",\"@id\":\"https:\/\/st-feuillien.com\/nl\/#\/schema\/logo\/image\/\",\"url\":\"https:\/\/st-feuillien.com\/app\/uploads\/2023\/01\/Logo-st-feuillien-1.svg\",\"contentUrl\":\"https:\/\/st-feuillien.com\/app\/uploads\/2023\/01\/Logo-st-feuillien-1.svg\",\"width\":165,\"height\":122,\"caption\":\"St Feuillien\"},\"image\":{\"@id\":\"https:\/\/st-feuillien.com\/nl\/#\/schema\/logo\/image\/\"},\"sameAs\":[\"https:\/\/www.facebook.com\/stfeuillien\"]}]}<\/script>\n<!-- \/ Yoast SEO plugin. -->","yoast_head_json":{"title":"St-Feuillien Blond 12 x 33 cl - Brasserie St-Feuillien","description":"Geniet van de authenticiteit van de St-Feuillien Blonde in het handige 33 cl-formaat. Een verfijnd Belgisch bier, ideaal voor een moment van individueel genot. Moutige tonen en delicate aroma's wachten op u.","robots":{"index":"index","follow":"follow","max-snippet":"max-snippet:-1","max-image-preview":"max-image-preview:large","max-video-preview":"max-video-preview:-1"},"canonical":"https:\/\/st-feuillien.com\/nl\/product\/st-feuillien-blonde-33-cl\/","og_locale":"nl_NL","og_type":"article","og_title":"St-Feuillien Blond 12 x 33 cl - Brasserie St-Feuillien","og_description":"Geniet van de authenticiteit van de St-Feuillien Blonde in het handige 33 cl-formaat. Een verfijnd Belgisch bier, ideaal voor een moment van individueel genot. Moutige tonen en delicate aroma's wachten op u.","og_url":"https:\/\/st-feuillien.com\/nl\/product\/st-feuillien-blonde-33-cl\/","og_site_name":"Brasserie St-Feuillien","article_publisher":"https:\/\/www.facebook.com\/stfeuillien","article_modified_time":"2024-10-04T14:09:55+00:00","og_image":[{"width":1200,"height":1500,"url":"https:\/\/st-feuillien.com\/app\/uploads\/2022\/10\/FB-clifflucas-STFblonde33.jpg","type":"image\/jpeg"}],"twitter_card":"summary_large_image","twitter_misc":{"Est. reading time":"1 minute"},"schema":{"@context":"https:\/\/schema.org","@graph":[{"@type":"WebPage","@id":"https:\/\/st-feuillien.com\/nl\/product\/st-feuillien-blonde-33-cl\/","url":"https:\/\/st-feuillien.com\/nl\/product\/st-feuillien-blonde-33-cl\/","name":"St-Feuillien Blond 12 x 33 cl - Brasserie St-Feuillien","isPartOf":{"@id":"https:\/\/st-feuillien.com\/nl\/#website"},"primaryImageOfPage":{"@id":"https:\/\/st-feuillien.com\/nl\/product\/st-feuillien-blonde-33-cl\/#primaryimage"},"image":{"@id":"https:\/\/st-feuillien.com\/nl\/product\/st-feuillien-blonde-33-cl\/#primaryimage"},"thumbnailUrl":"https:\/\/st-feuillien.com\/app\/uploads\/2022\/10\/FB-clifflucas-STFblonde33.jpg","datePublished":"2022-11-07T10:58:27+00:00","dateModified":"2024-10-04T14:09:55+00:00","description":"Geniet van de authenticiteit van de St-Feuillien Blonde in het handige 33 cl-formaat. Een verfijnd Belgisch bier, ideaal voor een moment van individueel genot. Moutige tonen en delicate aroma's wachten op u.","breadcrumb":{"@id":"https:\/\/st-feuillien.com\/nl\/product\/st-feuillien-blonde-33-cl\/#breadcrumb"},"inLanguage":"nl-NL","potentialAction":[{"@type":"ReadAction","target":["https:\/\/st-feuillien.com\/nl\/product\/st-feuillien-blonde-33-cl\/"]}]},{"@type":"ImageObject","inLanguage":"nl-NL","@id":"https:\/\/st-feuillien.com\/nl\/product\/st-feuillien-blonde-33-cl\/#primaryimage","url":"https:\/\/st-feuillien.com\/app\/uploads\/2022\/10\/FB-clifflucas-STFblonde33.jpg","contentUrl":"https:\/\/st-feuillien.com\/app\/uploads\/2022\/10\/FB-clifflucas-STFblonde33.jpg","width":1200,"height":1500},{"@type":"BreadcrumbList","@id":"https:\/\/st-feuillien.com\/nl\/product\/st-feuillien-blonde-33-cl\/#breadcrumb","itemListElement":[{"@type":"ListItem","position":1,"name":"","item":"https:\/\/st-feuillien.com\/nl\/"},{"@type":"ListItem","position":2,"name":"St-Feuillien shop","item":"https:\/\/st-feuillien.com\/nl\/shop\/"},{"@type":"ListItem","position":3,"name":"St-Feuillien Blond 12 x 33 cl"}]},{"@type":"WebSite","@id":"https:\/\/st-feuillien.com\/nl\/#website","url":"https:\/\/st-feuillien.com\/nl\/","name":"Brasserie St-Feuillien","description":"La Brasserie St. Feuillien est une brasserie belge au Roeulx, en Belgique, qui a \u00e9t\u00e9 fond\u00e9e en 1873. La brasserie, qui fabrique de la bi\u00e8re de style abbaye, a \u00e9t\u00e9 exploit\u00e9e par la famille Friart tout ce temps","publisher":{"@id":"https:\/\/st-feuillien.com\/nl\/#organization"},"potentialAction":[{"@type":"SearchAction","target":{"@type":"EntryPoint","urlTemplate":"https:\/\/st-feuillien.com\/nl\/?s={search_term_string}"},"query-input":{"@type":"PropertyValueSpecification","valueRequired":true,"valueName":"search_term_string"}}],"inLanguage":"nl-NL"},{"@type":"Organization","@id":"https:\/\/st-feuillien.com\/nl\/#organization","name":"St Feuillien","url":"https:\/\/st-feuillien.com\/nl\/","logo":{"@type":"ImageObject","inLanguage":"nl-NL","@id":"https:\/\/st-feuillien.com\/nl\/#\/schema\/logo\/image\/","url":"https:\/\/st-feuillien.com\/app\/uploads\/2023\/01\/Logo-st-feuillien-1.svg","contentUrl":"https:\/\/st-feuillien.com\/app\/uploads\/2023\/01\/Logo-st-feuillien-1.svg","width":165,"height":122,"caption":"St Feuillien"},"image":{"@id":"https:\/\/st-feuillien.com\/nl\/#\/schema\/logo\/image\/"},"sameAs":["https:\/\/www.facebook.com\/stfeuillien"]}]}},"_links":{"self":[{"href":"https:\/\/st-feuillien.com\/nl\/wp-json\/wp\/v2\/product\/7653","targetHints":{"allow":["GET"]}}],"collection":[{"href":"https:\/\/st-feuillien.com\/nl\/wp-json\/wp\/v2\/product"}],"about":[{"href":"https:\/\/st-feuillien.com\/nl\/wp-json\/wp\/v2\/types\/product"}],"wp:featuredmedia":[{"embeddable":true,"href":"https:\/\/st-feuillien.com\/nl\/wp-json\/wp\/v2\/media\/766"}],"wp:attachment":[{"href":"https:\/\/st-feuillien.com\/nl\/wp-json\/wp\/v2\/media?parent=7653"}],"wp:term":[{"taxonomy":"product_brand","embeddable":true,"href":"https:\/\/st-feuillien.com\/nl\/wp-json\/wp\/v2\/product_brand?post=7653"},{"taxonomy":"product_cat","embeddable":true,"href":"https:\/\/st-feuillien.com\/nl\/wp-json\/wp\/v2\/product_cat?post=7653"},{"taxonomy":"product_tag","embeddable":true,"href":"https:\/\/st-feuillien.com\/nl\/wp-json\/wp\/v2\/product_tag?post=7653"}],"curies":[{"name":"wp","href":"https:\/\/api.w.org\/{rel}","templated":true}]}}