{"id":7659,"date":"2022-11-08T14:11:16","date_gmt":"2022-11-08T13:11:16","guid":{"rendered":"https:\/\/st-feuillien.com\/?post_type=product&#038;p=7659"},"modified":"2023-12-13T11:26:59","modified_gmt":"2023-12-13T10:26:59","slug":"st-feuillien-triple-75-cl","status":"publish","type":"product","link":"https:\/\/st-feuillien.com\/nl\/product\/st-feuillien-triple-75-cl\/","title":{"rendered":"St-Feuillien Tripel 6 x 75 cl"},"content":{"rendered":"<p>Het schuim is wit, fijn en zeer dicht. Het uitzicht is vrij bijzonder: ondanks de lichte amberkleur verbaast het bier de kenner met een nadrukkelijke toets van mout. De neus is rijk met een unieke combinatie van hoparoma\u2019s, kruiden en typische, zeer fruitige, gistingsgeuren. De tweede gisting op fl es zorgt voor een uniek gistaroma. De smaak is krachtig met een uitzonderlijke afdronk. Dit is te wijten aan enerzijds de dichtheid maar anderzijds ook aan de langdurige rijping van dit bier. \u2018s Zomers is de Tripel verfrissend en uitstekend<br \/>\nte genieten als aperitief. \u2018s Winters verrast de volle smaakontwikkeling. De Tripel is bij uitstek het bier voor genieters.<br \/>\n<br \/>\n<em>Alcoholpercentage : 8.5%<\/em><br \/>\n<img decoding=\"async\" class=\"alignnone wp-image-7643 size-full\" src=\"https:\/\/st-feuillien.com\/app\/uploads\/2023\/10\/Logo_medailles-STF-triple.png\" alt=\"\" width=\"800\" height=\"241\" srcset=\"https:\/\/st-feuillien.com\/app\/uploads\/2023\/10\/Logo_medailles-STF-triple.png 800w, https:\/\/st-feuillien.com\/app\/uploads\/2023\/10\/Logo_medailles-STF-triple-600x181.png 600w, https:\/\/st-feuillien.com\/app\/uploads\/2023\/10\/Logo_medailles-STF-triple-300x90.png 300w, https:\/\/st-feuillien.com\/app\/uploads\/2023\/10\/Logo_medailles-STF-triple-768x231.png 768w\" sizes=\"(max-width: 800px) 100vw, 800px\" \/><\/p>\n<p>&nbsp;<\/p>\n","protected":false},"excerpt":{"rendered":"<p>Het schuim is wit, fijn en zeer dicht. Het uitzicht is vrij bijzonder: ondanks de lichte amberkleur verbaast het bier de kenner met een nadrukkelijke toets van mout. De neus is rijk met een unieke combinatie van hoparoma\u2019s, kruiden en typische, zeer fruitige, gistingsgeuren. De tweede gisting op fl es zorgt voor een uniek gistaroma. &hellip; <a href=\"https:\/\/st-feuillien.com\/nl\/product\/st-feuillien-triple-75-cl\/\">Continued<\/a><\/p>\n","protected":false},"featured_media":8470,"template":"","meta":{"_acf_changed":false,"inline_featured_image":false},"product_brand":[],"product_cat":[144,145],"product_tag":[],"class_list":{"0":"post-7659","1":"product","2":"type-product","3":"status-publish","4":"has-post-thumbnail","6":"product_cat-abdij-nl","7":"product_cat-blond-nl","9":"first","10":"instock","11":"taxable","12":"shipping-taxable","13":"purchasable","14":"product-type-simple"},"bundled_by":[],"bundle_stock_status":"instock","bundle_stock_quantity":null,"bundle_virtual":false,"bundle_layout":"","bundle_add_to_cart_form_location":"","bundle_editable_in_cart":false,"bundle_sold_individually_context":"","bundle_item_grouping":"","bundle_min_size":"","bundle_max_size":"","bundle_price":[],"bundled_items":[],"bundle_sell_ids":[],"acf":[],"yoast_head":"<!-- This site is optimized with the Yoast SEO plugin v26.9 - https:\/\/yoast.com\/product\/yoast-seo-wordpress\/ -->\n<title>St-Feuillien Tripel 6 x 75 cl - Brasserie St-Feuillien<\/title>\n<meta name=\"robots\" content=\"index, follow, max-snippet:-1, max-image-preview:large, max-video-preview:-1\" \/>\n<link rel=\"canonical\" href=\"https:\/\/st-feuillien.com\/nl\/product\/st-feuillien-triple-75-cl\/\" \/>\n<meta property=\"og:locale\" content=\"nl_NL\" \/>\n<meta property=\"og:type\" content=\"article\" \/>\n<meta property=\"og:title\" content=\"St-Feuillien Tripel 6 x 75 cl - Brasserie St-Feuillien\" \/>\n<meta property=\"og:description\" content=\"Het schuim is wit, fijn en zeer dicht. Het uitzicht is vrij bijzonder: ondanks de lichte amberkleur verbaast het bier de kenner met een nadrukkelijke toets van mout. De neus is rijk met een unieke combinatie van hoparoma\u2019s, kruiden en typische, zeer fruitige, gistingsgeuren. De tweede gisting op fl es zorgt voor een uniek gistaroma. &hellip; Continued\" \/>\n<meta property=\"og:url\" content=\"https:\/\/st-feuillien.com\/nl\/product\/st-feuillien-triple-75-cl\/\" \/>\n<meta property=\"og:site_name\" content=\"Brasserie St-Feuillien\" \/>\n<meta property=\"article:publisher\" content=\"https:\/\/www.facebook.com\/stfeuillien\" \/>\n<meta property=\"article:modified_time\" content=\"2023-12-13T10:26:59+00:00\" \/>\n<meta property=\"og:image\" content=\"https:\/\/st-feuillien.com\/app\/uploads\/2024\/01\/CL-STF-triple-75-ambiance.jpg\" \/>\n\t<meta property=\"og:image:width\" content=\"1080\" \/>\n\t<meta property=\"og:image:height\" content=\"1080\" \/>\n\t<meta property=\"og:image:type\" content=\"image\/jpeg\" \/>\n<meta name=\"twitter:card\" content=\"summary_large_image\" \/>\n<meta name=\"twitter:label1\" content=\"Est. reading time\" \/>\n\t<meta name=\"twitter:data1\" content=\"1 minute\" \/>\n<script type=\"application\/ld+json\" class=\"yoast-schema-graph\">{\"@context\":\"https:\/\/schema.org\",\"@graph\":[{\"@type\":\"WebPage\",\"@id\":\"https:\/\/st-feuillien.com\/nl\/product\/st-feuillien-triple-75-cl\/\",\"url\":\"https:\/\/st-feuillien.com\/nl\/product\/st-feuillien-triple-75-cl\/\",\"name\":\"St-Feuillien Tripel 6 x 75 cl - Brasserie St-Feuillien\",\"isPartOf\":{\"@id\":\"https:\/\/st-feuillien.com\/nl\/#website\"},\"primaryImageOfPage\":{\"@id\":\"https:\/\/st-feuillien.com\/nl\/product\/st-feuillien-triple-75-cl\/#primaryimage\"},\"image\":{\"@id\":\"https:\/\/st-feuillien.com\/nl\/product\/st-feuillien-triple-75-cl\/#primaryimage\"},\"thumbnailUrl\":\"https:\/\/st-feuillien.com\/app\/uploads\/2024\/01\/CL-STF-triple-75-ambiance.jpg\",\"datePublished\":\"2022-11-08T13:11:16+00:00\",\"dateModified\":\"2023-12-13T10:26:59+00:00\",\"breadcrumb\":{\"@id\":\"https:\/\/st-feuillien.com\/nl\/product\/st-feuillien-triple-75-cl\/#breadcrumb\"},\"inLanguage\":\"nl-NL\",\"potentialAction\":[{\"@type\":\"ReadAction\",\"target\":[\"https:\/\/st-feuillien.com\/nl\/product\/st-feuillien-triple-75-cl\/\"]}]},{\"@type\":\"ImageObject\",\"inLanguage\":\"nl-NL\",\"@id\":\"https:\/\/st-feuillien.com\/nl\/product\/st-feuillien-triple-75-cl\/#primaryimage\",\"url\":\"https:\/\/st-feuillien.com\/app\/uploads\/2024\/01\/CL-STF-triple-75-ambiance.jpg\",\"contentUrl\":\"https:\/\/st-feuillien.com\/app\/uploads\/2024\/01\/CL-STF-triple-75-ambiance.jpg\",\"width\":1080,\"height\":1080},{\"@type\":\"BreadcrumbList\",\"@id\":\"https:\/\/st-feuillien.com\/nl\/product\/st-feuillien-triple-75-cl\/#breadcrumb\",\"itemListElement\":[{\"@type\":\"ListItem\",\"position\":1,\"name\":\"\",\"item\":\"https:\/\/st-feuillien.com\/nl\/\"},{\"@type\":\"ListItem\",\"position\":2,\"name\":\"St-Feuillien shop\",\"item\":\"https:\/\/st-feuillien.com\/nl\/shop\/\"},{\"@type\":\"ListItem\",\"position\":3,\"name\":\"St-Feuillien Tripel 6 x 75 cl\"}]},{\"@type\":\"WebSite\",\"@id\":\"https:\/\/st-feuillien.com\/nl\/#website\",\"url\":\"https:\/\/st-feuillien.com\/nl\/\",\"name\":\"Brasserie St-Feuillien\",\"description\":\"La Brasserie St. Feuillien est une brasserie belge au Roeulx, en Belgique, qui a \u00e9t\u00e9 fond\u00e9e en 1873. La brasserie, qui fabrique de la bi\u00e8re de style abbaye, a \u00e9t\u00e9 exploit\u00e9e par la famille Friart tout ce temps\",\"publisher\":{\"@id\":\"https:\/\/st-feuillien.com\/nl\/#organization\"},\"potentialAction\":[{\"@type\":\"SearchAction\",\"target\":{\"@type\":\"EntryPoint\",\"urlTemplate\":\"https:\/\/st-feuillien.com\/nl\/?s={search_term_string}\"},\"query-input\":{\"@type\":\"PropertyValueSpecification\",\"valueRequired\":true,\"valueName\":\"search_term_string\"}}],\"inLanguage\":\"nl-NL\"},{\"@type\":\"Organization\",\"@id\":\"https:\/\/st-feuillien.com\/nl\/#organization\",\"name\":\"St Feuillien\",\"url\":\"https:\/\/st-feuillien.com\/nl\/\",\"logo\":{\"@type\":\"ImageObject\",\"inLanguage\":\"nl-NL\",\"@id\":\"https:\/\/st-feuillien.com\/nl\/#\/schema\/logo\/image\/\",\"url\":\"https:\/\/st-feuillien.com\/app\/uploads\/2023\/01\/Logo-st-feuillien-1.svg\",\"contentUrl\":\"https:\/\/st-feuillien.com\/app\/uploads\/2023\/01\/Logo-st-feuillien-1.svg\",\"width\":165,\"height\":122,\"caption\":\"St Feuillien\"},\"image\":{\"@id\":\"https:\/\/st-feuillien.com\/nl\/#\/schema\/logo\/image\/\"},\"sameAs\":[\"https:\/\/www.facebook.com\/stfeuillien\"]}]}<\/script>\n<!-- \/ Yoast SEO plugin. -->","yoast_head_json":{"title":"St-Feuillien Tripel 6 x 75 cl - Brasserie St-Feuillien","robots":{"index":"index","follow":"follow","max-snippet":"max-snippet:-1","max-image-preview":"max-image-preview:large","max-video-preview":"max-video-preview:-1"},"canonical":"https:\/\/st-feuillien.com\/nl\/product\/st-feuillien-triple-75-cl\/","og_locale":"nl_NL","og_type":"article","og_title":"St-Feuillien Tripel 6 x 75 cl - Brasserie St-Feuillien","og_description":"Het schuim is wit, fijn en zeer dicht. Het uitzicht is vrij bijzonder: ondanks de lichte amberkleur verbaast het bier de kenner met een nadrukkelijke toets van mout. De neus is rijk met een unieke combinatie van hoparoma\u2019s, kruiden en typische, zeer fruitige, gistingsgeuren. De tweede gisting op fl es zorgt voor een uniek gistaroma. &hellip; Continued","og_url":"https:\/\/st-feuillien.com\/nl\/product\/st-feuillien-triple-75-cl\/","og_site_name":"Brasserie St-Feuillien","article_publisher":"https:\/\/www.facebook.com\/stfeuillien","article_modified_time":"2023-12-13T10:26:59+00:00","og_image":[{"width":1080,"height":1080,"url":"https:\/\/st-feuillien.com\/app\/uploads\/2024\/01\/CL-STF-triple-75-ambiance.jpg","type":"image\/jpeg"}],"twitter_card":"summary_large_image","twitter_misc":{"Est. reading time":"1 minute"},"schema":{"@context":"https:\/\/schema.org","@graph":[{"@type":"WebPage","@id":"https:\/\/st-feuillien.com\/nl\/product\/st-feuillien-triple-75-cl\/","url":"https:\/\/st-feuillien.com\/nl\/product\/st-feuillien-triple-75-cl\/","name":"St-Feuillien Tripel 6 x 75 cl - Brasserie St-Feuillien","isPartOf":{"@id":"https:\/\/st-feuillien.com\/nl\/#website"},"primaryImageOfPage":{"@id":"https:\/\/st-feuillien.com\/nl\/product\/st-feuillien-triple-75-cl\/#primaryimage"},"image":{"@id":"https:\/\/st-feuillien.com\/nl\/product\/st-feuillien-triple-75-cl\/#primaryimage"},"thumbnailUrl":"https:\/\/st-feuillien.com\/app\/uploads\/2024\/01\/CL-STF-triple-75-ambiance.jpg","datePublished":"2022-11-08T13:11:16+00:00","dateModified":"2023-12-13T10:26:59+00:00","breadcrumb":{"@id":"https:\/\/st-feuillien.com\/nl\/product\/st-feuillien-triple-75-cl\/#breadcrumb"},"inLanguage":"nl-NL","potentialAction":[{"@type":"ReadAction","target":["https:\/\/st-feuillien.com\/nl\/product\/st-feuillien-triple-75-cl\/"]}]},{"@type":"ImageObject","inLanguage":"nl-NL","@id":"https:\/\/st-feuillien.com\/nl\/product\/st-feuillien-triple-75-cl\/#primaryimage","url":"https:\/\/st-feuillien.com\/app\/uploads\/2024\/01\/CL-STF-triple-75-ambiance.jpg","contentUrl":"https:\/\/st-feuillien.com\/app\/uploads\/2024\/01\/CL-STF-triple-75-ambiance.jpg","width":1080,"height":1080},{"@type":"BreadcrumbList","@id":"https:\/\/st-feuillien.com\/nl\/product\/st-feuillien-triple-75-cl\/#breadcrumb","itemListElement":[{"@type":"ListItem","position":1,"name":"","item":"https:\/\/st-feuillien.com\/nl\/"},{"@type":"ListItem","position":2,"name":"St-Feuillien shop","item":"https:\/\/st-feuillien.com\/nl\/shop\/"},{"@type":"ListItem","position":3,"name":"St-Feuillien Tripel 6 x 75 cl"}]},{"@type":"WebSite","@id":"https:\/\/st-feuillien.com\/nl\/#website","url":"https:\/\/st-feuillien.com\/nl\/","name":"Brasserie St-Feuillien","description":"La Brasserie St. Feuillien est une brasserie belge au Roeulx, en Belgique, qui a \u00e9t\u00e9 fond\u00e9e en 1873. La brasserie, qui fabrique de la bi\u00e8re de style abbaye, a \u00e9t\u00e9 exploit\u00e9e par la famille Friart tout ce temps","publisher":{"@id":"https:\/\/st-feuillien.com\/nl\/#organization"},"potentialAction":[{"@type":"SearchAction","target":{"@type":"EntryPoint","urlTemplate":"https:\/\/st-feuillien.com\/nl\/?s={search_term_string}"},"query-input":{"@type":"PropertyValueSpecification","valueRequired":true,"valueName":"search_term_string"}}],"inLanguage":"nl-NL"},{"@type":"Organization","@id":"https:\/\/st-feuillien.com\/nl\/#organization","name":"St Feuillien","url":"https:\/\/st-feuillien.com\/nl\/","logo":{"@type":"ImageObject","inLanguage":"nl-NL","@id":"https:\/\/st-feuillien.com\/nl\/#\/schema\/logo\/image\/","url":"https:\/\/st-feuillien.com\/app\/uploads\/2023\/01\/Logo-st-feuillien-1.svg","contentUrl":"https:\/\/st-feuillien.com\/app\/uploads\/2023\/01\/Logo-st-feuillien-1.svg","width":165,"height":122,"caption":"St Feuillien"},"image":{"@id":"https:\/\/st-feuillien.com\/nl\/#\/schema\/logo\/image\/"},"sameAs":["https:\/\/www.facebook.com\/stfeuillien"]}]}},"_links":{"self":[{"href":"https:\/\/st-feuillien.com\/nl\/wp-json\/wp\/v2\/product\/7659","targetHints":{"allow":["GET"]}}],"collection":[{"href":"https:\/\/st-feuillien.com\/nl\/wp-json\/wp\/v2\/product"}],"about":[{"href":"https:\/\/st-feuillien.com\/nl\/wp-json\/wp\/v2\/types\/product"}],"wp:featuredmedia":[{"embeddable":true,"href":"https:\/\/st-feuillien.com\/nl\/wp-json\/wp\/v2\/media\/8470"}],"wp:attachment":[{"href":"https:\/\/st-feuillien.com\/nl\/wp-json\/wp\/v2\/media?parent=7659"}],"wp:term":[{"taxonomy":"product_brand","embeddable":true,"href":"https:\/\/st-feuillien.com\/nl\/wp-json\/wp\/v2\/product_brand?post=7659"},{"taxonomy":"product_cat","embeddable":true,"href":"https:\/\/st-feuillien.com\/nl\/wp-json\/wp\/v2\/product_cat?post=7659"},{"taxonomy":"product_tag","embeddable":true,"href":"https:\/\/st-feuillien.com\/nl\/wp-json\/wp\/v2\/product_tag?post=7659"}],"curies":[{"name":"wp","href":"https:\/\/api.w.org\/{rel}","templated":true}]}}