{"id":7717,"date":"2022-11-07T15:21:08","date_gmt":"2022-11-07T14:21:08","guid":{"rendered":"https:\/\/st-feuillien.com\/?post_type=product&#038;p=7717"},"modified":"2023-12-13T11:26:47","modified_gmt":"2023-12-13T10:26:47","slug":"st-feuillien-grand-cru-33cl","status":"publish","type":"product","link":"https:\/\/st-feuillien.com\/nl\/product\/st-feuillien-grand-cru-33cl\/","title":{"rendered":"St-Feuillien Grand Cru 12 x 33 cl"},"content":{"rendered":"<p>De <strong>Grand Cru<\/strong> van Brouwerij St-Feuillien is een extra blond op de fles hergist degustatiebier met een krachtig karakter, een zuivere hoptoets en subtiele gistingaroma\u2019s. Het bier onderscheidt zich door de afwezigheid van kruiden en door traditionele dry hopping met Styrian Golding hop in bloei. Het schuim is zuiver wit, fijn en luchtig als kant. De opmerkelijke bleekblonde kleur is stralend helder. De neus brengt een aaneenschakeling van hoparoma\u2019s vol fruitige toetsen, met een perfecte harmonie tussen subtiliteit en weelderigheid. Dry hopping \u2013 op basis van champagne-gist.<br \/>\n<em>Alcoholpercentage 9,5%<\/em><\/p>\n<p><img decoding=\"async\" class=\"alignnone wp-image-7646 size-full\" src=\"https:\/\/st-feuillien.com\/app\/uploads\/2023\/10\/Medailles-GC.png\" alt=\"\" width=\"800\" height=\"241\" srcset=\"https:\/\/st-feuillien.com\/app\/uploads\/2023\/10\/Medailles-GC.png 800w, https:\/\/st-feuillien.com\/app\/uploads\/2023\/10\/Medailles-GC-600x181.png 600w, https:\/\/st-feuillien.com\/app\/uploads\/2023\/10\/Medailles-GC-300x90.png 300w, https:\/\/st-feuillien.com\/app\/uploads\/2023\/10\/Medailles-GC-768x231.png 768w\" sizes=\"(max-width: 800px) 100vw, 800px\" \/><\/p>\n<p>&nbsp;<\/p>\n<p>&nbsp;<\/p>\n<p>&nbsp;<\/p>\n<p>&nbsp;<\/p>\n","protected":false},"excerpt":{"rendered":"<p>De Grand Cru van Brouwerij St-Feuillien is een extra blond op de fles hergist degustatiebier met een krachtig karakter, een zuivere hoptoets en subtiele gistingaroma\u2019s. Het bier onderscheidt zich door de afwezigheid van kruiden en door traditionele dry hopping met Styrian Golding hop in bloei. Het schuim is zuiver wit, fijn en luchtig als kant. &hellip; <a href=\"https:\/\/st-feuillien.com\/nl\/product\/st-feuillien-grand-cru-33cl\/\">Continued<\/a><\/p>\n","protected":false},"featured_media":1740,"template":"","meta":{"_acf_changed":false,"inline_featured_image":false},"product_brand":[],"product_cat":[145],"product_tag":[],"class_list":{"0":"post-7717","1":"product","2":"type-product","3":"status-publish","4":"has-post-thumbnail","6":"product_cat-blond-nl","8":"first","9":"instock","10":"taxable","11":"shipping-taxable","12":"purchasable","13":"product-type-simple"},"bundled_by":[],"bundle_stock_status":"instock","bundle_stock_quantity":null,"bundle_virtual":false,"bundle_layout":"","bundle_add_to_cart_form_location":"","bundle_editable_in_cart":false,"bundle_sold_individually_context":"","bundle_item_grouping":"","bundle_min_size":"","bundle_max_size":"","bundle_price":[],"bundled_items":[],"bundle_sell_ids":[],"acf":[],"yoast_head":"<!-- This site is optimized with the Yoast SEO plugin v26.9 - https:\/\/yoast.com\/product\/yoast-seo-wordpress\/ -->\n<title>St-Feuillien Grand Cru 12 x 33 cl - Brasserie St-Feuillien<\/title>\n<meta name=\"description\" content=\"Geniet van de St-Feuillien Grand Cru in het handige 33 cl-formaat. Een blond bier van uitzonderlijke kwaliteit met subtiele hoparoma&#039;s en fruitige toetsen, ideaal voor verfijnde proefmomenten.\" \/>\n<meta name=\"robots\" content=\"index, follow, max-snippet:-1, max-image-preview:large, max-video-preview:-1\" \/>\n<link rel=\"canonical\" href=\"https:\/\/st-feuillien.com\/nl\/product\/st-feuillien-grand-cru-33cl\/\" \/>\n<meta property=\"og:locale\" content=\"nl_NL\" \/>\n<meta property=\"og:type\" content=\"article\" \/>\n<meta property=\"og:title\" content=\"St-Feuillien Grand Cru 12 x 33 cl - Brasserie St-Feuillien\" \/>\n<meta property=\"og:description\" content=\"Geniet van de St-Feuillien Grand Cru in het handige 33 cl-formaat. Een blond bier van uitzonderlijke kwaliteit met subtiele hoparoma&#039;s en fruitige toetsen, ideaal voor verfijnde proefmomenten.\" \/>\n<meta property=\"og:url\" content=\"https:\/\/st-feuillien.com\/nl\/product\/st-feuillien-grand-cru-33cl\/\" \/>\n<meta property=\"og:site_name\" content=\"Brasserie St-Feuillien\" \/>\n<meta property=\"article:publisher\" content=\"https:\/\/www.facebook.com\/stfeuillien\" \/>\n<meta property=\"article:modified_time\" content=\"2023-12-13T10:26:47+00:00\" \/>\n<meta property=\"og:image\" content=\"https:\/\/st-feuillien.com\/app\/uploads\/2022\/12\/FB-clifflucasphoto-GC33bis-scaled.jpg\" \/>\n\t<meta property=\"og:image:width\" content=\"2048\" \/>\n\t<meta property=\"og:image:height\" content=\"2560\" \/>\n\t<meta property=\"og:image:type\" content=\"image\/jpeg\" \/>\n<meta name=\"twitter:card\" content=\"summary_large_image\" \/>\n<meta name=\"twitter:label1\" content=\"Est. reading time\" \/>\n\t<meta name=\"twitter:data1\" content=\"1 minute\" \/>\n<script type=\"application\/ld+json\" class=\"yoast-schema-graph\">{\"@context\":\"https:\/\/schema.org\",\"@graph\":[{\"@type\":\"WebPage\",\"@id\":\"https:\/\/st-feuillien.com\/nl\/product\/st-feuillien-grand-cru-33cl\/\",\"url\":\"https:\/\/st-feuillien.com\/nl\/product\/st-feuillien-grand-cru-33cl\/\",\"name\":\"St-Feuillien Grand Cru 12 x 33 cl - Brasserie St-Feuillien\",\"isPartOf\":{\"@id\":\"https:\/\/st-feuillien.com\/nl\/#website\"},\"primaryImageOfPage\":{\"@id\":\"https:\/\/st-feuillien.com\/nl\/product\/st-feuillien-grand-cru-33cl\/#primaryimage\"},\"image\":{\"@id\":\"https:\/\/st-feuillien.com\/nl\/product\/st-feuillien-grand-cru-33cl\/#primaryimage\"},\"thumbnailUrl\":\"https:\/\/st-feuillien.com\/app\/uploads\/2022\/12\/FB-clifflucasphoto-GC33bis-scaled.jpg\",\"datePublished\":\"2022-11-07T14:21:08+00:00\",\"dateModified\":\"2023-12-13T10:26:47+00:00\",\"description\":\"Geniet van de St-Feuillien Grand Cru in het handige 33 cl-formaat. Een blond bier van uitzonderlijke kwaliteit met subtiele hoparoma's en fruitige toetsen, ideaal voor verfijnde proefmomenten.\",\"breadcrumb\":{\"@id\":\"https:\/\/st-feuillien.com\/nl\/product\/st-feuillien-grand-cru-33cl\/#breadcrumb\"},\"inLanguage\":\"nl-NL\",\"potentialAction\":[{\"@type\":\"ReadAction\",\"target\":[\"https:\/\/st-feuillien.com\/nl\/product\/st-feuillien-grand-cru-33cl\/\"]}]},{\"@type\":\"ImageObject\",\"inLanguage\":\"nl-NL\",\"@id\":\"https:\/\/st-feuillien.com\/nl\/product\/st-feuillien-grand-cru-33cl\/#primaryimage\",\"url\":\"https:\/\/st-feuillien.com\/app\/uploads\/2022\/12\/FB-clifflucasphoto-GC33bis-scaled.jpg\",\"contentUrl\":\"https:\/\/st-feuillien.com\/app\/uploads\/2022\/12\/FB-clifflucasphoto-GC33bis-scaled.jpg\",\"width\":2048,\"height\":2560},{\"@type\":\"BreadcrumbList\",\"@id\":\"https:\/\/st-feuillien.com\/nl\/product\/st-feuillien-grand-cru-33cl\/#breadcrumb\",\"itemListElement\":[{\"@type\":\"ListItem\",\"position\":1,\"name\":\"\",\"item\":\"https:\/\/st-feuillien.com\/nl\/\"},{\"@type\":\"ListItem\",\"position\":2,\"name\":\"St-Feuillien shop\",\"item\":\"https:\/\/st-feuillien.com\/nl\/shop\/\"},{\"@type\":\"ListItem\",\"position\":3,\"name\":\"St-Feuillien Grand Cru 12 x 33 cl\"}]},{\"@type\":\"WebSite\",\"@id\":\"https:\/\/st-feuillien.com\/nl\/#website\",\"url\":\"https:\/\/st-feuillien.com\/nl\/\",\"name\":\"Brasserie St-Feuillien\",\"description\":\"La Brasserie St. Feuillien est une brasserie belge au Roeulx, en Belgique, qui a \u00e9t\u00e9 fond\u00e9e en 1873. La brasserie, qui fabrique de la bi\u00e8re de style abbaye, a \u00e9t\u00e9 exploit\u00e9e par la famille Friart tout ce temps\",\"publisher\":{\"@id\":\"https:\/\/st-feuillien.com\/nl\/#organization\"},\"potentialAction\":[{\"@type\":\"SearchAction\",\"target\":{\"@type\":\"EntryPoint\",\"urlTemplate\":\"https:\/\/st-feuillien.com\/nl\/?s={search_term_string}\"},\"query-input\":{\"@type\":\"PropertyValueSpecification\",\"valueRequired\":true,\"valueName\":\"search_term_string\"}}],\"inLanguage\":\"nl-NL\"},{\"@type\":\"Organization\",\"@id\":\"https:\/\/st-feuillien.com\/nl\/#organization\",\"name\":\"St Feuillien\",\"url\":\"https:\/\/st-feuillien.com\/nl\/\",\"logo\":{\"@type\":\"ImageObject\",\"inLanguage\":\"nl-NL\",\"@id\":\"https:\/\/st-feuillien.com\/nl\/#\/schema\/logo\/image\/\",\"url\":\"https:\/\/st-feuillien.com\/app\/uploads\/2023\/01\/Logo-st-feuillien-1.svg\",\"contentUrl\":\"https:\/\/st-feuillien.com\/app\/uploads\/2023\/01\/Logo-st-feuillien-1.svg\",\"width\":165,\"height\":122,\"caption\":\"St Feuillien\"},\"image\":{\"@id\":\"https:\/\/st-feuillien.com\/nl\/#\/schema\/logo\/image\/\"},\"sameAs\":[\"https:\/\/www.facebook.com\/stfeuillien\"]}]}<\/script>\n<!-- \/ Yoast SEO plugin. -->","yoast_head_json":{"title":"St-Feuillien Grand Cru 12 x 33 cl - Brasserie St-Feuillien","description":"Geniet van de St-Feuillien Grand Cru in het handige 33 cl-formaat. Een blond bier van uitzonderlijke kwaliteit met subtiele hoparoma's en fruitige toetsen, ideaal voor verfijnde proefmomenten.","robots":{"index":"index","follow":"follow","max-snippet":"max-snippet:-1","max-image-preview":"max-image-preview:large","max-video-preview":"max-video-preview:-1"},"canonical":"https:\/\/st-feuillien.com\/nl\/product\/st-feuillien-grand-cru-33cl\/","og_locale":"nl_NL","og_type":"article","og_title":"St-Feuillien Grand Cru 12 x 33 cl - Brasserie St-Feuillien","og_description":"Geniet van de St-Feuillien Grand Cru in het handige 33 cl-formaat. Een blond bier van uitzonderlijke kwaliteit met subtiele hoparoma's en fruitige toetsen, ideaal voor verfijnde proefmomenten.","og_url":"https:\/\/st-feuillien.com\/nl\/product\/st-feuillien-grand-cru-33cl\/","og_site_name":"Brasserie St-Feuillien","article_publisher":"https:\/\/www.facebook.com\/stfeuillien","article_modified_time":"2023-12-13T10:26:47+00:00","og_image":[{"width":2048,"height":2560,"url":"https:\/\/st-feuillien.com\/app\/uploads\/2022\/12\/FB-clifflucasphoto-GC33bis-scaled.jpg","type":"image\/jpeg"}],"twitter_card":"summary_large_image","twitter_misc":{"Est. reading time":"1 minute"},"schema":{"@context":"https:\/\/schema.org","@graph":[{"@type":"WebPage","@id":"https:\/\/st-feuillien.com\/nl\/product\/st-feuillien-grand-cru-33cl\/","url":"https:\/\/st-feuillien.com\/nl\/product\/st-feuillien-grand-cru-33cl\/","name":"St-Feuillien Grand Cru 12 x 33 cl - Brasserie St-Feuillien","isPartOf":{"@id":"https:\/\/st-feuillien.com\/nl\/#website"},"primaryImageOfPage":{"@id":"https:\/\/st-feuillien.com\/nl\/product\/st-feuillien-grand-cru-33cl\/#primaryimage"},"image":{"@id":"https:\/\/st-feuillien.com\/nl\/product\/st-feuillien-grand-cru-33cl\/#primaryimage"},"thumbnailUrl":"https:\/\/st-feuillien.com\/app\/uploads\/2022\/12\/FB-clifflucasphoto-GC33bis-scaled.jpg","datePublished":"2022-11-07T14:21:08+00:00","dateModified":"2023-12-13T10:26:47+00:00","description":"Geniet van de St-Feuillien Grand Cru in het handige 33 cl-formaat. Een blond bier van uitzonderlijke kwaliteit met subtiele hoparoma's en fruitige toetsen, ideaal voor verfijnde proefmomenten.","breadcrumb":{"@id":"https:\/\/st-feuillien.com\/nl\/product\/st-feuillien-grand-cru-33cl\/#breadcrumb"},"inLanguage":"nl-NL","potentialAction":[{"@type":"ReadAction","target":["https:\/\/st-feuillien.com\/nl\/product\/st-feuillien-grand-cru-33cl\/"]}]},{"@type":"ImageObject","inLanguage":"nl-NL","@id":"https:\/\/st-feuillien.com\/nl\/product\/st-feuillien-grand-cru-33cl\/#primaryimage","url":"https:\/\/st-feuillien.com\/app\/uploads\/2022\/12\/FB-clifflucasphoto-GC33bis-scaled.jpg","contentUrl":"https:\/\/st-feuillien.com\/app\/uploads\/2022\/12\/FB-clifflucasphoto-GC33bis-scaled.jpg","width":2048,"height":2560},{"@type":"BreadcrumbList","@id":"https:\/\/st-feuillien.com\/nl\/product\/st-feuillien-grand-cru-33cl\/#breadcrumb","itemListElement":[{"@type":"ListItem","position":1,"name":"","item":"https:\/\/st-feuillien.com\/nl\/"},{"@type":"ListItem","position":2,"name":"St-Feuillien shop","item":"https:\/\/st-feuillien.com\/nl\/shop\/"},{"@type":"ListItem","position":3,"name":"St-Feuillien Grand Cru 12 x 33 cl"}]},{"@type":"WebSite","@id":"https:\/\/st-feuillien.com\/nl\/#website","url":"https:\/\/st-feuillien.com\/nl\/","name":"Brasserie St-Feuillien","description":"La Brasserie St. Feuillien est une brasserie belge au Roeulx, en Belgique, qui a \u00e9t\u00e9 fond\u00e9e en 1873. La brasserie, qui fabrique de la bi\u00e8re de style abbaye, a \u00e9t\u00e9 exploit\u00e9e par la famille Friart tout ce temps","publisher":{"@id":"https:\/\/st-feuillien.com\/nl\/#organization"},"potentialAction":[{"@type":"SearchAction","target":{"@type":"EntryPoint","urlTemplate":"https:\/\/st-feuillien.com\/nl\/?s={search_term_string}"},"query-input":{"@type":"PropertyValueSpecification","valueRequired":true,"valueName":"search_term_string"}}],"inLanguage":"nl-NL"},{"@type":"Organization","@id":"https:\/\/st-feuillien.com\/nl\/#organization","name":"St Feuillien","url":"https:\/\/st-feuillien.com\/nl\/","logo":{"@type":"ImageObject","inLanguage":"nl-NL","@id":"https:\/\/st-feuillien.com\/nl\/#\/schema\/logo\/image\/","url":"https:\/\/st-feuillien.com\/app\/uploads\/2023\/01\/Logo-st-feuillien-1.svg","contentUrl":"https:\/\/st-feuillien.com\/app\/uploads\/2023\/01\/Logo-st-feuillien-1.svg","width":165,"height":122,"caption":"St Feuillien"},"image":{"@id":"https:\/\/st-feuillien.com\/nl\/#\/schema\/logo\/image\/"},"sameAs":["https:\/\/www.facebook.com\/stfeuillien"]}]}},"_links":{"self":[{"href":"https:\/\/st-feuillien.com\/nl\/wp-json\/wp\/v2\/product\/7717","targetHints":{"allow":["GET"]}}],"collection":[{"href":"https:\/\/st-feuillien.com\/nl\/wp-json\/wp\/v2\/product"}],"about":[{"href":"https:\/\/st-feuillien.com\/nl\/wp-json\/wp\/v2\/types\/product"}],"wp:featuredmedia":[{"embeddable":true,"href":"https:\/\/st-feuillien.com\/nl\/wp-json\/wp\/v2\/media\/1740"}],"wp:attachment":[{"href":"https:\/\/st-feuillien.com\/nl\/wp-json\/wp\/v2\/media?parent=7717"}],"wp:term":[{"taxonomy":"product_brand","embeddable":true,"href":"https:\/\/st-feuillien.com\/nl\/wp-json\/wp\/v2\/product_brand?post=7717"},{"taxonomy":"product_cat","embeddable":true,"href":"https:\/\/st-feuillien.com\/nl\/wp-json\/wp\/v2\/product_cat?post=7717"},{"taxonomy":"product_tag","embeddable":true,"href":"https:\/\/st-feuillien.com\/nl\/wp-json\/wp\/v2\/product_tag?post=7717"}],"curies":[{"name":"wp","href":"https:\/\/api.w.org\/{rel}","templated":true}]}}