{"id":7775,"date":"2022-11-08T16:25:42","date_gmt":"2022-11-08T15:25:42","guid":{"rendered":"https:\/\/st-feuillien.com\/?post_type=product&#038;p=7775"},"modified":"2023-12-14T10:31:07","modified_gmt":"2023-12-14T09:31:07","slug":"st-feuillien-cuvee-de-noel-75-cl","status":"publish","type":"product","link":"https:\/\/st-feuillien.com\/nl\/product\/st-feuillien-cuvee-de-noel-75-cl\/","title":{"rendered":"St-Feuillien Cuv\u00e9e de No\u00ebl 6 x 75 cl"},"content":{"rendered":"<p>En recept dat meer dan 50 jaar geleden werd ontwikkeld (1969)!<br \/>\nDit bier heeft een volle schuimontwikkeling, de kraag is compact en stabiel. Gebrande gerst zorgt voor een bruinige tint. De kleur is diep robijnrood. De neus wordt verrast door een intense ontwikkeling van het aroma. De aromaten dragen ruimschoots bij tot dit aangename parfum. Het bier heeft een zeer ronde smaak, een zachtheid die voortvloeit uit een synergie tussen gebrande moutsoorten, een zorgvuldig op de voet gevolgde gisting en een lang verblijf in de koude kamer. De bittere ondertoon schraagt een harmonisch geheel van evenwichtige componenten.<br \/>\n<br \/>\n<em>Alcoholpercentage 9%<\/em><br \/>\n<img decoding=\"async\" src=\"https:\/\/st-feuillien.com\/app\/uploads\/2023\/11\/logo-biere-dabbaye.png\" alt=\"\" width=\"184\" height=\"241\" class=\"alignnone size-full wp-image-7694\" \/><\/p>\n","protected":false},"excerpt":{"rendered":"<p>En recept dat meer dan 50 jaar geleden werd ontwikkeld (1969)! Dit bier heeft een volle schuimontwikkeling, de kraag is compact en stabiel. Gebrande gerst zorgt voor een bruinige tint. De kleur is diep robijnrood. De neus wordt verrast door een intense ontwikkeling van het aroma. De aromaten dragen ruimschoots bij tot dit aangename parfum. &hellip; <a href=\"https:\/\/st-feuillien.com\/nl\/product\/st-feuillien-cuvee-de-noel-75-cl\/\">Continued<\/a><\/p>\n","protected":false},"featured_media":8437,"template":"","meta":{"_acf_changed":false,"inline_featured_image":false},"product_brand":[],"product_cat":[144,153],"product_tag":[],"class_list":{"0":"post-7775","1":"product","2":"type-product","3":"status-publish","4":"has-post-thumbnail","6":"product_cat-abdij-nl","7":"product_cat-bruin-nl","9":"first","10":"instock","11":"taxable","12":"shipping-taxable","13":"purchasable","14":"product-type-simple"},"bundled_by":[],"bundle_stock_status":"instock","bundle_stock_quantity":null,"bundle_virtual":false,"bundle_layout":"","bundle_add_to_cart_form_location":"","bundle_editable_in_cart":false,"bundle_sold_individually_context":"","bundle_item_grouping":"","bundle_min_size":"","bundle_max_size":"","bundle_price":[],"bundled_items":[],"bundle_sell_ids":[],"acf":[],"yoast_head":"<!-- This site is optimized with the Yoast SEO plugin v26.9 - https:\/\/yoast.com\/product\/yoast-seo-wordpress\/ -->\n<title>St-Feuillien Cuv\u00e9e de No\u00ebl 6 x 75 cl - Brasserie St-Feuillien<\/title>\n<meta name=\"robots\" content=\"index, follow, max-snippet:-1, max-image-preview:large, max-video-preview:-1\" \/>\n<link rel=\"canonical\" href=\"https:\/\/st-feuillien.com\/nl\/product\/st-feuillien-cuvee-de-noel-75-cl\/\" \/>\n<meta property=\"og:locale\" content=\"nl_NL\" \/>\n<meta property=\"og:type\" content=\"article\" \/>\n<meta property=\"og:title\" content=\"St-Feuillien Cuv\u00e9e de No\u00ebl 6 x 75 cl - Brasserie St-Feuillien\" \/>\n<meta property=\"og:description\" content=\"En recept dat meer dan 50 jaar geleden werd ontwikkeld (1969)! Dit bier heeft een volle schuimontwikkeling, de kraag is compact en stabiel. Gebrande gerst zorgt voor een bruinige tint. De kleur is diep robijnrood. De neus wordt verrast door een intense ontwikkeling van het aroma. De aromaten dragen ruimschoots bij tot dit aangename parfum. &hellip; Continued\" \/>\n<meta property=\"og:url\" content=\"https:\/\/st-feuillien.com\/nl\/product\/st-feuillien-cuvee-de-noel-75-cl\/\" \/>\n<meta property=\"og:site_name\" content=\"Brasserie St-Feuillien\" \/>\n<meta property=\"article:publisher\" content=\"https:\/\/www.facebook.com\/stfeuillien\" \/>\n<meta property=\"article:modified_time\" content=\"2023-12-14T09:31:07+00:00\" \/>\n<meta property=\"og:image\" content=\"https:\/\/st-feuillien.com\/app\/uploads\/2024\/01\/CL-STF-noel-75-cl-ambiance.jpg\" \/>\n\t<meta property=\"og:image:width\" content=\"1080\" \/>\n\t<meta property=\"og:image:height\" content=\"1080\" \/>\n\t<meta property=\"og:image:type\" content=\"image\/jpeg\" \/>\n<meta name=\"twitter:card\" content=\"summary_large_image\" \/>\n<meta name=\"twitter:label1\" content=\"Est. reading time\" \/>\n\t<meta name=\"twitter:data1\" content=\"1 minute\" \/>\n<script type=\"application\/ld+json\" class=\"yoast-schema-graph\">{\"@context\":\"https:\/\/schema.org\",\"@graph\":[{\"@type\":\"WebPage\",\"@id\":\"https:\/\/st-feuillien.com\/nl\/product\/st-feuillien-cuvee-de-noel-75-cl\/\",\"url\":\"https:\/\/st-feuillien.com\/nl\/product\/st-feuillien-cuvee-de-noel-75-cl\/\",\"name\":\"St-Feuillien Cuv\u00e9e de No\u00ebl 6 x 75 cl - Brasserie St-Feuillien\",\"isPartOf\":{\"@id\":\"https:\/\/st-feuillien.com\/nl\/#website\"},\"primaryImageOfPage\":{\"@id\":\"https:\/\/st-feuillien.com\/nl\/product\/st-feuillien-cuvee-de-noel-75-cl\/#primaryimage\"},\"image\":{\"@id\":\"https:\/\/st-feuillien.com\/nl\/product\/st-feuillien-cuvee-de-noel-75-cl\/#primaryimage\"},\"thumbnailUrl\":\"https:\/\/st-feuillien.com\/app\/uploads\/2024\/01\/CL-STF-noel-75-cl-ambiance.jpg\",\"datePublished\":\"2022-11-08T15:25:42+00:00\",\"dateModified\":\"2023-12-14T09:31:07+00:00\",\"breadcrumb\":{\"@id\":\"https:\/\/st-feuillien.com\/nl\/product\/st-feuillien-cuvee-de-noel-75-cl\/#breadcrumb\"},\"inLanguage\":\"nl-NL\",\"potentialAction\":[{\"@type\":\"ReadAction\",\"target\":[\"https:\/\/st-feuillien.com\/nl\/product\/st-feuillien-cuvee-de-noel-75-cl\/\"]}]},{\"@type\":\"ImageObject\",\"inLanguage\":\"nl-NL\",\"@id\":\"https:\/\/st-feuillien.com\/nl\/product\/st-feuillien-cuvee-de-noel-75-cl\/#primaryimage\",\"url\":\"https:\/\/st-feuillien.com\/app\/uploads\/2024\/01\/CL-STF-noel-75-cl-ambiance.jpg\",\"contentUrl\":\"https:\/\/st-feuillien.com\/app\/uploads\/2024\/01\/CL-STF-noel-75-cl-ambiance.jpg\",\"width\":1080,\"height\":1080},{\"@type\":\"BreadcrumbList\",\"@id\":\"https:\/\/st-feuillien.com\/nl\/product\/st-feuillien-cuvee-de-noel-75-cl\/#breadcrumb\",\"itemListElement\":[{\"@type\":\"ListItem\",\"position\":1,\"name\":\"\",\"item\":\"https:\/\/st-feuillien.com\/nl\/\"},{\"@type\":\"ListItem\",\"position\":2,\"name\":\"St-Feuillien shop\",\"item\":\"https:\/\/st-feuillien.com\/nl\/shop\/\"},{\"@type\":\"ListItem\",\"position\":3,\"name\":\"St-Feuillien Cuv\u00e9e de No\u00ebl 6 x 75 cl\"}]},{\"@type\":\"WebSite\",\"@id\":\"https:\/\/st-feuillien.com\/nl\/#website\",\"url\":\"https:\/\/st-feuillien.com\/nl\/\",\"name\":\"Brasserie St-Feuillien\",\"description\":\"La Brasserie St. Feuillien est une brasserie belge au Roeulx, en Belgique, qui a \u00e9t\u00e9 fond\u00e9e en 1873. La brasserie, qui fabrique de la bi\u00e8re de style abbaye, a \u00e9t\u00e9 exploit\u00e9e par la famille Friart tout ce temps\",\"publisher\":{\"@id\":\"https:\/\/st-feuillien.com\/nl\/#organization\"},\"potentialAction\":[{\"@type\":\"SearchAction\",\"target\":{\"@type\":\"EntryPoint\",\"urlTemplate\":\"https:\/\/st-feuillien.com\/nl\/?s={search_term_string}\"},\"query-input\":{\"@type\":\"PropertyValueSpecification\",\"valueRequired\":true,\"valueName\":\"search_term_string\"}}],\"inLanguage\":\"nl-NL\"},{\"@type\":\"Organization\",\"@id\":\"https:\/\/st-feuillien.com\/nl\/#organization\",\"name\":\"St Feuillien\",\"url\":\"https:\/\/st-feuillien.com\/nl\/\",\"logo\":{\"@type\":\"ImageObject\",\"inLanguage\":\"nl-NL\",\"@id\":\"https:\/\/st-feuillien.com\/nl\/#\/schema\/logo\/image\/\",\"url\":\"https:\/\/st-feuillien.com\/app\/uploads\/2023\/01\/Logo-st-feuillien-1.svg\",\"contentUrl\":\"https:\/\/st-feuillien.com\/app\/uploads\/2023\/01\/Logo-st-feuillien-1.svg\",\"width\":165,\"height\":122,\"caption\":\"St Feuillien\"},\"image\":{\"@id\":\"https:\/\/st-feuillien.com\/nl\/#\/schema\/logo\/image\/\"},\"sameAs\":[\"https:\/\/www.facebook.com\/stfeuillien\"]}]}<\/script>\n<!-- \/ Yoast SEO plugin. -->","yoast_head_json":{"title":"St-Feuillien Cuv\u00e9e de No\u00ebl 6 x 75 cl - Brasserie St-Feuillien","robots":{"index":"index","follow":"follow","max-snippet":"max-snippet:-1","max-image-preview":"max-image-preview:large","max-video-preview":"max-video-preview:-1"},"canonical":"https:\/\/st-feuillien.com\/nl\/product\/st-feuillien-cuvee-de-noel-75-cl\/","og_locale":"nl_NL","og_type":"article","og_title":"St-Feuillien Cuv\u00e9e de No\u00ebl 6 x 75 cl - Brasserie St-Feuillien","og_description":"En recept dat meer dan 50 jaar geleden werd ontwikkeld (1969)! Dit bier heeft een volle schuimontwikkeling, de kraag is compact en stabiel. Gebrande gerst zorgt voor een bruinige tint. De kleur is diep robijnrood. De neus wordt verrast door een intense ontwikkeling van het aroma. De aromaten dragen ruimschoots bij tot dit aangename parfum. &hellip; Continued","og_url":"https:\/\/st-feuillien.com\/nl\/product\/st-feuillien-cuvee-de-noel-75-cl\/","og_site_name":"Brasserie St-Feuillien","article_publisher":"https:\/\/www.facebook.com\/stfeuillien","article_modified_time":"2023-12-14T09:31:07+00:00","og_image":[{"width":1080,"height":1080,"url":"https:\/\/st-feuillien.com\/app\/uploads\/2024\/01\/CL-STF-noel-75-cl-ambiance.jpg","type":"image\/jpeg"}],"twitter_card":"summary_large_image","twitter_misc":{"Est. reading time":"1 minute"},"schema":{"@context":"https:\/\/schema.org","@graph":[{"@type":"WebPage","@id":"https:\/\/st-feuillien.com\/nl\/product\/st-feuillien-cuvee-de-noel-75-cl\/","url":"https:\/\/st-feuillien.com\/nl\/product\/st-feuillien-cuvee-de-noel-75-cl\/","name":"St-Feuillien Cuv\u00e9e de No\u00ebl 6 x 75 cl - Brasserie St-Feuillien","isPartOf":{"@id":"https:\/\/st-feuillien.com\/nl\/#website"},"primaryImageOfPage":{"@id":"https:\/\/st-feuillien.com\/nl\/product\/st-feuillien-cuvee-de-noel-75-cl\/#primaryimage"},"image":{"@id":"https:\/\/st-feuillien.com\/nl\/product\/st-feuillien-cuvee-de-noel-75-cl\/#primaryimage"},"thumbnailUrl":"https:\/\/st-feuillien.com\/app\/uploads\/2024\/01\/CL-STF-noel-75-cl-ambiance.jpg","datePublished":"2022-11-08T15:25:42+00:00","dateModified":"2023-12-14T09:31:07+00:00","breadcrumb":{"@id":"https:\/\/st-feuillien.com\/nl\/product\/st-feuillien-cuvee-de-noel-75-cl\/#breadcrumb"},"inLanguage":"nl-NL","potentialAction":[{"@type":"ReadAction","target":["https:\/\/st-feuillien.com\/nl\/product\/st-feuillien-cuvee-de-noel-75-cl\/"]}]},{"@type":"ImageObject","inLanguage":"nl-NL","@id":"https:\/\/st-feuillien.com\/nl\/product\/st-feuillien-cuvee-de-noel-75-cl\/#primaryimage","url":"https:\/\/st-feuillien.com\/app\/uploads\/2024\/01\/CL-STF-noel-75-cl-ambiance.jpg","contentUrl":"https:\/\/st-feuillien.com\/app\/uploads\/2024\/01\/CL-STF-noel-75-cl-ambiance.jpg","width":1080,"height":1080},{"@type":"BreadcrumbList","@id":"https:\/\/st-feuillien.com\/nl\/product\/st-feuillien-cuvee-de-noel-75-cl\/#breadcrumb","itemListElement":[{"@type":"ListItem","position":1,"name":"","item":"https:\/\/st-feuillien.com\/nl\/"},{"@type":"ListItem","position":2,"name":"St-Feuillien shop","item":"https:\/\/st-feuillien.com\/nl\/shop\/"},{"@type":"ListItem","position":3,"name":"St-Feuillien Cuv\u00e9e de No\u00ebl 6 x 75 cl"}]},{"@type":"WebSite","@id":"https:\/\/st-feuillien.com\/nl\/#website","url":"https:\/\/st-feuillien.com\/nl\/","name":"Brasserie St-Feuillien","description":"La Brasserie St. Feuillien est une brasserie belge au Roeulx, en Belgique, qui a \u00e9t\u00e9 fond\u00e9e en 1873. La brasserie, qui fabrique de la bi\u00e8re de style abbaye, a \u00e9t\u00e9 exploit\u00e9e par la famille Friart tout ce temps","publisher":{"@id":"https:\/\/st-feuillien.com\/nl\/#organization"},"potentialAction":[{"@type":"SearchAction","target":{"@type":"EntryPoint","urlTemplate":"https:\/\/st-feuillien.com\/nl\/?s={search_term_string}"},"query-input":{"@type":"PropertyValueSpecification","valueRequired":true,"valueName":"search_term_string"}}],"inLanguage":"nl-NL"},{"@type":"Organization","@id":"https:\/\/st-feuillien.com\/nl\/#organization","name":"St Feuillien","url":"https:\/\/st-feuillien.com\/nl\/","logo":{"@type":"ImageObject","inLanguage":"nl-NL","@id":"https:\/\/st-feuillien.com\/nl\/#\/schema\/logo\/image\/","url":"https:\/\/st-feuillien.com\/app\/uploads\/2023\/01\/Logo-st-feuillien-1.svg","contentUrl":"https:\/\/st-feuillien.com\/app\/uploads\/2023\/01\/Logo-st-feuillien-1.svg","width":165,"height":122,"caption":"St Feuillien"},"image":{"@id":"https:\/\/st-feuillien.com\/nl\/#\/schema\/logo\/image\/"},"sameAs":["https:\/\/www.facebook.com\/stfeuillien"]}]}},"_links":{"self":[{"href":"https:\/\/st-feuillien.com\/nl\/wp-json\/wp\/v2\/product\/7775","targetHints":{"allow":["GET"]}}],"collection":[{"href":"https:\/\/st-feuillien.com\/nl\/wp-json\/wp\/v2\/product"}],"about":[{"href":"https:\/\/st-feuillien.com\/nl\/wp-json\/wp\/v2\/types\/product"}],"wp:featuredmedia":[{"embeddable":true,"href":"https:\/\/st-feuillien.com\/nl\/wp-json\/wp\/v2\/media\/8437"}],"wp:attachment":[{"href":"https:\/\/st-feuillien.com\/nl\/wp-json\/wp\/v2\/media?parent=7775"}],"wp:term":[{"taxonomy":"product_brand","embeddable":true,"href":"https:\/\/st-feuillien.com\/nl\/wp-json\/wp\/v2\/product_brand?post=7775"},{"taxonomy":"product_cat","embeddable":true,"href":"https:\/\/st-feuillien.com\/nl\/wp-json\/wp\/v2\/product_cat?post=7775"},{"taxonomy":"product_tag","embeddable":true,"href":"https:\/\/st-feuillien.com\/nl\/wp-json\/wp\/v2\/product_tag?post=7775"}],"curies":[{"name":"wp","href":"https:\/\/api.w.org\/{rel}","templated":true}]}}