{"id":7794,"date":"2022-11-07T16:41:35","date_gmt":"2022-11-07T15:41:35","guid":{"rendered":"https:\/\/st-feuillien.com\/?post_type=product&#038;p=7794"},"modified":"2025-02-28T09:12:11","modified_gmt":"2025-02-28T08:12:11","slug":"st-feuillien-belgian-coast-ipa-33-cl","status":"publish","type":"product","link":"https:\/\/st-feuillien.com\/nl\/product\/st-feuillien-belgian-coast-ipa-33-cl\/","title":{"rendered":"St-Feuillien Belgian Coast IPA 12 x 33 cl"},"content":{"rendered":"<p>De<strong> St-Feuillien Belgian Coast<\/strong> is een lichte IPA. Zijn kleur is donker goudgeel met subtiele oranjeachtige nuances. Zijn schuim is wit en stevig. De <strong>Belgian Coast IPA<\/strong> biedt een onvergelijkbaar palet aan aroma\u2019s. Het belangrijkste aroma komt van hop in al zijn vormen. Hij wordt gekenmerkt door een complex karakter, zowel fruitig als citrus, bloemig en<br \/>\nkruidig of lichtjes harsachtig. De bitterheid is hoog, qua intensiteit en diversiteit. De <strong>Belgian Coast IPA<\/strong> is een perfect huwelijk van twee brouwtradities om een bier te verkrijgen dat de intensiteit en bitterheid van een Amerikaanse IPA combineert met lichtheid en evenwicht. 6 hopsoorten werden geselecteerd: Challenger, Aramis, Citra, Cascade, Mandarina Bavaria, Styrian Golding.<br \/>\n<em>Alcoholpercentage 5,5%<\/em><\/p>\n<p><img decoding=\"async\" class=\"alignnone size-medium wp-image-1122\" src=\"https:\/\/st-feuillien.com\/app\/uploads\/2022\/11\/WBA17-Belgium-SILVERtxt-IPA-2-195x300.jpg\" alt=\"\" width=\"123\" height=\"180\" \/><\/p>\n","protected":false},"excerpt":{"rendered":"<p>De St-Feuillien Belgian Coast is een lichte IPA. Zijn kleur is donker goudgeel met subtiele oranjeachtige nuances. Zijn schuim is wit en stevig. De Belgian Coast IPA biedt een onvergelijkbaar palet aan aroma\u2019s. Het belangrijkste aroma komt van hop in al zijn vormen. Hij wordt gekenmerkt door een complex karakter, zowel fruitig als citrus, bloemig &hellip; <a href=\"https:\/\/st-feuillien.com\/nl\/product\/st-feuillien-belgian-coast-ipa-33-cl\/\">Continued<\/a><\/p>\n","protected":false},"featured_media":1111,"template":"","meta":{"_acf_changed":false,"inline_featured_image":false},"product_brand":[],"product_cat":[149],"product_tag":[],"class_list":{"0":"post-7794","1":"product","2":"type-product","3":"status-publish","4":"has-post-thumbnail","6":"product_cat-amber-nl","8":"first","9":"instock","10":"taxable","11":"shipping-taxable","12":"purchasable","13":"product-type-simple"},"bundled_by":[],"bundle_stock_status":"instock","bundle_stock_quantity":null,"bundle_virtual":false,"bundle_layout":"","bundle_add_to_cart_form_location":"","bundle_editable_in_cart":false,"bundle_sold_individually_context":"","bundle_item_grouping":"","bundle_min_size":"","bundle_max_size":"","bundle_price":[],"bundled_items":[],"bundle_sell_ids":[],"acf":[],"yoast_head":"<!-- This site is optimized with the Yoast SEO plugin v26.9 - https:\/\/yoast.com\/product\/yoast-seo-wordpress\/ -->\n<title>St-Feuillien Belgian Coast IPA 12 x 33 cl - Brasserie St-Feuillien<\/title>\n<meta name=\"robots\" content=\"index, follow, max-snippet:-1, max-image-preview:large, max-video-preview:-1\" \/>\n<link rel=\"canonical\" href=\"https:\/\/st-feuillien.com\/nl\/product\/st-feuillien-belgian-coast-ipa-33-cl\/\" \/>\n<meta property=\"og:locale\" content=\"nl_NL\" \/>\n<meta property=\"og:type\" content=\"article\" \/>\n<meta property=\"og:title\" content=\"St-Feuillien Belgian Coast IPA 12 x 33 cl - Brasserie St-Feuillien\" \/>\n<meta property=\"og:description\" content=\"De St-Feuillien Belgian Coast is een lichte IPA. Zijn kleur is donker goudgeel met subtiele oranjeachtige nuances. Zijn schuim is wit en stevig. De Belgian Coast IPA biedt een onvergelijkbaar palet aan aroma\u2019s. Het belangrijkste aroma komt van hop in al zijn vormen. Hij wordt gekenmerkt door een complex karakter, zowel fruitig als citrus, bloemig &hellip; Continued\" \/>\n<meta property=\"og:url\" content=\"https:\/\/st-feuillien.com\/nl\/product\/st-feuillien-belgian-coast-ipa-33-cl\/\" \/>\n<meta property=\"og:site_name\" content=\"Brasserie St-Feuillien\" \/>\n<meta property=\"article:publisher\" content=\"https:\/\/www.facebook.com\/stfeuillien\" \/>\n<meta property=\"article:modified_time\" content=\"2025-02-28T08:12:11+00:00\" \/>\n<meta property=\"og:image\" content=\"https:\/\/st-feuillien.com\/app\/uploads\/2022\/11\/FB-clifflucasphoto-BIPA33.jpg\" \/>\n\t<meta property=\"og:image:width\" content=\"960\" \/>\n\t<meta property=\"og:image:height\" content=\"1200\" \/>\n\t<meta property=\"og:image:type\" content=\"image\/jpeg\" \/>\n<meta name=\"twitter:card\" content=\"summary_large_image\" \/>\n<meta name=\"twitter:label1\" content=\"Est. reading time\" \/>\n\t<meta name=\"twitter:data1\" content=\"1 minute\" \/>\n<script type=\"application\/ld+json\" class=\"yoast-schema-graph\">{\"@context\":\"https:\/\/schema.org\",\"@graph\":[{\"@type\":\"WebPage\",\"@id\":\"https:\/\/st-feuillien.com\/nl\/product\/st-feuillien-belgian-coast-ipa-33-cl\/\",\"url\":\"https:\/\/st-feuillien.com\/nl\/product\/st-feuillien-belgian-coast-ipa-33-cl\/\",\"name\":\"St-Feuillien Belgian Coast IPA 12 x 33 cl - Brasserie St-Feuillien\",\"isPartOf\":{\"@id\":\"https:\/\/st-feuillien.com\/nl\/#website\"},\"primaryImageOfPage\":{\"@id\":\"https:\/\/st-feuillien.com\/nl\/product\/st-feuillien-belgian-coast-ipa-33-cl\/#primaryimage\"},\"image\":{\"@id\":\"https:\/\/st-feuillien.com\/nl\/product\/st-feuillien-belgian-coast-ipa-33-cl\/#primaryimage\"},\"thumbnailUrl\":\"https:\/\/st-feuillien.com\/app\/uploads\/2022\/11\/FB-clifflucasphoto-BIPA33.jpg\",\"datePublished\":\"2022-11-07T15:41:35+00:00\",\"dateModified\":\"2025-02-28T08:12:11+00:00\",\"breadcrumb\":{\"@id\":\"https:\/\/st-feuillien.com\/nl\/product\/st-feuillien-belgian-coast-ipa-33-cl\/#breadcrumb\"},\"inLanguage\":\"nl-NL\",\"potentialAction\":[{\"@type\":\"ReadAction\",\"target\":[\"https:\/\/st-feuillien.com\/nl\/product\/st-feuillien-belgian-coast-ipa-33-cl\/\"]}]},{\"@type\":\"ImageObject\",\"inLanguage\":\"nl-NL\",\"@id\":\"https:\/\/st-feuillien.com\/nl\/product\/st-feuillien-belgian-coast-ipa-33-cl\/#primaryimage\",\"url\":\"https:\/\/st-feuillien.com\/app\/uploads\/2022\/11\/FB-clifflucasphoto-BIPA33.jpg\",\"contentUrl\":\"https:\/\/st-feuillien.com\/app\/uploads\/2022\/11\/FB-clifflucasphoto-BIPA33.jpg\",\"width\":960,\"height\":1200},{\"@type\":\"BreadcrumbList\",\"@id\":\"https:\/\/st-feuillien.com\/nl\/product\/st-feuillien-belgian-coast-ipa-33-cl\/#breadcrumb\",\"itemListElement\":[{\"@type\":\"ListItem\",\"position\":1,\"name\":\"\",\"item\":\"https:\/\/st-feuillien.com\/nl\/\"},{\"@type\":\"ListItem\",\"position\":2,\"name\":\"St-Feuillien shop\",\"item\":\"https:\/\/st-feuillien.com\/nl\/shop\/\"},{\"@type\":\"ListItem\",\"position\":3,\"name\":\"St-Feuillien Belgian Coast IPA 12 x 33 cl\"}]},{\"@type\":\"WebSite\",\"@id\":\"https:\/\/st-feuillien.com\/nl\/#website\",\"url\":\"https:\/\/st-feuillien.com\/nl\/\",\"name\":\"Brasserie St-Feuillien\",\"description\":\"La Brasserie St. Feuillien est une brasserie belge au Roeulx, en Belgique, qui a \u00e9t\u00e9 fond\u00e9e en 1873. La brasserie, qui fabrique de la bi\u00e8re de style abbaye, a \u00e9t\u00e9 exploit\u00e9e par la famille Friart tout ce temps\",\"publisher\":{\"@id\":\"https:\/\/st-feuillien.com\/nl\/#organization\"},\"potentialAction\":[{\"@type\":\"SearchAction\",\"target\":{\"@type\":\"EntryPoint\",\"urlTemplate\":\"https:\/\/st-feuillien.com\/nl\/?s={search_term_string}\"},\"query-input\":{\"@type\":\"PropertyValueSpecification\",\"valueRequired\":true,\"valueName\":\"search_term_string\"}}],\"inLanguage\":\"nl-NL\"},{\"@type\":\"Organization\",\"@id\":\"https:\/\/st-feuillien.com\/nl\/#organization\",\"name\":\"St Feuillien\",\"url\":\"https:\/\/st-feuillien.com\/nl\/\",\"logo\":{\"@type\":\"ImageObject\",\"inLanguage\":\"nl-NL\",\"@id\":\"https:\/\/st-feuillien.com\/nl\/#\/schema\/logo\/image\/\",\"url\":\"https:\/\/st-feuillien.com\/app\/uploads\/2023\/01\/Logo-st-feuillien-1.svg\",\"contentUrl\":\"https:\/\/st-feuillien.com\/app\/uploads\/2023\/01\/Logo-st-feuillien-1.svg\",\"width\":165,\"height\":122,\"caption\":\"St Feuillien\"},\"image\":{\"@id\":\"https:\/\/st-feuillien.com\/nl\/#\/schema\/logo\/image\/\"},\"sameAs\":[\"https:\/\/www.facebook.com\/stfeuillien\"]}]}<\/script>\n<!-- \/ Yoast SEO plugin. -->","yoast_head_json":{"title":"St-Feuillien Belgian Coast IPA 12 x 33 cl - Brasserie St-Feuillien","robots":{"index":"index","follow":"follow","max-snippet":"max-snippet:-1","max-image-preview":"max-image-preview:large","max-video-preview":"max-video-preview:-1"},"canonical":"https:\/\/st-feuillien.com\/nl\/product\/st-feuillien-belgian-coast-ipa-33-cl\/","og_locale":"nl_NL","og_type":"article","og_title":"St-Feuillien Belgian Coast IPA 12 x 33 cl - Brasserie St-Feuillien","og_description":"De St-Feuillien Belgian Coast is een lichte IPA. Zijn kleur is donker goudgeel met subtiele oranjeachtige nuances. Zijn schuim is wit en stevig. De Belgian Coast IPA biedt een onvergelijkbaar palet aan aroma\u2019s. Het belangrijkste aroma komt van hop in al zijn vormen. Hij wordt gekenmerkt door een complex karakter, zowel fruitig als citrus, bloemig &hellip; Continued","og_url":"https:\/\/st-feuillien.com\/nl\/product\/st-feuillien-belgian-coast-ipa-33-cl\/","og_site_name":"Brasserie St-Feuillien","article_publisher":"https:\/\/www.facebook.com\/stfeuillien","article_modified_time":"2025-02-28T08:12:11+00:00","og_image":[{"width":960,"height":1200,"url":"https:\/\/st-feuillien.com\/app\/uploads\/2022\/11\/FB-clifflucasphoto-BIPA33.jpg","type":"image\/jpeg"}],"twitter_card":"summary_large_image","twitter_misc":{"Est. reading time":"1 minute"},"schema":{"@context":"https:\/\/schema.org","@graph":[{"@type":"WebPage","@id":"https:\/\/st-feuillien.com\/nl\/product\/st-feuillien-belgian-coast-ipa-33-cl\/","url":"https:\/\/st-feuillien.com\/nl\/product\/st-feuillien-belgian-coast-ipa-33-cl\/","name":"St-Feuillien Belgian Coast IPA 12 x 33 cl - Brasserie St-Feuillien","isPartOf":{"@id":"https:\/\/st-feuillien.com\/nl\/#website"},"primaryImageOfPage":{"@id":"https:\/\/st-feuillien.com\/nl\/product\/st-feuillien-belgian-coast-ipa-33-cl\/#primaryimage"},"image":{"@id":"https:\/\/st-feuillien.com\/nl\/product\/st-feuillien-belgian-coast-ipa-33-cl\/#primaryimage"},"thumbnailUrl":"https:\/\/st-feuillien.com\/app\/uploads\/2022\/11\/FB-clifflucasphoto-BIPA33.jpg","datePublished":"2022-11-07T15:41:35+00:00","dateModified":"2025-02-28T08:12:11+00:00","breadcrumb":{"@id":"https:\/\/st-feuillien.com\/nl\/product\/st-feuillien-belgian-coast-ipa-33-cl\/#breadcrumb"},"inLanguage":"nl-NL","potentialAction":[{"@type":"ReadAction","target":["https:\/\/st-feuillien.com\/nl\/product\/st-feuillien-belgian-coast-ipa-33-cl\/"]}]},{"@type":"ImageObject","inLanguage":"nl-NL","@id":"https:\/\/st-feuillien.com\/nl\/product\/st-feuillien-belgian-coast-ipa-33-cl\/#primaryimage","url":"https:\/\/st-feuillien.com\/app\/uploads\/2022\/11\/FB-clifflucasphoto-BIPA33.jpg","contentUrl":"https:\/\/st-feuillien.com\/app\/uploads\/2022\/11\/FB-clifflucasphoto-BIPA33.jpg","width":960,"height":1200},{"@type":"BreadcrumbList","@id":"https:\/\/st-feuillien.com\/nl\/product\/st-feuillien-belgian-coast-ipa-33-cl\/#breadcrumb","itemListElement":[{"@type":"ListItem","position":1,"name":"","item":"https:\/\/st-feuillien.com\/nl\/"},{"@type":"ListItem","position":2,"name":"St-Feuillien shop","item":"https:\/\/st-feuillien.com\/nl\/shop\/"},{"@type":"ListItem","position":3,"name":"St-Feuillien Belgian Coast IPA 12 x 33 cl"}]},{"@type":"WebSite","@id":"https:\/\/st-feuillien.com\/nl\/#website","url":"https:\/\/st-feuillien.com\/nl\/","name":"Brasserie St-Feuillien","description":"La Brasserie St. Feuillien est une brasserie belge au Roeulx, en Belgique, qui a \u00e9t\u00e9 fond\u00e9e en 1873. La brasserie, qui fabrique de la bi\u00e8re de style abbaye, a \u00e9t\u00e9 exploit\u00e9e par la famille Friart tout ce temps","publisher":{"@id":"https:\/\/st-feuillien.com\/nl\/#organization"},"potentialAction":[{"@type":"SearchAction","target":{"@type":"EntryPoint","urlTemplate":"https:\/\/st-feuillien.com\/nl\/?s={search_term_string}"},"query-input":{"@type":"PropertyValueSpecification","valueRequired":true,"valueName":"search_term_string"}}],"inLanguage":"nl-NL"},{"@type":"Organization","@id":"https:\/\/st-feuillien.com\/nl\/#organization","name":"St Feuillien","url":"https:\/\/st-feuillien.com\/nl\/","logo":{"@type":"ImageObject","inLanguage":"nl-NL","@id":"https:\/\/st-feuillien.com\/nl\/#\/schema\/logo\/image\/","url":"https:\/\/st-feuillien.com\/app\/uploads\/2023\/01\/Logo-st-feuillien-1.svg","contentUrl":"https:\/\/st-feuillien.com\/app\/uploads\/2023\/01\/Logo-st-feuillien-1.svg","width":165,"height":122,"caption":"St Feuillien"},"image":{"@id":"https:\/\/st-feuillien.com\/nl\/#\/schema\/logo\/image\/"},"sameAs":["https:\/\/www.facebook.com\/stfeuillien"]}]}},"_links":{"self":[{"href":"https:\/\/st-feuillien.com\/nl\/wp-json\/wp\/v2\/product\/7794","targetHints":{"allow":["GET"]}}],"collection":[{"href":"https:\/\/st-feuillien.com\/nl\/wp-json\/wp\/v2\/product"}],"about":[{"href":"https:\/\/st-feuillien.com\/nl\/wp-json\/wp\/v2\/types\/product"}],"wp:featuredmedia":[{"embeddable":true,"href":"https:\/\/st-feuillien.com\/nl\/wp-json\/wp\/v2\/media\/1111"}],"wp:attachment":[{"href":"https:\/\/st-feuillien.com\/nl\/wp-json\/wp\/v2\/media?parent=7794"}],"wp:term":[{"taxonomy":"product_brand","embeddable":true,"href":"https:\/\/st-feuillien.com\/nl\/wp-json\/wp\/v2\/product_brand?post=7794"},{"taxonomy":"product_cat","embeddable":true,"href":"https:\/\/st-feuillien.com\/nl\/wp-json\/wp\/v2\/product_cat?post=7794"},{"taxonomy":"product_tag","embeddable":true,"href":"https:\/\/st-feuillien.com\/nl\/wp-json\/wp\/v2\/product_tag?post=7794"}],"curies":[{"name":"wp","href":"https:\/\/api.w.org\/{rel}","templated":true}]}}