{"id":7796,"date":"2022-11-07T17:12:24","date_gmt":"2022-11-07T16:12:24","guid":{"rendered":"https:\/\/st-feuillien.com\/?post_type=product&#038;p=7796"},"modified":"2023-12-13T11:26:57","modified_gmt":"2023-12-13T10:26:57","slug":"grisette-blonde-25-cl","status":"publish","type":"product","link":"https:\/\/st-feuillien.com\/nl\/product\/grisette-blonde-25-cl\/","title":{"rendered":"Grisette Blond BIO 12 x 25 cl"},"content":{"rendered":"<p><strong>Grisette Blond Bio<\/strong> is licht van kleur en textuur en bijzonder verfrissend. Dankzij de nagisting op fles komt bij dit bier een geurpalet vrij dat uitzonderlijk rijk is voor dit type. Het schuim is fijn en wit, het bier zelf is strogeel. De smaak wordt gekenmerkt door een intense bitterheid. De <strong>Grisette Blond<\/strong> wordt op traditionele wijze bereid en is een gecertificeerd biologisch bier van hoge gisting en glutenvrij.<br \/>\n<br \/>\n<em>Alcoholpercentage 5.5%<\/em><\/p>\n<p><img decoding=\"async\" class=\"alignnone wp-image-7738 size-full\" src=\"https:\/\/st-feuillien.com\/app\/uploads\/2023\/11\/logos-et-medailles-grisette-blonde.png\" alt=\"\" width=\"800\" height=\"241\" srcset=\"https:\/\/st-feuillien.com\/app\/uploads\/2023\/11\/logos-et-medailles-grisette-blonde.png 800w, https:\/\/st-feuillien.com\/app\/uploads\/2023\/11\/logos-et-medailles-grisette-blonde-600x181.png 600w, https:\/\/st-feuillien.com\/app\/uploads\/2023\/11\/logos-et-medailles-grisette-blonde-300x90.png 300w, https:\/\/st-feuillien.com\/app\/uploads\/2023\/11\/logos-et-medailles-grisette-blonde-768x231.png 768w\" sizes=\"(max-width: 800px) 100vw, 800px\" \/><\/p>\n<p>&nbsp;<\/p>\n<p>&nbsp;<\/p>\n","protected":false},"excerpt":{"rendered":"<p>Grisette Blond Bio is licht van kleur en textuur en bijzonder verfrissend. Dankzij de nagisting op fles komt bij dit bier een geurpalet vrij dat uitzonderlijk rijk is voor dit type. Het schuim is fijn en wit, het bier zelf is strogeel. De smaak wordt gekenmerkt door een intense bitterheid. De Grisette Blond wordt op &hellip; <a href=\"https:\/\/st-feuillien.com\/nl\/product\/grisette-blonde-25-cl\/\">Continued<\/a><\/p>\n","protected":false},"featured_media":279,"template":"","meta":{"_acf_changed":false,"inline_featured_image":false},"product_brand":[],"product_cat":[155,145,156],"product_tag":[],"class_list":{"0":"post-7796","1":"product","2":"type-product","3":"status-publish","4":"has-post-thumbnail","6":"product_cat-bio-nl","7":"product_cat-blond-nl","8":"product_cat-glutenvrij-nl","10":"first","11":"instock","12":"taxable","13":"shipping-taxable","14":"purchasable","15":"product-type-simple"},"bundled_by":[],"bundle_stock_status":"instock","bundle_stock_quantity":null,"bundle_virtual":false,"bundle_layout":"","bundle_add_to_cart_form_location":"","bundle_editable_in_cart":false,"bundle_sold_individually_context":"","bundle_item_grouping":"","bundle_min_size":"","bundle_max_size":"","bundle_price":[],"bundled_items":[],"bundle_sell_ids":[],"acf":[],"yoast_head":"<!-- This site is optimized with the Yoast SEO plugin v26.9 - https:\/\/yoast.com\/product\/yoast-seo-wordpress\/ -->\n<title>Grisette Blond BIO 12 x 25 cl - Brasserie St-Feuillien<\/title>\n<meta name=\"robots\" content=\"index, follow, max-snippet:-1, max-image-preview:large, max-video-preview:-1\" \/>\n<link rel=\"canonical\" href=\"https:\/\/st-feuillien.com\/nl\/product\/grisette-blonde-25-cl\/\" \/>\n<meta property=\"og:locale\" content=\"nl_NL\" \/>\n<meta property=\"og:type\" content=\"article\" \/>\n<meta property=\"og:title\" content=\"Grisette Blond BIO 12 x 25 cl - Brasserie St-Feuillien\" \/>\n<meta property=\"og:description\" content=\"Grisette Blond Bio is licht van kleur en textuur en bijzonder verfrissend. Dankzij de nagisting op fles komt bij dit bier een geurpalet vrij dat uitzonderlijk rijk is voor dit type. Het schuim is fijn en wit, het bier zelf is strogeel. De smaak wordt gekenmerkt door een intense bitterheid. De Grisette Blond wordt op &hellip; Continued\" \/>\n<meta property=\"og:url\" content=\"https:\/\/st-feuillien.com\/nl\/product\/grisette-blonde-25-cl\/\" \/>\n<meta property=\"og:site_name\" content=\"Brasserie St-Feuillien\" \/>\n<meta property=\"article:publisher\" content=\"https:\/\/www.facebook.com\/stfeuillien\" \/>\n<meta property=\"article:modified_time\" content=\"2023-12-13T10:26:57+00:00\" \/>\n<meta property=\"og:image\" content=\"https:\/\/st-feuillien.com\/app\/uploads\/2022\/08\/HiRes-clifflucas-Grisetteblonde.jpg\" \/>\n\t<meta property=\"og:image:width\" content=\"800\" \/>\n\t<meta property=\"og:image:height\" content=\"1000\" \/>\n\t<meta property=\"og:image:type\" content=\"image\/jpeg\" \/>\n<meta name=\"twitter:card\" content=\"summary_large_image\" \/>\n<meta name=\"twitter:label1\" content=\"Est. reading time\" \/>\n\t<meta name=\"twitter:data1\" content=\"1 minute\" \/>\n<script type=\"application\/ld+json\" class=\"yoast-schema-graph\">{\"@context\":\"https:\/\/schema.org\",\"@graph\":[{\"@type\":\"WebPage\",\"@id\":\"https:\/\/st-feuillien.com\/nl\/product\/grisette-blonde-25-cl\/\",\"url\":\"https:\/\/st-feuillien.com\/nl\/product\/grisette-blonde-25-cl\/\",\"name\":\"Grisette Blond BIO 12 x 25 cl - Brasserie St-Feuillien\",\"isPartOf\":{\"@id\":\"https:\/\/st-feuillien.com\/nl\/#website\"},\"primaryImageOfPage\":{\"@id\":\"https:\/\/st-feuillien.com\/nl\/product\/grisette-blonde-25-cl\/#primaryimage\"},\"image\":{\"@id\":\"https:\/\/st-feuillien.com\/nl\/product\/grisette-blonde-25-cl\/#primaryimage\"},\"thumbnailUrl\":\"https:\/\/st-feuillien.com\/app\/uploads\/2022\/08\/HiRes-clifflucas-Grisetteblonde.jpg\",\"datePublished\":\"2022-11-07T16:12:24+00:00\",\"dateModified\":\"2023-12-13T10:26:57+00:00\",\"breadcrumb\":{\"@id\":\"https:\/\/st-feuillien.com\/nl\/product\/grisette-blonde-25-cl\/#breadcrumb\"},\"inLanguage\":\"nl-NL\",\"potentialAction\":[{\"@type\":\"ReadAction\",\"target\":[\"https:\/\/st-feuillien.com\/nl\/product\/grisette-blonde-25-cl\/\"]}]},{\"@type\":\"ImageObject\",\"inLanguage\":\"nl-NL\",\"@id\":\"https:\/\/st-feuillien.com\/nl\/product\/grisette-blonde-25-cl\/#primaryimage\",\"url\":\"https:\/\/st-feuillien.com\/app\/uploads\/2022\/08\/HiRes-clifflucas-Grisetteblonde.jpg\",\"contentUrl\":\"https:\/\/st-feuillien.com\/app\/uploads\/2022\/08\/HiRes-clifflucas-Grisetteblonde.jpg\",\"width\":800,\"height\":1000},{\"@type\":\"BreadcrumbList\",\"@id\":\"https:\/\/st-feuillien.com\/nl\/product\/grisette-blonde-25-cl\/#breadcrumb\",\"itemListElement\":[{\"@type\":\"ListItem\",\"position\":1,\"name\":\"\",\"item\":\"https:\/\/st-feuillien.com\/nl\/\"},{\"@type\":\"ListItem\",\"position\":2,\"name\":\"St-Feuillien shop\",\"item\":\"https:\/\/st-feuillien.com\/nl\/shop\/\"},{\"@type\":\"ListItem\",\"position\":3,\"name\":\"Grisette Blond BIO 12 x 25 cl\"}]},{\"@type\":\"WebSite\",\"@id\":\"https:\/\/st-feuillien.com\/nl\/#website\",\"url\":\"https:\/\/st-feuillien.com\/nl\/\",\"name\":\"Brasserie St-Feuillien\",\"description\":\"La Brasserie St. Feuillien est une brasserie belge au Roeulx, en Belgique, qui a \u00e9t\u00e9 fond\u00e9e en 1873. La brasserie, qui fabrique de la bi\u00e8re de style abbaye, a \u00e9t\u00e9 exploit\u00e9e par la famille Friart tout ce temps\",\"publisher\":{\"@id\":\"https:\/\/st-feuillien.com\/nl\/#organization\"},\"potentialAction\":[{\"@type\":\"SearchAction\",\"target\":{\"@type\":\"EntryPoint\",\"urlTemplate\":\"https:\/\/st-feuillien.com\/nl\/?s={search_term_string}\"},\"query-input\":{\"@type\":\"PropertyValueSpecification\",\"valueRequired\":true,\"valueName\":\"search_term_string\"}}],\"inLanguage\":\"nl-NL\"},{\"@type\":\"Organization\",\"@id\":\"https:\/\/st-feuillien.com\/nl\/#organization\",\"name\":\"St Feuillien\",\"url\":\"https:\/\/st-feuillien.com\/nl\/\",\"logo\":{\"@type\":\"ImageObject\",\"inLanguage\":\"nl-NL\",\"@id\":\"https:\/\/st-feuillien.com\/nl\/#\/schema\/logo\/image\/\",\"url\":\"https:\/\/st-feuillien.com\/app\/uploads\/2023\/01\/Logo-st-feuillien-1.svg\",\"contentUrl\":\"https:\/\/st-feuillien.com\/app\/uploads\/2023\/01\/Logo-st-feuillien-1.svg\",\"width\":165,\"height\":122,\"caption\":\"St Feuillien\"},\"image\":{\"@id\":\"https:\/\/st-feuillien.com\/nl\/#\/schema\/logo\/image\/\"},\"sameAs\":[\"https:\/\/www.facebook.com\/stfeuillien\"]}]}<\/script>\n<!-- \/ Yoast SEO plugin. -->","yoast_head_json":{"title":"Grisette Blond BIO 12 x 25 cl - Brasserie St-Feuillien","robots":{"index":"index","follow":"follow","max-snippet":"max-snippet:-1","max-image-preview":"max-image-preview:large","max-video-preview":"max-video-preview:-1"},"canonical":"https:\/\/st-feuillien.com\/nl\/product\/grisette-blonde-25-cl\/","og_locale":"nl_NL","og_type":"article","og_title":"Grisette Blond BIO 12 x 25 cl - Brasserie St-Feuillien","og_description":"Grisette Blond Bio is licht van kleur en textuur en bijzonder verfrissend. Dankzij de nagisting op fles komt bij dit bier een geurpalet vrij dat uitzonderlijk rijk is voor dit type. Het schuim is fijn en wit, het bier zelf is strogeel. De smaak wordt gekenmerkt door een intense bitterheid. De Grisette Blond wordt op &hellip; Continued","og_url":"https:\/\/st-feuillien.com\/nl\/product\/grisette-blonde-25-cl\/","og_site_name":"Brasserie St-Feuillien","article_publisher":"https:\/\/www.facebook.com\/stfeuillien","article_modified_time":"2023-12-13T10:26:57+00:00","og_image":[{"width":800,"height":1000,"url":"https:\/\/st-feuillien.com\/app\/uploads\/2022\/08\/HiRes-clifflucas-Grisetteblonde.jpg","type":"image\/jpeg"}],"twitter_card":"summary_large_image","twitter_misc":{"Est. reading time":"1 minute"},"schema":{"@context":"https:\/\/schema.org","@graph":[{"@type":"WebPage","@id":"https:\/\/st-feuillien.com\/nl\/product\/grisette-blonde-25-cl\/","url":"https:\/\/st-feuillien.com\/nl\/product\/grisette-blonde-25-cl\/","name":"Grisette Blond BIO 12 x 25 cl - Brasserie St-Feuillien","isPartOf":{"@id":"https:\/\/st-feuillien.com\/nl\/#website"},"primaryImageOfPage":{"@id":"https:\/\/st-feuillien.com\/nl\/product\/grisette-blonde-25-cl\/#primaryimage"},"image":{"@id":"https:\/\/st-feuillien.com\/nl\/product\/grisette-blonde-25-cl\/#primaryimage"},"thumbnailUrl":"https:\/\/st-feuillien.com\/app\/uploads\/2022\/08\/HiRes-clifflucas-Grisetteblonde.jpg","datePublished":"2022-11-07T16:12:24+00:00","dateModified":"2023-12-13T10:26:57+00:00","breadcrumb":{"@id":"https:\/\/st-feuillien.com\/nl\/product\/grisette-blonde-25-cl\/#breadcrumb"},"inLanguage":"nl-NL","potentialAction":[{"@type":"ReadAction","target":["https:\/\/st-feuillien.com\/nl\/product\/grisette-blonde-25-cl\/"]}]},{"@type":"ImageObject","inLanguage":"nl-NL","@id":"https:\/\/st-feuillien.com\/nl\/product\/grisette-blonde-25-cl\/#primaryimage","url":"https:\/\/st-feuillien.com\/app\/uploads\/2022\/08\/HiRes-clifflucas-Grisetteblonde.jpg","contentUrl":"https:\/\/st-feuillien.com\/app\/uploads\/2022\/08\/HiRes-clifflucas-Grisetteblonde.jpg","width":800,"height":1000},{"@type":"BreadcrumbList","@id":"https:\/\/st-feuillien.com\/nl\/product\/grisette-blonde-25-cl\/#breadcrumb","itemListElement":[{"@type":"ListItem","position":1,"name":"","item":"https:\/\/st-feuillien.com\/nl\/"},{"@type":"ListItem","position":2,"name":"St-Feuillien shop","item":"https:\/\/st-feuillien.com\/nl\/shop\/"},{"@type":"ListItem","position":3,"name":"Grisette Blond BIO 12 x 25 cl"}]},{"@type":"WebSite","@id":"https:\/\/st-feuillien.com\/nl\/#website","url":"https:\/\/st-feuillien.com\/nl\/","name":"Brasserie St-Feuillien","description":"La Brasserie St. Feuillien est une brasserie belge au Roeulx, en Belgique, qui a \u00e9t\u00e9 fond\u00e9e en 1873. La brasserie, qui fabrique de la bi\u00e8re de style abbaye, a \u00e9t\u00e9 exploit\u00e9e par la famille Friart tout ce temps","publisher":{"@id":"https:\/\/st-feuillien.com\/nl\/#organization"},"potentialAction":[{"@type":"SearchAction","target":{"@type":"EntryPoint","urlTemplate":"https:\/\/st-feuillien.com\/nl\/?s={search_term_string}"},"query-input":{"@type":"PropertyValueSpecification","valueRequired":true,"valueName":"search_term_string"}}],"inLanguage":"nl-NL"},{"@type":"Organization","@id":"https:\/\/st-feuillien.com\/nl\/#organization","name":"St Feuillien","url":"https:\/\/st-feuillien.com\/nl\/","logo":{"@type":"ImageObject","inLanguage":"nl-NL","@id":"https:\/\/st-feuillien.com\/nl\/#\/schema\/logo\/image\/","url":"https:\/\/st-feuillien.com\/app\/uploads\/2023\/01\/Logo-st-feuillien-1.svg","contentUrl":"https:\/\/st-feuillien.com\/app\/uploads\/2023\/01\/Logo-st-feuillien-1.svg","width":165,"height":122,"caption":"St Feuillien"},"image":{"@id":"https:\/\/st-feuillien.com\/nl\/#\/schema\/logo\/image\/"},"sameAs":["https:\/\/www.facebook.com\/stfeuillien"]}]}},"_links":{"self":[{"href":"https:\/\/st-feuillien.com\/nl\/wp-json\/wp\/v2\/product\/7796","targetHints":{"allow":["GET"]}}],"collection":[{"href":"https:\/\/st-feuillien.com\/nl\/wp-json\/wp\/v2\/product"}],"about":[{"href":"https:\/\/st-feuillien.com\/nl\/wp-json\/wp\/v2\/types\/product"}],"wp:featuredmedia":[{"embeddable":true,"href":"https:\/\/st-feuillien.com\/nl\/wp-json\/wp\/v2\/media\/279"}],"wp:attachment":[{"href":"https:\/\/st-feuillien.com\/nl\/wp-json\/wp\/v2\/media?parent=7796"}],"wp:term":[{"taxonomy":"product_brand","embeddable":true,"href":"https:\/\/st-feuillien.com\/nl\/wp-json\/wp\/v2\/product_brand?post=7796"},{"taxonomy":"product_cat","embeddable":true,"href":"https:\/\/st-feuillien.com\/nl\/wp-json\/wp\/v2\/product_cat?post=7796"},{"taxonomy":"product_tag","embeddable":true,"href":"https:\/\/st-feuillien.com\/nl\/wp-json\/wp\/v2\/product_tag?post=7796"}],"curies":[{"name":"wp","href":"https:\/\/api.w.org\/{rel}","templated":true}]}}