{"id":7801,"date":"2022-11-08T13:50:26","date_gmt":"2022-11-08T12:50:26","guid":{"rendered":"https:\/\/st-feuillien.com\/?post_type=product&#038;p=7801"},"modified":"2024-11-27T17:37:02","modified_gmt":"2024-11-27T16:37:02","slug":"grisette-citra-hop-25-cl","status":"publish","type":"product","link":"https:\/\/st-feuillien.com\/nl\/product\/grisette-citra-hop-25-cl\/","title":{"rendered":"Grisette CITRA\u00ae HOP BIO 12 x 25 cl"},"content":{"rendered":"<p><strong>Grisette Citra\u00ae Hop Bio<\/strong> glutenvrij behoort tot de beroemde familie van Belgische tripelbieren. Het bier onderscheidt zich door een bijzondere persoonlijkheid aan de neus en in de smaak die wordt bepaald door een uniek mengsel van classicisme en moderniteit. Dit bier van hoge gisting, gegist op fles en met subtiel palet van citrus aroma\u2019s, dankzij de dry-hopping van Citra hop, heeft een heldere, warmblonde amberkleur met een mooie schittering. De schuimkraag is fijn en compact. Dit is een bier voor alle seizoenen en kan worden gedronken als verfrissend aperitief. <strong>Grisette Tripel Bio<\/strong> glutenvrij is een bier om van te genieten. Net zoals voor de Grisette Blond heeft het bier geen enkele biochemische behandeling ondergaan; het is gecertificeerd natuurlijk glutenvrij en bio.<br \/>\n<em>Alcoholpercentage 8%<\/em><\/p>\n<p>&nbsp;<\/p>\n<p><img decoding=\"async\" src=\"https:\/\/st-feuillien.com\/app\/uploads\/2024\/11\/STF-Awards-Grisette-Triple-300x90.png\" alt=\"\" width=\"284\" height=\"85\" class=\"alignnone size-medium wp-image-10418\" srcset=\"https:\/\/st-feuillien.com\/app\/uploads\/2024\/11\/STF-Awards-Grisette-Triple-300x90.png 300w, https:\/\/st-feuillien.com\/app\/uploads\/2024\/11\/STF-Awards-Grisette-Triple-768x231.png 768w, https:\/\/st-feuillien.com\/app\/uploads\/2024\/11\/STF-Awards-Grisette-Triple-600x181.png 600w, https:\/\/st-feuillien.com\/app\/uploads\/2024\/11\/STF-Awards-Grisette-Triple.png 800w\" sizes=\"(max-width: 284px) 100vw, 284px\" \/><\/p>\n","protected":false},"excerpt":{"rendered":"<p>Grisette Citra\u00ae Hop Bio glutenvrij behoort tot de beroemde familie van Belgische tripelbieren. Het bier onderscheidt zich door een bijzondere persoonlijkheid aan de neus en in de smaak die wordt bepaald door een uniek mengsel van classicisme en moderniteit. Dit bier van hoge gisting, gegist op fles en met subtiel palet van citrus aroma\u2019s, dankzij &hellip; <a href=\"https:\/\/st-feuillien.com\/nl\/product\/grisette-citra-hop-25-cl\/\">Continued<\/a><\/p>\n","protected":false},"featured_media":10415,"template":"","meta":{"_acf_changed":false,"inline_featured_image":false},"product_brand":[],"product_cat":[155,145,156],"product_tag":[],"class_list":{"0":"post-7801","1":"product","2":"type-product","3":"status-publish","4":"has-post-thumbnail","6":"product_cat-bio-nl","7":"product_cat-blond-nl","8":"product_cat-glutenvrij-nl","10":"first","11":"instock","12":"taxable","13":"shipping-taxable","14":"purchasable","15":"product-type-simple"},"bundled_by":[],"bundle_stock_status":"instock","bundle_stock_quantity":null,"bundle_virtual":false,"bundle_layout":"","bundle_add_to_cart_form_location":"","bundle_editable_in_cart":false,"bundle_sold_individually_context":"","bundle_item_grouping":"","bundle_min_size":"","bundle_max_size":"","bundle_price":[],"bundled_items":[],"bundle_sell_ids":[],"acf":[],"yoast_head":"<!-- This site is optimized with the Yoast SEO plugin v26.9 - https:\/\/yoast.com\/product\/yoast-seo-wordpress\/ -->\n<title>Grisette CITRA\u00ae HOP BIO 12 x 25 cl - Brasserie St-Feuillien<\/title>\n<meta name=\"robots\" content=\"index, follow, max-snippet:-1, max-image-preview:large, max-video-preview:-1\" \/>\n<link rel=\"canonical\" href=\"https:\/\/st-feuillien.com\/nl\/product\/grisette-citra-hop-25-cl\/\" \/>\n<meta property=\"og:locale\" content=\"nl_NL\" \/>\n<meta property=\"og:type\" content=\"article\" \/>\n<meta property=\"og:title\" content=\"Grisette CITRA\u00ae HOP BIO 12 x 25 cl - Brasserie St-Feuillien\" \/>\n<meta property=\"og:description\" content=\"Grisette Citra\u00ae Hop Bio glutenvrij behoort tot de beroemde familie van Belgische tripelbieren. Het bier onderscheidt zich door een bijzondere persoonlijkheid aan de neus en in de smaak die wordt bepaald door een uniek mengsel van classicisme en moderniteit. Dit bier van hoge gisting, gegist op fles en met subtiel palet van citrus aroma\u2019s, dankzij &hellip; Continued\" \/>\n<meta property=\"og:url\" content=\"https:\/\/st-feuillien.com\/nl\/product\/grisette-citra-hop-25-cl\/\" \/>\n<meta property=\"og:site_name\" content=\"Brasserie St-Feuillien\" \/>\n<meta property=\"article:publisher\" content=\"https:\/\/www.facebook.com\/stfeuillien\" \/>\n<meta property=\"article:modified_time\" content=\"2024-11-27T16:37:02+00:00\" \/>\n<meta property=\"og:image\" content=\"https:\/\/st-feuillien.com\/app\/uploads\/2024\/11\/GrisetteCitraBBC2024.jpg\" \/>\n\t<meta property=\"og:image:width\" content=\"800\" \/>\n\t<meta property=\"og:image:height\" content=\"1000\" \/>\n\t<meta property=\"og:image:type\" content=\"image\/jpeg\" \/>\n<meta name=\"twitter:card\" content=\"summary_large_image\" \/>\n<meta name=\"twitter:label1\" content=\"Est. reading time\" \/>\n\t<meta name=\"twitter:data1\" content=\"2 minutes\" \/>\n<script type=\"application\/ld+json\" class=\"yoast-schema-graph\">{\"@context\":\"https:\/\/schema.org\",\"@graph\":[{\"@type\":\"WebPage\",\"@id\":\"https:\/\/st-feuillien.com\/nl\/product\/grisette-citra-hop-25-cl\/\",\"url\":\"https:\/\/st-feuillien.com\/nl\/product\/grisette-citra-hop-25-cl\/\",\"name\":\"Grisette CITRA\u00ae HOP BIO 12 x 25 cl - Brasserie St-Feuillien\",\"isPartOf\":{\"@id\":\"https:\/\/st-feuillien.com\/nl\/#website\"},\"primaryImageOfPage\":{\"@id\":\"https:\/\/st-feuillien.com\/nl\/product\/grisette-citra-hop-25-cl\/#primaryimage\"},\"image\":{\"@id\":\"https:\/\/st-feuillien.com\/nl\/product\/grisette-citra-hop-25-cl\/#primaryimage\"},\"thumbnailUrl\":\"https:\/\/st-feuillien.com\/app\/uploads\/2024\/11\/GrisetteCitraBBC2024.jpg\",\"datePublished\":\"2022-11-08T12:50:26+00:00\",\"dateModified\":\"2024-11-27T16:37:02+00:00\",\"breadcrumb\":{\"@id\":\"https:\/\/st-feuillien.com\/nl\/product\/grisette-citra-hop-25-cl\/#breadcrumb\"},\"inLanguage\":\"nl-NL\",\"potentialAction\":[{\"@type\":\"ReadAction\",\"target\":[\"https:\/\/st-feuillien.com\/nl\/product\/grisette-citra-hop-25-cl\/\"]}]},{\"@type\":\"ImageObject\",\"inLanguage\":\"nl-NL\",\"@id\":\"https:\/\/st-feuillien.com\/nl\/product\/grisette-citra-hop-25-cl\/#primaryimage\",\"url\":\"https:\/\/st-feuillien.com\/app\/uploads\/2024\/11\/GrisetteCitraBBC2024.jpg\",\"contentUrl\":\"https:\/\/st-feuillien.com\/app\/uploads\/2024\/11\/GrisetteCitraBBC2024.jpg\",\"width\":800,\"height\":1000,\"caption\":\"GrisetteCitra BBC 2024\"},{\"@type\":\"BreadcrumbList\",\"@id\":\"https:\/\/st-feuillien.com\/nl\/product\/grisette-citra-hop-25-cl\/#breadcrumb\",\"itemListElement\":[{\"@type\":\"ListItem\",\"position\":1,\"name\":\"\",\"item\":\"https:\/\/st-feuillien.com\/nl\/\"},{\"@type\":\"ListItem\",\"position\":2,\"name\":\"St-Feuillien shop\",\"item\":\"https:\/\/st-feuillien.com\/nl\/shop\/\"},{\"@type\":\"ListItem\",\"position\":3,\"name\":\"Grisette CITRA\u00ae HOP BIO 12 x 25 cl\"}]},{\"@type\":\"WebSite\",\"@id\":\"https:\/\/st-feuillien.com\/nl\/#website\",\"url\":\"https:\/\/st-feuillien.com\/nl\/\",\"name\":\"Brasserie St-Feuillien\",\"description\":\"La Brasserie St. Feuillien est une brasserie belge au Roeulx, en Belgique, qui a \u00e9t\u00e9 fond\u00e9e en 1873. La brasserie, qui fabrique de la bi\u00e8re de style abbaye, a \u00e9t\u00e9 exploit\u00e9e par la famille Friart tout ce temps\",\"publisher\":{\"@id\":\"https:\/\/st-feuillien.com\/nl\/#organization\"},\"potentialAction\":[{\"@type\":\"SearchAction\",\"target\":{\"@type\":\"EntryPoint\",\"urlTemplate\":\"https:\/\/st-feuillien.com\/nl\/?s={search_term_string}\"},\"query-input\":{\"@type\":\"PropertyValueSpecification\",\"valueRequired\":true,\"valueName\":\"search_term_string\"}}],\"inLanguage\":\"nl-NL\"},{\"@type\":\"Organization\",\"@id\":\"https:\/\/st-feuillien.com\/nl\/#organization\",\"name\":\"St Feuillien\",\"url\":\"https:\/\/st-feuillien.com\/nl\/\",\"logo\":{\"@type\":\"ImageObject\",\"inLanguage\":\"nl-NL\",\"@id\":\"https:\/\/st-feuillien.com\/nl\/#\/schema\/logo\/image\/\",\"url\":\"https:\/\/st-feuillien.com\/app\/uploads\/2023\/01\/Logo-st-feuillien-1.svg\",\"contentUrl\":\"https:\/\/st-feuillien.com\/app\/uploads\/2023\/01\/Logo-st-feuillien-1.svg\",\"width\":165,\"height\":122,\"caption\":\"St Feuillien\"},\"image\":{\"@id\":\"https:\/\/st-feuillien.com\/nl\/#\/schema\/logo\/image\/\"},\"sameAs\":[\"https:\/\/www.facebook.com\/stfeuillien\"]}]}<\/script>\n<!-- \/ Yoast SEO plugin. -->","yoast_head_json":{"title":"Grisette CITRA\u00ae HOP BIO 12 x 25 cl - Brasserie St-Feuillien","robots":{"index":"index","follow":"follow","max-snippet":"max-snippet:-1","max-image-preview":"max-image-preview:large","max-video-preview":"max-video-preview:-1"},"canonical":"https:\/\/st-feuillien.com\/nl\/product\/grisette-citra-hop-25-cl\/","og_locale":"nl_NL","og_type":"article","og_title":"Grisette CITRA\u00ae HOP BIO 12 x 25 cl - Brasserie St-Feuillien","og_description":"Grisette Citra\u00ae Hop Bio glutenvrij behoort tot de beroemde familie van Belgische tripelbieren. Het bier onderscheidt zich door een bijzondere persoonlijkheid aan de neus en in de smaak die wordt bepaald door een uniek mengsel van classicisme en moderniteit. Dit bier van hoge gisting, gegist op fles en met subtiel palet van citrus aroma\u2019s, dankzij &hellip; Continued","og_url":"https:\/\/st-feuillien.com\/nl\/product\/grisette-citra-hop-25-cl\/","og_site_name":"Brasserie St-Feuillien","article_publisher":"https:\/\/www.facebook.com\/stfeuillien","article_modified_time":"2024-11-27T16:37:02+00:00","og_image":[{"width":800,"height":1000,"url":"https:\/\/st-feuillien.com\/app\/uploads\/2024\/11\/GrisetteCitraBBC2024.jpg","type":"image\/jpeg"}],"twitter_card":"summary_large_image","twitter_misc":{"Est. reading time":"2 minutes"},"schema":{"@context":"https:\/\/schema.org","@graph":[{"@type":"WebPage","@id":"https:\/\/st-feuillien.com\/nl\/product\/grisette-citra-hop-25-cl\/","url":"https:\/\/st-feuillien.com\/nl\/product\/grisette-citra-hop-25-cl\/","name":"Grisette CITRA\u00ae HOP BIO 12 x 25 cl - Brasserie St-Feuillien","isPartOf":{"@id":"https:\/\/st-feuillien.com\/nl\/#website"},"primaryImageOfPage":{"@id":"https:\/\/st-feuillien.com\/nl\/product\/grisette-citra-hop-25-cl\/#primaryimage"},"image":{"@id":"https:\/\/st-feuillien.com\/nl\/product\/grisette-citra-hop-25-cl\/#primaryimage"},"thumbnailUrl":"https:\/\/st-feuillien.com\/app\/uploads\/2024\/11\/GrisetteCitraBBC2024.jpg","datePublished":"2022-11-08T12:50:26+00:00","dateModified":"2024-11-27T16:37:02+00:00","breadcrumb":{"@id":"https:\/\/st-feuillien.com\/nl\/product\/grisette-citra-hop-25-cl\/#breadcrumb"},"inLanguage":"nl-NL","potentialAction":[{"@type":"ReadAction","target":["https:\/\/st-feuillien.com\/nl\/product\/grisette-citra-hop-25-cl\/"]}]},{"@type":"ImageObject","inLanguage":"nl-NL","@id":"https:\/\/st-feuillien.com\/nl\/product\/grisette-citra-hop-25-cl\/#primaryimage","url":"https:\/\/st-feuillien.com\/app\/uploads\/2024\/11\/GrisetteCitraBBC2024.jpg","contentUrl":"https:\/\/st-feuillien.com\/app\/uploads\/2024\/11\/GrisetteCitraBBC2024.jpg","width":800,"height":1000,"caption":"GrisetteCitra BBC 2024"},{"@type":"BreadcrumbList","@id":"https:\/\/st-feuillien.com\/nl\/product\/grisette-citra-hop-25-cl\/#breadcrumb","itemListElement":[{"@type":"ListItem","position":1,"name":"","item":"https:\/\/st-feuillien.com\/nl\/"},{"@type":"ListItem","position":2,"name":"St-Feuillien shop","item":"https:\/\/st-feuillien.com\/nl\/shop\/"},{"@type":"ListItem","position":3,"name":"Grisette CITRA\u00ae HOP BIO 12 x 25 cl"}]},{"@type":"WebSite","@id":"https:\/\/st-feuillien.com\/nl\/#website","url":"https:\/\/st-feuillien.com\/nl\/","name":"Brasserie St-Feuillien","description":"La Brasserie St. Feuillien est une brasserie belge au Roeulx, en Belgique, qui a \u00e9t\u00e9 fond\u00e9e en 1873. La brasserie, qui fabrique de la bi\u00e8re de style abbaye, a \u00e9t\u00e9 exploit\u00e9e par la famille Friart tout ce temps","publisher":{"@id":"https:\/\/st-feuillien.com\/nl\/#organization"},"potentialAction":[{"@type":"SearchAction","target":{"@type":"EntryPoint","urlTemplate":"https:\/\/st-feuillien.com\/nl\/?s={search_term_string}"},"query-input":{"@type":"PropertyValueSpecification","valueRequired":true,"valueName":"search_term_string"}}],"inLanguage":"nl-NL"},{"@type":"Organization","@id":"https:\/\/st-feuillien.com\/nl\/#organization","name":"St Feuillien","url":"https:\/\/st-feuillien.com\/nl\/","logo":{"@type":"ImageObject","inLanguage":"nl-NL","@id":"https:\/\/st-feuillien.com\/nl\/#\/schema\/logo\/image\/","url":"https:\/\/st-feuillien.com\/app\/uploads\/2023\/01\/Logo-st-feuillien-1.svg","contentUrl":"https:\/\/st-feuillien.com\/app\/uploads\/2023\/01\/Logo-st-feuillien-1.svg","width":165,"height":122,"caption":"St Feuillien"},"image":{"@id":"https:\/\/st-feuillien.com\/nl\/#\/schema\/logo\/image\/"},"sameAs":["https:\/\/www.facebook.com\/stfeuillien"]}]}},"_links":{"self":[{"href":"https:\/\/st-feuillien.com\/nl\/wp-json\/wp\/v2\/product\/7801","targetHints":{"allow":["GET"]}}],"collection":[{"href":"https:\/\/st-feuillien.com\/nl\/wp-json\/wp\/v2\/product"}],"about":[{"href":"https:\/\/st-feuillien.com\/nl\/wp-json\/wp\/v2\/types\/product"}],"wp:featuredmedia":[{"embeddable":true,"href":"https:\/\/st-feuillien.com\/nl\/wp-json\/wp\/v2\/media\/10415"}],"wp:attachment":[{"href":"https:\/\/st-feuillien.com\/nl\/wp-json\/wp\/v2\/media?parent=7801"}],"wp:term":[{"taxonomy":"product_brand","embeddable":true,"href":"https:\/\/st-feuillien.com\/nl\/wp-json\/wp\/v2\/product_brand?post=7801"},{"taxonomy":"product_cat","embeddable":true,"href":"https:\/\/st-feuillien.com\/nl\/wp-json\/wp\/v2\/product_cat?post=7801"},{"taxonomy":"product_tag","embeddable":true,"href":"https:\/\/st-feuillien.com\/nl\/wp-json\/wp\/v2\/product_tag?post=7801"}],"curies":[{"name":"wp","href":"https:\/\/api.w.org\/{rel}","templated":true}]}}