{"id":7846,"date":"2023-11-19T08:22:58","date_gmt":"2023-11-19T07:22:58","guid":{"rendered":"https:\/\/st-feuillien.com\/?post_type=product&#038;p=7846"},"modified":"2023-12-19T11:15:56","modified_gmt":"2023-12-19T10:15:56","slug":"st-feuillien-triple-distilled-malt-50-cl-42-maanden","status":"publish","type":"product","link":"https:\/\/st-feuillien.com\/nl\/product\/st-feuillien-triple-distilled-malt-50-cl-42-maanden\/","title":{"rendered":"St-Feuillien Triple Distilled Malt 50 cl 42 maanden"},"content":{"rendered":"<p>Dit unieke distillaat verraadt zijn herkomst door een drievoudige distillatie, een typische Ierse manier van werken. Het wordt gemaakt op basis van gemoute gerst (wort), die gebruikt wordt om St-Feuillien Tripel te maken, een bier van hoge gisting. Door 42 maanden te rijpen in Amerikaanse eikenhouten vaten (Bourbon) die slechts eenmaal worden gebruikt, wint de Triple Distilled Malt aan zuiverheid, zoetheid en fruitigheid, met een volle smaak als resultaat.<br \/>\nUitzicht: natuurlijke kleur die uitsluitend afkomstig is van het eikenhouten vat, zonder toevoegingen. Lichte troebelheid door plaatselijk water dat rijk is aan sporenelementen.<br \/>\nNeus: bijzonder rijk, met een fijne bloemige\/fruitige balans en dominante toetsen van alcohol en Poire Williams, gevolgd door subtiele toetsen van sleedoorn.<br \/>\nSmaak: krachtig en vol, met een duidelijke aanwezigheid van alcohol. Complexe smaken van appel, kweepeer en peer, en een achtergrond van hout.<br \/>\nAfdronk: houtachtige hints van vanille en kruiden.<br \/>\nGenummerde fles &#8211; geleverd in een doos.<br \/>\n<em>Alcoholpercentage : 46\u00b0<\/em><\/p>\n","protected":false},"excerpt":{"rendered":"<p>Dit unieke distillaat verraadt zijn herkomst door een drievoudige distillatie, een typische Ierse manier van werken. Het wordt gemaakt op basis van gemoute gerst (wort), die gebruikt wordt om St-Feuillien Tripel te maken, een bier van hoge gisting. Door 42 maanden te rijpen in Amerikaanse eikenhouten vaten (Bourbon) die slechts eenmaal worden gebruikt, wint de &hellip; <a href=\"https:\/\/st-feuillien.com\/nl\/product\/st-feuillien-triple-distilled-malt-50-cl-42-maanden\/\">Continued<\/a><\/p>\n","protected":false},"featured_media":8491,"template":"","meta":{"_acf_changed":false,"inline_featured_image":false},"product_brand":[],"product_cat":[194],"product_tag":[],"class_list":{"0":"post-7846","1":"product","2":"type-product","3":"status-publish","4":"has-post-thumbnail","6":"product_cat-alcohol-nl","8":"first","9":"instock","10":"taxable","11":"shipping-taxable","12":"purchasable","13":"product-type-simple"},"bundled_by":[],"bundle_stock_status":"instock","bundle_stock_quantity":null,"bundle_virtual":false,"bundle_layout":"","bundle_add_to_cart_form_location":"","bundle_editable_in_cart":false,"bundle_sold_individually_context":"","bundle_item_grouping":"","bundle_min_size":"","bundle_max_size":"","bundle_price":[],"bundled_items":[],"bundle_sell_ids":[],"acf":[],"yoast_head":"<!-- This site is optimized with the Yoast SEO plugin v26.9 - https:\/\/yoast.com\/product\/yoast-seo-wordpress\/ -->\n<title>St-Feuillien Triple Distilled Malt 50 cl 42 maanden - Brasserie St-Feuillien<\/title>\n<meta name=\"robots\" content=\"index, follow, max-snippet:-1, max-image-preview:large, max-video-preview:-1\" \/>\n<link rel=\"canonical\" href=\"https:\/\/st-feuillien.com\/nl\/product\/st-feuillien-triple-distilled-malt-50-cl-42-maanden\/\" \/>\n<meta property=\"og:locale\" content=\"nl_NL\" \/>\n<meta property=\"og:type\" content=\"article\" \/>\n<meta property=\"og:title\" content=\"St-Feuillien Triple Distilled Malt 50 cl 42 maanden - Brasserie St-Feuillien\" \/>\n<meta property=\"og:description\" content=\"Dit unieke distillaat verraadt zijn herkomst door een drievoudige distillatie, een typische Ierse manier van werken. Het wordt gemaakt op basis van gemoute gerst (wort), die gebruikt wordt om St-Feuillien Tripel te maken, een bier van hoge gisting. Door 42 maanden te rijpen in Amerikaanse eikenhouten vaten (Bourbon) die slechts eenmaal worden gebruikt, wint de &hellip; Continued\" \/>\n<meta property=\"og:url\" content=\"https:\/\/st-feuillien.com\/nl\/product\/st-feuillien-triple-distilled-malt-50-cl-42-maanden\/\" \/>\n<meta property=\"og:site_name\" content=\"Brasserie St-Feuillien\" \/>\n<meta property=\"article:publisher\" content=\"https:\/\/www.facebook.com\/stfeuillien\" \/>\n<meta property=\"article:modified_time\" content=\"2023-12-19T10:15:56+00:00\" \/>\n<meta property=\"og:image\" content=\"https:\/\/st-feuillien.com\/app\/uploads\/2024\/01\/CSTF-3D-42-mois-etui-ambiance.jpg\" \/>\n\t<meta property=\"og:image:width\" content=\"1080\" \/>\n\t<meta property=\"og:image:height\" content=\"1080\" \/>\n\t<meta property=\"og:image:type\" content=\"image\/jpeg\" \/>\n<meta name=\"twitter:card\" content=\"summary_large_image\" \/>\n<meta name=\"twitter:label1\" content=\"Est. reading time\" \/>\n\t<meta name=\"twitter:data1\" content=\"1 minute\" \/>\n<script type=\"application\/ld+json\" class=\"yoast-schema-graph\">{\"@context\":\"https:\/\/schema.org\",\"@graph\":[{\"@type\":\"WebPage\",\"@id\":\"https:\/\/st-feuillien.com\/nl\/product\/st-feuillien-triple-distilled-malt-50-cl-42-maanden\/\",\"url\":\"https:\/\/st-feuillien.com\/nl\/product\/st-feuillien-triple-distilled-malt-50-cl-42-maanden\/\",\"name\":\"St-Feuillien Triple Distilled Malt 50 cl 42 maanden - Brasserie St-Feuillien\",\"isPartOf\":{\"@id\":\"https:\/\/st-feuillien.com\/nl\/#website\"},\"primaryImageOfPage\":{\"@id\":\"https:\/\/st-feuillien.com\/nl\/product\/st-feuillien-triple-distilled-malt-50-cl-42-maanden\/#primaryimage\"},\"image\":{\"@id\":\"https:\/\/st-feuillien.com\/nl\/product\/st-feuillien-triple-distilled-malt-50-cl-42-maanden\/#primaryimage\"},\"thumbnailUrl\":\"https:\/\/st-feuillien.com\/app\/uploads\/2024\/01\/CSTF-3D-42-mois-etui-ambiance.jpg\",\"datePublished\":\"2023-11-19T07:22:58+00:00\",\"dateModified\":\"2023-12-19T10:15:56+00:00\",\"breadcrumb\":{\"@id\":\"https:\/\/st-feuillien.com\/nl\/product\/st-feuillien-triple-distilled-malt-50-cl-42-maanden\/#breadcrumb\"},\"inLanguage\":\"nl-NL\",\"potentialAction\":[{\"@type\":\"ReadAction\",\"target\":[\"https:\/\/st-feuillien.com\/nl\/product\/st-feuillien-triple-distilled-malt-50-cl-42-maanden\/\"]}]},{\"@type\":\"ImageObject\",\"inLanguage\":\"nl-NL\",\"@id\":\"https:\/\/st-feuillien.com\/nl\/product\/st-feuillien-triple-distilled-malt-50-cl-42-maanden\/#primaryimage\",\"url\":\"https:\/\/st-feuillien.com\/app\/uploads\/2024\/01\/CSTF-3D-42-mois-etui-ambiance.jpg\",\"contentUrl\":\"https:\/\/st-feuillien.com\/app\/uploads\/2024\/01\/CSTF-3D-42-mois-etui-ambiance.jpg\",\"width\":1080,\"height\":1080},{\"@type\":\"BreadcrumbList\",\"@id\":\"https:\/\/st-feuillien.com\/nl\/product\/st-feuillien-triple-distilled-malt-50-cl-42-maanden\/#breadcrumb\",\"itemListElement\":[{\"@type\":\"ListItem\",\"position\":1,\"name\":\"\",\"item\":\"https:\/\/st-feuillien.com\/nl\/\"},{\"@type\":\"ListItem\",\"position\":2,\"name\":\"St-Feuillien shop\",\"item\":\"https:\/\/st-feuillien.com\/nl\/shop\/\"},{\"@type\":\"ListItem\",\"position\":3,\"name\":\"St-Feuillien Triple Distilled Malt 50 cl 42 maanden\"}]},{\"@type\":\"WebSite\",\"@id\":\"https:\/\/st-feuillien.com\/nl\/#website\",\"url\":\"https:\/\/st-feuillien.com\/nl\/\",\"name\":\"Brasserie St-Feuillien\",\"description\":\"La Brasserie St. Feuillien est une brasserie belge au Roeulx, en Belgique, qui a \u00e9t\u00e9 fond\u00e9e en 1873. La brasserie, qui fabrique de la bi\u00e8re de style abbaye, a \u00e9t\u00e9 exploit\u00e9e par la famille Friart tout ce temps\",\"publisher\":{\"@id\":\"https:\/\/st-feuillien.com\/nl\/#organization\"},\"potentialAction\":[{\"@type\":\"SearchAction\",\"target\":{\"@type\":\"EntryPoint\",\"urlTemplate\":\"https:\/\/st-feuillien.com\/nl\/?s={search_term_string}\"},\"query-input\":{\"@type\":\"PropertyValueSpecification\",\"valueRequired\":true,\"valueName\":\"search_term_string\"}}],\"inLanguage\":\"nl-NL\"},{\"@type\":\"Organization\",\"@id\":\"https:\/\/st-feuillien.com\/nl\/#organization\",\"name\":\"St Feuillien\",\"url\":\"https:\/\/st-feuillien.com\/nl\/\",\"logo\":{\"@type\":\"ImageObject\",\"inLanguage\":\"nl-NL\",\"@id\":\"https:\/\/st-feuillien.com\/nl\/#\/schema\/logo\/image\/\",\"url\":\"https:\/\/st-feuillien.com\/app\/uploads\/2023\/01\/Logo-st-feuillien-1.svg\",\"contentUrl\":\"https:\/\/st-feuillien.com\/app\/uploads\/2023\/01\/Logo-st-feuillien-1.svg\",\"width\":165,\"height\":122,\"caption\":\"St Feuillien\"},\"image\":{\"@id\":\"https:\/\/st-feuillien.com\/nl\/#\/schema\/logo\/image\/\"},\"sameAs\":[\"https:\/\/www.facebook.com\/stfeuillien\"]}]}<\/script>\n<!-- \/ Yoast SEO plugin. -->","yoast_head_json":{"title":"St-Feuillien Triple Distilled Malt 50 cl 42 maanden - Brasserie St-Feuillien","robots":{"index":"index","follow":"follow","max-snippet":"max-snippet:-1","max-image-preview":"max-image-preview:large","max-video-preview":"max-video-preview:-1"},"canonical":"https:\/\/st-feuillien.com\/nl\/product\/st-feuillien-triple-distilled-malt-50-cl-42-maanden\/","og_locale":"nl_NL","og_type":"article","og_title":"St-Feuillien Triple Distilled Malt 50 cl 42 maanden - Brasserie St-Feuillien","og_description":"Dit unieke distillaat verraadt zijn herkomst door een drievoudige distillatie, een typische Ierse manier van werken. Het wordt gemaakt op basis van gemoute gerst (wort), die gebruikt wordt om St-Feuillien Tripel te maken, een bier van hoge gisting. Door 42 maanden te rijpen in Amerikaanse eikenhouten vaten (Bourbon) die slechts eenmaal worden gebruikt, wint de &hellip; Continued","og_url":"https:\/\/st-feuillien.com\/nl\/product\/st-feuillien-triple-distilled-malt-50-cl-42-maanden\/","og_site_name":"Brasserie St-Feuillien","article_publisher":"https:\/\/www.facebook.com\/stfeuillien","article_modified_time":"2023-12-19T10:15:56+00:00","og_image":[{"width":1080,"height":1080,"url":"https:\/\/st-feuillien.com\/app\/uploads\/2024\/01\/CSTF-3D-42-mois-etui-ambiance.jpg","type":"image\/jpeg"}],"twitter_card":"summary_large_image","twitter_misc":{"Est. reading time":"1 minute"},"schema":{"@context":"https:\/\/schema.org","@graph":[{"@type":"WebPage","@id":"https:\/\/st-feuillien.com\/nl\/product\/st-feuillien-triple-distilled-malt-50-cl-42-maanden\/","url":"https:\/\/st-feuillien.com\/nl\/product\/st-feuillien-triple-distilled-malt-50-cl-42-maanden\/","name":"St-Feuillien Triple Distilled Malt 50 cl 42 maanden - Brasserie St-Feuillien","isPartOf":{"@id":"https:\/\/st-feuillien.com\/nl\/#website"},"primaryImageOfPage":{"@id":"https:\/\/st-feuillien.com\/nl\/product\/st-feuillien-triple-distilled-malt-50-cl-42-maanden\/#primaryimage"},"image":{"@id":"https:\/\/st-feuillien.com\/nl\/product\/st-feuillien-triple-distilled-malt-50-cl-42-maanden\/#primaryimage"},"thumbnailUrl":"https:\/\/st-feuillien.com\/app\/uploads\/2024\/01\/CSTF-3D-42-mois-etui-ambiance.jpg","datePublished":"2023-11-19T07:22:58+00:00","dateModified":"2023-12-19T10:15:56+00:00","breadcrumb":{"@id":"https:\/\/st-feuillien.com\/nl\/product\/st-feuillien-triple-distilled-malt-50-cl-42-maanden\/#breadcrumb"},"inLanguage":"nl-NL","potentialAction":[{"@type":"ReadAction","target":["https:\/\/st-feuillien.com\/nl\/product\/st-feuillien-triple-distilled-malt-50-cl-42-maanden\/"]}]},{"@type":"ImageObject","inLanguage":"nl-NL","@id":"https:\/\/st-feuillien.com\/nl\/product\/st-feuillien-triple-distilled-malt-50-cl-42-maanden\/#primaryimage","url":"https:\/\/st-feuillien.com\/app\/uploads\/2024\/01\/CSTF-3D-42-mois-etui-ambiance.jpg","contentUrl":"https:\/\/st-feuillien.com\/app\/uploads\/2024\/01\/CSTF-3D-42-mois-etui-ambiance.jpg","width":1080,"height":1080},{"@type":"BreadcrumbList","@id":"https:\/\/st-feuillien.com\/nl\/product\/st-feuillien-triple-distilled-malt-50-cl-42-maanden\/#breadcrumb","itemListElement":[{"@type":"ListItem","position":1,"name":"","item":"https:\/\/st-feuillien.com\/nl\/"},{"@type":"ListItem","position":2,"name":"St-Feuillien shop","item":"https:\/\/st-feuillien.com\/nl\/shop\/"},{"@type":"ListItem","position":3,"name":"St-Feuillien Triple Distilled Malt 50 cl 42 maanden"}]},{"@type":"WebSite","@id":"https:\/\/st-feuillien.com\/nl\/#website","url":"https:\/\/st-feuillien.com\/nl\/","name":"Brasserie St-Feuillien","description":"La Brasserie St. Feuillien est une brasserie belge au Roeulx, en Belgique, qui a \u00e9t\u00e9 fond\u00e9e en 1873. La brasserie, qui fabrique de la bi\u00e8re de style abbaye, a \u00e9t\u00e9 exploit\u00e9e par la famille Friart tout ce temps","publisher":{"@id":"https:\/\/st-feuillien.com\/nl\/#organization"},"potentialAction":[{"@type":"SearchAction","target":{"@type":"EntryPoint","urlTemplate":"https:\/\/st-feuillien.com\/nl\/?s={search_term_string}"},"query-input":{"@type":"PropertyValueSpecification","valueRequired":true,"valueName":"search_term_string"}}],"inLanguage":"nl-NL"},{"@type":"Organization","@id":"https:\/\/st-feuillien.com\/nl\/#organization","name":"St Feuillien","url":"https:\/\/st-feuillien.com\/nl\/","logo":{"@type":"ImageObject","inLanguage":"nl-NL","@id":"https:\/\/st-feuillien.com\/nl\/#\/schema\/logo\/image\/","url":"https:\/\/st-feuillien.com\/app\/uploads\/2023\/01\/Logo-st-feuillien-1.svg","contentUrl":"https:\/\/st-feuillien.com\/app\/uploads\/2023\/01\/Logo-st-feuillien-1.svg","width":165,"height":122,"caption":"St Feuillien"},"image":{"@id":"https:\/\/st-feuillien.com\/nl\/#\/schema\/logo\/image\/"},"sameAs":["https:\/\/www.facebook.com\/stfeuillien"]}]}},"_links":{"self":[{"href":"https:\/\/st-feuillien.com\/nl\/wp-json\/wp\/v2\/product\/7846","targetHints":{"allow":["GET"]}}],"collection":[{"href":"https:\/\/st-feuillien.com\/nl\/wp-json\/wp\/v2\/product"}],"about":[{"href":"https:\/\/st-feuillien.com\/nl\/wp-json\/wp\/v2\/types\/product"}],"wp:featuredmedia":[{"embeddable":true,"href":"https:\/\/st-feuillien.com\/nl\/wp-json\/wp\/v2\/media\/8491"}],"wp:attachment":[{"href":"https:\/\/st-feuillien.com\/nl\/wp-json\/wp\/v2\/media?parent=7846"}],"wp:term":[{"taxonomy":"product_brand","embeddable":true,"href":"https:\/\/st-feuillien.com\/nl\/wp-json\/wp\/v2\/product_brand?post=7846"},{"taxonomy":"product_cat","embeddable":true,"href":"https:\/\/st-feuillien.com\/nl\/wp-json\/wp\/v2\/product_cat?post=7846"},{"taxonomy":"product_tag","embeddable":true,"href":"https:\/\/st-feuillien.com\/nl\/wp-json\/wp\/v2\/product_tag?post=7846"}],"curies":[{"name":"wp","href":"https:\/\/api.w.org\/{rel}","templated":true}]}}