{"id":8829,"date":"2024-03-25T12:09:20","date_gmt":"2024-03-25T11:09:20","guid":{"rendered":"https:\/\/st-feuillien.com\/?post_type=product&#038;p=8829"},"modified":"2024-03-25T12:08:43","modified_gmt":"2024-03-25T11:08:43","slug":"aluminium-dienblad-grisette","status":"publish","type":"product","link":"https:\/\/st-feuillien.com\/nl\/product\/aluminium-dienblad-grisette\/","title":{"rendered":"Aluminium dienblad Grisette"},"content":{"rendered":"<div>\n<div>\n<p>Het <strong>Grisette <\/strong>dienblad is een elegant en praktisch accessoire dat een vleugje stijl toevoegt aan elke gelegenheid. Of het nu gaat om een \u200b\u200bbierproeverij met vrienden of een ontspannen avond thuis, dit iconische bord zal zeker indruk maken. Dankzij het robuuste en lichte ontwerp, de royale afmetingen en het antislipsysteem is dit het perfecte accessoire om gemakkelijk uw favoriete bieren te serveren. Aarzel dus niet om een \u200b\u200bvleugje klasse toe te voegen aan uw vergaderingen en proost op de gezondheid van uw gasten met het <strong>Grisette <\/strong>dienblad. Gezondheid !<\/p>\n<ul style=\"list-style-type: disc;\">\n<li>Materiaal: aluminium\u00a01 mm<\/li>\n<li>Diameter: 41 cm<\/li>\n<li>Randen: 20 mm<\/li>\n<li>Antislipsysteem van hoge kwaliteit<\/li>\n<\/ul>\n<\/div>\n<\/div>\n","protected":false},"excerpt":{"rendered":"<p>Het Grisette dienblad is een elegant en praktisch accessoire dat een vleugje stijl toevoegt aan elke gelegenheid. Of het nu gaat om een \u200b\u200bbierproeverij met vrienden of een ontspannen avond thuis, dit iconische bord zal zeker indruk maken. Dankzij het robuuste en lichte ontwerp, de royale afmetingen en het antislipsysteem is dit het perfecte accessoire &hellip; <a href=\"https:\/\/st-feuillien.com\/nl\/product\/aluminium-dienblad-grisette\/\">Continued<\/a><\/p>\n","protected":false},"featured_media":8879,"template":"","meta":{"_acf_changed":false,"inline_featured_image":false},"product_brand":[],"product_cat":[167],"product_tag":[],"class_list":{"0":"post-8829","1":"product","2":"type-product","3":"status-publish","4":"has-post-thumbnail","6":"product_cat-barware-nl","8":"first","9":"instock","10":"taxable","11":"shipping-taxable","12":"purchasable","13":"product-type-simple"},"bundled_by":[],"bundle_stock_status":"instock","bundle_stock_quantity":null,"bundle_virtual":false,"bundle_layout":"","bundle_add_to_cart_form_location":"","bundle_editable_in_cart":false,"bundle_sold_individually_context":"","bundle_item_grouping":"","bundle_min_size":"","bundle_max_size":"","bundle_price":[],"bundled_items":[],"bundle_sell_ids":[],"acf":[],"yoast_head":"<!-- This site is optimized with the Yoast SEO plugin v26.9 - https:\/\/yoast.com\/product\/yoast-seo-wordpress\/ -->\n<title>Aluminium dienblad Grisette - Brasserie St-Feuillien<\/title>\n<meta name=\"robots\" content=\"index, follow, max-snippet:-1, max-image-preview:large, max-video-preview:-1\" \/>\n<link rel=\"canonical\" href=\"https:\/\/st-feuillien.com\/nl\/product\/aluminium-dienblad-grisette\/\" \/>\n<meta property=\"og:locale\" content=\"nl_NL\" \/>\n<meta property=\"og:type\" content=\"article\" \/>\n<meta property=\"og:title\" content=\"Aluminium dienblad Grisette - Brasserie St-Feuillien\" \/>\n<meta property=\"og:description\" content=\"Het Grisette dienblad is een elegant en praktisch accessoire dat een vleugje stijl toevoegt aan elke gelegenheid. Of het nu gaat om een \u200b\u200bbierproeverij met vrienden of een ontspannen avond thuis, dit iconische bord zal zeker indruk maken. Dankzij het robuuste en lichte ontwerp, de royale afmetingen en het antislipsysteem is dit het perfecte accessoire &hellip; Continued\" \/>\n<meta property=\"og:url\" content=\"https:\/\/st-feuillien.com\/nl\/product\/aluminium-dienblad-grisette\/\" \/>\n<meta property=\"og:site_name\" content=\"Brasserie St-Feuillien\" \/>\n<meta property=\"article:publisher\" content=\"https:\/\/www.facebook.com\/stfeuillien\" \/>\n<meta property=\"og:image\" content=\"https:\/\/st-feuillien.com\/app\/uploads\/2024\/04\/IG-plateau-grisette-20240402-042.jpg\" \/>\n\t<meta property=\"og:image:width\" content=\"1080\" \/>\n\t<meta property=\"og:image:height\" content=\"1080\" \/>\n\t<meta property=\"og:image:type\" content=\"image\/jpeg\" \/>\n<meta name=\"twitter:card\" content=\"summary_large_image\" \/>\n<meta name=\"twitter:label1\" content=\"Est. reading time\" \/>\n\t<meta name=\"twitter:data1\" content=\"1 minute\" \/>\n<script type=\"application\/ld+json\" class=\"yoast-schema-graph\">{\"@context\":\"https:\/\/schema.org\",\"@graph\":[{\"@type\":\"WebPage\",\"@id\":\"https:\/\/st-feuillien.com\/nl\/product\/aluminium-dienblad-grisette\/\",\"url\":\"https:\/\/st-feuillien.com\/nl\/product\/aluminium-dienblad-grisette\/\",\"name\":\"Aluminium dienblad Grisette - Brasserie St-Feuillien\",\"isPartOf\":{\"@id\":\"https:\/\/st-feuillien.com\/nl\/#website\"},\"primaryImageOfPage\":{\"@id\":\"https:\/\/st-feuillien.com\/nl\/product\/aluminium-dienblad-grisette\/#primaryimage\"},\"image\":{\"@id\":\"https:\/\/st-feuillien.com\/nl\/product\/aluminium-dienblad-grisette\/#primaryimage\"},\"thumbnailUrl\":\"https:\/\/st-feuillien.com\/app\/uploads\/2024\/04\/IG-plateau-grisette-20240402-042.jpg\",\"datePublished\":\"2024-03-25T11:09:20+00:00\",\"breadcrumb\":{\"@id\":\"https:\/\/st-feuillien.com\/nl\/product\/aluminium-dienblad-grisette\/#breadcrumb\"},\"inLanguage\":\"nl-NL\",\"potentialAction\":[{\"@type\":\"ReadAction\",\"target\":[\"https:\/\/st-feuillien.com\/nl\/product\/aluminium-dienblad-grisette\/\"]}]},{\"@type\":\"ImageObject\",\"inLanguage\":\"nl-NL\",\"@id\":\"https:\/\/st-feuillien.com\/nl\/product\/aluminium-dienblad-grisette\/#primaryimage\",\"url\":\"https:\/\/st-feuillien.com\/app\/uploads\/2024\/04\/IG-plateau-grisette-20240402-042.jpg\",\"contentUrl\":\"https:\/\/st-feuillien.com\/app\/uploads\/2024\/04\/IG-plateau-grisette-20240402-042.jpg\",\"width\":1080,\"height\":1080},{\"@type\":\"BreadcrumbList\",\"@id\":\"https:\/\/st-feuillien.com\/nl\/product\/aluminium-dienblad-grisette\/#breadcrumb\",\"itemListElement\":[{\"@type\":\"ListItem\",\"position\":1,\"name\":\"\",\"item\":\"https:\/\/st-feuillien.com\/nl\/\"},{\"@type\":\"ListItem\",\"position\":2,\"name\":\"St-Feuillien shop\",\"item\":\"https:\/\/st-feuillien.com\/nl\/shop\/\"},{\"@type\":\"ListItem\",\"position\":3,\"name\":\"Aluminium dienblad Grisette\"}]},{\"@type\":\"WebSite\",\"@id\":\"https:\/\/st-feuillien.com\/nl\/#website\",\"url\":\"https:\/\/st-feuillien.com\/nl\/\",\"name\":\"Brasserie St-Feuillien\",\"description\":\"La Brasserie St. Feuillien est une brasserie belge au Roeulx, en Belgique, qui a \u00e9t\u00e9 fond\u00e9e en 1873. La brasserie, qui fabrique de la bi\u00e8re de style abbaye, a \u00e9t\u00e9 exploit\u00e9e par la famille Friart tout ce temps\",\"publisher\":{\"@id\":\"https:\/\/st-feuillien.com\/nl\/#organization\"},\"potentialAction\":[{\"@type\":\"SearchAction\",\"target\":{\"@type\":\"EntryPoint\",\"urlTemplate\":\"https:\/\/st-feuillien.com\/nl\/?s={search_term_string}\"},\"query-input\":{\"@type\":\"PropertyValueSpecification\",\"valueRequired\":true,\"valueName\":\"search_term_string\"}}],\"inLanguage\":\"nl-NL\"},{\"@type\":\"Organization\",\"@id\":\"https:\/\/st-feuillien.com\/nl\/#organization\",\"name\":\"St Feuillien\",\"url\":\"https:\/\/st-feuillien.com\/nl\/\",\"logo\":{\"@type\":\"ImageObject\",\"inLanguage\":\"nl-NL\",\"@id\":\"https:\/\/st-feuillien.com\/nl\/#\/schema\/logo\/image\/\",\"url\":\"https:\/\/st-feuillien.com\/app\/uploads\/2023\/01\/Logo-st-feuillien-1.svg\",\"contentUrl\":\"https:\/\/st-feuillien.com\/app\/uploads\/2023\/01\/Logo-st-feuillien-1.svg\",\"width\":165,\"height\":122,\"caption\":\"St Feuillien\"},\"image\":{\"@id\":\"https:\/\/st-feuillien.com\/nl\/#\/schema\/logo\/image\/\"},\"sameAs\":[\"https:\/\/www.facebook.com\/stfeuillien\"]}]}<\/script>\n<!-- \/ Yoast SEO plugin. -->","yoast_head_json":{"title":"Aluminium dienblad Grisette - Brasserie St-Feuillien","robots":{"index":"index","follow":"follow","max-snippet":"max-snippet:-1","max-image-preview":"max-image-preview:large","max-video-preview":"max-video-preview:-1"},"canonical":"https:\/\/st-feuillien.com\/nl\/product\/aluminium-dienblad-grisette\/","og_locale":"nl_NL","og_type":"article","og_title":"Aluminium dienblad Grisette - Brasserie St-Feuillien","og_description":"Het Grisette dienblad is een elegant en praktisch accessoire dat een vleugje stijl toevoegt aan elke gelegenheid. Of het nu gaat om een \u200b\u200bbierproeverij met vrienden of een ontspannen avond thuis, dit iconische bord zal zeker indruk maken. Dankzij het robuuste en lichte ontwerp, de royale afmetingen en het antislipsysteem is dit het perfecte accessoire &hellip; Continued","og_url":"https:\/\/st-feuillien.com\/nl\/product\/aluminium-dienblad-grisette\/","og_site_name":"Brasserie St-Feuillien","article_publisher":"https:\/\/www.facebook.com\/stfeuillien","og_image":[{"width":1080,"height":1080,"url":"https:\/\/st-feuillien.com\/app\/uploads\/2024\/04\/IG-plateau-grisette-20240402-042.jpg","type":"image\/jpeg"}],"twitter_card":"summary_large_image","twitter_misc":{"Est. reading time":"1 minute"},"schema":{"@context":"https:\/\/schema.org","@graph":[{"@type":"WebPage","@id":"https:\/\/st-feuillien.com\/nl\/product\/aluminium-dienblad-grisette\/","url":"https:\/\/st-feuillien.com\/nl\/product\/aluminium-dienblad-grisette\/","name":"Aluminium dienblad Grisette - Brasserie St-Feuillien","isPartOf":{"@id":"https:\/\/st-feuillien.com\/nl\/#website"},"primaryImageOfPage":{"@id":"https:\/\/st-feuillien.com\/nl\/product\/aluminium-dienblad-grisette\/#primaryimage"},"image":{"@id":"https:\/\/st-feuillien.com\/nl\/product\/aluminium-dienblad-grisette\/#primaryimage"},"thumbnailUrl":"https:\/\/st-feuillien.com\/app\/uploads\/2024\/04\/IG-plateau-grisette-20240402-042.jpg","datePublished":"2024-03-25T11:09:20+00:00","breadcrumb":{"@id":"https:\/\/st-feuillien.com\/nl\/product\/aluminium-dienblad-grisette\/#breadcrumb"},"inLanguage":"nl-NL","potentialAction":[{"@type":"ReadAction","target":["https:\/\/st-feuillien.com\/nl\/product\/aluminium-dienblad-grisette\/"]}]},{"@type":"ImageObject","inLanguage":"nl-NL","@id":"https:\/\/st-feuillien.com\/nl\/product\/aluminium-dienblad-grisette\/#primaryimage","url":"https:\/\/st-feuillien.com\/app\/uploads\/2024\/04\/IG-plateau-grisette-20240402-042.jpg","contentUrl":"https:\/\/st-feuillien.com\/app\/uploads\/2024\/04\/IG-plateau-grisette-20240402-042.jpg","width":1080,"height":1080},{"@type":"BreadcrumbList","@id":"https:\/\/st-feuillien.com\/nl\/product\/aluminium-dienblad-grisette\/#breadcrumb","itemListElement":[{"@type":"ListItem","position":1,"name":"","item":"https:\/\/st-feuillien.com\/nl\/"},{"@type":"ListItem","position":2,"name":"St-Feuillien shop","item":"https:\/\/st-feuillien.com\/nl\/shop\/"},{"@type":"ListItem","position":3,"name":"Aluminium dienblad Grisette"}]},{"@type":"WebSite","@id":"https:\/\/st-feuillien.com\/nl\/#website","url":"https:\/\/st-feuillien.com\/nl\/","name":"Brasserie St-Feuillien","description":"La Brasserie St. Feuillien est une brasserie belge au Roeulx, en Belgique, qui a \u00e9t\u00e9 fond\u00e9e en 1873. La brasserie, qui fabrique de la bi\u00e8re de style abbaye, a \u00e9t\u00e9 exploit\u00e9e par la famille Friart tout ce temps","publisher":{"@id":"https:\/\/st-feuillien.com\/nl\/#organization"},"potentialAction":[{"@type":"SearchAction","target":{"@type":"EntryPoint","urlTemplate":"https:\/\/st-feuillien.com\/nl\/?s={search_term_string}"},"query-input":{"@type":"PropertyValueSpecification","valueRequired":true,"valueName":"search_term_string"}}],"inLanguage":"nl-NL"},{"@type":"Organization","@id":"https:\/\/st-feuillien.com\/nl\/#organization","name":"St Feuillien","url":"https:\/\/st-feuillien.com\/nl\/","logo":{"@type":"ImageObject","inLanguage":"nl-NL","@id":"https:\/\/st-feuillien.com\/nl\/#\/schema\/logo\/image\/","url":"https:\/\/st-feuillien.com\/app\/uploads\/2023\/01\/Logo-st-feuillien-1.svg","contentUrl":"https:\/\/st-feuillien.com\/app\/uploads\/2023\/01\/Logo-st-feuillien-1.svg","width":165,"height":122,"caption":"St Feuillien"},"image":{"@id":"https:\/\/st-feuillien.com\/nl\/#\/schema\/logo\/image\/"},"sameAs":["https:\/\/www.facebook.com\/stfeuillien"]}]}},"_links":{"self":[{"href":"https:\/\/st-feuillien.com\/nl\/wp-json\/wp\/v2\/product\/8829","targetHints":{"allow":["GET"]}}],"collection":[{"href":"https:\/\/st-feuillien.com\/nl\/wp-json\/wp\/v2\/product"}],"about":[{"href":"https:\/\/st-feuillien.com\/nl\/wp-json\/wp\/v2\/types\/product"}],"wp:featuredmedia":[{"embeddable":true,"href":"https:\/\/st-feuillien.com\/nl\/wp-json\/wp\/v2\/media\/8879"}],"wp:attachment":[{"href":"https:\/\/st-feuillien.com\/nl\/wp-json\/wp\/v2\/media?parent=8829"}],"wp:term":[{"taxonomy":"product_brand","embeddable":true,"href":"https:\/\/st-feuillien.com\/nl\/wp-json\/wp\/v2\/product_brand?post=8829"},{"taxonomy":"product_cat","embeddable":true,"href":"https:\/\/st-feuillien.com\/nl\/wp-json\/wp\/v2\/product_cat?post=8829"},{"taxonomy":"product_tag","embeddable":true,"href":"https:\/\/st-feuillien.com\/nl\/wp-json\/wp\/v2\/product_tag?post=8829"}],"curies":[{"name":"wp","href":"https:\/\/api.w.org\/{rel}","templated":true}]}}