{"id":8945,"date":"2024-04-09T16:06:13","date_gmt":"2024-04-09T14:06:13","guid":{"rendered":"https:\/\/st-feuillien.com\/?post_type=product&#038;p=8945"},"modified":"2026-03-22T18:46:01","modified_gmt":"2026-03-22T17:46:01","slug":"st-feuillien-blond-6-x-75-cl-ducasse-mons","status":"publish","type":"product","link":"https:\/\/st-feuillien.com\/nl\/product\/st-feuillien-blond-6-x-75-cl-ducasse-mons\/","title":{"rendered":"St-Feuillien Blond 6 x 75 cl &#8211; Beperkte oplage Ducasse de Mons"},"content":{"rendered":"<p>Hoewel gelegen &#8220;buiten de muren&#8221;, is de<strong> St-Feuillien<\/strong> Brouwerij al vele jaren intrinsiek deel van het brouwerijlandschap van Mons. Nauw verbonden met de lokale traditie en folklore, is het in Mons dat de <strong>St-Feuillien Blond<\/strong> werkelijk meer dan een halve eeuw geleden zijn vlucht nam. Snel aangenomen door de mensen van Mons, is dit gouden bier, bekend om zijn verfrissende smaak, met citrus- en kruidensmaken, subtiel gehopt, een essentieel onderdeel geworden van de festiviteiten van Doudou. Hergefermenteerd in een exclusieve fles, vertegenwoordigt de <strong>St-Feuillien<\/strong> Blond vandaag de dag de symboliek van een van de hoogtepunten van de Ducasse van Mons, wat de verbondenheid van de<strong> St-Feuillien<\/strong> Brouwerij met dit voorouderlijke ritueel weergeeft.<br \/>\n<br \/>\nBeperkte editie 2024.<br \/>\n<br \/>\nDe kleur is diepgoud, het schuim fijn en luchtig. Het boeket is zeer geparfumeerd; de aromatische hopsoorten zijn herkenbaar aanwezig en de specerijen zorgen voor een fruitige toets van citrusvruchten. De smaak wordt gekenmerkt door een intense, zeer karakteristieke volle bitterheid. Vooral de dominante moutsmaak laat een volle indruk na in de mond. Toch is de afdronk droog en hoppig. Al deze kenmerken samen maken er een uitstekend digestief bier van.<\/p>\n<p><em><span style=\"font-size: 12pt;\">Alcoholpercentage 7.5%<\/span><\/em><\/p>\n<p><img decoding=\"async\" class=\"alignnone wp-image-7640 size-full\" src=\"https:\/\/st-feuillien.com\/app\/uploads\/2023\/10\/Logo_medailles-STF-blonde.png\" alt=\"\" width=\"800\" height=\"241\" srcset=\"https:\/\/st-feuillien.com\/app\/uploads\/2023\/10\/Logo_medailles-STF-blonde.png 800w, https:\/\/st-feuillien.com\/app\/uploads\/2023\/10\/Logo_medailles-STF-blonde-600x181.png 600w, https:\/\/st-feuillien.com\/app\/uploads\/2023\/10\/Logo_medailles-STF-blonde-300x90.png 300w, https:\/\/st-feuillien.com\/app\/uploads\/2023\/10\/Logo_medailles-STF-blonde-768x231.png 768w\" sizes=\"(max-width: 800px) 100vw, 800px\" \/><\/p>\n<p>&nbsp;<\/p>\n<p>&nbsp;<\/p>\n","protected":false},"excerpt":{"rendered":"<p>Hoewel gelegen &#8220;buiten de muren&#8221;, is de St-Feuillien Brouwerij al vele jaren intrinsiek deel van het brouwerijlandschap van Mons. Nauw verbonden met de lokale traditie en folklore, is het in Mons dat de St-Feuillien Blond werkelijk meer dan een halve eeuw geleden zijn vlucht nam. Snel aangenomen door de mensen van Mons, is dit gouden &hellip; <a href=\"https:\/\/st-feuillien.com\/nl\/product\/st-feuillien-blond-6-x-75-cl-ducasse-mons\/\">Continued<\/a><\/p>\n","protected":false},"featured_media":8848,"template":"","meta":{"_acf_changed":false,"inline_featured_image":false},"product_brand":[],"product_cat":[144,145,205],"product_tag":[],"class_list":{"0":"post-8945","1":"product","2":"type-product","3":"status-publish","4":"has-post-thumbnail","6":"product_cat-abdij-nl","7":"product_cat-blond-nl","8":"product_cat-ducasse-de-mons-nl","10":"first","11":"instock","12":"taxable","13":"shipping-taxable","14":"purchasable","15":"product-type-simple"},"bundled_by":[],"bundle_stock_status":"instock","bundle_stock_quantity":61,"bundle_virtual":false,"bundle_layout":"","bundle_add_to_cart_form_location":"","bundle_editable_in_cart":false,"bundle_sold_individually_context":"","bundle_item_grouping":"","bundle_min_size":"","bundle_max_size":"","bundle_price":[],"bundled_items":[],"bundle_sell_ids":[],"acf":[],"yoast_head":"<!-- This site is optimized with the Yoast SEO plugin v26.9 - https:\/\/yoast.com\/product\/yoast-seo-wordpress\/ -->\n<title>St-Feuillien Blond 6 x 75 cl - Beperkte oplage Ducasse de Mons - Brasserie St-Feuillien<\/title>\n<meta name=\"robots\" content=\"index, follow, max-snippet:-1, max-image-preview:large, max-video-preview:-1\" \/>\n<link rel=\"canonical\" href=\"https:\/\/st-feuillien.com\/nl\/product\/st-feuillien-blond-6-x-75-cl-ducasse-mons\/\" \/>\n<meta property=\"og:locale\" content=\"nl_NL\" \/>\n<meta property=\"og:type\" content=\"article\" \/>\n<meta property=\"og:title\" content=\"St-Feuillien Blond 6 x 75 cl - Beperkte oplage Ducasse de Mons - Brasserie St-Feuillien\" \/>\n<meta property=\"og:description\" content=\"Hoewel gelegen &#8220;buiten de muren&#8221;, is de St-Feuillien Brouwerij al vele jaren intrinsiek deel van het brouwerijlandschap van Mons. Nauw verbonden met de lokale traditie en folklore, is het in Mons dat de St-Feuillien Blond werkelijk meer dan een halve eeuw geleden zijn vlucht nam. Snel aangenomen door de mensen van Mons, is dit gouden &hellip; Continued\" \/>\n<meta property=\"og:url\" content=\"https:\/\/st-feuillien.com\/nl\/product\/st-feuillien-blond-6-x-75-cl-ducasse-mons\/\" \/>\n<meta property=\"og:site_name\" content=\"Brasserie St-Feuillien\" \/>\n<meta property=\"article:publisher\" content=\"https:\/\/www.facebook.com\/stfeuillien\" \/>\n<meta property=\"article:modified_time\" content=\"2026-03-22T17:46:01+00:00\" \/>\n<meta property=\"og:image\" content=\"https:\/\/st-feuillien.com\/app\/uploads\/2024\/03\/STF-Caisse-Doudou-75cl-800x800-1.jpg\" \/>\n\t<meta property=\"og:image:width\" content=\"800\" \/>\n\t<meta property=\"og:image:height\" content=\"800\" \/>\n\t<meta property=\"og:image:type\" content=\"image\/jpeg\" \/>\n<meta name=\"twitter:card\" content=\"summary_large_image\" \/>\n<meta name=\"twitter:label1\" content=\"Est. reading time\" \/>\n\t<meta name=\"twitter:data1\" content=\"2 minutes\" \/>\n<script type=\"application\/ld+json\" class=\"yoast-schema-graph\">{\"@context\":\"https:\/\/schema.org\",\"@graph\":[{\"@type\":\"WebPage\",\"@id\":\"https:\/\/st-feuillien.com\/nl\/product\/st-feuillien-blond-6-x-75-cl-ducasse-mons\/\",\"url\":\"https:\/\/st-feuillien.com\/nl\/product\/st-feuillien-blond-6-x-75-cl-ducasse-mons\/\",\"name\":\"St-Feuillien Blond 6 x 75 cl - Beperkte oplage Ducasse de Mons - Brasserie St-Feuillien\",\"isPartOf\":{\"@id\":\"https:\/\/st-feuillien.com\/nl\/#website\"},\"primaryImageOfPage\":{\"@id\":\"https:\/\/st-feuillien.com\/nl\/product\/st-feuillien-blond-6-x-75-cl-ducasse-mons\/#primaryimage\"},\"image\":{\"@id\":\"https:\/\/st-feuillien.com\/nl\/product\/st-feuillien-blond-6-x-75-cl-ducasse-mons\/#primaryimage\"},\"thumbnailUrl\":\"https:\/\/st-feuillien.com\/app\/uploads\/2024\/03\/STF-Caisse-Doudou-75cl-800x800-1.jpg\",\"datePublished\":\"2024-04-09T14:06:13+00:00\",\"dateModified\":\"2026-03-22T17:46:01+00:00\",\"breadcrumb\":{\"@id\":\"https:\/\/st-feuillien.com\/nl\/product\/st-feuillien-blond-6-x-75-cl-ducasse-mons\/#breadcrumb\"},\"inLanguage\":\"nl-NL\",\"potentialAction\":[{\"@type\":\"ReadAction\",\"target\":[\"https:\/\/st-feuillien.com\/nl\/product\/st-feuillien-blond-6-x-75-cl-ducasse-mons\/\"]}]},{\"@type\":\"ImageObject\",\"inLanguage\":\"nl-NL\",\"@id\":\"https:\/\/st-feuillien.com\/nl\/product\/st-feuillien-blond-6-x-75-cl-ducasse-mons\/#primaryimage\",\"url\":\"https:\/\/st-feuillien.com\/app\/uploads\/2024\/03\/STF-Caisse-Doudou-75cl-800x800-1.jpg\",\"contentUrl\":\"https:\/\/st-feuillien.com\/app\/uploads\/2024\/03\/STF-Caisse-Doudou-75cl-800x800-1.jpg\",\"width\":800,\"height\":800},{\"@type\":\"BreadcrumbList\",\"@id\":\"https:\/\/st-feuillien.com\/nl\/product\/st-feuillien-blond-6-x-75-cl-ducasse-mons\/#breadcrumb\",\"itemListElement\":[{\"@type\":\"ListItem\",\"position\":1,\"name\":\"\",\"item\":\"https:\/\/st-feuillien.com\/nl\/\"},{\"@type\":\"ListItem\",\"position\":2,\"name\":\"St-Feuillien shop\",\"item\":\"https:\/\/st-feuillien.com\/nl\/shop\/\"},{\"@type\":\"ListItem\",\"position\":3,\"name\":\"St-Feuillien Blond 6 x 75 cl &#8211; Beperkte oplage Ducasse de Mons\"}]},{\"@type\":\"WebSite\",\"@id\":\"https:\/\/st-feuillien.com\/nl\/#website\",\"url\":\"https:\/\/st-feuillien.com\/nl\/\",\"name\":\"Brasserie St-Feuillien\",\"description\":\"La Brasserie St. Feuillien est une brasserie belge au Roeulx, en Belgique, qui a \u00e9t\u00e9 fond\u00e9e en 1873. La brasserie, qui fabrique de la bi\u00e8re de style abbaye, a \u00e9t\u00e9 exploit\u00e9e par la famille Friart tout ce temps\",\"publisher\":{\"@id\":\"https:\/\/st-feuillien.com\/nl\/#organization\"},\"potentialAction\":[{\"@type\":\"SearchAction\",\"target\":{\"@type\":\"EntryPoint\",\"urlTemplate\":\"https:\/\/st-feuillien.com\/nl\/?s={search_term_string}\"},\"query-input\":{\"@type\":\"PropertyValueSpecification\",\"valueRequired\":true,\"valueName\":\"search_term_string\"}}],\"inLanguage\":\"nl-NL\"},{\"@type\":\"Organization\",\"@id\":\"https:\/\/st-feuillien.com\/nl\/#organization\",\"name\":\"St Feuillien\",\"url\":\"https:\/\/st-feuillien.com\/nl\/\",\"logo\":{\"@type\":\"ImageObject\",\"inLanguage\":\"nl-NL\",\"@id\":\"https:\/\/st-feuillien.com\/nl\/#\/schema\/logo\/image\/\",\"url\":\"https:\/\/st-feuillien.com\/app\/uploads\/2023\/01\/Logo-st-feuillien-1.svg\",\"contentUrl\":\"https:\/\/st-feuillien.com\/app\/uploads\/2023\/01\/Logo-st-feuillien-1.svg\",\"width\":165,\"height\":122,\"caption\":\"St Feuillien\"},\"image\":{\"@id\":\"https:\/\/st-feuillien.com\/nl\/#\/schema\/logo\/image\/\"},\"sameAs\":[\"https:\/\/www.facebook.com\/stfeuillien\"]}]}<\/script>\n<!-- \/ Yoast SEO plugin. -->","yoast_head_json":{"title":"St-Feuillien Blond 6 x 75 cl - Beperkte oplage Ducasse de Mons - Brasserie St-Feuillien","robots":{"index":"index","follow":"follow","max-snippet":"max-snippet:-1","max-image-preview":"max-image-preview:large","max-video-preview":"max-video-preview:-1"},"canonical":"https:\/\/st-feuillien.com\/nl\/product\/st-feuillien-blond-6-x-75-cl-ducasse-mons\/","og_locale":"nl_NL","og_type":"article","og_title":"St-Feuillien Blond 6 x 75 cl - Beperkte oplage Ducasse de Mons - Brasserie St-Feuillien","og_description":"Hoewel gelegen &#8220;buiten de muren&#8221;, is de St-Feuillien Brouwerij al vele jaren intrinsiek deel van het brouwerijlandschap van Mons. Nauw verbonden met de lokale traditie en folklore, is het in Mons dat de St-Feuillien Blond werkelijk meer dan een halve eeuw geleden zijn vlucht nam. Snel aangenomen door de mensen van Mons, is dit gouden &hellip; Continued","og_url":"https:\/\/st-feuillien.com\/nl\/product\/st-feuillien-blond-6-x-75-cl-ducasse-mons\/","og_site_name":"Brasserie St-Feuillien","article_publisher":"https:\/\/www.facebook.com\/stfeuillien","article_modified_time":"2026-03-22T17:46:01+00:00","og_image":[{"width":800,"height":800,"url":"https:\/\/st-feuillien.com\/app\/uploads\/2024\/03\/STF-Caisse-Doudou-75cl-800x800-1.jpg","type":"image\/jpeg"}],"twitter_card":"summary_large_image","twitter_misc":{"Est. reading time":"2 minutes"},"schema":{"@context":"https:\/\/schema.org","@graph":[{"@type":"WebPage","@id":"https:\/\/st-feuillien.com\/nl\/product\/st-feuillien-blond-6-x-75-cl-ducasse-mons\/","url":"https:\/\/st-feuillien.com\/nl\/product\/st-feuillien-blond-6-x-75-cl-ducasse-mons\/","name":"St-Feuillien Blond 6 x 75 cl - Beperkte oplage Ducasse de Mons - Brasserie St-Feuillien","isPartOf":{"@id":"https:\/\/st-feuillien.com\/nl\/#website"},"primaryImageOfPage":{"@id":"https:\/\/st-feuillien.com\/nl\/product\/st-feuillien-blond-6-x-75-cl-ducasse-mons\/#primaryimage"},"image":{"@id":"https:\/\/st-feuillien.com\/nl\/product\/st-feuillien-blond-6-x-75-cl-ducasse-mons\/#primaryimage"},"thumbnailUrl":"https:\/\/st-feuillien.com\/app\/uploads\/2024\/03\/STF-Caisse-Doudou-75cl-800x800-1.jpg","datePublished":"2024-04-09T14:06:13+00:00","dateModified":"2026-03-22T17:46:01+00:00","breadcrumb":{"@id":"https:\/\/st-feuillien.com\/nl\/product\/st-feuillien-blond-6-x-75-cl-ducasse-mons\/#breadcrumb"},"inLanguage":"nl-NL","potentialAction":[{"@type":"ReadAction","target":["https:\/\/st-feuillien.com\/nl\/product\/st-feuillien-blond-6-x-75-cl-ducasse-mons\/"]}]},{"@type":"ImageObject","inLanguage":"nl-NL","@id":"https:\/\/st-feuillien.com\/nl\/product\/st-feuillien-blond-6-x-75-cl-ducasse-mons\/#primaryimage","url":"https:\/\/st-feuillien.com\/app\/uploads\/2024\/03\/STF-Caisse-Doudou-75cl-800x800-1.jpg","contentUrl":"https:\/\/st-feuillien.com\/app\/uploads\/2024\/03\/STF-Caisse-Doudou-75cl-800x800-1.jpg","width":800,"height":800},{"@type":"BreadcrumbList","@id":"https:\/\/st-feuillien.com\/nl\/product\/st-feuillien-blond-6-x-75-cl-ducasse-mons\/#breadcrumb","itemListElement":[{"@type":"ListItem","position":1,"name":"","item":"https:\/\/st-feuillien.com\/nl\/"},{"@type":"ListItem","position":2,"name":"St-Feuillien shop","item":"https:\/\/st-feuillien.com\/nl\/shop\/"},{"@type":"ListItem","position":3,"name":"St-Feuillien Blond 6 x 75 cl &#8211; Beperkte oplage Ducasse de Mons"}]},{"@type":"WebSite","@id":"https:\/\/st-feuillien.com\/nl\/#website","url":"https:\/\/st-feuillien.com\/nl\/","name":"Brasserie St-Feuillien","description":"La Brasserie St. Feuillien est une brasserie belge au Roeulx, en Belgique, qui a \u00e9t\u00e9 fond\u00e9e en 1873. La brasserie, qui fabrique de la bi\u00e8re de style abbaye, a \u00e9t\u00e9 exploit\u00e9e par la famille Friart tout ce temps","publisher":{"@id":"https:\/\/st-feuillien.com\/nl\/#organization"},"potentialAction":[{"@type":"SearchAction","target":{"@type":"EntryPoint","urlTemplate":"https:\/\/st-feuillien.com\/nl\/?s={search_term_string}"},"query-input":{"@type":"PropertyValueSpecification","valueRequired":true,"valueName":"search_term_string"}}],"inLanguage":"nl-NL"},{"@type":"Organization","@id":"https:\/\/st-feuillien.com\/nl\/#organization","name":"St Feuillien","url":"https:\/\/st-feuillien.com\/nl\/","logo":{"@type":"ImageObject","inLanguage":"nl-NL","@id":"https:\/\/st-feuillien.com\/nl\/#\/schema\/logo\/image\/","url":"https:\/\/st-feuillien.com\/app\/uploads\/2023\/01\/Logo-st-feuillien-1.svg","contentUrl":"https:\/\/st-feuillien.com\/app\/uploads\/2023\/01\/Logo-st-feuillien-1.svg","width":165,"height":122,"caption":"St Feuillien"},"image":{"@id":"https:\/\/st-feuillien.com\/nl\/#\/schema\/logo\/image\/"},"sameAs":["https:\/\/www.facebook.com\/stfeuillien"]}]}},"_links":{"self":[{"href":"https:\/\/st-feuillien.com\/nl\/wp-json\/wp\/v2\/product\/8945","targetHints":{"allow":["GET"]}}],"collection":[{"href":"https:\/\/st-feuillien.com\/nl\/wp-json\/wp\/v2\/product"}],"about":[{"href":"https:\/\/st-feuillien.com\/nl\/wp-json\/wp\/v2\/types\/product"}],"wp:featuredmedia":[{"embeddable":true,"href":"https:\/\/st-feuillien.com\/nl\/wp-json\/wp\/v2\/media\/8848"}],"wp:attachment":[{"href":"https:\/\/st-feuillien.com\/nl\/wp-json\/wp\/v2\/media?parent=8945"}],"wp:term":[{"taxonomy":"product_brand","embeddable":true,"href":"https:\/\/st-feuillien.com\/nl\/wp-json\/wp\/v2\/product_brand?post=8945"},{"taxonomy":"product_cat","embeddable":true,"href":"https:\/\/st-feuillien.com\/nl\/wp-json\/wp\/v2\/product_cat?post=8945"},{"taxonomy":"product_tag","embeddable":true,"href":"https:\/\/st-feuillien.com\/nl\/wp-json\/wp\/v2\/product_tag?post=8945"}],"curies":[{"name":"wp","href":"https:\/\/api.w.org\/{rel}","templated":true}]}}