{"id":9019,"date":"2024-04-15T14:55:28","date_gmt":"2024-04-15T12:55:28","guid":{"rendered":"https:\/\/st-feuillien.com\/?post_type=product&#038;p=9019"},"modified":"2026-02-26T17:07:21","modified_gmt":"2026-02-26T16:07:21","slug":"glas-st-feuillien-25-cl-x-4-copie","status":"publish","type":"product","link":"https:\/\/st-feuillien.com\/nl\/product\/glas-st-feuillien-25-cl-x-4-copie\/","title":{"rendered":"Glas St-Feuillien &#8211; beperkte oplage Ducasse de Mons 2025 &#8211;  25 cl x 4"},"content":{"rendered":"<p>Duik in het bierhistorische verleden van Mons met dit exclusieve, beperkt verkrijgbare glas. Een levendige hommage aan de lokale traditie en folklore, dit aantrekkelijke glas vangt de feestelijke geest van de Doudou, een iconisch feest dat de Montois al eeuwenlang samenbrengt.<\/p>\n<p>Ideaal voor het proeven van onze 5 abdijbieren.<\/p>\n<p>Inhoud: 4 x 25 cl <\/p>\n<p>Hoogte (mm): 160 <\/p>\n<p>Diameter (mm): 78.5<\/p>\n","protected":false},"excerpt":{"rendered":"<p>Duik in het bierhistorische verleden van Mons met dit exclusieve, beperkt verkrijgbare glas. Een levendige hommage aan de lokale traditie en folklore, dit aantrekkelijke glas vangt de feestelijke geest van de Doudou, een iconisch feest dat de Montois al eeuwenlang samenbrengt. Ideaal voor het proeven van onze 5 abdijbieren. Inhoud: 4 x 25 cl Hoogte &hellip; <a href=\"https:\/\/st-feuillien.com\/nl\/product\/glas-st-feuillien-25-cl-x-4-copie\/\">Continued<\/a><\/p>\n","protected":false},"featured_media":9025,"template":"","meta":{"_acf_changed":false,"inline_featured_image":false},"product_brand":[],"product_cat":[205,165],"product_tag":[],"class_list":{"0":"post-9019","1":"product","2":"type-product","3":"status-publish","4":"has-post-thumbnail","6":"product_cat-ducasse-de-mons-nl","7":"product_cat-glazen-nl","9":"first","10":"instock","11":"taxable","12":"shipping-taxable","13":"purchasable","14":"product-type-simple"},"bundled_by":[],"bundle_stock_status":"instock","bundle_stock_quantity":43,"bundle_virtual":false,"bundle_layout":"","bundle_add_to_cart_form_location":"","bundle_editable_in_cart":false,"bundle_sold_individually_context":"","bundle_item_grouping":"","bundle_min_size":"","bundle_max_size":"","bundle_price":[],"bundled_items":[],"bundle_sell_ids":[],"acf":[],"yoast_head":"<!-- This site is optimized with the Yoast SEO plugin v26.9 - https:\/\/yoast.com\/product\/yoast-seo-wordpress\/ -->\n<title>Glas St-Feuillien - beperkte oplage Ducasse de Mons 2025 - 25 cl x 4 - Brasserie St-Feuillien<\/title>\n<meta name=\"robots\" content=\"index, follow, max-snippet:-1, max-image-preview:large, max-video-preview:-1\" \/>\n<link rel=\"canonical\" href=\"https:\/\/st-feuillien.com\/nl\/product\/glas-st-feuillien-25-cl-x-4-copie\/\" \/>\n<meta property=\"og:locale\" content=\"nl_NL\" \/>\n<meta property=\"og:type\" content=\"article\" \/>\n<meta property=\"og:title\" content=\"Glas St-Feuillien - beperkte oplage Ducasse de Mons 2025 - 25 cl x 4 - Brasserie St-Feuillien\" \/>\n<meta property=\"og:description\" content=\"Duik in het bierhistorische verleden van Mons met dit exclusieve, beperkt verkrijgbare glas. Een levendige hommage aan de lokale traditie en folklore, dit aantrekkelijke glas vangt de feestelijke geest van de Doudou, een iconisch feest dat de Montois al eeuwenlang samenbrengt. Ideaal voor het proeven van onze 5 abdijbieren. Inhoud: 4 x 25 cl Hoogte &hellip; Continued\" \/>\n<meta property=\"og:url\" content=\"https:\/\/st-feuillien.com\/nl\/product\/glas-st-feuillien-25-cl-x-4-copie\/\" \/>\n<meta property=\"og:site_name\" content=\"Brasserie St-Feuillien\" \/>\n<meta property=\"article:publisher\" content=\"https:\/\/www.facebook.com\/stfeuillien\" \/>\n<meta property=\"article:modified_time\" content=\"2026-02-26T16:07:21+00:00\" \/>\n<meta property=\"og:image\" content=\"https:\/\/st-feuillien.com\/app\/uploads\/2024\/04\/verre-edition-speciale-ducasse-de-Mons-BACK.jpg\" \/>\n\t<meta property=\"og:image:width\" content=\"1950\" \/>\n\t<meta property=\"og:image:height\" content=\"1713\" \/>\n\t<meta property=\"og:image:type\" content=\"image\/jpeg\" \/>\n<meta name=\"twitter:card\" content=\"summary_large_image\" \/>\n<meta name=\"twitter:label1\" content=\"Est. reading time\" \/>\n\t<meta name=\"twitter:data1\" content=\"1 minute\" \/>\n<script type=\"application\/ld+json\" class=\"yoast-schema-graph\">{\"@context\":\"https:\/\/schema.org\",\"@graph\":[{\"@type\":\"WebPage\",\"@id\":\"https:\/\/st-feuillien.com\/nl\/product\/glas-st-feuillien-25-cl-x-4-copie\/\",\"url\":\"https:\/\/st-feuillien.com\/nl\/product\/glas-st-feuillien-25-cl-x-4-copie\/\",\"name\":\"Glas St-Feuillien - beperkte oplage Ducasse de Mons 2025 - 25 cl x 4 - Brasserie St-Feuillien\",\"isPartOf\":{\"@id\":\"https:\/\/st-feuillien.com\/nl\/#website\"},\"primaryImageOfPage\":{\"@id\":\"https:\/\/st-feuillien.com\/nl\/product\/glas-st-feuillien-25-cl-x-4-copie\/#primaryimage\"},\"image\":{\"@id\":\"https:\/\/st-feuillien.com\/nl\/product\/glas-st-feuillien-25-cl-x-4-copie\/#primaryimage\"},\"thumbnailUrl\":\"https:\/\/st-feuillien.com\/app\/uploads\/2024\/04\/verre-edition-speciale-ducasse-de-Mons-BACK.jpg\",\"datePublished\":\"2024-04-15T12:55:28+00:00\",\"dateModified\":\"2026-02-26T16:07:21+00:00\",\"breadcrumb\":{\"@id\":\"https:\/\/st-feuillien.com\/nl\/product\/glas-st-feuillien-25-cl-x-4-copie\/#breadcrumb\"},\"inLanguage\":\"nl-NL\",\"potentialAction\":[{\"@type\":\"ReadAction\",\"target\":[\"https:\/\/st-feuillien.com\/nl\/product\/glas-st-feuillien-25-cl-x-4-copie\/\"]}]},{\"@type\":\"ImageObject\",\"inLanguage\":\"nl-NL\",\"@id\":\"https:\/\/st-feuillien.com\/nl\/product\/glas-st-feuillien-25-cl-x-4-copie\/#primaryimage\",\"url\":\"https:\/\/st-feuillien.com\/app\/uploads\/2024\/04\/verre-edition-speciale-ducasse-de-Mons-BACK.jpg\",\"contentUrl\":\"https:\/\/st-feuillien.com\/app\/uploads\/2024\/04\/verre-edition-speciale-ducasse-de-Mons-BACK.jpg\",\"width\":1950,\"height\":1713},{\"@type\":\"BreadcrumbList\",\"@id\":\"https:\/\/st-feuillien.com\/nl\/product\/glas-st-feuillien-25-cl-x-4-copie\/#breadcrumb\",\"itemListElement\":[{\"@type\":\"ListItem\",\"position\":1,\"name\":\"\",\"item\":\"https:\/\/st-feuillien.com\/nl\/\"},{\"@type\":\"ListItem\",\"position\":2,\"name\":\"St-Feuillien shop\",\"item\":\"https:\/\/st-feuillien.com\/nl\/shop\/\"},{\"@type\":\"ListItem\",\"position\":3,\"name\":\"Glas St-Feuillien &#8211; beperkte oplage Ducasse de Mons 2025 &#8211; 25 cl x 4\"}]},{\"@type\":\"WebSite\",\"@id\":\"https:\/\/st-feuillien.com\/nl\/#website\",\"url\":\"https:\/\/st-feuillien.com\/nl\/\",\"name\":\"Brasserie St-Feuillien\",\"description\":\"La Brasserie St. Feuillien est une brasserie belge au Roeulx, en Belgique, qui a \u00e9t\u00e9 fond\u00e9e en 1873. La brasserie, qui fabrique de la bi\u00e8re de style abbaye, a \u00e9t\u00e9 exploit\u00e9e par la famille Friart tout ce temps\",\"publisher\":{\"@id\":\"https:\/\/st-feuillien.com\/nl\/#organization\"},\"potentialAction\":[{\"@type\":\"SearchAction\",\"target\":{\"@type\":\"EntryPoint\",\"urlTemplate\":\"https:\/\/st-feuillien.com\/nl\/?s={search_term_string}\"},\"query-input\":{\"@type\":\"PropertyValueSpecification\",\"valueRequired\":true,\"valueName\":\"search_term_string\"}}],\"inLanguage\":\"nl-NL\"},{\"@type\":\"Organization\",\"@id\":\"https:\/\/st-feuillien.com\/nl\/#organization\",\"name\":\"St Feuillien\",\"url\":\"https:\/\/st-feuillien.com\/nl\/\",\"logo\":{\"@type\":\"ImageObject\",\"inLanguage\":\"nl-NL\",\"@id\":\"https:\/\/st-feuillien.com\/nl\/#\/schema\/logo\/image\/\",\"url\":\"https:\/\/st-feuillien.com\/app\/uploads\/2023\/01\/Logo-st-feuillien-1.svg\",\"contentUrl\":\"https:\/\/st-feuillien.com\/app\/uploads\/2023\/01\/Logo-st-feuillien-1.svg\",\"width\":165,\"height\":122,\"caption\":\"St Feuillien\"},\"image\":{\"@id\":\"https:\/\/st-feuillien.com\/nl\/#\/schema\/logo\/image\/\"},\"sameAs\":[\"https:\/\/www.facebook.com\/stfeuillien\"]}]}<\/script>\n<!-- \/ Yoast SEO plugin. -->","yoast_head_json":{"title":"Glas St-Feuillien - beperkte oplage Ducasse de Mons 2025 - 25 cl x 4 - Brasserie St-Feuillien","robots":{"index":"index","follow":"follow","max-snippet":"max-snippet:-1","max-image-preview":"max-image-preview:large","max-video-preview":"max-video-preview:-1"},"canonical":"https:\/\/st-feuillien.com\/nl\/product\/glas-st-feuillien-25-cl-x-4-copie\/","og_locale":"nl_NL","og_type":"article","og_title":"Glas St-Feuillien - beperkte oplage Ducasse de Mons 2025 - 25 cl x 4 - Brasserie St-Feuillien","og_description":"Duik in het bierhistorische verleden van Mons met dit exclusieve, beperkt verkrijgbare glas. Een levendige hommage aan de lokale traditie en folklore, dit aantrekkelijke glas vangt de feestelijke geest van de Doudou, een iconisch feest dat de Montois al eeuwenlang samenbrengt. Ideaal voor het proeven van onze 5 abdijbieren. Inhoud: 4 x 25 cl Hoogte &hellip; Continued","og_url":"https:\/\/st-feuillien.com\/nl\/product\/glas-st-feuillien-25-cl-x-4-copie\/","og_site_name":"Brasserie St-Feuillien","article_publisher":"https:\/\/www.facebook.com\/stfeuillien","article_modified_time":"2026-02-26T16:07:21+00:00","og_image":[{"width":1950,"height":1713,"url":"https:\/\/st-feuillien.com\/app\/uploads\/2024\/04\/verre-edition-speciale-ducasse-de-Mons-BACK.jpg","type":"image\/jpeg"}],"twitter_card":"summary_large_image","twitter_misc":{"Est. reading time":"1 minute"},"schema":{"@context":"https:\/\/schema.org","@graph":[{"@type":"WebPage","@id":"https:\/\/st-feuillien.com\/nl\/product\/glas-st-feuillien-25-cl-x-4-copie\/","url":"https:\/\/st-feuillien.com\/nl\/product\/glas-st-feuillien-25-cl-x-4-copie\/","name":"Glas St-Feuillien - beperkte oplage Ducasse de Mons 2025 - 25 cl x 4 - Brasserie St-Feuillien","isPartOf":{"@id":"https:\/\/st-feuillien.com\/nl\/#website"},"primaryImageOfPage":{"@id":"https:\/\/st-feuillien.com\/nl\/product\/glas-st-feuillien-25-cl-x-4-copie\/#primaryimage"},"image":{"@id":"https:\/\/st-feuillien.com\/nl\/product\/glas-st-feuillien-25-cl-x-4-copie\/#primaryimage"},"thumbnailUrl":"https:\/\/st-feuillien.com\/app\/uploads\/2024\/04\/verre-edition-speciale-ducasse-de-Mons-BACK.jpg","datePublished":"2024-04-15T12:55:28+00:00","dateModified":"2026-02-26T16:07:21+00:00","breadcrumb":{"@id":"https:\/\/st-feuillien.com\/nl\/product\/glas-st-feuillien-25-cl-x-4-copie\/#breadcrumb"},"inLanguage":"nl-NL","potentialAction":[{"@type":"ReadAction","target":["https:\/\/st-feuillien.com\/nl\/product\/glas-st-feuillien-25-cl-x-4-copie\/"]}]},{"@type":"ImageObject","inLanguage":"nl-NL","@id":"https:\/\/st-feuillien.com\/nl\/product\/glas-st-feuillien-25-cl-x-4-copie\/#primaryimage","url":"https:\/\/st-feuillien.com\/app\/uploads\/2024\/04\/verre-edition-speciale-ducasse-de-Mons-BACK.jpg","contentUrl":"https:\/\/st-feuillien.com\/app\/uploads\/2024\/04\/verre-edition-speciale-ducasse-de-Mons-BACK.jpg","width":1950,"height":1713},{"@type":"BreadcrumbList","@id":"https:\/\/st-feuillien.com\/nl\/product\/glas-st-feuillien-25-cl-x-4-copie\/#breadcrumb","itemListElement":[{"@type":"ListItem","position":1,"name":"","item":"https:\/\/st-feuillien.com\/nl\/"},{"@type":"ListItem","position":2,"name":"St-Feuillien shop","item":"https:\/\/st-feuillien.com\/nl\/shop\/"},{"@type":"ListItem","position":3,"name":"Glas St-Feuillien &#8211; beperkte oplage Ducasse de Mons 2025 &#8211; 25 cl x 4"}]},{"@type":"WebSite","@id":"https:\/\/st-feuillien.com\/nl\/#website","url":"https:\/\/st-feuillien.com\/nl\/","name":"Brasserie St-Feuillien","description":"La Brasserie St. Feuillien est une brasserie belge au Roeulx, en Belgique, qui a \u00e9t\u00e9 fond\u00e9e en 1873. La brasserie, qui fabrique de la bi\u00e8re de style abbaye, a \u00e9t\u00e9 exploit\u00e9e par la famille Friart tout ce temps","publisher":{"@id":"https:\/\/st-feuillien.com\/nl\/#organization"},"potentialAction":[{"@type":"SearchAction","target":{"@type":"EntryPoint","urlTemplate":"https:\/\/st-feuillien.com\/nl\/?s={search_term_string}"},"query-input":{"@type":"PropertyValueSpecification","valueRequired":true,"valueName":"search_term_string"}}],"inLanguage":"nl-NL"},{"@type":"Organization","@id":"https:\/\/st-feuillien.com\/nl\/#organization","name":"St Feuillien","url":"https:\/\/st-feuillien.com\/nl\/","logo":{"@type":"ImageObject","inLanguage":"nl-NL","@id":"https:\/\/st-feuillien.com\/nl\/#\/schema\/logo\/image\/","url":"https:\/\/st-feuillien.com\/app\/uploads\/2023\/01\/Logo-st-feuillien-1.svg","contentUrl":"https:\/\/st-feuillien.com\/app\/uploads\/2023\/01\/Logo-st-feuillien-1.svg","width":165,"height":122,"caption":"St Feuillien"},"image":{"@id":"https:\/\/st-feuillien.com\/nl\/#\/schema\/logo\/image\/"},"sameAs":["https:\/\/www.facebook.com\/stfeuillien"]}]}},"_links":{"self":[{"href":"https:\/\/st-feuillien.com\/nl\/wp-json\/wp\/v2\/product\/9019","targetHints":{"allow":["GET"]}}],"collection":[{"href":"https:\/\/st-feuillien.com\/nl\/wp-json\/wp\/v2\/product"}],"about":[{"href":"https:\/\/st-feuillien.com\/nl\/wp-json\/wp\/v2\/types\/product"}],"wp:featuredmedia":[{"embeddable":true,"href":"https:\/\/st-feuillien.com\/nl\/wp-json\/wp\/v2\/media\/9025"}],"wp:attachment":[{"href":"https:\/\/st-feuillien.com\/nl\/wp-json\/wp\/v2\/media?parent=9019"}],"wp:term":[{"taxonomy":"product_brand","embeddable":true,"href":"https:\/\/st-feuillien.com\/nl\/wp-json\/wp\/v2\/product_brand?post=9019"},{"taxonomy":"product_cat","embeddable":true,"href":"https:\/\/st-feuillien.com\/nl\/wp-json\/wp\/v2\/product_cat?post=9019"},{"taxonomy":"product_tag","embeddable":true,"href":"https:\/\/st-feuillien.com\/nl\/wp-json\/wp\/v2\/product_tag?post=9019"}],"curies":[{"name":"wp","href":"https:\/\/api.w.org\/{rel}","templated":true}]}}